{"id":17433,"date":"2025-12-11T13:56:20","date_gmt":"2025-12-11T05:56:20","guid":{"rendered":"https:\/\/www.boberry-mach.com\/product\/flanges-em-aco-inoxidavel-904l\/"},"modified":"2026-03-24T13:15:28","modified_gmt":"2026-03-24T05:15:28","slug":"flanges-em-aco-inoxidavel-904l","status":"publish","type":"product","link":"https:\/\/www.boberry-mach.com\/pt-br\/flanges-em-aco-inoxidavel-904l\/","title":{"rendered":"Flanges em A\u00e7o Inoxid\u00e1vel 904L"},"content":{"rendered":"<h2>Especifica\u00e7\u00f5es t\u00e9cnicas<\/h2>\n<table>\n<tbody>\n<tr>\n<td>Item<\/td>\n<td>Especifica\u00e7\u00f5es<\/td>\n<\/tr>\n<tr>\n<td>Nome do produto<\/td>\n<td>Flanges 904L<\/td>\n<\/tr>\n<tr>\n<td>Material<\/td>\n<td>A\u00e7o inoxid\u00e1vel 904L<\/td>\n<\/tr>\n<tr>\n<td>Tipos de flange<\/td>\n<td>De encaixe, com colar de solda, com encaixe, roscado, cego, cego tipo \u00f3culos<\/td>\n<\/tr>\n<tr>\n<td>Normas de fabrica\u00e7\u00e3o<\/td>\n<td>ANSI B16.5, ANSI B16.47, MSS SP44, ANSI B16.36, ANSI B16.48<\/td>\n<\/tr>\n<tr>\n<td>Tamanhos de flange<\/td>\n<td>2\u201d \u2013 24\u201d<\/td>\n<\/tr>\n<tr>\n<td>Classes de press\u00e3o<\/td>\n<td>Classe 150 ~ Classe 2500<\/td>\n<\/tr>\n<tr>\n<td>Toler\u00e2ncia<\/td>\n<td>\u00b10,05 mm<\/td>\n<\/tr>\n<tr>\n<td>Normas relativas aos materiais<\/td>\n<td>ANSI, ISO, JIS, DIN, BS, GB, SH, HG, QOST<\/td>\n<\/tr>\n<tr>\n<td>Inscri\u00e7\u00e3o<\/td>\n<td>Petr\u00f3leo, Qu\u00edmica, Constru\u00e7\u00e3o Naval, Metalurgia, Gera\u00e7\u00e3o de Energia<\/td>\n<\/tr>\n<tr>\n<td>Disponibilidade de amostras<\/td>\n<td>2 unidades de amostras gr\u00e1tis dispon\u00edveis<\/td>\n<\/tr>\n<tr>\n<td>Prazo de entrega<\/td>\n<td>15 a 35 dias<\/td>\n<\/tr>\n<tr>\n<td>Controle de Qualidade<\/td>\n<td>ISO 9001:2008, PMI, PT, MT, UT, RT, VT<\/td>\n<\/tr>\n<tr>\n<td>Relat\u00f3rios de testes<\/td>\n<td>3.1\/3.2 Relat\u00f3rios de ensaios de f\u00e1brica dispon\u00edveis<\/td>\n<\/tr>\n<\/tbody>\n<\/table>\n","protected":false},"excerpt":{"rendered":"<ul>\n<li><strong>Resist\u00eancia superior \u00e0 corros\u00e3o:<\/strong> Especialmente em ambientes com cloretos, o material 904L oferece excelente resist\u00eancia \u00e0 corros\u00e3o por pite, corros\u00e3o em fendas e corros\u00e3o sob tens\u00e3o.<\/li>\n<li><strong>Tamanhos personalizados:<\/strong> Dispon\u00edveis em di\u00e2metros que variam de 2\u201d a 24\u201d e espessuras personalizadas para atender \u00e0s necessidades espec\u00edficas do projeto.<\/li>\n<li><strong>Rastreabilidade completa:<\/strong> Totalmente rastre\u00e1vel gra\u00e7as a rigorosos procedimentos de inspe\u00e7\u00e3o e \u00e0 gest\u00e3o da qualidade segundo a norma ISO 9001.<\/li>\n<li><strong>Aplica\u00e7\u00f5es vers\u00e1teis:<\/strong> Pode ser utilizado em diversos setores, incluindo gera\u00e7\u00e3o de energia, constru\u00e7\u00e3o naval, ind\u00fastria qu\u00edmica e petrol\u00edfera.<\/li>\n<\/ul>\n","protected":false},"featured_media":17434,"comment_status":"closed","ping_status":"closed","template":"","meta":{"_acf_changed":false,"site-sidebar-layout":"default","site-content-layout":"","ast-site-content-layout":"default","site-content-style":"default","site-sidebar-style":"default","ast-global-header-display":"","ast-banner-title-visibility":"","ast-main-header-display":"","ast-hfb-above-header-display":"","ast-hfb-below-header-display":"","ast-hfb-mobile-header-display":"","site-post-title":"","ast-breadcrumbs-content":"","ast-featured-img":"","footer-sml-layout":"","theme-transparent-header-meta":"default","adv-header-id-meta":"","stick-header-meta":"","header-above-stick-meta":"","header-main-stick-meta":"","header-below-stick-meta":"","astra-migrate-meta-layouts":"set","ast-page-background-enabled":"default","ast-page-background-meta":{"desktop":{"background-color":"var(--ast-global-color-5)","background-image":"","background-repeat":"repeat","background-position":"center center","background-size":"auto","background-attachment":"scroll","background-type":"","background-media":"","overlay-type":"","overlay-color":"","overlay-opacity":"","overlay-gradient":""},"tablet":{"background-color":"","background-image":"","background-repeat":"repeat","background-position":"center center","background-size":"auto","background-attachment":"scroll","background-type":"","background-media":"","overlay-type":"","overlay-color":"","overlay-opacity":"","overlay-gradient":""},"mobile":{"background-color":"","background-image":"","background-repeat":"repeat","background-position":"center center","background-size":"auto","background-attachment":"scroll","background-type":"","background-media":"","overlay-type":"","overlay-color":"","overlay-opacity":"","overlay-gradient":""}},"ast-content-background-meta":{"desktop":{"background-color":"var(--ast-global-color-4)","background-image":"","background-repeat":"repeat","background-position":"center center","background-size":"auto","background-attachment":"scroll","background-type":"","background-media":"","overlay-type":"","overlay-color":"","overlay-opacity":"","overlay-gradient":""},"tablet":{"background-color":"var(--ast-global-color-4)","background-image":"","background-repeat":"repeat","background-position":"center center","background-size":"auto","background-attachment":"scroll","background-type":"","background-media":"","overlay-type":"","overlay-color":"","overlay-opacity":"","overlay-gradient":""},"mobile":{"background-color":"var(--ast-global-color-4)","background-image":"","background-repeat":"repeat","background-position":"center center","background-size":"auto","background-attachment":"scroll","background-type":"","background-media":"","overlay-type":"","overlay-color":"","overlay-opacity":"","overlay-gradient":""}}},"product_brand":[],"product_cat":[83],"product_tag":[],"class_list":{"0":"post-17433","1":"product","2":"type-product","3":"status-publish","4":"has-post-thumbnail","6":"product_cat-pecas-usinadas","7":"desktop-align-left","8":"tablet-align-left","9":"mobile-align-left","11":"first","12":"instock","13":"shipping-taxable","14":"product-type-simple"},"acf":[],"_links":{"self":[{"href":"https:\/\/www.boberry-mach.com\/pt-br\/wp-json\/wp\/v2\/product\/17433","targetHints":{"allow":["GET"]}}],"collection":[{"href":"https:\/\/www.boberry-mach.com\/pt-br\/wp-json\/wp\/v2\/product"}],"about":[{"href":"https:\/\/www.boberry-mach.com\/pt-br\/wp-json\/wp\/v2\/types\/product"}],"replies":[{"embeddable":true,"href":"https:\/\/www.boberry-mach.com\/pt-br\/wp-json\/wp\/v2\/comments?post=17433"}],"wp:featuredmedia":[{"embeddable":true,"href":"https:\/\/www.boberry-mach.com\/pt-br\/wp-json\/wp\/v2\/media\/17434"}],"wp:attachment":[{"href":"https:\/\/www.boberry-mach.com\/pt-br\/wp-json\/wp\/v2\/media?parent=17433"}],"wp:term":[{"taxonomy":"product_brand","embeddable":true,"href":"https:\/\/www.boberry-mach.com\/pt-br\/wp-json\/wp\/v2\/product_brand?post=17433"},{"taxonomy":"product_cat","embeddable":true,"href":"https:\/\/www.boberry-mach.com\/pt-br\/wp-json\/wp\/v2\/product_cat?post=17433"},{"taxonomy":"product_tag","embeddable":true,"href":"https:\/\/www.boberry-mach.com\/pt-br\/wp-json\/wp\/v2\/product_tag?post=17433"}],"curies":[{"name":"wp","href":"https:\/\/api.w.org\/{rel}","templated":true}]}}