{"id":17430,"date":"2025-12-11T14:22:23","date_gmt":"2025-12-11T06:22:23","guid":{"rendered":"https:\/\/www.boberry-mach.com\/product\/flanges-em-aco-super-duplex-f55\/"},"modified":"2026-03-24T13:08:41","modified_gmt":"2026-03-24T05:08:41","slug":"flanges-em-aco-super-duplex-f55","status":"publish","type":"product","link":"https:\/\/www.boberry-mach.com\/pt-br\/flanges-em-aco-super-duplex-f55\/","title":{"rendered":"Flanges em A\u00e7o Super Duplex F55"},"content":{"rendered":"<h2>Especifica\u00e7\u00f5es t\u00e9cnicas<\/h2>\n<table>\n<tbody>\n<tr>\n<td>Especifica\u00e7\u00f5es<\/td>\n<td>Detalhes<\/td>\n<\/tr>\n<tr>\n<td>Tamanho<\/td>\n<td>2&#8243;-24&#8243;<\/td>\n<\/tr>\n<tr>\n<td>Espessura<\/td>\n<td>STD, SCH40, SCH80, SCH160, SCHXX<\/td>\n<\/tr>\n<tr>\n<td>Classe de press\u00e3o<\/td>\n<td>Classe 150, Classe 300, Classe 600, Classe 900, Classe 1500, Classe 2500<\/td>\n<\/tr>\n<tr>\n<td>Materiais<\/td>\n<td>S\u00e9ries F51, F53, F55 e F60<\/td>\n<\/tr>\n<tr>\n<td>Normas<\/td>\n<td>ANSI B16.5, ANSI B16.47, MSS SP44, ANSI B16.36, ANSI B16.48<\/td>\n<\/tr>\n<tr>\n<td>Inscri\u00e7\u00e3o<\/td>\n<td>Ind\u00fastrias petrol\u00edfera, qu\u00edmica, naval, metal\u00fargica, el\u00e9trica e mec\u00e2nica<\/td>\n<\/tr>\n<tr>\n<td>Embalagem<\/td>\n<td>Caixas de compensado resistentes ao transporte mar\u00edtimo, paletes ou conforme solicita\u00e7\u00e3o do cliente<\/td>\n<\/tr>\n<tr>\n<td>Prazo de entrega<\/td>\n<td>15 a 35 dias<\/td>\n<\/tr>\n<tr>\n<td>Mercados<\/td>\n<td>Europa, EUA, Am\u00e9rica do Norte, \u00c1sia<\/td>\n<\/tr>\n<\/tbody>\n<\/table>\n<p>&nbsp;<\/p>\n","protected":false},"excerpt":{"rendered":"<ul>\n<li><strong>Alta resist\u00eancia:<\/strong> As flanges F55 oferecem o dobro da resist\u00eancia ao escoamento em compara\u00e7\u00e3o com as flanges de a\u00e7o inoxid\u00e1vel.<\/li>\n<li><strong>Resist\u00eancia ao desgaste:<\/strong> Oferece resist\u00eancia ao desgaste superior em compara\u00e7\u00e3o com flanges de a\u00e7o inoxid\u00e1vel.<\/li>\n<li><strong>Longa vida \u00fatil:<\/strong> Ideal para aplica\u00e7\u00f5es em que uma vida \u00fatil prolongada \u00e9 fundamental, reduzindo os custos de manuten\u00e7\u00e3o e substitui\u00e7\u00e3o.<\/li>\n<li><strong>Versatilidade:<\/strong> Dispon\u00edvel em diversos tamanhos e tipos de flange para atender \u00e0s diversas necessidades do setor.<\/li>\n<li><strong>Personaliza\u00e7\u00e3o:<\/strong> Dispon\u00edvel em v\u00e1rios tipos (F51, F53, F55, F60) para solu\u00e7\u00f5es sob medida.<\/li>\n<\/ul>\n","protected":false},"featured_media":17431,"comment_status":"closed","ping_status":"closed","template":"","meta":{"_acf_changed":false,"site-sidebar-layout":"default","site-content-layout":"","ast-site-content-layout":"default","site-content-style":"default","site-sidebar-style":"default","ast-global-header-display":"","ast-banner-title-visibility":"","ast-main-header-display":"","ast-hfb-above-header-display":"","ast-hfb-below-header-display":"","ast-hfb-mobile-header-display":"","site-post-title":"","ast-breadcrumbs-content":"","ast-featured-img":"","footer-sml-layout":"","theme-transparent-header-meta":"default","adv-header-id-meta":"","stick-header-meta":"","header-above-stick-meta":"","header-main-stick-meta":"","header-below-stick-meta":"","astra-migrate-meta-layouts":"set","ast-page-background-enabled":"default","ast-page-background-meta":{"desktop":{"background-color":"var(--ast-global-color-5)","background-image":"","background-repeat":"repeat","background-position":"center center","background-size":"auto","background-attachment":"scroll","background-type":"","background-media":"","overlay-type":"","overlay-color":"","overlay-opacity":"","overlay-gradient":""},"tablet":{"background-color":"","background-image":"","background-repeat":"repeat","background-position":"center center","background-size":"auto","background-attachment":"scroll","background-type":"","background-media":"","overlay-type":"","overlay-color":"","overlay-opacity":"","overlay-gradient":""},"mobile":{"background-color":"","background-image":"","background-repeat":"repeat","background-position":"center center","background-size":"auto","background-attachment":"scroll","background-type":"","background-media":"","overlay-type":"","overlay-color":"","overlay-opacity":"","overlay-gradient":""}},"ast-content-background-meta":{"desktop":{"background-color":"var(--ast-global-color-4)","background-image":"","background-repeat":"repeat","background-position":"center center","background-size":"auto","background-attachment":"scroll","background-type":"","background-media":"","overlay-type":"","overlay-color":"","overlay-opacity":"","overlay-gradient":""},"tablet":{"background-color":"var(--ast-global-color-4)","background-image":"","background-repeat":"repeat","background-position":"center center","background-size":"auto","background-attachment":"scroll","background-type":"","background-media":"","overlay-type":"","overlay-color":"","overlay-opacity":"","overlay-gradient":""},"mobile":{"background-color":"var(--ast-global-color-4)","background-image":"","background-repeat":"repeat","background-position":"center center","background-size":"auto","background-attachment":"scroll","background-type":"","background-media":"","overlay-type":"","overlay-color":"","overlay-opacity":"","overlay-gradient":""}}},"product_brand":[],"product_cat":[83],"product_tag":[],"class_list":{"0":"post-17430","1":"product","2":"type-product","3":"status-publish","4":"has-post-thumbnail","6":"product_cat-pecas-usinadas","7":"desktop-align-left","8":"tablet-align-left","9":"mobile-align-left","11":"first","12":"instock","13":"shipping-taxable","14":"product-type-simple"},"acf":[],"_links":{"self":[{"href":"https:\/\/www.boberry-mach.com\/pt-br\/wp-json\/wp\/v2\/product\/17430","targetHints":{"allow":["GET"]}}],"collection":[{"href":"https:\/\/www.boberry-mach.com\/pt-br\/wp-json\/wp\/v2\/product"}],"about":[{"href":"https:\/\/www.boberry-mach.com\/pt-br\/wp-json\/wp\/v2\/types\/product"}],"replies":[{"embeddable":true,"href":"https:\/\/www.boberry-mach.com\/pt-br\/wp-json\/wp\/v2\/comments?post=17430"}],"wp:featuredmedia":[{"embeddable":true,"href":"https:\/\/www.boberry-mach.com\/pt-br\/wp-json\/wp\/v2\/media\/17431"}],"wp:attachment":[{"href":"https:\/\/www.boberry-mach.com\/pt-br\/wp-json\/wp\/v2\/media?parent=17430"}],"wp:term":[{"taxonomy":"product_brand","embeddable":true,"href":"https:\/\/www.boberry-mach.com\/pt-br\/wp-json\/wp\/v2\/product_brand?post=17430"},{"taxonomy":"product_cat","embeddable":true,"href":"https:\/\/www.boberry-mach.com\/pt-br\/wp-json\/wp\/v2\/product_cat?post=17430"},{"taxonomy":"product_tag","embeddable":true,"href":"https:\/\/www.boberry-mach.com\/pt-br\/wp-json\/wp\/v2\/product_tag?post=17430"}],"curies":[{"name":"wp","href":"https:\/\/api.w.org\/{rel}","templated":true}]}}