{"id":17428,"date":"2025-12-11T14:54:26","date_gmt":"2025-12-11T06:54:26","guid":{"rendered":"https:\/\/www.boberry-mach.com\/product\/flanges-em-monel-400\/"},"modified":"2026-03-24T13:03:56","modified_gmt":"2026-03-24T05:03:56","slug":"flanges-em-monel-400","status":"publish","type":"product","link":"https:\/\/www.boberry-mach.com\/pt-br\/flanges-em-monel-400\/","title":{"rendered":"Flanges em Monel 400"},"content":{"rendered":"<h2>Especifica\u00e7\u00f5es t\u00e9cnicas<\/h2>\n<table>\n<tbody>\n<tr>\n<td>Especifica\u00e7\u00f5es<\/td>\n<td>Detalhes<\/td>\n<\/tr>\n<tr>\n<td>Tipos de materiais<\/td>\n<td>Monel 400, Monel K500, s\u00e9rie Monel 600<\/td>\n<\/tr>\n<tr>\n<td>Tipos de flange<\/td>\n<td>Soldagem por encaixe, soldagem com colarinho, soldagem por encaixe, rosqueado, junta sobreposta, cego, cego tipo \u00f3culos<\/td>\n<\/tr>\n<tr>\n<td>Tamanho<\/td>\n<td>2&#8243;-24&#8243;<\/td>\n<\/tr>\n<tr>\n<td>Espessura<\/td>\n<td>STD, SCH40, SCH80, SCH160, SCHXX<\/td>\n<\/tr>\n<tr>\n<td>Classifica\u00e7\u00e3o de press\u00e3o<\/td>\n<td>Classe 150, Classe 300, Classe 600, Classe 900, Classe 1500, Classe 2500<\/td>\n<\/tr>\n<tr>\n<td>Normas de fabrica\u00e7\u00e3o<\/td>\n<td>ANSI B16.5, ANSI B16.47, MSS SP44, ANSI B16.36, ANSI B16.48<\/td>\n<\/tr>\n<tr>\n<td>Aplica\u00e7\u00f5es<\/td>\n<td>Ind\u00fastrias petrol\u00edfera, qu\u00edmica, naval, metal\u00fargica, el\u00e9trica e mec\u00e2nica<\/td>\n<\/tr>\n<tr>\n<td>Embalagem<\/td>\n<td>Caixas de compensado resistentes ao transporte mar\u00edtimo, palete ou conforme solicita\u00e7\u00e3o do cliente<\/td>\n<\/tr>\n<tr>\n<td>Prazo de entrega<\/td>\n<td>20 a 35 dias<\/td>\n<\/tr>\n<tr>\n<td>Mercados<\/td>\n<td>Europa, EUA, Am\u00e9rica do Norte, \u00c1sia<\/td>\n<\/tr>\n<\/tbody>\n<\/table>\n","protected":false},"excerpt":{"rendered":"<ul>\n<li><strong>Resist\u00eancia \u00e0 corros\u00e3o:<\/strong> Resist\u00eancia excepcional a uma ampla variedade de produtos qu\u00edmicos e ambientes de alta temperatura, tornando-o ideal para condi\u00e7\u00f5es adversas.<\/li>\n<li><strong>Alta resist\u00eancia:<\/strong> Oferece maior resist\u00eancia e tenacidade em compara\u00e7\u00e3o com outras ligas, sendo ideal para sistemas de alta press\u00e3o.<\/li>\n<li><strong>Resist\u00eancia \u00e0 oxida\u00e7\u00e3o:<\/strong> Capacidade excepcional de resistir \u00e0 oxida\u00e7\u00e3o, especialmente em ambientes de alta temperatura, como trocadores de calor e caldeiras.<\/li>\n<li><strong>Op\u00e7\u00f5es de material:<\/strong> Fabricado com as ligas Monel 400, K500 e Monel 600.<\/li>\n<li><strong>Aplica\u00e7\u00f5es vers\u00e1teis:<\/strong> Adequado para diversos setores, como energia nuclear, produtos qu\u00edmicos e petr\u00f3leo.<\/li>\n<\/ul>\n","protected":false},"featured_media":17429,"comment_status":"closed","ping_status":"closed","template":"","meta":{"_acf_changed":false,"site-sidebar-layout":"default","site-content-layout":"","ast-site-content-layout":"default","site-content-style":"default","site-sidebar-style":"default","ast-global-header-display":"","ast-banner-title-visibility":"","ast-main-header-display":"","ast-hfb-above-header-display":"","ast-hfb-below-header-display":"","ast-hfb-mobile-header-display":"","site-post-title":"","ast-breadcrumbs-content":"","ast-featured-img":"","footer-sml-layout":"","theme-transparent-header-meta":"default","adv-header-id-meta":"","stick-header-meta":"","header-above-stick-meta":"","header-main-stick-meta":"","header-below-stick-meta":"","astra-migrate-meta-layouts":"set","ast-page-background-enabled":"default","ast-page-background-meta":{"desktop":{"background-color":"var(--ast-global-color-5)","background-image":"","background-repeat":"repeat","background-position":"center center","background-size":"auto","background-attachment":"scroll","background-type":"","background-media":"","overlay-type":"","overlay-color":"","overlay-opacity":"","overlay-gradient":""},"tablet":{"background-color":"","background-image":"","background-repeat":"repeat","background-position":"center center","background-size":"auto","background-attachment":"scroll","background-type":"","background-media":"","overlay-type":"","overlay-color":"","overlay-opacity":"","overlay-gradient":""},"mobile":{"background-color":"","background-image":"","background-repeat":"repeat","background-position":"center center","background-size":"auto","background-attachment":"scroll","background-type":"","background-media":"","overlay-type":"","overlay-color":"","overlay-opacity":"","overlay-gradient":""}},"ast-content-background-meta":{"desktop":{"background-color":"var(--ast-global-color-4)","background-image":"","background-repeat":"repeat","background-position":"center center","background-size":"auto","background-attachment":"scroll","background-type":"","background-media":"","overlay-type":"","overlay-color":"","overlay-opacity":"","overlay-gradient":""},"tablet":{"background-color":"var(--ast-global-color-4)","background-image":"","background-repeat":"repeat","background-position":"center center","background-size":"auto","background-attachment":"scroll","background-type":"","background-media":"","overlay-type":"","overlay-color":"","overlay-opacity":"","overlay-gradient":""},"mobile":{"background-color":"var(--ast-global-color-4)","background-image":"","background-repeat":"repeat","background-position":"center center","background-size":"auto","background-attachment":"scroll","background-type":"","background-media":"","overlay-type":"","overlay-color":"","overlay-opacity":"","overlay-gradient":""}}},"product_brand":[],"product_cat":[83],"product_tag":[],"class_list":{"0":"post-17428","1":"product","2":"type-product","3":"status-publish","4":"has-post-thumbnail","6":"product_cat-pecas-usinadas","7":"desktop-align-left","8":"tablet-align-left","9":"mobile-align-left","11":"first","12":"instock","13":"shipping-taxable","14":"product-type-simple"},"acf":[],"_links":{"self":[{"href":"https:\/\/www.boberry-mach.com\/pt-br\/wp-json\/wp\/v2\/product\/17428","targetHints":{"allow":["GET"]}}],"collection":[{"href":"https:\/\/www.boberry-mach.com\/pt-br\/wp-json\/wp\/v2\/product"}],"about":[{"href":"https:\/\/www.boberry-mach.com\/pt-br\/wp-json\/wp\/v2\/types\/product"}],"replies":[{"embeddable":true,"href":"https:\/\/www.boberry-mach.com\/pt-br\/wp-json\/wp\/v2\/comments?post=17428"}],"wp:featuredmedia":[{"embeddable":true,"href":"https:\/\/www.boberry-mach.com\/pt-br\/wp-json\/wp\/v2\/media\/17429"}],"wp:attachment":[{"href":"https:\/\/www.boberry-mach.com\/pt-br\/wp-json\/wp\/v2\/media?parent=17428"}],"wp:term":[{"taxonomy":"product_brand","embeddable":true,"href":"https:\/\/www.boberry-mach.com\/pt-br\/wp-json\/wp\/v2\/product_brand?post=17428"},{"taxonomy":"product_cat","embeddable":true,"href":"https:\/\/www.boberry-mach.com\/pt-br\/wp-json\/wp\/v2\/product_cat?post=17428"},{"taxonomy":"product_tag","embeddable":true,"href":"https:\/\/www.boberry-mach.com\/pt-br\/wp-json\/wp\/v2\/product_tag?post=17428"}],"curies":[{"name":"wp","href":"https:\/\/api.w.org\/{rel}","templated":true}]}}