{"id":17422,"date":"2025-12-17T10:19:18","date_gmt":"2025-12-17T02:19:18","guid":{"rendered":"https:\/\/www.boberry-mach.com\/product\/pistoes-para-motor-a-diesel\/"},"modified":"2026-03-24T10:28:05","modified_gmt":"2026-03-24T02:28:05","slug":"pistoes-para-motor-a-diesel","status":"publish","type":"product","link":"https:\/\/www.boberry-mach.com\/pt-br\/pistoes-para-motor-a-diesel\/","title":{"rendered":"Pist\u00f5es para Motor a Diesel"},"content":{"rendered":"<h2>Especifica\u00e7\u00f5es t\u00e9cnicas<\/h2>\n<table>\n<tbody>\n<tr>\n<td>Item<\/td>\n<td>Descri\u00e7\u00e3o<\/td>\n<\/tr>\n<tr>\n<td>Material<\/td>\n<td>Ferro fundido, a\u00e7o-liga, a\u00e7o de alta resist\u00eancia sob medida<\/td>\n<\/tr>\n<tr>\n<td>Di\u00e2metro<\/td>\n<td>80 mm a 250 mm<\/td>\n<\/tr>\n<tr>\n<td>Altura\/Curso<\/td>\n<td>60 mm a 150 mm<\/td>\n<\/tr>\n<tr>\n<td>Taxa de compress\u00e3o<\/td>\n<td>Personaliz\u00e1vel de acordo com as especifica\u00e7\u00f5es do motor (normalmente: 16:1 a 20:1)<\/td>\n<\/tr>\n<tr>\n<td>Tratamento de superf\u00edcies<\/td>\n<td>Nitrura\u00e7\u00e3o, tratamento t\u00e9rmico, revestimentos anticorrosivos<\/td>\n<\/tr>\n<tr>\n<td>Peso<\/td>\n<td>Faixa: 0,5 kg a 5 kg<\/td>\n<\/tr>\n<tr>\n<td>Dureza<\/td>\n<td>60-65 HRC (dependendo do material e do tratamento)<\/td>\n<\/tr>\n<tr>\n<td>Resist\u00eancia \u00e0 tra\u00e7\u00e3o<\/td>\n<td>600-800 MPa (dependendo do tipo de material)<\/td>\n<\/tr>\n<tr>\n<td>Compatibilidade<\/td>\n<td>Projetado para diversos motores a diesel (modelos espec\u00edficos dispon\u00edveis mediante solicita\u00e7\u00e3o)<\/td>\n<\/tr>\n<tr>\n<td>Testes<\/td>\n<td>Testes de press\u00e3o, fadiga e desgaste para garantia de qualidade<\/td>\n<\/tr>\n<\/tbody>\n<\/table>\n<h2>Aplica\u00e7\u00f5es<\/h2>\n<ul>\n<li>Motores a diesel automotivos (caminh\u00f5es, \u00f4nibus e ve\u00edculos comerciais)<\/li>\n<li>Motores a diesel mar\u00edtimos (barcos, navios e plataformas offshore)<\/li>\n<li>Maquin\u00e1rio industrial (geradores, compressores, bombas)<\/li>\n<li>Equipamentos agr\u00edcolas (tratores, colheitadeiras e outras m\u00e1quinas agr\u00edcolas movidas a diesel)<\/li>\n<li>Equipamentos pesados de constru\u00e7\u00e3o (escavadeiras, tratores, guindastes)<\/li>\n<li>Usinas de energia (sistemas de gera\u00e7\u00e3o de energia a diesel)<\/li>\n<\/ul>\n","protected":false},"excerpt":{"rendered":"<ul>\n<li><strong>Alta durabilidade:<\/strong> Concebido para resistir a alta press\u00e3o, temperaturas extremas e condi\u00e7\u00f5es de funcionamento exigentes do motor.<\/li>\n<li><strong>Resistente \u00e0 corros\u00e3o:<\/strong> Projetado para resistir ao desgaste, \u00e0 oxida\u00e7\u00e3o e \u00e0 corros\u00e3o, prolongando a vida \u00fatil do motor.<\/li>\n<li><strong>Otimiza\u00e7\u00e3o do motor:<\/strong> Fabricado para maximizar a efici\u00eancia da combust\u00e3o e o desempenho geral do motor.<\/li>\n<li><strong>Personaliz\u00e1vel:<\/strong> Dispon\u00edvel em diversas dimens\u00f5es, materiais e acabamentos, adequados \u00e0s especifica\u00e7\u00f5es de determinados motores a diesel.<\/li>\n<\/ul>\n","protected":false},"featured_media":17423,"comment_status":"closed","ping_status":"closed","template":"","meta":{"_acf_changed":false,"site-sidebar-layout":"default","site-content-layout":"","ast-site-content-layout":"default","site-content-style":"default","site-sidebar-style":"default","ast-global-header-display":"","ast-banner-title-visibility":"","ast-main-header-display":"","ast-hfb-above-header-display":"","ast-hfb-below-header-display":"","ast-hfb-mobile-header-display":"","site-post-title":"","ast-breadcrumbs-content":"","ast-featured-img":"","footer-sml-layout":"","theme-transparent-header-meta":"default","adv-header-id-meta":"","stick-header-meta":"","header-above-stick-meta":"","header-main-stick-meta":"","header-below-stick-meta":"","astra-migrate-meta-layouts":"set","ast-page-background-enabled":"default","ast-page-background-meta":{"desktop":{"background-color":"var(--ast-global-color-5)","background-image":"","background-repeat":"repeat","background-position":"center center","background-size":"auto","background-attachment":"scroll","background-type":"","background-media":"","overlay-type":"","overlay-color":"","overlay-opacity":"","overlay-gradient":""},"tablet":{"background-color":"","background-image":"","background-repeat":"repeat","background-position":"center center","background-size":"auto","background-attachment":"scroll","background-type":"","background-media":"","overlay-type":"","overlay-color":"","overlay-opacity":"","overlay-gradient":""},"mobile":{"background-color":"","background-image":"","background-repeat":"repeat","background-position":"center center","background-size":"auto","background-attachment":"scroll","background-type":"","background-media":"","overlay-type":"","overlay-color":"","overlay-opacity":"","overlay-gradient":""}},"ast-content-background-meta":{"desktop":{"background-color":"var(--ast-global-color-4)","background-image":"","background-repeat":"repeat","background-position":"center center","background-size":"auto","background-attachment":"scroll","background-type":"","background-media":"","overlay-type":"","overlay-color":"","overlay-opacity":"","overlay-gradient":""},"tablet":{"background-color":"var(--ast-global-color-4)","background-image":"","background-repeat":"repeat","background-position":"center center","background-size":"auto","background-attachment":"scroll","background-type":"","background-media":"","overlay-type":"","overlay-color":"","overlay-opacity":"","overlay-gradient":""},"mobile":{"background-color":"var(--ast-global-color-4)","background-image":"","background-repeat":"repeat","background-position":"center center","background-size":"auto","background-attachment":"scroll","background-type":"","background-media":"","overlay-type":"","overlay-color":"","overlay-opacity":"","overlay-gradient":""}}},"product_brand":[],"product_cat":[84],"product_tag":[],"class_list":{"0":"post-17422","1":"product","2":"type-product","3":"status-publish","4":"has-post-thumbnail","6":"product_cat-pecas-fundidas","7":"desktop-align-left","8":"tablet-align-left","9":"mobile-align-left","11":"first","12":"instock","13":"shipping-taxable","14":"product-type-simple"},"acf":[],"_links":{"self":[{"href":"https:\/\/www.boberry-mach.com\/pt-br\/wp-json\/wp\/v2\/product\/17422","targetHints":{"allow":["GET"]}}],"collection":[{"href":"https:\/\/www.boberry-mach.com\/pt-br\/wp-json\/wp\/v2\/product"}],"about":[{"href":"https:\/\/www.boberry-mach.com\/pt-br\/wp-json\/wp\/v2\/types\/product"}],"replies":[{"embeddable":true,"href":"https:\/\/www.boberry-mach.com\/pt-br\/wp-json\/wp\/v2\/comments?post=17422"}],"wp:featuredmedia":[{"embeddable":true,"href":"https:\/\/www.boberry-mach.com\/pt-br\/wp-json\/wp\/v2\/media\/17423"}],"wp:attachment":[{"href":"https:\/\/www.boberry-mach.com\/pt-br\/wp-json\/wp\/v2\/media?parent=17422"}],"wp:term":[{"taxonomy":"product_brand","embeddable":true,"href":"https:\/\/www.boberry-mach.com\/pt-br\/wp-json\/wp\/v2\/product_brand?post=17422"},{"taxonomy":"product_cat","embeddable":true,"href":"https:\/\/www.boberry-mach.com\/pt-br\/wp-json\/wp\/v2\/product_cat?post=17422"},{"taxonomy":"product_tag","embeddable":true,"href":"https:\/\/www.boberry-mach.com\/pt-br\/wp-json\/wp\/v2\/product_tag?post=17422"}],"curies":[{"name":"wp","href":"https:\/\/api.w.org\/{rel}","templated":true}]}}