{"id":17145,"date":"2025-12-17T10:58:14","date_gmt":"2025-12-17T02:58:14","guid":{"rendered":"https:\/\/www.boberry-mach.com\/product\/conexoes-de-tubulacao-com-anel-de-borracha\/"},"modified":"2026-03-23T17:32:18","modified_gmt":"2026-03-23T09:32:18","slug":"conexoes-de-tubulacao-com-anel-de-borracha","status":"publish","type":"product","link":"https:\/\/www.boberry-mach.com\/pt-br\/conexoes-de-tubulacao-com-anel-de-borracha\/","title":{"rendered":"Conex\u00f5es de Tubula\u00e7\u00e3o com Anel de Borracha"},"content":{"rendered":"<h2>Especifica\u00e7\u00f5es t\u00e9cnicas<\/h2>\n<table>\n<tbody>\n<tr>\n<td>Item<\/td>\n<td>Especifica\u00e7\u00f5es<\/td>\n<\/tr>\n<tr>\n<td>Material da carroceria<\/td>\n<td>A\u00e7o carbono fundido (zincado-niquelado) ou a\u00e7o inoxid\u00e1vel 304 \/ 316<\/td>\n<\/tr>\n<tr>\n<td>Material da veda\u00e7\u00e3o<\/td>\n<td>NBR (\u201320 \u00b0C a +100 \u00b0C); FKM opcional (\u201315 \u00b0C a +200 \u00b0C)<\/td>\n<\/tr>\n<tr>\n<td>Di\u00e2metro externo do tubo<\/td>\n<td>6 mm \u2013 42 mm<\/td>\n<\/tr>\n<tr>\n<td>Gama de tamanhos de rosca<\/td>\n<td>1\/8&#8243; \u2013 1\u00bd&#8221;<\/td>\n<\/tr>\n<tr>\n<td>Classifica\u00e7\u00e3o de press\u00e3o (corpo CS)<\/td>\n<td>At\u00e9 31,5 MPa \/ 315 bar a 20 \u00b0C<\/td>\n<\/tr>\n<tr>\n<td>Classifica\u00e7\u00e3o de press\u00e3o (corpo em a\u00e7o inoxid\u00e1vel)<\/td>\n<td>At\u00e9 25 MPa \/ 250 bar a 20 \u00b0C<\/td>\n<\/tr>\n<tr>\n<td>Formul\u00e1rios de contato<\/td>\n<td>Reta, cotovelo de 45\u00b0\/90\u00b0, T, cruzeta, conex\u00e3o de anteparo, adaptador<\/td>\n<\/tr>\n<tr>\n<td>Normas para roscas<\/td>\n<td>BSPP, BSPT, NPT, m\u00e9trico, UNF (outras normas sob consulta)<\/td>\n<\/tr>\n<tr>\n<td>Prote\u00e7\u00e3o de superf\u00edcies<\/td>\n<td>Revestimento de zinco-n\u00edquel \u2265 8 \u03bcm<\/td>\n<\/tr>\n<tr>\n<td>Faixa de temperatura<\/td>\n<td>\u201320 \u00b0C a +100 \u00b0C<\/td>\n<\/tr>\n<tr>\n<td>Faixa de temperatura<\/td>\n<td>\u201315 \u00b0C a +200 \u00b0C<\/td>\n<\/tr>\n<tr>\n<td>Teste de estanqueidade<\/td>\n<td>Teste 100% hidr\u00e1ulico ou com press\u00e3o de ar por lote<\/td>\n<\/tr>\n<tr>\n<td>Embalagem<\/td>\n<td>Sacos pl\u00e1sticos + caixas de papel\u00e3o, 20\u201325 kg por caixa, paletizados para exporta\u00e7\u00e3o<\/td>\n<\/tr>\n<\/tbody>\n<\/table>\n<h2>Aplica\u00e7\u00f5es<\/h2>\n<ul>\n<li>Unidades de pot\u00eancia hidr\u00e1ulica e equipamentos hidr\u00e1ulicos m\u00f3veis<\/li>\n<li>Circuitos de lubrifica\u00e7\u00e3o e refrigera\u00e7\u00e3o de m\u00e1quinas industriais<\/li>\n<li>Linhas pneum\u00e1ticas para automa\u00e7\u00e3o e ferramentas pneum\u00e1ticas<\/li>\n<li>Sistemas de \u00e1gua-glicol e de refrigera\u00e7\u00e3o em AVAC e refrigera\u00e7\u00e3o<\/li>\n<li>Bancadas de teste e circuitos de fluidos de laborat\u00f3rio<\/li>\n<li>Transfer\u00eancia de fluidos em aplica\u00e7\u00f5es industriais gerais, onde s\u00e3o necess\u00e1rias conex\u00f5es confi\u00e1veis e de f\u00e1cil manuten\u00e7\u00e3o<\/li>\n<\/ul>\n","protected":false},"excerpt":{"rendered":"<ul>\n<li><strong>Op\u00e7\u00f5es de material:<\/strong> A\u00e7o carbono fundido, a\u00e7o inoxid\u00e1vel 304, a\u00e7o inoxid\u00e1vel 316 para ambientes corrosivos ou que exijam higiene.<\/li>\n<li><strong>Gama de tamanhos:<\/strong> Di\u00e2metros de tubos e tamanhos de rosca especiais fabricados de acordo com desenhos ou especifica\u00e7\u00f5es do projeto.<\/li>\n<li><strong>Flexibilidade de uso:<\/strong> Compat\u00edvel com uma ampla variedade de fluidos, incluindo \u00f3leos hidr\u00e1ulicos, misturas de \u00e1gua e glicol e ar comprimido.<\/li>\n<li><strong>Sele\u00e7\u00e3o de veda\u00e7\u00f5es:<\/strong> NBR, FKM, EPDM ou outros elast\u00f4meros adequados ao meio, \u00e0 temperatura e aos requisitos de certifica\u00e7\u00e3o.<\/li>\n<li><strong>Padr\u00f5es de rosca:<\/strong> BSPP, BSPT, NPT, m\u00e9trica, UN\/UNF ou formas de rosca especificadas pelo cliente.<\/li>\n<\/ul>\n","protected":false},"featured_media":17146,"comment_status":"closed","ping_status":"closed","template":"","meta":{"_acf_changed":false,"site-sidebar-layout":"default","site-content-layout":"","ast-site-content-layout":"default","site-content-style":"default","site-sidebar-style":"default","ast-global-header-display":"","ast-banner-title-visibility":"","ast-main-header-display":"","ast-hfb-above-header-display":"","ast-hfb-below-header-display":"","ast-hfb-mobile-header-display":"","site-post-title":"","ast-breadcrumbs-content":"","ast-featured-img":"","footer-sml-layout":"","theme-transparent-header-meta":"default","adv-header-id-meta":"","stick-header-meta":"","header-above-stick-meta":"","header-main-stick-meta":"","header-below-stick-meta":"","astra-migrate-meta-layouts":"set","ast-page-background-enabled":"default","ast-page-background-meta":{"desktop":{"background-color":"var(--ast-global-color-5)","background-image":"","background-repeat":"repeat","background-position":"center center","background-size":"auto","background-attachment":"scroll","background-type":"","background-media":"","overlay-type":"","overlay-color":"","overlay-opacity":"","overlay-gradient":""},"tablet":{"background-color":"","background-image":"","background-repeat":"repeat","background-position":"center center","background-size":"auto","background-attachment":"scroll","background-type":"","background-media":"","overlay-type":"","overlay-color":"","overlay-opacity":"","overlay-gradient":""},"mobile":{"background-color":"","background-image":"","background-repeat":"repeat","background-position":"center center","background-size":"auto","background-attachment":"scroll","background-type":"","background-media":"","overlay-type":"","overlay-color":"","overlay-opacity":"","overlay-gradient":""}},"ast-content-background-meta":{"desktop":{"background-color":"var(--ast-global-color-4)","background-image":"","background-repeat":"repeat","background-position":"center center","background-size":"auto","background-attachment":"scroll","background-type":"","background-media":"","overlay-type":"","overlay-color":"","overlay-opacity":"","overlay-gradient":""},"tablet":{"background-color":"var(--ast-global-color-4)","background-image":"","background-repeat":"repeat","background-position":"center center","background-size":"auto","background-attachment":"scroll","background-type":"","background-media":"","overlay-type":"","overlay-color":"","overlay-opacity":"","overlay-gradient":""},"mobile":{"background-color":"var(--ast-global-color-4)","background-image":"","background-repeat":"repeat","background-position":"center center","background-size":"auto","background-attachment":"scroll","background-type":"","background-media":"","overlay-type":"","overlay-color":"","overlay-opacity":"","overlay-gradient":""}}},"product_brand":[],"product_cat":[84],"product_tag":[],"class_list":{"0":"post-17145","1":"product","2":"type-product","3":"status-publish","4":"has-post-thumbnail","6":"product_cat-pecas-fundidas","7":"desktop-align-left","8":"tablet-align-left","9":"mobile-align-left","11":"first","12":"instock","13":"shipping-taxable","14":"product-type-simple"},"acf":[],"_links":{"self":[{"href":"https:\/\/www.boberry-mach.com\/pt-br\/wp-json\/wp\/v2\/product\/17145","targetHints":{"allow":["GET"]}}],"collection":[{"href":"https:\/\/www.boberry-mach.com\/pt-br\/wp-json\/wp\/v2\/product"}],"about":[{"href":"https:\/\/www.boberry-mach.com\/pt-br\/wp-json\/wp\/v2\/types\/product"}],"replies":[{"embeddable":true,"href":"https:\/\/www.boberry-mach.com\/pt-br\/wp-json\/wp\/v2\/comments?post=17145"}],"wp:featuredmedia":[{"embeddable":true,"href":"https:\/\/www.boberry-mach.com\/pt-br\/wp-json\/wp\/v2\/media\/17146"}],"wp:attachment":[{"href":"https:\/\/www.boberry-mach.com\/pt-br\/wp-json\/wp\/v2\/media?parent=17145"}],"wp:term":[{"taxonomy":"product_brand","embeddable":true,"href":"https:\/\/www.boberry-mach.com\/pt-br\/wp-json\/wp\/v2\/product_brand?post=17145"},{"taxonomy":"product_cat","embeddable":true,"href":"https:\/\/www.boberry-mach.com\/pt-br\/wp-json\/wp\/v2\/product_cat?post=17145"},{"taxonomy":"product_tag","embeddable":true,"href":"https:\/\/www.boberry-mach.com\/pt-br\/wp-json\/wp\/v2\/product_tag?post=17145"}],"curies":[{"name":"wp","href":"https:\/\/api.w.org\/{rel}","templated":true}]}}