{"id":17144,"date":"2025-11-19T11:26:38","date_gmt":"2025-11-19T03:26:38","guid":{"rendered":"https:\/\/www.boberry-mach.com\/product\/eixos-escalonados-metalicos-forjados\/"},"modified":"2026-03-23T17:26:04","modified_gmt":"2026-03-23T09:26:04","slug":"eixos-escalonados-metalicos-forjados","status":"publish","type":"product","link":"https:\/\/www.boberry-mach.com\/pt-br\/eixos-escalonados-metalicos-forjados\/","title":{"rendered":"Eixos Escalonados Met\u00e1licos Forjados"},"content":{"rendered":"<h2>Especifica\u00e7\u00f5es t\u00e9cnicas<\/h2>\n<table>\n<tbody>\n<tr>\n<td>Par\u00e2metros<\/td>\n<td>Especifica\u00e7\u00f5es<\/td>\n<\/tr>\n<tr>\n<td>Material<\/td>\n<td>A\u00e7o em lingotes de alta qualidade (conforme as especifica\u00e7\u00f5es do pedido)<\/td>\n<\/tr>\n<tr>\n<td>Tipo de forjamento<\/td>\n<td>Forjamento em matriz aberta \/ Forjamento livre \/ Forjamento em matriz<\/td>\n<\/tr>\n<tr>\n<td>Toler\u00e2ncia<\/td>\n<td>\u00b10,01 mm<\/td>\n<\/tr>\n<tr>\n<td>Rugosidade da superf\u00edcie<\/td>\n<td>Ra 0.4<\/td>\n<\/tr>\n<tr>\n<td>Tratamento t\u00e9rmico<\/td>\n<td>T\u00eampera e revenimento \/ Normaliza\u00e7\u00e3o \/ Recozimento<\/td>\n<\/tr>\n<tr>\n<td>Testes<\/td>\n<td>Teste de 100% de UT + Propriedades mec\u00e2nicas<\/td>\n<\/tr>\n<tr>\n<td>Capacidade<\/td>\n<td>500\u20131.000 toneladas\/m\u00eas<\/td>\n<\/tr>\n<tr>\n<td>Prazo de entrega<\/td>\n<td>15\u201330 dias (Urgente) \/ 30\u201345 dias (Normal)<\/td>\n<\/tr>\n<tr>\n<td>Embalagem<\/td>\n<td>\u00d3leo antiferrugem + Caixa de madeira \/ Estrutura de a\u00e7o<\/td>\n<\/tr>\n<tr>\n<td>Op\u00e7\u00f5es de transporte<\/td>\n<td>Por mar \/ ar \/ trem (FOB, CIF, DDP)<\/td>\n<\/tr>\n<\/tbody>\n<\/table>\n<h2>Personaliza\u00e7\u00e3o e Servi\u00e7o OEM<\/h2>\n<ul>\n<li>Dimens\u00f5es, materiais e classes personalizadas para eixos escalonados.<\/li>\n<li>Assist\u00eancia no projeto e revis\u00e3o de desenhos em CAD.<\/li>\n<li>Usinagem, rosqueamento e acabamento de superf\u00edcies de acordo com os desenhos do cliente.<\/li>\n<li>Quantidade m\u00ednima de pedido: 1 unidade (servi\u00e7o de amostras dispon\u00edvel).<\/li>\n<li>Personaliza\u00e7\u00e3o de marca OEM\/ODM e entrega internacional (FOB, CIF, DDP).<\/li>\n<\/ul>\n<h2>Setores atendidos<\/h2>\n<ul>\n<li>Maquinaria pesada e equipamentos para metalurgia<\/li>\n<li>Sistemas de gera\u00e7\u00e3o de energia<\/li>\n<li>Processamento de celulose e papel<\/li>\n<li>Sistemas de propuls\u00e3o mar\u00edtima<\/li>\n<li>M\u00e1quinas para o processamento de alimentos e industrial<\/li>\n<\/ul>\n","protected":false},"excerpt":{"rendered":"<ul>\n<li><strong>Gama de produtos:<\/strong> Eixos escalonados, eixos principais e virabrequins.<\/li>\n<li><strong>Capacidade de forjamento:<\/strong> Prensas hidr\u00e1ulicas de 6.300 t, 3.150 t e 2.000 t; martelos de 1 t a 5 t.<\/li>\n<li><strong>Capacidade de usinagem:<\/strong> At\u00e9 70 toneladas, com capacidade de carga de 32 toneladas na m\u00e1quina CNC.<\/li>\n<li><strong>Precis\u00e3o dimensional:<\/strong> Toler\u00e2ncia \u00b10,01 mm; rugosidade superficial Ra 0,4.<\/li>\n<li><strong>Cobertura dos testes:<\/strong> Inspe\u00e7\u00e3o ultrass\u00f4nica a 100%, com testes de dureza e tra\u00e7\u00e3o.<\/li>\n<\/ul>\n","protected":false},"featured_media":16913,"comment_status":"closed","ping_status":"closed","template":"","meta":{"_acf_changed":false,"site-sidebar-layout":"default","site-content-layout":"","ast-site-content-layout":"default","site-content-style":"default","site-sidebar-style":"default","ast-global-header-display":"","ast-banner-title-visibility":"","ast-main-header-display":"","ast-hfb-above-header-display":"","ast-hfb-below-header-display":"","ast-hfb-mobile-header-display":"","site-post-title":"","ast-breadcrumbs-content":"","ast-featured-img":"","footer-sml-layout":"","theme-transparent-header-meta":"default","adv-header-id-meta":"","stick-header-meta":"","header-above-stick-meta":"","header-main-stick-meta":"","header-below-stick-meta":"","astra-migrate-meta-layouts":"set","ast-page-background-enabled":"default","ast-page-background-meta":{"desktop":{"background-color":"var(--ast-global-color-5)","background-image":"","background-repeat":"repeat","background-position":"center center","background-size":"auto","background-attachment":"scroll","background-type":"","background-media":"","overlay-type":"","overlay-color":"","overlay-opacity":"","overlay-gradient":""},"tablet":{"background-color":"","background-image":"","background-repeat":"repeat","background-position":"center center","background-size":"auto","background-attachment":"scroll","background-type":"","background-media":"","overlay-type":"","overlay-color":"","overlay-opacity":"","overlay-gradient":""},"mobile":{"background-color":"","background-image":"","background-repeat":"repeat","background-position":"center center","background-size":"auto","background-attachment":"scroll","background-type":"","background-media":"","overlay-type":"","overlay-color":"","overlay-opacity":"","overlay-gradient":""}},"ast-content-background-meta":{"desktop":{"background-color":"var(--ast-global-color-4)","background-image":"","background-repeat":"repeat","background-position":"center center","background-size":"auto","background-attachment":"scroll","background-type":"","background-media":"","overlay-type":"","overlay-color":"","overlay-opacity":"","overlay-gradient":""},"tablet":{"background-color":"var(--ast-global-color-4)","background-image":"","background-repeat":"repeat","background-position":"center center","background-size":"auto","background-attachment":"scroll","background-type":"","background-media":"","overlay-type":"","overlay-color":"","overlay-opacity":"","overlay-gradient":""},"mobile":{"background-color":"var(--ast-global-color-4)","background-image":"","background-repeat":"repeat","background-position":"center center","background-size":"auto","background-attachment":"scroll","background-type":"","background-media":"","overlay-type":"","overlay-color":"","overlay-opacity":"","overlay-gradient":""}}},"product_brand":[],"product_cat":[85],"product_tag":[],"class_list":{"0":"post-17144","1":"product","2":"type-product","3":"status-publish","4":"has-post-thumbnail","6":"product_cat-pecas-forjadas","7":"desktop-align-left","8":"tablet-align-left","9":"mobile-align-left","11":"first","12":"instock","13":"shipping-taxable","14":"product-type-simple"},"acf":[],"_links":{"self":[{"href":"https:\/\/www.boberry-mach.com\/pt-br\/wp-json\/wp\/v2\/product\/17144","targetHints":{"allow":["GET"]}}],"collection":[{"href":"https:\/\/www.boberry-mach.com\/pt-br\/wp-json\/wp\/v2\/product"}],"about":[{"href":"https:\/\/www.boberry-mach.com\/pt-br\/wp-json\/wp\/v2\/types\/product"}],"replies":[{"embeddable":true,"href":"https:\/\/www.boberry-mach.com\/pt-br\/wp-json\/wp\/v2\/comments?post=17144"}],"wp:featuredmedia":[{"embeddable":true,"href":"https:\/\/www.boberry-mach.com\/pt-br\/wp-json\/wp\/v2\/media\/16913"}],"wp:attachment":[{"href":"https:\/\/www.boberry-mach.com\/pt-br\/wp-json\/wp\/v2\/media?parent=17144"}],"wp:term":[{"taxonomy":"product_brand","embeddable":true,"href":"https:\/\/www.boberry-mach.com\/pt-br\/wp-json\/wp\/v2\/product_brand?post=17144"},{"taxonomy":"product_cat","embeddable":true,"href":"https:\/\/www.boberry-mach.com\/pt-br\/wp-json\/wp\/v2\/product_cat?post=17144"},{"taxonomy":"product_tag","embeddable":true,"href":"https:\/\/www.boberry-mach.com\/pt-br\/wp-json\/wp\/v2\/product_tag?post=17144"}],"curies":[{"name":"wp","href":"https:\/\/api.w.org\/{rel}","templated":true}]}}