{"id":17117,"date":"2025-12-12T10:51:24","date_gmt":"2025-12-12T02:51:24","guid":{"rendered":"https:\/\/www.boberry-mach.com\/product\/pecas-de-precisao-fundidas-em-aco-inoxidavel\/"},"modified":"2026-03-23T15:59:50","modified_gmt":"2026-03-23T07:59:50","slug":"pecas-de-precisao-fundidas-em-aco-inoxidavel","status":"publish","type":"product","link":"https:\/\/www.boberry-mach.com\/pt-br\/pecas-de-precisao-fundidas-em-aco-inoxidavel\/","title":{"rendered":"Pe\u00e7as de Precis\u00e3o Fundidas em A\u00e7o Inoxid\u00e1vel"},"content":{"rendered":"<h2>Especifica\u00e7\u00f5es t\u00e9cnicas<\/h2>\n<table>\n<tbody>\n<tr>\n<td>Item<\/td>\n<td>Detalhes<\/td>\n<\/tr>\n<tr>\n<td>Nome do produto<\/td>\n<td>Pe\u00e7as fundidas de a\u00e7o inoxid\u00e1vel de precis\u00e3o<\/td>\n<\/tr>\n<tr>\n<td>Principais processos<\/td>\n<td>Fundi\u00e7\u00e3o por Cera Perdida, Fundi\u00e7\u00e3o em Areia<\/td>\n<\/tr>\n<tr>\n<td>Op\u00e7\u00f5es de materiais<\/td>\n<td>A\u00e7o inoxid\u00e1vel (304, 304L, 316, 316L), a\u00e7o carbono, a\u00e7o duplex, alum\u00ednio, ligas especiais<\/td>\n<\/tr>\n<tr>\n<td>Faixa de dimens\u00f5es<\/td>\n<td>At\u00e9 aproximadamente 1500 \u00d7 1500 \u00d7 1500 mm<\/td>\n<\/tr>\n<tr>\n<td>Faixa de Peso \u2013 Fundi\u00e7\u00e3o por Cera Perdida<\/td>\n<td>0,001\u201399 kg<\/td>\n<\/tr>\n<tr>\n<td>Faixa de Peso \u2013 Fundi\u00e7\u00e3o em Areia<\/td>\n<td>0,5\u2013500 kg<\/td>\n<\/tr>\n<tr>\n<td>Espessura m\u00ednima da parede<\/td>\n<td>Aprox. 0,5 mm<\/td>\n<\/tr>\n<tr>\n<td>Toler\u00e2ncia dimensional<\/td>\n<td>Grau CT5\u2013CT6<\/td>\n<\/tr>\n<tr>\n<td>Rugosidade da superf\u00edcie da pe\u00e7a fundida<\/td>\n<td>Ra 3,2\u20136,4 (t\u00edpico); fundi\u00e7\u00e3o de precis\u00e3o por cera perdida Ra 1,6\u20133,2<\/td>\n<\/tr>\n<tr>\n<td>Rugosidade da superf\u00edcie usinada<\/td>\n<td>Ra0.8\u20131.6<\/td>\n<\/tr>\n<tr>\n<td>Tipos comuns de a\u00e7o inoxid\u00e1vel<\/td>\n<td>304, 304L, 316, 316L<\/td>\n<\/tr>\n<tr>\n<td>Normas<\/td>\n<td>EN, BS, AISI, ASTM, JIS<\/td>\n<\/tr>\n<tr>\n<td>Capacidade de fundi\u00e7\u00e3o<\/td>\n<td>A\u00e7o inoxid\u00e1vel, carbono, duplex, n\u00edquel, bronze\/lat\u00e3o, ligas de alum\u00ednio<\/td>\n<\/tr>\n<tr>\n<td>Documenta\u00e7\u00e3o<\/td>\n<td>Certificados de materiais e relat\u00f3rios de inspe\u00e7\u00e3o<\/td>\n<\/tr>\n<\/tbody>\n<\/table>\n<h2>Aplica\u00e7\u00f5es<\/h2>\n<ul>\n<li>Componentes mar\u00edtimos e estruturas offshore<\/li>\n<li>M\u00e1quinas para a ind\u00fastria aliment\u00edcia e equipamentos de processamento higi\u00eanico<\/li>\n<li>Pe\u00e7as para equipamentos de minera\u00e7\u00e3o e beneficiamento de minerais<\/li>\n<li>Energia e\u00f3lica e componentes para gera\u00e7\u00e3o de energia<\/li>\n<li>Setor de manuseio de fluidos e bombas\/v\u00e1lvulas<\/li>\n<li>Metalurgia e estruturas de maquin\u00e1rio pesado<\/li>\n<li>Equipamentos de jardinagem e pe\u00e7as mec\u00e2nicas em geral<\/li>\n<\/ul>\n","protected":false},"excerpt":{"rendered":"<ul>\n<li><strong>Amplo portf\u00f3lio de materiais:<\/strong> A\u00e7o inoxid\u00e1vel (304, 304L, 316, 316L), a\u00e7o carbono, a\u00e7o duplex, alum\u00ednio, n\u00edquel, bronze e outras ligas especiais.<\/li>\n<li><strong>Alta precis\u00e3o dimensional:<\/strong> Toler\u00e2ncia dimensional de at\u00e9 CT5\u2013CT6 com espessura m\u00ednima de parede de 0,5 mm.<\/li>\n<li><strong>Excelente qualidade de superf\u00edcie:<\/strong> Rugosidade da fundi\u00e7\u00e3o Ra 3,2\u20136,4, superf\u00edcies acabadas Ra 0,8\u20131,6, fundi\u00e7\u00e3o por cera perdida at\u00e9 Ra 1,6\u20133,2.<\/li>\n<li><strong>Toler\u00e2ncias de usinagem rigorosas:<\/strong> A precis\u00e3o da usinagem final pode atingir \u00b10,009 mm para caracter\u00edsticas cr\u00edticas.<\/li>\n<li><strong>Otimiza\u00e7\u00e3o do processo:<\/strong> Escolha do processo e da liga mais adequados para cada pe\u00e7a, a fim de equilibrar custo, resist\u00eancia mec\u00e2nica e resist\u00eancia \u00e0 corros\u00e3o.<\/li>\n<\/ul>\n","protected":false},"featured_media":17118,"comment_status":"closed","ping_status":"closed","template":"","meta":{"_acf_changed":false,"site-sidebar-layout":"default","site-content-layout":"","ast-site-content-layout":"default","site-content-style":"default","site-sidebar-style":"default","ast-global-header-display":"","ast-banner-title-visibility":"","ast-main-header-display":"","ast-hfb-above-header-display":"","ast-hfb-below-header-display":"","ast-hfb-mobile-header-display":"","site-post-title":"","ast-breadcrumbs-content":"","ast-featured-img":"","footer-sml-layout":"","theme-transparent-header-meta":"default","adv-header-id-meta":"","stick-header-meta":"","header-above-stick-meta":"","header-main-stick-meta":"","header-below-stick-meta":"","astra-migrate-meta-layouts":"set","ast-page-background-enabled":"default","ast-page-background-meta":{"desktop":{"background-color":"var(--ast-global-color-5)","background-image":"","background-repeat":"repeat","background-position":"center center","background-size":"auto","background-attachment":"scroll","background-type":"","background-media":"","overlay-type":"","overlay-color":"","overlay-opacity":"","overlay-gradient":""},"tablet":{"background-color":"","background-image":"","background-repeat":"repeat","background-position":"center center","background-size":"auto","background-attachment":"scroll","background-type":"","background-media":"","overlay-type":"","overlay-color":"","overlay-opacity":"","overlay-gradient":""},"mobile":{"background-color":"","background-image":"","background-repeat":"repeat","background-position":"center center","background-size":"auto","background-attachment":"scroll","background-type":"","background-media":"","overlay-type":"","overlay-color":"","overlay-opacity":"","overlay-gradient":""}},"ast-content-background-meta":{"desktop":{"background-color":"var(--ast-global-color-4)","background-image":"","background-repeat":"repeat","background-position":"center center","background-size":"auto","background-attachment":"scroll","background-type":"","background-media":"","overlay-type":"","overlay-color":"","overlay-opacity":"","overlay-gradient":""},"tablet":{"background-color":"var(--ast-global-color-4)","background-image":"","background-repeat":"repeat","background-position":"center center","background-size":"auto","background-attachment":"scroll","background-type":"","background-media":"","overlay-type":"","overlay-color":"","overlay-opacity":"","overlay-gradient":""},"mobile":{"background-color":"var(--ast-global-color-4)","background-image":"","background-repeat":"repeat","background-position":"center center","background-size":"auto","background-attachment":"scroll","background-type":"","background-media":"","overlay-type":"","overlay-color":"","overlay-opacity":"","overlay-gradient":""}}},"product_brand":[],"product_cat":[84],"product_tag":[],"class_list":{"0":"post-17117","1":"product","2":"type-product","3":"status-publish","4":"has-post-thumbnail","6":"product_cat-pecas-fundidas","7":"desktop-align-left","8":"tablet-align-left","9":"mobile-align-left","11":"first","12":"instock","13":"shipping-taxable","14":"product-type-simple"},"acf":[],"_links":{"self":[{"href":"https:\/\/www.boberry-mach.com\/pt-br\/wp-json\/wp\/v2\/product\/17117","targetHints":{"allow":["GET"]}}],"collection":[{"href":"https:\/\/www.boberry-mach.com\/pt-br\/wp-json\/wp\/v2\/product"}],"about":[{"href":"https:\/\/www.boberry-mach.com\/pt-br\/wp-json\/wp\/v2\/types\/product"}],"replies":[{"embeddable":true,"href":"https:\/\/www.boberry-mach.com\/pt-br\/wp-json\/wp\/v2\/comments?post=17117"}],"wp:featuredmedia":[{"embeddable":true,"href":"https:\/\/www.boberry-mach.com\/pt-br\/wp-json\/wp\/v2\/media\/17118"}],"wp:attachment":[{"href":"https:\/\/www.boberry-mach.com\/pt-br\/wp-json\/wp\/v2\/media?parent=17117"}],"wp:term":[{"taxonomy":"product_brand","embeddable":true,"href":"https:\/\/www.boberry-mach.com\/pt-br\/wp-json\/wp\/v2\/product_brand?post=17117"},{"taxonomy":"product_cat","embeddable":true,"href":"https:\/\/www.boberry-mach.com\/pt-br\/wp-json\/wp\/v2\/product_cat?post=17117"},{"taxonomy":"product_tag","embeddable":true,"href":"https:\/\/www.boberry-mach.com\/pt-br\/wp-json\/wp\/v2\/product_tag?post=17117"}],"curies":[{"name":"wp","href":"https:\/\/api.w.org\/{rel}","templated":true}]}}