{"id":17111,"date":"2025-12-12T11:02:15","date_gmt":"2025-12-12T03:02:15","guid":{"rendered":"https:\/\/www.boberry-mach.com\/product\/pecas-fundidas-em-aco-carbono-por-cera-perdida\/"},"modified":"2026-03-23T15:44:39","modified_gmt":"2026-03-23T07:44:39","slug":"pecas-fundidas-em-aco-carbono-por-cera-perdida","status":"publish","type":"product","link":"https:\/\/www.boberry-mach.com\/pt-br\/pecas-fundidas-em-aco-carbono-por-cera-perdida\/","title":{"rendered":"Pe\u00e7as Fundidas em A\u00e7o Carbono por Cera Perdida"},"content":{"rendered":"<h2>Especifica\u00e7\u00f5es t\u00e9cnicas<\/h2>\n<table>\n<tbody>\n<tr>\n<td>Item<\/td>\n<td>Detalhes<\/td>\n<\/tr>\n<tr>\n<td>Nome do produto<\/td>\n<td>Pe\u00e7as fundidas por cera perdida em a\u00e7o carbono<\/td>\n<\/tr>\n<tr>\n<td>Processo principal<\/td>\n<td>Fundi\u00e7\u00e3o por cera perdida (fundi\u00e7\u00e3o em areia opcional para pe\u00e7as maiores)<\/td>\n<\/tr>\n<tr>\n<td>Normas relativas aos materiais<\/td>\n<td>EN, BS, AISI, ASTM, JIS, GB<\/td>\n<\/tr>\n<tr>\n<td>Tipos comuns de a\u00e7o carbono<\/td>\n<td>Q235, Q345, 20#, 25#, 30#, 35#, 45#, 55#, 16Mn, 50Mn, 60Mn, A105, ZG200-400, ZG230-450, etc.<\/td>\n<\/tr>\n<tr>\n<td>Dimens\u00f5es m\u00e1ximas totais<\/td>\n<td>At\u00e9 aproximadamente 1500 \u00d7 1500 \u00d7 1500 mm<\/td>\n<\/tr>\n<tr>\n<td>Faixa de Peso \u2013 Fundi\u00e7\u00e3o por Cera Perdida<\/td>\n<td>1 g \u2013 99 kg<\/td>\n<\/tr>\n<tr>\n<td>Faixa de Peso \u2013 Fundi\u00e7\u00e3o em Areia<\/td>\n<td>A partir de 0,5 kg<\/td>\n<\/tr>\n<tr>\n<td>Espessura m\u00ednima da parede<\/td>\n<td>Aprox. 0,5 mm<\/td>\n<\/tr>\n<tr>\n<td>Toler\u00e2ncia dimensional<\/td>\n<td>Grau CT5\u2013CT6<\/td>\n<\/tr>\n<tr>\n<td>Rugosidade da superf\u00edcie da pe\u00e7a fundida<\/td>\n<td>Ra 1,6\u20133,2 (t\u00edpico); intervalo geral Ra 3,2\u20136,4<\/td>\n<\/tr>\n<tr>\n<td>Rugosidade da superf\u00edcie usinada<\/td>\n<td>Ra 0,8\u20131,6<\/td>\n<\/tr>\n<tr>\n<td>Capacidade de fornecimento<\/td>\n<td>100\u2013150 toneladas\/m\u00eas<\/td>\n<\/tr>\n<tr>\n<td>Prazo de entrega<\/td>\n<td>Cerca de 45 dias<\/td>\n<\/tr>\n<\/tbody>\n<\/table>\n<h2>Aplica\u00e7\u00f5es<\/h2>\n<ul>\n<li>Pe\u00e7as para m\u00e1quinas de costura e componentes para m\u00e1quinas t\u00eaxteis<\/li>\n<li>M\u00e1quinas de impress\u00e3o e pe\u00e7as de hardware de precis\u00e3o<\/li>\n<li>Ferragens industriais e de engenharia em geral<\/li>\n<li>Componentes para equipamentos de minera\u00e7\u00e3o e metalurgia<\/li>\n<li>Pe\u00e7as para controle de fluidos, bombas e v\u00e1lvulas<\/li>\n<li>Acess\u00f3rios n\u00e1uticos e para embarca\u00e7\u00f5es<\/li>\n<li>Ferramentas de jardim e equipamentos para \u00e1reas externas<\/li>\n<\/ul>\n","protected":false},"excerpt":{"rendered":"<ul>\n<li><strong>Ampla variedade de materiais:<\/strong> Q235, Q345, 20#, 45#, 16Mn, 60Mn, A105 e outras classes para atender \u00e0s necessidades de desempenho.<\/li>\n<li><strong>Geometrias complexas poss\u00edveis:<\/strong> pe\u00e7as com formato pr\u00f3ximo ao final, com detalhes finos, cavidades internas e paredes finas.<\/li>\n<li><strong>Excelente acabamento superficial:<\/strong> rugosidade da pe\u00e7a fundida t\u00e3o baixa quanto Ra 1,6\u20133,2, reduzindo a necessidade de polimento.<\/li>\n<li><strong>Rigoroso controle dimensional:<\/strong> toler\u00e2ncia dimensional de at\u00e9 CT5\u2013CT6; espessura m\u00ednima da parede de cerca de 0,5 mm.<\/li>\n<li><strong>Custo de usinagem reduzido:<\/strong> pe\u00e7as fundidas por cera perdida de alta precis\u00e3o requerem pouca usinagem secund\u00e1ria.<\/li>\n<\/ul>\n","protected":false},"featured_media":17112,"comment_status":"closed","ping_status":"closed","template":"","meta":{"_acf_changed":false,"site-sidebar-layout":"default","site-content-layout":"","ast-site-content-layout":"default","site-content-style":"default","site-sidebar-style":"default","ast-global-header-display":"","ast-banner-title-visibility":"","ast-main-header-display":"","ast-hfb-above-header-display":"","ast-hfb-below-header-display":"","ast-hfb-mobile-header-display":"","site-post-title":"","ast-breadcrumbs-content":"","ast-featured-img":"","footer-sml-layout":"","theme-transparent-header-meta":"default","adv-header-id-meta":"","stick-header-meta":"","header-above-stick-meta":"","header-main-stick-meta":"","header-below-stick-meta":"","astra-migrate-meta-layouts":"set","ast-page-background-enabled":"default","ast-page-background-meta":{"desktop":{"background-color":"var(--ast-global-color-5)","background-image":"","background-repeat":"repeat","background-position":"center center","background-size":"auto","background-attachment":"scroll","background-type":"","background-media":"","overlay-type":"","overlay-color":"","overlay-opacity":"","overlay-gradient":""},"tablet":{"background-color":"","background-image":"","background-repeat":"repeat","background-position":"center center","background-size":"auto","background-attachment":"scroll","background-type":"","background-media":"","overlay-type":"","overlay-color":"","overlay-opacity":"","overlay-gradient":""},"mobile":{"background-color":"","background-image":"","background-repeat":"repeat","background-position":"center center","background-size":"auto","background-attachment":"scroll","background-type":"","background-media":"","overlay-type":"","overlay-color":"","overlay-opacity":"","overlay-gradient":""}},"ast-content-background-meta":{"desktop":{"background-color":"var(--ast-global-color-4)","background-image":"","background-repeat":"repeat","background-position":"center center","background-size":"auto","background-attachment":"scroll","background-type":"","background-media":"","overlay-type":"","overlay-color":"","overlay-opacity":"","overlay-gradient":""},"tablet":{"background-color":"var(--ast-global-color-4)","background-image":"","background-repeat":"repeat","background-position":"center center","background-size":"auto","background-attachment":"scroll","background-type":"","background-media":"","overlay-type":"","overlay-color":"","overlay-opacity":"","overlay-gradient":""},"mobile":{"background-color":"var(--ast-global-color-4)","background-image":"","background-repeat":"repeat","background-position":"center center","background-size":"auto","background-attachment":"scroll","background-type":"","background-media":"","overlay-type":"","overlay-color":"","overlay-opacity":"","overlay-gradient":""}}},"product_brand":[],"product_cat":[84],"product_tag":[],"class_list":{"0":"post-17111","1":"product","2":"type-product","3":"status-publish","4":"has-post-thumbnail","6":"product_cat-pecas-fundidas","7":"desktop-align-left","8":"tablet-align-left","9":"mobile-align-left","11":"first","12":"instock","13":"shipping-taxable","14":"product-type-simple"},"acf":[],"_links":{"self":[{"href":"https:\/\/www.boberry-mach.com\/pt-br\/wp-json\/wp\/v2\/product\/17111","targetHints":{"allow":["GET"]}}],"collection":[{"href":"https:\/\/www.boberry-mach.com\/pt-br\/wp-json\/wp\/v2\/product"}],"about":[{"href":"https:\/\/www.boberry-mach.com\/pt-br\/wp-json\/wp\/v2\/types\/product"}],"replies":[{"embeddable":true,"href":"https:\/\/www.boberry-mach.com\/pt-br\/wp-json\/wp\/v2\/comments?post=17111"}],"wp:featuredmedia":[{"embeddable":true,"href":"https:\/\/www.boberry-mach.com\/pt-br\/wp-json\/wp\/v2\/media\/17112"}],"wp:attachment":[{"href":"https:\/\/www.boberry-mach.com\/pt-br\/wp-json\/wp\/v2\/media?parent=17111"}],"wp:term":[{"taxonomy":"product_brand","embeddable":true,"href":"https:\/\/www.boberry-mach.com\/pt-br\/wp-json\/wp\/v2\/product_brand?post=17111"},{"taxonomy":"product_cat","embeddable":true,"href":"https:\/\/www.boberry-mach.com\/pt-br\/wp-json\/wp\/v2\/product_cat?post=17111"},{"taxonomy":"product_tag","embeddable":true,"href":"https:\/\/www.boberry-mach.com\/pt-br\/wp-json\/wp\/v2\/product_tag?post=17111"}],"curies":[{"name":"wp","href":"https:\/\/api.w.org\/{rel}","templated":true}]}}