{"id":17098,"date":"2025-12-12T13:20:26","date_gmt":"2025-12-12T05:20:26","guid":{"rendered":"https:\/\/www.boberry-mach.com\/product\/pecas-de-reposicao-fundidas-em-aco-liga\/"},"modified":"2026-03-23T15:14:48","modified_gmt":"2026-03-23T07:14:48","slug":"pecas-de-reposicao-fundidas-em-aco-liga","status":"publish","type":"product","link":"https:\/\/www.boberry-mach.com\/pt-br\/pecas-de-reposicao-fundidas-em-aco-liga\/","title":{"rendered":"Pe\u00e7as de Reposi\u00e7\u00e3o Fundidas em A\u00e7o-Liga"},"content":{"rendered":"<h2>Especifica\u00e7\u00f5es t\u00e9cnicas<\/h2>\n<table>\n<tbody>\n<tr>\n<td>Item<\/td>\n<td>Detalhes<\/td>\n<\/tr>\n<tr>\n<td>Nome do produto<\/td>\n<td>Pe\u00e7as de reposi\u00e7\u00e3o fundidas em liga de a\u00e7o<\/td>\n<\/tr>\n<tr>\n<td>Processos de fundi\u00e7\u00e3o<\/td>\n<td>Fundi\u00e7\u00e3o por Cera Perdida, Fundi\u00e7\u00e3o em Areia<\/td>\n<\/tr>\n<tr>\n<td>Dimens\u00f5es m\u00e1ximas<\/td>\n<td>Aprox. 1500 \u00d7 1500 \u00d7 1500 mm<\/td>\n<\/tr>\n<tr>\n<td>Faixa de Peso \u2013 Fundi\u00e7\u00e3o por Cera Perdida<\/td>\n<td>0,001\u201399 kg<\/td>\n<\/tr>\n<tr>\n<td>Faixa de Peso \u2013 Fundi\u00e7\u00e3o em Areia<\/td>\n<td>0,5\u2013500 kg<\/td>\n<\/tr>\n<tr>\n<td>Espessura m\u00ednima da parede<\/td>\n<td>Cerca de 0,5 mm<\/td>\n<\/tr>\n<tr>\n<td>Rugosidade da superf\u00edcie da pe\u00e7a fundida<\/td>\n<td>Ra 1,6\u20133,2 (t\u00edpico); intervalo geral de at\u00e9 Ra 3,2\u20136,4<\/td>\n<\/tr>\n<tr>\n<td>Precis\u00e3o de usinagem<\/td>\n<td>Toler\u00e2ncia de usinagem final de at\u00e9 \u00b10,009 mm<\/td>\n<\/tr>\n<tr>\n<td>Principais normas<\/td>\n<td>EN, BS, AISI, ASTM, JIS, GB<\/td>\n<\/tr>\n<tr>\n<td>Tipos comuns de a\u00e7o-liga<\/td>\n<td>ZG40Mn, ZG40Mn2, ZG50Mn2, ZG20SiMn, ZG35SiMn, ZG35SiMnMo, ZC35CrMnSi, ZG20MnMo, ZG55CrMnMo<\/td>\n<\/tr>\n<tr>\n<td>Capacidade de fundi\u00e7\u00e3o<\/td>\n<td>A\u00e7o com n\u00edquel, liga de bronze (lat\u00e3o), liga de alum\u00ednio, etc.<\/td>\n<\/tr>\n<tr>\n<td>Capacidade de fornecimento<\/td>\n<td>100\u2013150 toneladas por m\u00eas<\/td>\n<\/tr>\n<tr>\n<td>Prazo de entrega<\/td>\n<td>Cerca de 45 dias<\/td>\n<\/tr>\n<\/tbody>\n<\/table>\n<h2>Tabela de composi\u00e7\u00e3o qu\u00edmica do a\u00e7o-liga<\/h2>\n<table>\n<tbody>\n<tr>\n<td>TIPO<\/td>\n<td>C<\/td>\n<td>Si<\/td>\n<td>Mn<\/td>\n<td>S<\/td>\n<td>P<\/td>\n<td>Cr<\/td>\n<td>Ni<\/td>\n<td>Mo<\/td>\n<td>Cu<\/td>\n<\/tr>\n<tr>\n<td>ZG40Mn<\/td>\n<td>0.30\u20130.45<\/td>\n<td>0.30\u20130.45<\/td>\n<td>1.20\u20131.50<\/td>\n<td>\u22640.030<\/td>\n<td><\/td>\n<td><\/td>\n<td><\/td>\n<td><\/td>\n<td><\/td>\n<\/tr>\n<tr>\n<td>ZG40Mn2<\/td>\n<td>0.35\u20130.45<\/td>\n<td>0.20\u20130.40<\/td>\n<td>1.60\u20131.80<\/td>\n<td>\u22640.030<\/td>\n<td><\/td>\n<td><\/td>\n<td><\/td>\n<td><\/td>\n<td><\/td>\n<\/tr>\n<tr>\n<td>ZG50Mn2<\/td>\n<td>0.45\u20130.55<\/td>\n<td>0.20\u20130.40<\/td>\n<td>1.50\u20131.80<\/td>\n<td>\u22640.030<\/td>\n<td><\/td>\n<td><\/td>\n<td><\/td>\n<td><\/td>\n<td><\/td>\n<\/tr>\n<tr>\n<td>ZG20SiMn<\/td>\n<td>\u22640.23<\/td>\n<td>\u22640.60<\/td>\n<td>1.00\u20131.50<\/td>\n<td>\u22640.025<\/td>\n<td>\u22640.30<\/td>\n<td>\u22640.40<\/td>\n<td>\u22640.15<\/td>\n<td><\/td>\n<td><\/td>\n<\/tr>\n<tr>\n<td>ZG35SiMn<\/td>\n<td>0.30\u20130.40<\/td>\n<td>0.60\u20130.80<\/td>\n<td>1.10\u20131.40<\/td>\n<td>\u22640.030<\/td>\n<td><\/td>\n<td><\/td>\n<td><\/td>\n<td><\/td>\n<td><\/td>\n<\/tr>\n<tr>\n<td>ZG35SiMnMo<\/td>\n<td>0.32\u20130.40<\/td>\n<td>1.10\u20131.40<\/td>\n<td>1.10\u20131.40<\/td>\n<td>\u22640.030<\/td>\n<td>\u22640.30<\/td>\n<td>\u22640.30<\/td>\n<td>0.20\u20130.30<\/td>\n<td>\u22640.30<\/td>\n<td><\/td>\n<\/tr>\n<tr>\n<td>ZC35CrMnSi<\/td>\n<td>0.30\u20130.40<\/td>\n<td>0.50\u20130.75<\/td>\n<td>0.90\u20131.20<\/td>\n<td>\u22640.030<\/td>\n<td><\/td>\n<td>0.50\u20130.80<\/td>\n<td><\/td>\n<td><\/td>\n<td><\/td>\n<\/tr>\n<tr>\n<td>ZG20MnMo<\/td>\n<td>0.17\u20130.23<\/td>\n<td>0.20\u20130.40<\/td>\n<td>1.10\u20131.40<\/td>\n<td>\u22640.030<\/td>\n<td>\u22640.30<\/td>\n<td>\u22640.30<\/td>\n<td>0.20\u20130.35<\/td>\n<td>\u22640.30<\/td>\n<td><\/td>\n<\/tr>\n<tr>\n<td>ZG55CrMnMo<\/td>\n<td>0.50\u20130.60<\/td>\n<td>0.25\u20130.60<\/td>\n<td>1.20\u20131.60<\/td>\n<td>\u22640.030<\/td>\n<td><\/td>\n<td>0.60\u20130.90<\/td>\n<td>\u22640.30<\/td>\n<td>0.20\u20130.30<\/td>\n<td>\u22640.30<\/td>\n<\/tr>\n<\/tbody>\n<\/table>\n<h2>Aplica\u00e7\u00f5es<\/h2>\n<ul>\n<li>Equipamentos mar\u00edtimos e estruturas offshore<\/li>\n<li>M\u00e1quinas para processamento e embalagem de alimentos<\/li>\n<li>Equipamentos para minera\u00e7\u00e3o e beneficiamento de minerais<\/li>\n<li>Energia e\u00f3lica e componentes para gera\u00e7\u00e3o de energia<\/li>\n<li>Ind\u00fastria de fluidos, conjuntos de bombas e v\u00e1lvulas<\/li>\n<li>Maquinaria metal\u00fargica e para a ind\u00fastria pesada<\/li>\n<li>Equipamentos motorizados para jardim e \u00e1reas externas<\/li>\n<\/ul>\n","protected":false},"excerpt":{"rendered":"<ul>\n<li><strong>Capacidade de tamanho flex\u00edvel:<\/strong> Dimens\u00f5es de at\u00e9 1500 \u00d7 1500 \u00d7 1500 mm para pe\u00e7as de reposi\u00e7\u00e3o grandes ou complexas.<\/li>\n<li><strong>Ampla faixa de peso:<\/strong> Pe\u00e7as fundidas por cera perdida de 0,001 a 99 kg; pe\u00e7as fundidas em areia de 0,5 a 500 kg.<\/li>\n<li><strong>Acabamento superficial fino:<\/strong> A rugosidade da pe\u00e7a fundida pode atingir Ra 1,6\u20133,2, reduzindo a carga de trabalho de polimento e acabamento.<\/li>\n<li><strong>Usinagem de alta precis\u00e3o:<\/strong> As dimens\u00f5es cr\u00edticas podem ser acabadas com uma toler\u00e2ncia de \u00b10,009 mm para garantir uma montagem precisa.<\/li>\n<li><strong>Sele\u00e7\u00e3o otimizada de ligas:<\/strong> V\u00e1rios tipos de a\u00e7o (ZG40Mn, ZG35SiMn, ZG55CrMnMo, etc.) selecionados de acordo com os requisitos mec\u00e2nicos e de resist\u00eancia ao desgaste.<\/li>\n<\/ul>\n","protected":false},"featured_media":17099,"comment_status":"closed","ping_status":"closed","template":"","meta":{"_acf_changed":false,"site-sidebar-layout":"default","site-content-layout":"","ast-site-content-layout":"default","site-content-style":"default","site-sidebar-style":"default","ast-global-header-display":"","ast-banner-title-visibility":"","ast-main-header-display":"","ast-hfb-above-header-display":"","ast-hfb-below-header-display":"","ast-hfb-mobile-header-display":"","site-post-title":"","ast-breadcrumbs-content":"","ast-featured-img":"","footer-sml-layout":"","theme-transparent-header-meta":"default","adv-header-id-meta":"","stick-header-meta":"","header-above-stick-meta":"","header-main-stick-meta":"","header-below-stick-meta":"","astra-migrate-meta-layouts":"set","ast-page-background-enabled":"default","ast-page-background-meta":{"desktop":{"background-color":"var(--ast-global-color-5)","background-image":"","background-repeat":"repeat","background-position":"center center","background-size":"auto","background-attachment":"scroll","background-type":"","background-media":"","overlay-type":"","overlay-color":"","overlay-opacity":"","overlay-gradient":""},"tablet":{"background-color":"","background-image":"","background-repeat":"repeat","background-position":"center center","background-size":"auto","background-attachment":"scroll","background-type":"","background-media":"","overlay-type":"","overlay-color":"","overlay-opacity":"","overlay-gradient":""},"mobile":{"background-color":"","background-image":"","background-repeat":"repeat","background-position":"center center","background-size":"auto","background-attachment":"scroll","background-type":"","background-media":"","overlay-type":"","overlay-color":"","overlay-opacity":"","overlay-gradient":""}},"ast-content-background-meta":{"desktop":{"background-color":"var(--ast-global-color-4)","background-image":"","background-repeat":"repeat","background-position":"center center","background-size":"auto","background-attachment":"scroll","background-type":"","background-media":"","overlay-type":"","overlay-color":"","overlay-opacity":"","overlay-gradient":""},"tablet":{"background-color":"var(--ast-global-color-4)","background-image":"","background-repeat":"repeat","background-position":"center center","background-size":"auto","background-attachment":"scroll","background-type":"","background-media":"","overlay-type":"","overlay-color":"","overlay-opacity":"","overlay-gradient":""},"mobile":{"background-color":"var(--ast-global-color-4)","background-image":"","background-repeat":"repeat","background-position":"center center","background-size":"auto","background-attachment":"scroll","background-type":"","background-media":"","overlay-type":"","overlay-color":"","overlay-opacity":"","overlay-gradient":""}}},"product_brand":[],"product_cat":[84],"product_tag":[],"class_list":{"0":"post-17098","1":"product","2":"type-product","3":"status-publish","4":"has-post-thumbnail","6":"product_cat-pecas-fundidas","7":"desktop-align-left","8":"tablet-align-left","9":"mobile-align-left","11":"first","12":"instock","13":"shipping-taxable","14":"product-type-simple"},"acf":[],"_links":{"self":[{"href":"https:\/\/www.boberry-mach.com\/pt-br\/wp-json\/wp\/v2\/product\/17098","targetHints":{"allow":["GET"]}}],"collection":[{"href":"https:\/\/www.boberry-mach.com\/pt-br\/wp-json\/wp\/v2\/product"}],"about":[{"href":"https:\/\/www.boberry-mach.com\/pt-br\/wp-json\/wp\/v2\/types\/product"}],"replies":[{"embeddable":true,"href":"https:\/\/www.boberry-mach.com\/pt-br\/wp-json\/wp\/v2\/comments?post=17098"}],"wp:featuredmedia":[{"embeddable":true,"href":"https:\/\/www.boberry-mach.com\/pt-br\/wp-json\/wp\/v2\/media\/17099"}],"wp:attachment":[{"href":"https:\/\/www.boberry-mach.com\/pt-br\/wp-json\/wp\/v2\/media?parent=17098"}],"wp:term":[{"taxonomy":"product_brand","embeddable":true,"href":"https:\/\/www.boberry-mach.com\/pt-br\/wp-json\/wp\/v2\/product_brand?post=17098"},{"taxonomy":"product_cat","embeddable":true,"href":"https:\/\/www.boberry-mach.com\/pt-br\/wp-json\/wp\/v2\/product_cat?post=17098"},{"taxonomy":"product_tag","embeddable":true,"href":"https:\/\/www.boberry-mach.com\/pt-br\/wp-json\/wp\/v2\/product_tag?post=17098"}],"curies":[{"name":"wp","href":"https:\/\/api.w.org\/{rel}","templated":true}]}}