{"id":17094,"date":"2025-12-12T14:32:13","date_gmt":"2025-12-12T06:32:13","guid":{"rendered":"https:\/\/www.boberry-mach.com\/product\/pecas-fundidas-de-aco-liga-pelo-metodo-de-cera-perdida\/"},"modified":"2026-03-23T15:52:36","modified_gmt":"2026-03-23T07:52:36","slug":"pecas-fundidas-de-aco-liga-pelo-metodo-de-cera-perdida","status":"publish","type":"product","link":"https:\/\/www.boberry-mach.com\/pt-br\/pecas-fundidas-de-aco-liga-pelo-metodo-de-cera-perdida\/","title":{"rendered":"Pe\u00e7as Fundidas de A\u00e7o-Liga pelo M\u00e9todo de Cera Perdida"},"content":{"rendered":"<h2>Especifica\u00e7\u00f5es t\u00e9cnicas<\/h2>\n<table>\n<tbody>\n<tr>\n<td>Item<\/td>\n<td>Detalhes<\/td>\n<\/tr>\n<tr>\n<td>Nome do produto<\/td>\n<td>Pe\u00e7as fundidas de a\u00e7o-liga pelo m\u00e9todo de cera perdida<\/td>\n<\/tr>\n<tr>\n<td>Principais materiais<\/td>\n<td>A\u00e7o-liga<\/td>\n<\/tr>\n<tr>\n<td>Normas relativas aos materiais<\/td>\n<td>EN, BS, AISI, ASTM, JIS<\/td>\n<\/tr>\n<tr>\n<td>Processo de fundi\u00e7\u00e3o<\/td>\n<td>Fundi\u00e7\u00e3o de Precis\u00e3o por Cera Perdida (Fundi\u00e7\u00e3o por Investimento)<\/td>\n<\/tr>\n<tr>\n<td>Faixa de peso<\/td>\n<td>0,001 kg \u2013 99 kg (fundi\u00e7\u00e3o por cera perdida); 0,5 kg \u2013 500 kg (fundi\u00e7\u00e3o em areia)<\/td>\n<\/tr>\n<tr>\n<td>Dimens\u00f5es m\u00e1ximas<\/td>\n<td>1500 \u00d7 1500 \u00d7 1500 mm<\/td>\n<\/tr>\n<tr>\n<td>Espessura m\u00ednima da parede<\/td>\n<td>Aproximadamente 0,5 mm<\/td>\n<\/tr>\n<tr>\n<td>Rugosidade da superf\u00edcie<\/td>\n<td>Ra 1,6\u20133,2 (tipicamente para fundi\u00e7\u00e3o por cera perdida)<\/td>\n<\/tr>\n<tr>\n<td>Toler\u00e2ncia de usinagem final<\/td>\n<td>\u00b10,009 mm<\/td>\n<\/tr>\n<tr>\n<td>Composi\u00e7\u00e3o qu\u00edmica<\/td>\n<td>35SiMn, 40Cr, 25CrMo, 30CrMo (4130), 35CrMo, 42CrMo (4140), 50CrMo, 12Cr1MoV, 25Cr2MoVA, 38CrMoAI<\/td>\n<\/tr>\n<tr>\n<td>Aplica\u00e7\u00f5es<\/td>\n<td>Automotivo, m\u00e1quinas de energia, constru\u00e7\u00e3o civil, minera\u00e7\u00e3o, agricultura, setor mar\u00edtimo, metalurgia, etc.<\/td>\n<\/tr>\n<tr>\n<td>Capacidade de fornecimento<\/td>\n<td>100\u2013150 toneladas por m\u00eas<\/td>\n<\/tr>\n<tr>\n<td>Prazo de entrega<\/td>\n<td>Cerca de 45 dias<\/td>\n<\/tr>\n<\/tbody>\n<\/table>\n<h2>Aplica\u00e7\u00f5es<\/h2>\n<ul>\n<li>M\u00e1quinas e pe\u00e7as automotivas<\/li>\n<li>Equipamentos para gera\u00e7\u00e3o de energia e industriais<\/li>\n<li>Componentes para m\u00e1quinas de constru\u00e7\u00e3o<\/li>\n<li>Equipamentos de minera\u00e7\u00e3o e ferramentas de processamento<\/li>\n<li>Maquinaria agr\u00edcola<\/li>\n<li>Componentes mar\u00edtimos e offshore<\/li>\n<li>M\u00e1quinas hidr\u00e1ulicas e bombas<\/li>\n<li>Ferramentas para a ind\u00fastria metal\u00fargica<\/li>\n<\/ul>\n","protected":false},"excerpt":{"rendered":"<ul>\n<li><strong>Alta precis\u00e3o e acabamento superficial fino:<\/strong> A fundi\u00e7\u00e3o por cera perdida proporciona alta precis\u00e3o dimensional e superf\u00edcies lisas, minimizando os custos de p\u00f3s-processamento e montagem.<\/li>\n<li><strong>Geometrias complexas suportadas:<\/strong> Capaz de produzir formas intricadas e complexas, tornando-o ideal para componentes de maquin\u00e1rio avan\u00e7ado.<\/li>\n<li><strong>Alta resist\u00eancia e durabilidade:<\/strong> Materiais como o 304L e o 316L oferecem resist\u00eancia excepcional ao desgaste, \u00e0 corros\u00e3o e a altas temperaturas.<\/li>\n<li><strong>Produ\u00e7\u00e3o personalizada:<\/strong> Fundi\u00e7\u00e3o sob medida de acordo com as necessidades espec\u00edficas do cliente, com dimens\u00f5es m\u00e1ximas de at\u00e9 1500 \u00d7 1500 \u00d7 1500 mm.<\/li>\n<\/ul>\n","protected":false},"featured_media":17095,"comment_status":"closed","ping_status":"closed","template":"","meta":{"_acf_changed":false,"site-sidebar-layout":"default","site-content-layout":"","ast-site-content-layout":"default","site-content-style":"default","site-sidebar-style":"default","ast-global-header-display":"","ast-banner-title-visibility":"","ast-main-header-display":"","ast-hfb-above-header-display":"","ast-hfb-below-header-display":"","ast-hfb-mobile-header-display":"","site-post-title":"","ast-breadcrumbs-content":"","ast-featured-img":"","footer-sml-layout":"","theme-transparent-header-meta":"default","adv-header-id-meta":"","stick-header-meta":"","header-above-stick-meta":"","header-main-stick-meta":"","header-below-stick-meta":"","astra-migrate-meta-layouts":"set","ast-page-background-enabled":"default","ast-page-background-meta":{"desktop":{"background-color":"var(--ast-global-color-5)","background-image":"","background-repeat":"repeat","background-position":"center center","background-size":"auto","background-attachment":"scroll","background-type":"","background-media":"","overlay-type":"","overlay-color":"","overlay-opacity":"","overlay-gradient":""},"tablet":{"background-color":"","background-image":"","background-repeat":"repeat","background-position":"center center","background-size":"auto","background-attachment":"scroll","background-type":"","background-media":"","overlay-type":"","overlay-color":"","overlay-opacity":"","overlay-gradient":""},"mobile":{"background-color":"","background-image":"","background-repeat":"repeat","background-position":"center center","background-size":"auto","background-attachment":"scroll","background-type":"","background-media":"","overlay-type":"","overlay-color":"","overlay-opacity":"","overlay-gradient":""}},"ast-content-background-meta":{"desktop":{"background-color":"var(--ast-global-color-4)","background-image":"","background-repeat":"repeat","background-position":"center center","background-size":"auto","background-attachment":"scroll","background-type":"","background-media":"","overlay-type":"","overlay-color":"","overlay-opacity":"","overlay-gradient":""},"tablet":{"background-color":"var(--ast-global-color-4)","background-image":"","background-repeat":"repeat","background-position":"center center","background-size":"auto","background-attachment":"scroll","background-type":"","background-media":"","overlay-type":"","overlay-color":"","overlay-opacity":"","overlay-gradient":""},"mobile":{"background-color":"var(--ast-global-color-4)","background-image":"","background-repeat":"repeat","background-position":"center center","background-size":"auto","background-attachment":"scroll","background-type":"","background-media":"","overlay-type":"","overlay-color":"","overlay-opacity":"","overlay-gradient":""}}},"product_brand":[],"product_cat":[84],"product_tag":[],"class_list":{"0":"post-17094","1":"product","2":"type-product","3":"status-publish","4":"has-post-thumbnail","6":"product_cat-pecas-fundidas","7":"desktop-align-left","8":"tablet-align-left","9":"mobile-align-left","11":"first","12":"instock","13":"shipping-taxable","14":"product-type-simple"},"acf":[],"_links":{"self":[{"href":"https:\/\/www.boberry-mach.com\/pt-br\/wp-json\/wp\/v2\/product\/17094","targetHints":{"allow":["GET"]}}],"collection":[{"href":"https:\/\/www.boberry-mach.com\/pt-br\/wp-json\/wp\/v2\/product"}],"about":[{"href":"https:\/\/www.boberry-mach.com\/pt-br\/wp-json\/wp\/v2\/types\/product"}],"replies":[{"embeddable":true,"href":"https:\/\/www.boberry-mach.com\/pt-br\/wp-json\/wp\/v2\/comments?post=17094"}],"wp:featuredmedia":[{"embeddable":true,"href":"https:\/\/www.boberry-mach.com\/pt-br\/wp-json\/wp\/v2\/media\/17095"}],"wp:attachment":[{"href":"https:\/\/www.boberry-mach.com\/pt-br\/wp-json\/wp\/v2\/media?parent=17094"}],"wp:term":[{"taxonomy":"product_brand","embeddable":true,"href":"https:\/\/www.boberry-mach.com\/pt-br\/wp-json\/wp\/v2\/product_brand?post=17094"},{"taxonomy":"product_cat","embeddable":true,"href":"https:\/\/www.boberry-mach.com\/pt-br\/wp-json\/wp\/v2\/product_cat?post=17094"},{"taxonomy":"product_tag","embeddable":true,"href":"https:\/\/www.boberry-mach.com\/pt-br\/wp-json\/wp\/v2\/product_tag?post=17094"}],"curies":[{"name":"wp","href":"https:\/\/api.w.org\/{rel}","templated":true}]}}