{"id":17073,"date":"2025-12-15T16:24:52","date_gmt":"2025-12-15T08:24:52","guid":{"rendered":"https:\/\/www.boberry-mach.com\/product\/impulsor-aberto-em-aco-inoxidavel-superduplex\/"},"modified":"2026-03-23T15:50:15","modified_gmt":"2026-03-23T07:50:15","slug":"impulsor-aberto-em-aco-inoxidavel-superduplex","status":"publish","type":"product","link":"https:\/\/www.boberry-mach.com\/pt-br\/impulsor-aberto-em-aco-inoxidavel-superduplex\/","title":{"rendered":"Impulsor Aberto em A\u00e7o Inoxid\u00e1vel Superduplex"},"content":{"rendered":"<h2>Especifica\u00e7\u00f5es t\u00e9cnicas<\/h2>\n<table>\n<tbody>\n<tr>\n<td>Especifica\u00e7\u00f5es<\/td>\n<td>Detalhes<\/td>\n<\/tr>\n<tr>\n<td>Material<\/td>\n<td>A\u00e7o inoxid\u00e1vel superduplex (F55)<\/td>\n<\/tr>\n<tr>\n<td>Tipo<\/td>\n<td>Impulsor aberto<\/td>\n<\/tr>\n<tr>\n<td>Tamanho<\/td>\n<td>Tamanhos personalizados dispon\u00edveis<\/td>\n<\/tr>\n<tr>\n<td>Peso<\/td>\n<td>Varia de acordo com o tamanho<\/td>\n<\/tr>\n<tr>\n<td>Resist\u00eancia \u00e0 corros\u00e3o<\/td>\n<td>Excelente em ambientes ricos em cloreto<\/td>\n<\/tr>\n<tr>\n<td>Dureza<\/td>\n<td>At\u00e9 1250 HV1<\/td>\n<\/tr>\n<tr>\n<td>Toler\u00e2ncia<\/td>\n<td>Dentro de 0,05 mm<\/td>\n<\/tr>\n<tr>\n<td>Acabamento da superf\u00edcie<\/td>\n<td>Liso, sem arranh\u00f5es<\/td>\n<\/tr>\n<\/tbody>\n<\/table>\n<h2>Aplica\u00e7\u00f5es<\/h2>\n<ul>\n<li><strong>Desaliniza\u00e7\u00e3o de \u00e1gua do mar:<\/strong> Ideal para uso em bombas de \u00e1gua do mar e sistemas de dessaliniza\u00e7\u00e3o.<\/li>\n<li><strong>Ind\u00fastria petroqu\u00edmica:<\/strong> Adequado para bombas que trabalham com hidrocarbonetos e produtos qu\u00edmicos agressivos.<\/li>\n<li><strong>Engenharia Naval:<\/strong> Otimizado para ambientes subaqu\u00e1ticos e de alta salinidade.<\/li>\n<li><strong>Gera\u00e7\u00e3o de energia:<\/strong> Essencial para sistemas de refrigera\u00e7\u00e3o e manuseio de fluidos em usinas de energia.<\/li>\n<li><strong>Minera\u00e7\u00e3o:<\/strong> Utilizado em bombas para lamas e outros sistemas industriais de fluidos para servi\u00e7os pesados.<\/li>\n<\/ul>\n","protected":false},"excerpt":{"rendered":"<ul>\n<li><strong>Alta resist\u00eancia:<\/strong> O a\u00e7o inoxid\u00e1vel superduplex oferece excelente resist\u00eancia mec\u00e2nica, tornando-o ideal para condi\u00e7\u00f5es adversas.<\/li>\n<li><strong>Resist\u00eancia \u00e0 corros\u00e3o:<\/strong> \u00c9 ideal para condi\u00e7\u00f5es qu\u00edmicas adversas devido \u00e0 sua excepcional resist\u00eancia \u00e0 corros\u00e3o sob tens\u00e3o e \u00e0 corros\u00e3o por pite.<\/li>\n<li><strong>Durabilidade:<\/strong> Concebido para resistir a aplica\u00e7\u00f5es de alta press\u00e3o e alta temperatura, garantindo confiabilidade a longo prazo.<\/li>\n<li><strong>Design vers\u00e1til:<\/strong> Adequado para diversos sistemas de bombeamento, oferecendo desempenho eficiente em diferentes setores industriais.<\/li>\n<li><strong>Design aberto:<\/strong> Proporciona um fluxo de fluido suave, reduzindo a probabilidade de entupimentos em aplica\u00e7\u00f5es de bombeamento complexas.<\/li>\n<\/ul>\n","protected":false},"featured_media":17074,"comment_status":"closed","ping_status":"closed","template":"","meta":{"_acf_changed":false,"site-sidebar-layout":"default","site-content-layout":"","ast-site-content-layout":"default","site-content-style":"default","site-sidebar-style":"default","ast-global-header-display":"","ast-banner-title-visibility":"","ast-main-header-display":"","ast-hfb-above-header-display":"","ast-hfb-below-header-display":"","ast-hfb-mobile-header-display":"","site-post-title":"","ast-breadcrumbs-content":"","ast-featured-img":"","footer-sml-layout":"","theme-transparent-header-meta":"default","adv-header-id-meta":"","stick-header-meta":"","header-above-stick-meta":"","header-main-stick-meta":"","header-below-stick-meta":"","astra-migrate-meta-layouts":"set","ast-page-background-enabled":"default","ast-page-background-meta":{"desktop":{"background-color":"var(--ast-global-color-5)","background-image":"","background-repeat":"repeat","background-position":"center center","background-size":"auto","background-attachment":"scroll","background-type":"","background-media":"","overlay-type":"","overlay-color":"","overlay-opacity":"","overlay-gradient":""},"tablet":{"background-color":"","background-image":"","background-repeat":"repeat","background-position":"center center","background-size":"auto","background-attachment":"scroll","background-type":"","background-media":"","overlay-type":"","overlay-color":"","overlay-opacity":"","overlay-gradient":""},"mobile":{"background-color":"","background-image":"","background-repeat":"repeat","background-position":"center center","background-size":"auto","background-attachment":"scroll","background-type":"","background-media":"","overlay-type":"","overlay-color":"","overlay-opacity":"","overlay-gradient":""}},"ast-content-background-meta":{"desktop":{"background-color":"var(--ast-global-color-4)","background-image":"","background-repeat":"repeat","background-position":"center center","background-size":"auto","background-attachment":"scroll","background-type":"","background-media":"","overlay-type":"","overlay-color":"","overlay-opacity":"","overlay-gradient":""},"tablet":{"background-color":"var(--ast-global-color-4)","background-image":"","background-repeat":"repeat","background-position":"center center","background-size":"auto","background-attachment":"scroll","background-type":"","background-media":"","overlay-type":"","overlay-color":"","overlay-opacity":"","overlay-gradient":""},"mobile":{"background-color":"var(--ast-global-color-4)","background-image":"","background-repeat":"repeat","background-position":"center center","background-size":"auto","background-attachment":"scroll","background-type":"","background-media":"","overlay-type":"","overlay-color":"","overlay-opacity":"","overlay-gradient":""}}},"product_brand":[],"product_cat":[84],"product_tag":[],"class_list":{"0":"post-17073","1":"product","2":"type-product","3":"status-publish","4":"has-post-thumbnail","6":"product_cat-pecas-fundidas","7":"desktop-align-left","8":"tablet-align-left","9":"mobile-align-left","11":"first","12":"instock","13":"shipping-taxable","14":"product-type-simple"},"acf":[],"_links":{"self":[{"href":"https:\/\/www.boberry-mach.com\/pt-br\/wp-json\/wp\/v2\/product\/17073","targetHints":{"allow":["GET"]}}],"collection":[{"href":"https:\/\/www.boberry-mach.com\/pt-br\/wp-json\/wp\/v2\/product"}],"about":[{"href":"https:\/\/www.boberry-mach.com\/pt-br\/wp-json\/wp\/v2\/types\/product"}],"replies":[{"embeddable":true,"href":"https:\/\/www.boberry-mach.com\/pt-br\/wp-json\/wp\/v2\/comments?post=17073"}],"wp:featuredmedia":[{"embeddable":true,"href":"https:\/\/www.boberry-mach.com\/pt-br\/wp-json\/wp\/v2\/media\/17074"}],"wp:attachment":[{"href":"https:\/\/www.boberry-mach.com\/pt-br\/wp-json\/wp\/v2\/media?parent=17073"}],"wp:term":[{"taxonomy":"product_brand","embeddable":true,"href":"https:\/\/www.boberry-mach.com\/pt-br\/wp-json\/wp\/v2\/product_brand?post=17073"},{"taxonomy":"product_cat","embeddable":true,"href":"https:\/\/www.boberry-mach.com\/pt-br\/wp-json\/wp\/v2\/product_cat?post=17073"},{"taxonomy":"product_tag","embeddable":true,"href":"https:\/\/www.boberry-mach.com\/pt-br\/wp-json\/wp\/v2\/product_tag?post=17073"}],"curies":[{"name":"wp","href":"https:\/\/api.w.org\/{rel}","templated":true}]}}