{"id":17068,"date":"2025-12-16T13:25:24","date_gmt":"2025-12-16T05:25:24","guid":{"rendered":"https:\/\/www.boberry-mach.com\/product\/camisas-de-cilindro-com-flange\/"},"modified":"2026-03-23T13:42:33","modified_gmt":"2026-03-23T05:42:33","slug":"camisas-de-cilindro-com-flange","status":"publish","type":"product","link":"https:\/\/www.boberry-mach.com\/pt-br\/camisas-de-cilindro-com-flange\/","title":{"rendered":"Camisas de Cilindro com Flange"},"content":{"rendered":"<h2>Especifica\u00e7\u00f5es t\u00e9cnicas<\/h2>\n<table>\n<tbody>\n<tr>\n<td>Item<\/td>\n<td>Descri\u00e7\u00e3o<\/td>\n<\/tr>\n<tr>\n<td>Material<\/td>\n<td>Ferro fundido, a\u00e7o ou ligas de alta resist\u00eancia (conforme especifica\u00e7\u00e3o do cliente)<\/td>\n<\/tr>\n<tr>\n<td>Comprimento<\/td>\n<td>50 mm a 250 mm<\/td>\n<\/tr>\n<tr>\n<td>Di\u00e2metro externo<\/td>\n<td>50 mm a 250 mm<\/td>\n<\/tr>\n<tr>\n<td>Di\u00e2metro interno<\/td>\n<td>Faixa: 40 mm a 200 mm; tamanhos espec\u00edficos dispon\u00edveis<\/td>\n<\/tr>\n<tr>\n<td>Espessura da parede<\/td>\n<td>Normalmente, de 3 mm a 10 mm, dependendo da aplica\u00e7\u00e3o<\/td>\n<\/tr>\n<tr>\n<td>Resist\u00eancia \u00e0 tra\u00e7\u00e3o<\/td>\n<td>300-600 MPa<\/td>\n<\/tr>\n<tr>\n<td>Dureza<\/td>\n<td>50-60 HRC<\/td>\n<\/tr>\n<tr>\n<td>Revestimento<\/td>\n<td>Revestimentos anticorrosivos opcionais (por exemplo, cromo ou cer\u00e2mica)<\/td>\n<\/tr>\n<tr>\n<td>Acabamento da superf\u00edcie<\/td>\n<td>Op\u00e7\u00f5es de acabamento polido ou liso<\/td>\n<\/tr>\n<tr>\n<td>Normas de ensaio<\/td>\n<td>Testes de press\u00e3o, dimens\u00f5es e dureza<\/td>\n<\/tr>\n<tr>\n<td>Conformidade<\/td>\n<td>Em conformidade com as normas ASTM, ISO e outras normas relevantes<\/td>\n<\/tr>\n<\/tbody>\n<\/table>\n<h2>Aplica\u00e7\u00f5es<\/h2>\n<ul>\n<li>Motores automotivos (utilizados em carros, caminh\u00f5es e \u00f4nibus)<\/li>\n<li>Maquin\u00e1rio pesado (equipamentos de constru\u00e7\u00e3o, equipamentos de minera\u00e7\u00e3o)<\/li>\n<li>Motores industriais (para geradores de energia, compressores, turbinas)<\/li>\n<li>Motores mar\u00edtimos (para barcos, navios e plataformas offshore)<\/li>\n<li>Maquin\u00e1rio agr\u00edcola (tratores, colheitadeiras e outros equipamentos movidos a diesel)<\/li>\n<li>Sistemas de gera\u00e7\u00e3o de energia (aplica\u00e7\u00f5es com motores a diesel e a g\u00e1s)<\/li>\n<\/ul>\n","protected":false},"excerpt":{"rendered":"<ul>\n<li><strong>Design com flange:<\/strong> Proporciona um encaixe seguro no bloco do motor, melhorando a integridade estrutural e o desempenho.<\/li>\n<li><strong>Op\u00e7\u00f5es de materiais:<\/strong> Ferro fundido, a\u00e7o ou ligas personalizadas para necessidades espec\u00edficas de desempenho.<\/li>\n<li><strong>Varia\u00e7\u00f5es de tamanho:<\/strong> Di\u00e2metros, comprimentos e espessuras de parede personalizados dispon\u00edveis.<\/li>\n<li><strong>Acabamentos de superf\u00edcie:<\/strong> Acabamentos amaciados, lisos ou polidos, adaptados \u00e0s especifica\u00e7\u00f5es do motor.<\/li>\n<\/ul>\n","protected":false},"featured_media":17069,"comment_status":"closed","ping_status":"closed","template":"","meta":{"_acf_changed":false,"site-sidebar-layout":"default","site-content-layout":"","ast-site-content-layout":"default","site-content-style":"default","site-sidebar-style":"default","ast-global-header-display":"","ast-banner-title-visibility":"","ast-main-header-display":"","ast-hfb-above-header-display":"","ast-hfb-below-header-display":"","ast-hfb-mobile-header-display":"","site-post-title":"","ast-breadcrumbs-content":"","ast-featured-img":"","footer-sml-layout":"","theme-transparent-header-meta":"default","adv-header-id-meta":"","stick-header-meta":"","header-above-stick-meta":"","header-main-stick-meta":"","header-below-stick-meta":"","astra-migrate-meta-layouts":"set","ast-page-background-enabled":"default","ast-page-background-meta":{"desktop":{"background-color":"var(--ast-global-color-5)","background-image":"","background-repeat":"repeat","background-position":"center center","background-size":"auto","background-attachment":"scroll","background-type":"","background-media":"","overlay-type":"","overlay-color":"","overlay-opacity":"","overlay-gradient":""},"tablet":{"background-color":"","background-image":"","background-repeat":"repeat","background-position":"center center","background-size":"auto","background-attachment":"scroll","background-type":"","background-media":"","overlay-type":"","overlay-color":"","overlay-opacity":"","overlay-gradient":""},"mobile":{"background-color":"","background-image":"","background-repeat":"repeat","background-position":"center center","background-size":"auto","background-attachment":"scroll","background-type":"","background-media":"","overlay-type":"","overlay-color":"","overlay-opacity":"","overlay-gradient":""}},"ast-content-background-meta":{"desktop":{"background-color":"var(--ast-global-color-4)","background-image":"","background-repeat":"repeat","background-position":"center center","background-size":"auto","background-attachment":"scroll","background-type":"","background-media":"","overlay-type":"","overlay-color":"","overlay-opacity":"","overlay-gradient":""},"tablet":{"background-color":"var(--ast-global-color-4)","background-image":"","background-repeat":"repeat","background-position":"center center","background-size":"auto","background-attachment":"scroll","background-type":"","background-media":"","overlay-type":"","overlay-color":"","overlay-opacity":"","overlay-gradient":""},"mobile":{"background-color":"var(--ast-global-color-4)","background-image":"","background-repeat":"repeat","background-position":"center center","background-size":"auto","background-attachment":"scroll","background-type":"","background-media":"","overlay-type":"","overlay-color":"","overlay-opacity":"","overlay-gradient":""}}},"product_brand":[],"product_cat":[85],"product_tag":[],"class_list":{"0":"post-17068","1":"product","2":"type-product","3":"status-publish","4":"has-post-thumbnail","6":"product_cat-pecas-forjadas","7":"desktop-align-left","8":"tablet-align-left","9":"mobile-align-left","11":"first","12":"instock","13":"shipping-taxable","14":"product-type-simple"},"acf":[],"_links":{"self":[{"href":"https:\/\/www.boberry-mach.com\/pt-br\/wp-json\/wp\/v2\/product\/17068","targetHints":{"allow":["GET"]}}],"collection":[{"href":"https:\/\/www.boberry-mach.com\/pt-br\/wp-json\/wp\/v2\/product"}],"about":[{"href":"https:\/\/www.boberry-mach.com\/pt-br\/wp-json\/wp\/v2\/types\/product"}],"replies":[{"embeddable":true,"href":"https:\/\/www.boberry-mach.com\/pt-br\/wp-json\/wp\/v2\/comments?post=17068"}],"wp:featuredmedia":[{"embeddable":true,"href":"https:\/\/www.boberry-mach.com\/pt-br\/wp-json\/wp\/v2\/media\/17069"}],"wp:attachment":[{"href":"https:\/\/www.boberry-mach.com\/pt-br\/wp-json\/wp\/v2\/media?parent=17068"}],"wp:term":[{"taxonomy":"product_brand","embeddable":true,"href":"https:\/\/www.boberry-mach.com\/pt-br\/wp-json\/wp\/v2\/product_brand?post=17068"},{"taxonomy":"product_cat","embeddable":true,"href":"https:\/\/www.boberry-mach.com\/pt-br\/wp-json\/wp\/v2\/product_cat?post=17068"},{"taxonomy":"product_tag","embeddable":true,"href":"https:\/\/www.boberry-mach.com\/pt-br\/wp-json\/wp\/v2\/product_tag?post=17068"}],"curies":[{"name":"wp","href":"https:\/\/api.w.org\/{rel}","templated":true}]}}