{"id":17066,"date":"2025-12-16T13:49:18","date_gmt":"2025-12-16T05:49:18","guid":{"rendered":"https:\/\/www.boberry-mach.com\/product\/cubos-estriados-de-precisao\/"},"modified":"2026-03-23T13:36:04","modified_gmt":"2026-03-23T05:36:04","slug":"cubos-estriados-de-precisao","status":"publish","type":"product","link":"https:\/\/www.boberry-mach.com\/pt-br\/cubos-estriados-de-precisao\/","title":{"rendered":"Cubos Estriados de Precis\u00e3o"},"content":{"rendered":"<h2>Especifica\u00e7\u00f5es t\u00e9cnicas<\/h2>\n<table>\n<tbody>\n<tr>\n<td>Item<\/td>\n<td>Descri\u00e7\u00e3o<\/td>\n<\/tr>\n<tr>\n<td>Material<\/td>\n<td>A\u00e7o de alta resist\u00eancia, a\u00e7o-liga ou materiais personalizados<\/td>\n<\/tr>\n<tr>\n<td>Tipo de spline<\/td>\n<td>Perfis de ranhuras involutas, serrilhadas ou personalizados<\/td>\n<\/tr>\n<tr>\n<td>Di\u00e2metro externo<\/td>\n<td>Personaliz\u00e1vel, geralmente variando de 20 mm a 200 mm<\/td>\n<\/tr>\n<tr>\n<td>Di\u00e2metro interno<\/td>\n<td>Personaliz\u00e1vel, dependendo da aplica\u00e7\u00e3o<\/td>\n<\/tr>\n<tr>\n<td>Comprimento<\/td>\n<td>Varia de acordo com a aplica\u00e7\u00e3o, geralmente entre 30 mm e 250 mm<\/td>\n<\/tr>\n<tr>\n<td>Dureza<\/td>\n<td>50-60 HRC<\/td>\n<\/tr>\n<tr>\n<td>Resist\u00eancia \u00e0 tra\u00e7\u00e3o<\/td>\n<td>600-800 MPa<\/td>\n<\/tr>\n<tr>\n<td>Concluir<\/td>\n<td>Acabamento liso ou polido, dependendo dos requisitos da aplica\u00e7\u00e3o<\/td>\n<\/tr>\n<tr>\n<td>Toler\u00e2ncia<\/td>\n<td>\u00b10,1 mm<\/td>\n<\/tr>\n<tr>\n<td>Capacidade de carga<\/td>\n<td>Otimizado para aplica\u00e7\u00f5es que exigem alto torque e grande capacidade de carga<\/td>\n<\/tr>\n<tr>\n<td>Testes<\/td>\n<td>Inspe\u00e7\u00e3o dimensional, ensaio de dureza e ensaio de fadiga<\/td>\n<\/tr>\n<tr>\n<td>Conformidade<\/td>\n<td>Em conformidade com as normas ISO, ASTM e outras normas relevantes<\/td>\n<\/tr>\n<\/tbody>\n<\/table>\n<h2>Aplica\u00e7\u00f5es<\/h2>\n<ul>\n<li>Sistemas automotivos (utilizados em caixas de c\u00e2mbio, eixos e sistemas de transmiss\u00e3o)<\/li>\n<li>Maquinaria industrial (para sistemas de engrenagens e transmiss\u00e3o de pot\u00eancia)<\/li>\n<li>Equipamentos de constru\u00e7\u00e3o (para transfer\u00eancia de torque em servi\u00e7os pesados)<\/li>\n<li>Maquinaria agr\u00edcola (para uma transmiss\u00e3o de pot\u00eancia eficiente em tratores e colheitadeiras)<\/li>\n<li>Aplica\u00e7\u00f5es mar\u00edtimas (para uso em motores mar\u00edtimos e sistemas de propuls\u00e3o)<\/li>\n<li>Rob\u00f3tica (para transfer\u00eancia de torque em bra\u00e7os rob\u00f3ticos e mecanismos)<\/li>\n<\/ul>\n","protected":false},"excerpt":{"rendered":"<ul>\n<li><strong>Constru\u00e7\u00e3o resistente:<\/strong> Fabricado com materiais de alta resist\u00eancia para suportar cargas pesadas e prolongar a vida \u00fatil do componente.<\/li>\n<li><strong>Perfil da ranhura:<\/strong> Perfis involutos, serrilhados ou personalizados, adaptados \u00e0s necessidades da aplica\u00e7\u00e3o.<\/li>\n<li><strong>Varia\u00e7\u00f5es de tamanho:<\/strong> Est\u00e3o dispon\u00edveis di\u00e2metros, comprimentos e configura\u00e7\u00f5es de di\u00e2metro interno personalizados.<\/li>\n<li><strong>Produ\u00e7\u00e3o de prot\u00f3tipos:<\/strong> Dispon\u00edvel para pequenas encomendas ou testes antes da produ\u00e7\u00e3o em massa.<\/li>\n<\/ul>\n","protected":false},"featured_media":17067,"comment_status":"closed","ping_status":"closed","template":"","meta":{"_acf_changed":false,"site-sidebar-layout":"default","site-content-layout":"","ast-site-content-layout":"default","site-content-style":"default","site-sidebar-style":"default","ast-global-header-display":"","ast-banner-title-visibility":"","ast-main-header-display":"","ast-hfb-above-header-display":"","ast-hfb-below-header-display":"","ast-hfb-mobile-header-display":"","site-post-title":"","ast-breadcrumbs-content":"","ast-featured-img":"","footer-sml-layout":"","theme-transparent-header-meta":"default","adv-header-id-meta":"","stick-header-meta":"","header-above-stick-meta":"","header-main-stick-meta":"","header-below-stick-meta":"","astra-migrate-meta-layouts":"set","ast-page-background-enabled":"default","ast-page-background-meta":{"desktop":{"background-color":"var(--ast-global-color-5)","background-image":"","background-repeat":"repeat","background-position":"center center","background-size":"auto","background-attachment":"scroll","background-type":"","background-media":"","overlay-type":"","overlay-color":"","overlay-opacity":"","overlay-gradient":""},"tablet":{"background-color":"","background-image":"","background-repeat":"repeat","background-position":"center center","background-size":"auto","background-attachment":"scroll","background-type":"","background-media":"","overlay-type":"","overlay-color":"","overlay-opacity":"","overlay-gradient":""},"mobile":{"background-color":"","background-image":"","background-repeat":"repeat","background-position":"center center","background-size":"auto","background-attachment":"scroll","background-type":"","background-media":"","overlay-type":"","overlay-color":"","overlay-opacity":"","overlay-gradient":""}},"ast-content-background-meta":{"desktop":{"background-color":"var(--ast-global-color-4)","background-image":"","background-repeat":"repeat","background-position":"center center","background-size":"auto","background-attachment":"scroll","background-type":"","background-media":"","overlay-type":"","overlay-color":"","overlay-opacity":"","overlay-gradient":""},"tablet":{"background-color":"var(--ast-global-color-4)","background-image":"","background-repeat":"repeat","background-position":"center center","background-size":"auto","background-attachment":"scroll","background-type":"","background-media":"","overlay-type":"","overlay-color":"","overlay-opacity":"","overlay-gradient":""},"mobile":{"background-color":"var(--ast-global-color-4)","background-image":"","background-repeat":"repeat","background-position":"center center","background-size":"auto","background-attachment":"scroll","background-type":"","background-media":"","overlay-type":"","overlay-color":"","overlay-opacity":"","overlay-gradient":""}}},"product_brand":[],"product_cat":[85],"product_tag":[],"class_list":{"0":"post-17066","1":"product","2":"type-product","3":"status-publish","4":"has-post-thumbnail","6":"product_cat-pecas-forjadas","7":"desktop-align-left","8":"tablet-align-left","9":"mobile-align-left","11":"first","12":"instock","13":"shipping-taxable","14":"product-type-simple"},"acf":[],"_links":{"self":[{"href":"https:\/\/www.boberry-mach.com\/pt-br\/wp-json\/wp\/v2\/product\/17066","targetHints":{"allow":["GET"]}}],"collection":[{"href":"https:\/\/www.boberry-mach.com\/pt-br\/wp-json\/wp\/v2\/product"}],"about":[{"href":"https:\/\/www.boberry-mach.com\/pt-br\/wp-json\/wp\/v2\/types\/product"}],"replies":[{"embeddable":true,"href":"https:\/\/www.boberry-mach.com\/pt-br\/wp-json\/wp\/v2\/comments?post=17066"}],"wp:featuredmedia":[{"embeddable":true,"href":"https:\/\/www.boberry-mach.com\/pt-br\/wp-json\/wp\/v2\/media\/17067"}],"wp:attachment":[{"href":"https:\/\/www.boberry-mach.com\/pt-br\/wp-json\/wp\/v2\/media?parent=17066"}],"wp:term":[{"taxonomy":"product_brand","embeddable":true,"href":"https:\/\/www.boberry-mach.com\/pt-br\/wp-json\/wp\/v2\/product_brand?post=17066"},{"taxonomy":"product_cat","embeddable":true,"href":"https:\/\/www.boberry-mach.com\/pt-br\/wp-json\/wp\/v2\/product_cat?post=17066"},{"taxonomy":"product_tag","embeddable":true,"href":"https:\/\/www.boberry-mach.com\/pt-br\/wp-json\/wp\/v2\/product_tag?post=17066"}],"curies":[{"name":"wp","href":"https:\/\/api.w.org\/{rel}","templated":true}]}}