{"id":17060,"date":"2025-12-16T14:27:27","date_gmt":"2025-12-16T06:27:27","guid":{"rendered":"https:\/\/www.boberry-mach.com\/product\/cubo-roscado\/"},"modified":"2026-03-23T15:48:43","modified_gmt":"2026-03-23T07:48:43","slug":"cubo-roscado","status":"publish","type":"product","link":"https:\/\/www.boberry-mach.com\/pt-br\/cubo-roscado\/","title":{"rendered":"Cubo Roscado"},"content":{"rendered":"<h2>Especifica\u00e7\u00f5es t\u00e9cnicas<\/h2>\n<table>\n<tbody>\n<tr>\n<td>Item<\/td>\n<td>Especifica\u00e7\u00f5es<\/td>\n<\/tr>\n<tr>\n<td>Material<\/td>\n<td>A\u00e7o, alum\u00ednio ou ligas personalizadas<\/td>\n<\/tr>\n<tr>\n<td>Tipo de rosca<\/td>\n<td>Perfis de rosca ISO, BSP, NPT ou personalizados<\/td>\n<\/tr>\n<tr>\n<td>Di\u00e2metro externo<\/td>\n<td>30 mm a 200 mm<\/td>\n<\/tr>\n<tr>\n<td>Di\u00e2metro interno<\/td>\n<td>20 mm a 150 mm<\/td>\n<\/tr>\n<tr>\n<td>Comprimento<\/td>\n<td>30 mm a 150 mm<\/td>\n<\/tr>\n<tr>\n<td>Resist\u00eancia \u00e0 tra\u00e7\u00e3o<\/td>\n<td>400-800 MPa<\/td>\n<\/tr>\n<tr>\n<td>Dureza<\/td>\n<td>50-60 HRC<\/td>\n<\/tr>\n<tr>\n<td>Concluir<\/td>\n<td>Acabamentos lisos, anodizados ou personalizados para prote\u00e7\u00e3o contra a corros\u00e3o<\/td>\n<\/tr>\n<tr>\n<td>Toler\u00e2ncia<\/td>\n<td>\u00b10,5 mm<\/td>\n<\/tr>\n<tr>\n<td>Capacidade de carga<\/td>\n<td>Otimizado para aplica\u00e7\u00f5es que exigem alto torque e grande capacidade de carga<\/td>\n<\/tr>\n<tr>\n<td>Normas de ensaio<\/td>\n<td>Inspe\u00e7\u00e3o dimensional, ensaios de carga e ensaios de materiais<\/td>\n<\/tr>\n<tr>\n<td>Conformidade<\/td>\n<td>Em conformidade com as normas ISO, ASTM e outras normas relevantes<\/td>\n<\/tr>\n<\/tbody>\n<\/table>\n<h2>Aplica\u00e7\u00f5es<\/h2>\n<ul>\n<li>Sistemas automotivos (para fixa\u00e7\u00e3o de componentes em transmiss\u00f5es, eixos e grupos motopropulsores)<\/li>\n<li>Maquinaria industrial (para sistemas de transmiss\u00e3o de pot\u00eancia, bombas e compressores)<\/li>\n<li>Equipamentos de constru\u00e7\u00e3o (para uso em m\u00e1quinas pesadas, como guindastes e tratores)<\/li>\n<li>Aplica\u00e7\u00f5es mar\u00edtimas (em motores, sistemas de transmiss\u00e3o e equipamentos offshore)<\/li>\n<li>Maquin\u00e1rio agr\u00edcola (para tratores, colheitadeiras e outros equipamentos agr\u00edcolas)<\/li>\n<li>Rob\u00f3tica (para transfer\u00eancia de torque em bra\u00e7os rob\u00f3ticos e sistemas de automa\u00e7\u00e3o)<\/li>\n<\/ul>\n","protected":false},"excerpt":{"rendered":"<ul>\n<li><strong>Op\u00e7\u00f5es de material:<\/strong> a\u00e7o forjado, a\u00e7o-liga ou outras ligas espec\u00edficas do cliente.<\/li>\n<li><strong>Configura\u00e7\u00f5es de rosca:<\/strong> Dispon\u00edvel nos padr\u00f5es ISO, BSP, NPT ou com perfis de rosca personalizados.<\/li>\n<li><strong>Varia\u00e7\u00f5es de tamanho:<\/strong> Di\u00e2metros, comprimentos e configura\u00e7\u00f5es de di\u00e2metro interno personalizados.<\/li>\n<li><strong>Marca\u00e7\u00e3o e grava\u00e7\u00e3o:<\/strong> N\u00fameros de pe\u00e7a personalizados, logotipos ou marcas de identifica\u00e7\u00e3o para rastreabilidade.<\/li>\n<li><strong>Produ\u00e7\u00e3o de prot\u00f3tipos:<\/strong> Oferecemos suporte \u00e0 produ\u00e7\u00e3o de amostras em pequenos lotes e a testes-piloto antes de avan\u00e7armos para a fabrica\u00e7\u00e3o em grande escala.<\/li>\n<\/ul>\n","protected":false},"featured_media":17061,"comment_status":"closed","ping_status":"closed","template":"","meta":{"_acf_changed":false,"site-sidebar-layout":"default","site-content-layout":"","ast-site-content-layout":"default","site-content-style":"default","site-sidebar-style":"default","ast-global-header-display":"","ast-banner-title-visibility":"","ast-main-header-display":"","ast-hfb-above-header-display":"","ast-hfb-below-header-display":"","ast-hfb-mobile-header-display":"","site-post-title":"","ast-breadcrumbs-content":"","ast-featured-img":"","footer-sml-layout":"","theme-transparent-header-meta":"default","adv-header-id-meta":"","stick-header-meta":"","header-above-stick-meta":"","header-main-stick-meta":"","header-below-stick-meta":"","astra-migrate-meta-layouts":"set","ast-page-background-enabled":"default","ast-page-background-meta":{"desktop":{"background-color":"var(--ast-global-color-5)","background-image":"","background-repeat":"repeat","background-position":"center center","background-size":"auto","background-attachment":"scroll","background-type":"","background-media":"","overlay-type":"","overlay-color":"","overlay-opacity":"","overlay-gradient":""},"tablet":{"background-color":"","background-image":"","background-repeat":"repeat","background-position":"center center","background-size":"auto","background-attachment":"scroll","background-type":"","background-media":"","overlay-type":"","overlay-color":"","overlay-opacity":"","overlay-gradient":""},"mobile":{"background-color":"","background-image":"","background-repeat":"repeat","background-position":"center center","background-size":"auto","background-attachment":"scroll","background-type":"","background-media":"","overlay-type":"","overlay-color":"","overlay-opacity":"","overlay-gradient":""}},"ast-content-background-meta":{"desktop":{"background-color":"var(--ast-global-color-4)","background-image":"","background-repeat":"repeat","background-position":"center center","background-size":"auto","background-attachment":"scroll","background-type":"","background-media":"","overlay-type":"","overlay-color":"","overlay-opacity":"","overlay-gradient":""},"tablet":{"background-color":"var(--ast-global-color-4)","background-image":"","background-repeat":"repeat","background-position":"center center","background-size":"auto","background-attachment":"scroll","background-type":"","background-media":"","overlay-type":"","overlay-color":"","overlay-opacity":"","overlay-gradient":""},"mobile":{"background-color":"var(--ast-global-color-4)","background-image":"","background-repeat":"repeat","background-position":"center center","background-size":"auto","background-attachment":"scroll","background-type":"","background-media":"","overlay-type":"","overlay-color":"","overlay-opacity":"","overlay-gradient":""}}},"product_brand":[],"product_cat":[85],"product_tag":[],"class_list":{"0":"post-17060","1":"product","2":"type-product","3":"status-publish","4":"has-post-thumbnail","6":"product_cat-pecas-forjadas","7":"desktop-align-left","8":"tablet-align-left","9":"mobile-align-left","11":"first","12":"instock","13":"shipping-taxable","14":"product-type-simple"},"acf":[],"_links":{"self":[{"href":"https:\/\/www.boberry-mach.com\/pt-br\/wp-json\/wp\/v2\/product\/17060","targetHints":{"allow":["GET"]}}],"collection":[{"href":"https:\/\/www.boberry-mach.com\/pt-br\/wp-json\/wp\/v2\/product"}],"about":[{"href":"https:\/\/www.boberry-mach.com\/pt-br\/wp-json\/wp\/v2\/types\/product"}],"replies":[{"embeddable":true,"href":"https:\/\/www.boberry-mach.com\/pt-br\/wp-json\/wp\/v2\/comments?post=17060"}],"wp:featuredmedia":[{"embeddable":true,"href":"https:\/\/www.boberry-mach.com\/pt-br\/wp-json\/wp\/v2\/media\/17061"}],"wp:attachment":[{"href":"https:\/\/www.boberry-mach.com\/pt-br\/wp-json\/wp\/v2\/media?parent=17060"}],"wp:term":[{"taxonomy":"product_brand","embeddable":true,"href":"https:\/\/www.boberry-mach.com\/pt-br\/wp-json\/wp\/v2\/product_brand?post=17060"},{"taxonomy":"product_cat","embeddable":true,"href":"https:\/\/www.boberry-mach.com\/pt-br\/wp-json\/wp\/v2\/product_cat?post=17060"},{"taxonomy":"product_tag","embeddable":true,"href":"https:\/\/www.boberry-mach.com\/pt-br\/wp-json\/wp\/v2\/product_tag?post=17060"}],"curies":[{"name":"wp","href":"https:\/\/api.w.org\/{rel}","templated":true}]}}