{"id":17052,"date":"2025-12-16T14:48:25","date_gmt":"2025-12-16T06:48:25","guid":{"rendered":"https:\/\/www.boberry-mach.com\/product\/cubo-chavetado\/"},"modified":"2026-03-23T13:27:08","modified_gmt":"2026-03-23T05:27:08","slug":"cubo-chavetado","status":"publish","type":"product","link":"https:\/\/www.boberry-mach.com\/pt-br\/cubo-chavetado\/","title":{"rendered":"Cubo Chavetado"},"content":{"rendered":"<h2>Especifica\u00e7\u00f5es t\u00e9cnicas<\/h2>\n<table>\n<tbody>\n<tr>\n<td>Especifica\u00e7\u00f5es<\/td>\n<td>Descri\u00e7\u00e3o<\/td>\n<\/tr>\n<tr>\n<td>Material<\/td>\n<td>A\u00e7o de alta resist\u00eancia ou liga<\/td>\n<\/tr>\n<tr>\n<td>Tipo de ranhura<\/td>\n<td>Quadrado, retangular ou personalizado<\/td>\n<\/tr>\n<tr>\n<td>Di\u00e2metro do eixo<\/td>\n<td>Dimens\u00f5es personalizadas de acordo com as necessidades do cliente<\/td>\n<\/tr>\n<tr>\n<td>Concluir<\/td>\n<td>Revestimento resistente \u00e0 corros\u00e3o<\/td>\n<\/tr>\n<tr>\n<td>Capacidade de torque<\/td>\n<td>At\u00e9 1000 Nm<\/td>\n<\/tr>\n<tr>\n<td>Dimens\u00f5es da ranhura<\/td>\n<td>Tamanhos padr\u00e3o ou personalizados<\/td>\n<\/tr>\n<tr>\n<td>Faixa de temperatura<\/td>\n<td>-40 \u00b0C a +250 \u00b0C<\/td>\n<\/tr>\n<tr>\n<td>Tipo de montagem<\/td>\n<td>Dispon\u00edveis com flange, soldagem ou outros tipos de montagem<\/td>\n<\/tr>\n<\/tbody>\n<\/table>\n<h2>Aplica\u00e7\u00f5es<\/h2>\n<ul>\n<li>Sistemas de transmiss\u00e3o automotivos (utilizados em caixas de c\u00e2mbio, eixos e sistemas de transmiss\u00e3o)<\/li>\n<li>Maquinaria industrial (para transmiss\u00e3o de pot\u00eancia e conjuntos de engrenagens)<\/li>\n<li>Equipamentos de constru\u00e7\u00e3o (ve\u00edculos pesados, como escavadeiras e guindastes)<\/li>\n<li>Maquin\u00e1rio agr\u00edcola (tratores, colheitadeiras e outros equipamentos)<\/li>\n<li>Motores mar\u00edtimos (para uso em motores e sistemas de transmiss\u00e3o)<\/li>\n<li>Sistemas de automa\u00e7\u00e3o e rob\u00f3tica (para transmiss\u00e3o de torque em m\u00e1quinas automatizadas e bra\u00e7os rob\u00f3ticos)<\/li>\n<\/ul>\n","protected":false},"excerpt":{"rendered":"<ul>\n<li><strong>Op\u00e7\u00f5es de materiais:<\/strong> A\u00e7o forjado, liga de a\u00e7o ou outras ligas personalizadas, de acordo com os requisitos de resist\u00eancia e ambientais.<\/li>\n<li><strong>Varia\u00e7\u00f5es de tamanho:<\/strong> Di\u00e2metros, comprimentos e configura\u00e7\u00f5es de di\u00e2metro interno personalizados.<\/li>\n<li><strong>Op\u00e7\u00f5es de ranhuras personalizadas:<\/strong> Dispon\u00edveis em formato quadrado, retangular ou com dimens\u00f5es personalizadas para um encaixe ideal.<\/li>\n<li><strong>Aplica\u00e7\u00f5es vers\u00e1teis:<\/strong> Adequado para m\u00e1quinas utilizadas na agricultura, na ind\u00fastria e no setor automotivo, entre outros campos.<\/li>\n<\/ul>\n","protected":false},"featured_media":17053,"comment_status":"closed","ping_status":"closed","template":"","meta":{"_acf_changed":false,"site-sidebar-layout":"default","site-content-layout":"","ast-site-content-layout":"default","site-content-style":"default","site-sidebar-style":"default","ast-global-header-display":"","ast-banner-title-visibility":"","ast-main-header-display":"","ast-hfb-above-header-display":"","ast-hfb-below-header-display":"","ast-hfb-mobile-header-display":"","site-post-title":"","ast-breadcrumbs-content":"","ast-featured-img":"","footer-sml-layout":"","theme-transparent-header-meta":"default","adv-header-id-meta":"","stick-header-meta":"","header-above-stick-meta":"","header-main-stick-meta":"","header-below-stick-meta":"","astra-migrate-meta-layouts":"set","ast-page-background-enabled":"default","ast-page-background-meta":{"desktop":{"background-color":"var(--ast-global-color-5)","background-image":"","background-repeat":"repeat","background-position":"center center","background-size":"auto","background-attachment":"scroll","background-type":"","background-media":"","overlay-type":"","overlay-color":"","overlay-opacity":"","overlay-gradient":""},"tablet":{"background-color":"","background-image":"","background-repeat":"repeat","background-position":"center center","background-size":"auto","background-attachment":"scroll","background-type":"","background-media":"","overlay-type":"","overlay-color":"","overlay-opacity":"","overlay-gradient":""},"mobile":{"background-color":"","background-image":"","background-repeat":"repeat","background-position":"center center","background-size":"auto","background-attachment":"scroll","background-type":"","background-media":"","overlay-type":"","overlay-color":"","overlay-opacity":"","overlay-gradient":""}},"ast-content-background-meta":{"desktop":{"background-color":"var(--ast-global-color-4)","background-image":"","background-repeat":"repeat","background-position":"center center","background-size":"auto","background-attachment":"scroll","background-type":"","background-media":"","overlay-type":"","overlay-color":"","overlay-opacity":"","overlay-gradient":""},"tablet":{"background-color":"var(--ast-global-color-4)","background-image":"","background-repeat":"repeat","background-position":"center center","background-size":"auto","background-attachment":"scroll","background-type":"","background-media":"","overlay-type":"","overlay-color":"","overlay-opacity":"","overlay-gradient":""},"mobile":{"background-color":"var(--ast-global-color-4)","background-image":"","background-repeat":"repeat","background-position":"center center","background-size":"auto","background-attachment":"scroll","background-type":"","background-media":"","overlay-type":"","overlay-color":"","overlay-opacity":"","overlay-gradient":""}}},"product_brand":[],"product_cat":[85],"product_tag":[],"class_list":{"0":"post-17052","1":"product","2":"type-product","3":"status-publish","4":"has-post-thumbnail","6":"product_cat-pecas-forjadas","7":"desktop-align-left","8":"tablet-align-left","9":"mobile-align-left","11":"first","12":"instock","13":"shipping-taxable","14":"product-type-simple"},"acf":[],"_links":{"self":[{"href":"https:\/\/www.boberry-mach.com\/pt-br\/wp-json\/wp\/v2\/product\/17052","targetHints":{"allow":["GET"]}}],"collection":[{"href":"https:\/\/www.boberry-mach.com\/pt-br\/wp-json\/wp\/v2\/product"}],"about":[{"href":"https:\/\/www.boberry-mach.com\/pt-br\/wp-json\/wp\/v2\/types\/product"}],"replies":[{"embeddable":true,"href":"https:\/\/www.boberry-mach.com\/pt-br\/wp-json\/wp\/v2\/comments?post=17052"}],"wp:featuredmedia":[{"embeddable":true,"href":"https:\/\/www.boberry-mach.com\/pt-br\/wp-json\/wp\/v2\/media\/17053"}],"wp:attachment":[{"href":"https:\/\/www.boberry-mach.com\/pt-br\/wp-json\/wp\/v2\/media?parent=17052"}],"wp:term":[{"taxonomy":"product_brand","embeddable":true,"href":"https:\/\/www.boberry-mach.com\/pt-br\/wp-json\/wp\/v2\/product_brand?post=17052"},{"taxonomy":"product_cat","embeddable":true,"href":"https:\/\/www.boberry-mach.com\/pt-br\/wp-json\/wp\/v2\/product_cat?post=17052"},{"taxonomy":"product_tag","embeddable":true,"href":"https:\/\/www.boberry-mach.com\/pt-br\/wp-json\/wp\/v2\/product_tag?post=17052"}],"curies":[{"name":"wp","href":"https:\/\/api.w.org\/{rel}","templated":true}]}}