{"id":17046,"date":"2025-12-16T17:20:43","date_gmt":"2025-12-16T09:20:43","guid":{"rendered":"https:\/\/www.boberry-mach.com\/product\/conexoes-para-tubos-com-anel-de-corte\/"},"modified":"2026-03-23T13:11:02","modified_gmt":"2026-03-23T05:11:02","slug":"conexoes-para-tubos-com-anel-de-corte","status":"publish","type":"product","link":"https:\/\/www.boberry-mach.com\/pt-br\/conexoes-para-tubos-com-anel-de-corte\/","title":{"rendered":"Conex\u00f5es para Tubos com Anel de Corte"},"content":{"rendered":"<h2>Especifica\u00e7\u00f5es t\u00e9cnicas<\/h2>\n<table>\n<tbody>\n<tr>\n<td>Item<\/td>\n<td>Especifica\u00e7\u00f5es<\/td>\n<\/tr>\n<tr>\n<td>Nome do produto<\/td>\n<td>Conex\u00f5es para tubos com manga cortada<\/td>\n<\/tr>\n<tr>\n<td>Op\u00e7\u00f5es de materiais<\/td>\n<td>A\u00e7o inoxid\u00e1vel (304\/316), a\u00e7o carbono (A105) ou conforme solicita\u00e7\u00e3o do cliente<\/td>\n<\/tr>\n<tr>\n<td>Gama de tamanhos<\/td>\n<td>1\/8&#8243; a 4&#8243; NPS (DN6\u2013DN100)<\/td>\n<\/tr>\n<tr>\n<td>Classifica\u00e7\u00e3o de press\u00e3o<\/td>\n<td>2000 lb, 3000 lb, 6000 lb<\/td>\n<\/tr>\n<tr>\n<td>Normas para t\u00f3picos<\/td>\n<td>NPT, BSPT, BSPP ou outros tipos de rosca, conforme especifica\u00e7\u00f5es do cliente<\/td>\n<\/tr>\n<tr>\n<td>Faixa de temperatura<\/td>\n<td>-29 \u00b0C a +425 \u00b0C (dependendo do tipo de material)<\/td>\n<\/tr>\n<tr>\n<td>M\u00e9todos de usinagem<\/td>\n<td>Usinagem CNC, torneamento, fresagem, mandrilamento, perfura\u00e7\u00e3o<\/td>\n<\/tr>\n<tr>\n<td>Op\u00e7\u00f5es de tratamento t\u00e9rmico<\/td>\n<td>Recozimento, normaliza\u00e7\u00e3o, t\u00eampera e revenimento, endurecimento<\/td>\n<\/tr>\n<tr>\n<td>Ensaios n\u00e3o destrutivos<\/td>\n<td>Ensaio por part\u00edculas magn\u00e9ticas, Ensaio por penetra\u00e7\u00e3o, Ensaio por ultrassom, Ensaio radiogr\u00e1fico<\/td>\n<\/tr>\n<tr>\n<td>Prazo de entrega<\/td>\n<td>30 a 45 dias, dependendo do tamanho e da quantidade<\/td>\n<\/tr>\n<tr>\n<td>Embalagem<\/td>\n<td>Caixas de papel\u00e3o, caixas de compensado resistentes ao transporte mar\u00edtimo ou paletes, conforme a necessidade do cliente<\/td>\n<\/tr>\n<\/tbody>\n<\/table>\n<h2>Aplica\u00e7\u00f5es<\/h2>\n<ul>\n<li>Sistemas de distribui\u00e7\u00e3o de \u00e1gua<\/li>\n<li>Oleodutos e gasodutos<\/li>\n<li>Servi\u00e7os de climatiza\u00e7\u00e3o e de edif\u00edcios<\/li>\n<li>Processamento qu\u00edmico e petroqu\u00edmico<\/li>\n<li>Setor de alimentos e bebidas<\/li>\n<li>Sistemas hidr\u00e1ulicos de alta press\u00e3o<\/li>\n<li>Sistemas de manuten\u00e7\u00e3o e reparo industrial<\/li>\n<\/ul>\n","protected":false},"excerpt":{"rendered":"<ul>\n<li><strong>Op\u00e7\u00f5es de materiais:<\/strong> A\u00e7o inoxid\u00e1vel, a\u00e7o carbono ou ligas personalizadas, de acordo com as necessidades da aplica\u00e7\u00e3o.<\/li>\n<li><strong>Varia\u00e7\u00f5es de tamanho:<\/strong> Di\u00e2metros e comprimentos personalizados para sistemas de tubula\u00e7\u00e3o espec\u00edficos.<\/li>\n<li><strong>Simplicidade de instala\u00e7\u00e3o:<\/strong> Projetado para ser f\u00e1cil de instalar, reduzindo o tempo e a complexidade da configura\u00e7\u00e3o.<\/li>\n<li><strong>Aplica\u00e7\u00f5es vers\u00e1teis:<\/strong> Adequa-se a diversos sistemas de tubula\u00e7\u00e3o, como linhas de g\u00e1s, \u00e1gua e fluidos industriais.<\/li>\n<\/ul>\n","protected":false},"featured_media":17047,"comment_status":"closed","ping_status":"closed","template":"","meta":{"_acf_changed":false,"site-sidebar-layout":"default","site-content-layout":"","ast-site-content-layout":"default","site-content-style":"default","site-sidebar-style":"default","ast-global-header-display":"","ast-banner-title-visibility":"","ast-main-header-display":"","ast-hfb-above-header-display":"","ast-hfb-below-header-display":"","ast-hfb-mobile-header-display":"","site-post-title":"","ast-breadcrumbs-content":"","ast-featured-img":"","footer-sml-layout":"","theme-transparent-header-meta":"default","adv-header-id-meta":"","stick-header-meta":"","header-above-stick-meta":"","header-main-stick-meta":"","header-below-stick-meta":"","astra-migrate-meta-layouts":"set","ast-page-background-enabled":"default","ast-page-background-meta":{"desktop":{"background-color":"var(--ast-global-color-5)","background-image":"","background-repeat":"repeat","background-position":"center center","background-size":"auto","background-attachment":"scroll","background-type":"","background-media":"","overlay-type":"","overlay-color":"","overlay-opacity":"","overlay-gradient":""},"tablet":{"background-color":"","background-image":"","background-repeat":"repeat","background-position":"center center","background-size":"auto","background-attachment":"scroll","background-type":"","background-media":"","overlay-type":"","overlay-color":"","overlay-opacity":"","overlay-gradient":""},"mobile":{"background-color":"","background-image":"","background-repeat":"repeat","background-position":"center center","background-size":"auto","background-attachment":"scroll","background-type":"","background-media":"","overlay-type":"","overlay-color":"","overlay-opacity":"","overlay-gradient":""}},"ast-content-background-meta":{"desktop":{"background-color":"var(--ast-global-color-4)","background-image":"","background-repeat":"repeat","background-position":"center center","background-size":"auto","background-attachment":"scroll","background-type":"","background-media":"","overlay-type":"","overlay-color":"","overlay-opacity":"","overlay-gradient":""},"tablet":{"background-color":"var(--ast-global-color-4)","background-image":"","background-repeat":"repeat","background-position":"center center","background-size":"auto","background-attachment":"scroll","background-type":"","background-media":"","overlay-type":"","overlay-color":"","overlay-opacity":"","overlay-gradient":""},"mobile":{"background-color":"var(--ast-global-color-4)","background-image":"","background-repeat":"repeat","background-position":"center center","background-size":"auto","background-attachment":"scroll","background-type":"","background-media":"","overlay-type":"","overlay-color":"","overlay-opacity":"","overlay-gradient":""}}},"product_brand":[],"product_cat":[84],"product_tag":[],"class_list":{"0":"post-17046","1":"product","2":"type-product","3":"status-publish","4":"has-post-thumbnail","6":"product_cat-pecas-fundidas","7":"desktop-align-left","8":"tablet-align-left","9":"mobile-align-left","11":"first","12":"instock","13":"shipping-taxable","14":"product-type-simple"},"acf":[],"_links":{"self":[{"href":"https:\/\/www.boberry-mach.com\/pt-br\/wp-json\/wp\/v2\/product\/17046","targetHints":{"allow":["GET"]}}],"collection":[{"href":"https:\/\/www.boberry-mach.com\/pt-br\/wp-json\/wp\/v2\/product"}],"about":[{"href":"https:\/\/www.boberry-mach.com\/pt-br\/wp-json\/wp\/v2\/types\/product"}],"replies":[{"embeddable":true,"href":"https:\/\/www.boberry-mach.com\/pt-br\/wp-json\/wp\/v2\/comments?post=17046"}],"wp:featuredmedia":[{"embeddable":true,"href":"https:\/\/www.boberry-mach.com\/pt-br\/wp-json\/wp\/v2\/media\/17047"}],"wp:attachment":[{"href":"https:\/\/www.boberry-mach.com\/pt-br\/wp-json\/wp\/v2\/media?parent=17046"}],"wp:term":[{"taxonomy":"product_brand","embeddable":true,"href":"https:\/\/www.boberry-mach.com\/pt-br\/wp-json\/wp\/v2\/product_brand?post=17046"},{"taxonomy":"product_cat","embeddable":true,"href":"https:\/\/www.boberry-mach.com\/pt-br\/wp-json\/wp\/v2\/product_cat?post=17046"},{"taxonomy":"product_tag","embeddable":true,"href":"https:\/\/www.boberry-mach.com\/pt-br\/wp-json\/wp\/v2\/product_tag?post=17046"}],"curies":[{"name":"wp","href":"https:\/\/api.w.org\/{rel}","templated":true}]}}