{"id":16783,"date":"2025-06-04T09:55:54","date_gmt":"2025-06-04T01:55:54","guid":{"rendered":"https:\/\/www.boberry-mach.com\/politica-de-privacidade\/"},"modified":"2026-03-24T20:04:09","modified_gmt":"2026-03-24T12:04:09","slug":"politica-de-privacidade","status":"publish","type":"page","link":"https:\/\/www.boberry-mach.com\/pt-br\/politica-de-privacidade\/","title":{"rendered":"Pol\u00edtica de Privacidade"},"content":{"rendered":"\t\t<div data-elementor-type=\"wp-page\" data-elementor-id=\"16783\" class=\"elementor elementor-16783 elementor-917\" data-elementor-settings=\"{&quot;ha_cmc_init_switcher&quot;:&quot;no&quot;}\" data-elementor-post-type=\"page\">\n\t\t\t\t<div class=\"elementor-element elementor-element-14e88ba2 e-flex e-con-boxed wpr-particle-no wpr-jarallax-no wpr-parallax-no wpr-sticky-section-no e-con e-parent\" data-id=\"14e88ba2\" data-element_type=\"container\" data-settings=\"{&quot;_ha_eqh_enable&quot;:false}\">\n\t\t\t\t\t<div class=\"e-con-inner\">\n\t\t\t\t<div class=\"elementor-element elementor-element-7902511e elementor-widget elementor-widget-text-editor\" data-id=\"7902511e\" data-element_type=\"widget\" data-widget_type=\"text-editor.default\">\n\t\t\t\t<div class=\"elementor-widget-container\">\n\t\t\t\t\t\t\t\t\t<p>Bem-vindo \u00e0 Boberry! Ao visitar nossa loja, voc\u00ea aceita automaticamente todos estes termos e condi\u00e7\u00f5es. Leia atentamente todas as informa\u00e7\u00f5es relativas \u00e0s nossas diretrizes, termos e acordos.<\/p><p>\u00c9 muito importante ter cuidado com as informa\u00e7\u00f5es, pois vivemos em uma sociedade da informa\u00e7\u00e3o e n\u00e3o se pode subestimar a forma como elas ser\u00e3o utilizadas e compartilhadas.<\/p><p>A confian\u00e7a \u00e9 a base da amizade, e agradecemos por ter escolhido nossa loja. Estamos oferecendo a voc\u00ea acesso total a diversos tipos de informa\u00e7\u00f5es relacionadas \u00e0 sua conta.<\/p><p>Al\u00e9m disso, observe que nosso site cont\u00e9m diversas marcas registradas que podem pertencer tanto \u00e0 nossa empresa quanto a empresas terceiras.<\/p><p>\u00c9 proibido utilizar logotipos, \u00edcones e nomes de servi\u00e7os de qualquer forma que possa causar confus\u00e3o entre nossos clientes, sendo tal ato considerado uma viola\u00e7\u00e3o da lei de direitos autorais.<br>Reservamo-nos o direito de alterar estes termos e condi\u00e7\u00f5es a qualquer momento, sem aviso pr\u00e9vio.<\/p><p>Ao utilizar este site, voc\u00ea concorda com os termos da vers\u00e3o mais recente desta Pol\u00edtica de Privacidade. Leia nossos Termos de Uso para conhecer as regras gerais relativas ao uso deste site. Salvo o disposto em quaisquer outras isen\u00e7\u00f5es de responsabilidade, pol\u00edticas, Termos de Uso ou outros avisos neste site, esta Pol\u00edtica de Privacidade e os Termos de Uso constituem o acordo completo entre voc\u00ea e o boberry-mach.com no que diz respeito ao uso deste site. Voc\u00ea pode estar sujeito a termos adicionais que possam ser aplic\u00e1veis ao acessar servi\u00e7os ou materiais espec\u00edficos em determinadas se\u00e7\u00f5es deste site, ou ao seguir um link a partir deste site.<\/p><h2>Introdu\u00e7\u00e3o<\/h2><p>As informa\u00e7\u00f5es que recebemos e a forma como as utilizamos dependem do que voc\u00ea faz ao visitar nosso site. Coletamos e utilizamos suas informa\u00e7\u00f5es n\u00e3o pessoais (informa\u00e7\u00f5es que n\u00e3o permitem identific\u00e1-lo pessoalmente) de maneira diferente das suas informa\u00e7\u00f5es pessoais.<\/p><p>O que s\u00e3o informa\u00e7\u00f5es n\u00e3o pessoais?<\/p><p>Informa\u00e7\u00f5es n\u00e3o pessoais s\u00e3o aquelas que coletamos por meio deste site e que n\u00e3o permitem a identifica\u00e7\u00e3o de uma pessoa espec\u00edfica. Pode incluir informa\u00e7\u00f5es como as seguintes:<\/p><ol><li>o tipo de navegador da Web que voc\u00ea usa (por exemplo, Netscape Navigator ou Internet Explorer).<\/li><li>o nome do dom\u00ednio a partir do qual voc\u00ea acessa a Internet.<\/li><li>o endere\u00e7o da Internet do site a partir do qual voc\u00ea acessou diretamente o nosso site.<\/li><li>a data e a hora em que voc\u00ea acessa nosso site.<\/li><li>quais p\u00e1ginas voc\u00ea visitou em nosso site.<\/li><li>os termos de pesquisa que voc\u00ea usa.<\/li><li>os links em que voc\u00ea clica.<\/li><li>informa\u00e7\u00f5es pessoais que foram transformadas em informa\u00e7\u00f5es n\u00e3o pessoais ou tornadas an\u00f4nimas (ou seja, informa\u00e7\u00f5es que n\u00e3o refletem nem fazem refer\u00eancia a um usu\u00e1rio identific\u00e1vel individualmente).<\/li><\/ol><p>Se voc\u00ea visitar nosso site para ler ou baixar informa\u00e7\u00f5es, como informa\u00e7\u00f5es sobre uma condi\u00e7\u00e3o de sa\u00fade ou sobre um de nossos produtos, poderemos coletar certas informa\u00e7\u00f5es n\u00e3o pessoais sobre voc\u00ea a partir do seu computador. Essas informa\u00e7\u00f5es s\u00e3o coletadas a partir do navegador da web do seu computador: se voc\u00ea apenas ler ou baixar informa\u00e7\u00f5es em nosso site, n\u00e3o coletamos nem ficamos sabendo do seu nome, endere\u00e7o de e-mail, endere\u00e7o residencial ou outras informa\u00e7\u00f5es pessoais sobre voc\u00ea. Podemos armazenar um arquivo de texto chamado \u201ccookie\u201d nos arquivos do navegador do seu computador quando voc\u00ea nos visita. O cookie pode ser armazenado no disco r\u00edgido do seu computador. As informa\u00e7\u00f5es que coletamos por meio de cookies s\u00e3o informa\u00e7\u00f5es n\u00e3o pessoais. Voc\u00ea pode recusar nossos cookies a qualquer momento, se o seu navegador permitir, mas algumas partes do nosso site podem n\u00e3o funcionar corretamente caso voc\u00ea fa\u00e7a isso. N\u00e3o permitiremos que terceiros, exceto as empresas que contratamos para prestar servi\u00e7os ou desempenhar fun\u00e7\u00f5es em nosso nome, instalem cookies em nosso site.<\/p><h2>O que o site boberry-mach.com faz com as informa\u00e7\u00f5es n\u00e3o pessoais?<\/h2><p>Como as informa\u00e7\u00f5es n\u00e3o pessoais n\u00e3o permitem identificar voc\u00ea nem podem ser associadas a voc\u00ea de forma alguma, n\u00e3o h\u00e1 restri\u00e7\u00f5es quanto \u00e0s formas como podemos usar ou compartilhar essas informa\u00e7\u00f5es. Estamos sempre buscando maneiras de melhor atend\u00ea-lo e aprimorar este site. Utilizaremos as informa\u00e7\u00f5es n\u00e3o pessoais que voc\u00ea nos fornecer para tornar este site mais \u00fatil aos visitantes. Tamb\u00e9m utilizaremos informa\u00e7\u00f5es n\u00e3o pessoais para outros fins comerciais. Por exemplo, podemos utilizar informa\u00e7\u00f5es n\u00e3o pessoais ou informa\u00e7\u00f5es n\u00e3o pessoais agregadas para:<\/p><ol><li>criar relat\u00f3rios para uso interno com o objetivo de desenvolver programas, produtos, servi\u00e7os ou conte\u00fado.<\/li><li>personalizar as informa\u00e7\u00f5es ou os servi\u00e7os que s\u00e3o do seu interesse.<\/li><li>compartilh\u00e1-lo ou vend\u00ea-lo a terceiros.<\/li><li>fornecer \u201cestat\u00edsticas de tr\u00e1fego\u201d e \u201ctaxas de resposta\u201d agregadas a terceiros.<\/li><\/ol><h2>O que s\u00e3o dados pessoais?<\/h2><p>Informa\u00e7\u00f5es pessoais s\u00e3o os dados que coletamos por meio deste site e que podemos utilizar para identific\u00e1-lo especificamente, tais como:<\/p><ol><li>nome<\/li><li>n\u00famero de telefone<\/li><li>endere\u00e7o de e-mail<\/li><li>n\u00famero de s\u00e9rie do dispositivo m\u00e9dico<\/li><li>informa\u00e7\u00f5es pessoais de sa\u00fade<\/li><li>data de nascimento<\/li><\/ol><p>Em algumas se\u00e7\u00f5es deste site, voc\u00ea tem a oportunidade de nos enviar informa\u00e7\u00f5es pessoais sobre si mesmo, optar por receber determinadas informa\u00e7\u00f5es ou participar de uma atividade. Por exemplo, voc\u00ea pode preencher um formul\u00e1rio de cadastro, uma pesquisa ou um formul\u00e1rio por e-mail e optar por receber material informativo sobre nossos produtos e terapias.<\/p><p>Voc\u00ea tamb\u00e9m pode optar por nos permitir personalizar suas visitas ao site; nesse caso, solicitaremos algumas informa\u00e7\u00f5es pessoais para tornar suas visitas ao nosso site mais \u00fateis para voc\u00ea. Quando essas informa\u00e7\u00f5es forem combinadas com as informa\u00e7\u00f5es n\u00e3o pessoais que coletamos por meio de cookies (conforme descrito acima), poderemos identificar que voc\u00ea j\u00e1 visitou nosso site anteriormente e personalizar sua experi\u00eancia no site, por exemplo, informando-o sobre novos recursos que possam ser do seu interesse.<\/p><h2>Como o site boberry-mach.com armazena e utiliza as informa\u00e7\u00f5es pessoais?<\/h2><p>Podemos armazenar e utilizar as informa\u00e7\u00f5es pessoais que coletamos de voc\u00ea por meio deste site para lhe proporcionar acesso ao mesmo. Al\u00e9m disso, podemos manter e utilizar suas informa\u00e7\u00f5es pessoais:<\/p><ol><li>para atender \u00e0s suas solicita\u00e7\u00f5es.<\/li><li>para personalizar o seu acesso ao nosso site, por exemplo, informando-o sobre novos recursos que possam ser do seu interesse.<\/li><li>para criar registros, incluindo registros de suas informa\u00e7\u00f5es pessoais.<\/li><li>para entrar em contato com voc\u00ea com informa\u00e7\u00f5es que possam ser do seu interesse, incluindo informa\u00e7\u00f5es sobre ensaios cl\u00ednicos e sobre nossos produtos e servi\u00e7os, bem como os de terceiros.<\/li><li>para fins anal\u00edticos e para pesquisar, desenvolver e aprimorar programas, produtos, servi\u00e7os e conte\u00fados.<\/li><li>para remover seus dados de identifica\u00e7\u00e3o pessoal (seu nome, endere\u00e7o de e-mail, n\u00famero de identifica\u00e7\u00e3o fiscal, etc.). Nesse caso, voc\u00ea n\u00e3o seria mais identificado como um indiv\u00edduo \u00fanico. Assim que tivermos&#8230;<\/li><li>informa\u00e7\u00f5es identificadas, trata-se de informa\u00e7\u00f5es n\u00e3o pessoais e podemos trat\u00e1-las como quaisquer outras informa\u00e7\u00f5es n\u00e3o pessoais.<\/li><li>para fazer cumprir esta Declara\u00e7\u00e3o de Privacidade e outras regras relativas ao uso deste site.<\/li><li>para proteger nossos direitos ou bens.<\/li><li>para proteger a sa\u00fade, a seguran\u00e7a ou o bem-estar de algu\u00e9m.<\/li><li>para cumprir uma lei ou regulamento, uma ordem judicial ou outros procedimentos legais.<\/li><\/ol><p>N\u00e3o dispomos de um procedimento para a revis\u00e3o das informa\u00e7\u00f5es pessoais ou n\u00e3o pessoais coletadas por meio deste site.<\/p><h2>O site boberry-mach.com compartilha informa\u00e7\u00f5es pessoais com terceiros?<\/h2><p>O site boberry-mach.com n\u00e3o compartilhar\u00e1 suas informa\u00e7\u00f5es pessoais coletadas neste site com terceiros n\u00e3o relacionados sem a sua permiss\u00e3o, salvo disposi\u00e7\u00e3o em contr\u00e1rio nesta Declara\u00e7\u00e3o de Privacidade.<\/p><p>No curso normal dos neg\u00f3cios, podemos compartilhar algumas informa\u00e7\u00f5es pessoais com empresas que contratamos para prestar servi\u00e7os ou desempenhar fun\u00e7\u00f5es em nosso nome. Em todos os casos em que compartilharmos suas informa\u00e7\u00f5es pessoais com terceiros, n\u00e3o os autorizaremos a manter, divulgar ou utilizar suas informa\u00e7\u00f5es com outras pessoas, exceto com o objetivo de prestar os servi\u00e7os que lhes solicitamos. N\u00e3o venderemos, trocaremos nem divulgaremos suas informa\u00e7\u00f5es pessoais, exceto no \u00e2mbito de uma venda, fus\u00e3o, dissolu\u00e7\u00e3o ou aquisi\u00e7\u00e3o da empresa.<\/p><p>Podemos ser legalmente obrigados a divulgar suas informa\u00e7\u00f5es pessoais em resposta a uma ordem judicial, intima\u00e7\u00e3o, mandado de busca, lei ou regulamento. Podemos cooperar com as autoridades policiais na investiga\u00e7\u00e3o e no processo judicial contra visitantes do site que violem nossas regras ou tenham um comportamento prejudicial a outros visitantes (ou ilegal).<\/p><h2>E quanto \u00e0 privacidade em outros sites?<\/h2><p>Este site pode conter links para outros sites. Alguns desses sites podem ser operados pela Boberry, enquanto outros podem ser operados por terceiros. Fornecemos esses links para sua conveni\u00eancia, mas n\u00e3o analisamos, controlamos nem monitoramos as pr\u00e1ticas de privacidade de sites operados por terceiros. Esta Declara\u00e7\u00e3o de Privacidade n\u00e3o se aplica a nenhum outro site, nem mesmo aos outros sites da boberry-mach.com. N\u00e3o nos responsabilizamos pelo funcionamento de sites operados por terceiros nem pelas suas rela\u00e7\u00f5es comerciais com eles. Portanto, sempre que voc\u00ea sair deste site, recomendamos que analise as pol\u00edticas de privacidade de cada site e tire suas pr\u00f3prias conclus\u00f5es quanto \u00e0 adequa\u00e7\u00e3o dessas pol\u00edticas.<\/p><h2>O site boberry-mach.com entra em contato diretamente com os visitantes deste site?<\/h2><p>Podemos entrar em contato com voc\u00ea periodicamente por e-mail, correio ou telefone, caso voc\u00ea concorde com esse contato, para fornecer informa\u00e7\u00f5es sobre programas, produtos, servi\u00e7os e conte\u00fados que possam ser do seu interesse. Al\u00e9m disso, alguns recursos deste site permitem que voc\u00ea entre em contato conosco por meio de um formul\u00e1rio online. Caso sua mensagem exija uma resposta da nossa parte, enviaremos uma resposta por e-mail. A resposta ou confirma\u00e7\u00e3o por e-mail pode conter seus dados pessoais, incluindo informa\u00e7\u00f5es sobre sua sa\u00fade, seu nome, endere\u00e7o, etc. N\u00e3o podemos garantir que os e-mails que enviamos a voc\u00ea estejam protegidos contra intercepta\u00e7\u00e3o n\u00e3o autorizada.<\/p><h2>E quanto \u00e0 seguran\u00e7a do site?<\/h2><p>A seguran\u00e7a \u00e9 muito importante para n\u00f3s. Tamb\u00e9m sabemos que a seguran\u00e7a \u00e9 importante para voc\u00ea. Tomamos medidas razo\u00e1veis para proteger suas informa\u00e7\u00f5es pessoais contra perda, uso indevido e acesso n\u00e3o autorizado, divulga\u00e7\u00e3o, altera\u00e7\u00e3o ou destrui\u00e7\u00e3o. \u00c9 importante ter em mente que nenhuma transmiss\u00e3o pela Internet \u00e9 100% segura ou isenta de erros. Em particular, os e-mails enviados para ou a partir deste site podem n\u00e3o ser seguros; por isso, voc\u00ea deve ter especial cuidado ao decidir quais informa\u00e7\u00f5es nos enviar por e-mail.<\/p>\t\t\t\t\t\t\t\t<\/div>\n\t\t\t\t<\/div>\n\t\t\t\t\t<\/div>\n\t\t\t\t<\/div>\n\t\t\t\t<\/div>\n\t\t","protected":false},"excerpt":{"rendered":"<p>Bem-vindo \u00e0 Boberry! Ao visitar nossa loja, voc\u00ea aceita automaticamente todos estes termos e condi\u00e7\u00f5es. Leia atentamente todas as informa\u00e7\u00f5es relativas \u00e0s nossas diretrizes, termos e acordos. \u00c9 muito importante ter cuidado com as informa\u00e7\u00f5es, pois vivemos em uma sociedade da informa\u00e7\u00e3o e n\u00e3o se pode subestimar a forma como elas ser\u00e3o utilizadas e compartilhadas. A confian\u00e7a \u00e9 a base da amizade, e agradecemos por ter escolhido nossa loja. Estamos oferecendo a voc\u00ea acesso total a diversos tipos de informa\u00e7\u00f5es relacionadas \u00e0 sua conta. Al\u00e9m disso, observe que nosso site cont\u00e9m diversas marcas registradas que podem pertencer tanto \u00e0 nossa empresa quanto a empresas terceiras. \u00c9 proibido utilizar logotipos, \u00edcones e nomes de servi\u00e7os de qualquer forma que possa causar confus\u00e3o entre nossos clientes, sendo tal ato considerado uma viola\u00e7\u00e3o da lei de direitos autorais.Reservamo-nos o direito de alterar estes termos e condi\u00e7\u00f5es a qualquer momento, sem aviso pr\u00e9vio. Ao utilizar este site, voc\u00ea concorda com os termos da vers\u00e3o mais recente desta Pol\u00edtica de Privacidade. Leia nossos Termos de Uso para conhecer as regras gerais relativas ao uso deste site. Salvo o disposto em quaisquer outras isen\u00e7\u00f5es de responsabilidade, pol\u00edticas, Termos de Uso ou outros avisos neste site, esta Pol\u00edtica de Privacidade e os Termos de Uso constituem o acordo completo entre voc\u00ea e o boberry-mach.com no que diz respeito ao uso deste site. Voc\u00ea pode estar sujeito a termos adicionais que possam ser aplic\u00e1veis ao acessar servi\u00e7os ou materiais espec\u00edficos em determinadas se\u00e7\u00f5es deste site, ou ao seguir um link a partir deste site. Introdu\u00e7\u00e3o As informa\u00e7\u00f5es que recebemos e a forma como as utilizamos dependem do que voc\u00ea faz ao visitar nosso site. Coletamos e utilizamos suas informa\u00e7\u00f5es n\u00e3o pessoais (informa\u00e7\u00f5es que n\u00e3o permitem identific\u00e1-lo pessoalmente) de maneira diferente das suas informa\u00e7\u00f5es pessoais. O que s\u00e3o informa\u00e7\u00f5es n\u00e3o pessoais? Informa\u00e7\u00f5es n\u00e3o pessoais s\u00e3o aquelas que coletamos por meio deste site e que n\u00e3o permitem a identifica\u00e7\u00e3o de uma pessoa espec\u00edfica. Pode incluir informa\u00e7\u00f5es como as seguintes: o tipo de navegador da Web que voc\u00ea usa (por exemplo, Netscape Navigator ou Internet Explorer). o nome do dom\u00ednio a partir do qual voc\u00ea acessa a Internet. o endere\u00e7o da Internet do site a partir do qual voc\u00ea acessou diretamente o nosso site. a data e a hora em que voc\u00ea acessa nosso site. quais p\u00e1ginas voc\u00ea visitou em nosso site. os termos de pesquisa que voc\u00ea usa. os links em que voc\u00ea clica. informa\u00e7\u00f5es pessoais que foram transformadas em informa\u00e7\u00f5es n\u00e3o pessoais ou tornadas an\u00f4nimas (ou seja, informa\u00e7\u00f5es que n\u00e3o refletem nem fazem refer\u00eancia a um usu\u00e1rio identific\u00e1vel individualmente). Se voc\u00ea visitar nosso site para ler ou baixar informa\u00e7\u00f5es, como informa\u00e7\u00f5es sobre uma condi\u00e7\u00e3o de sa\u00fade ou sobre um de nossos produtos, poderemos coletar certas informa\u00e7\u00f5es n\u00e3o pessoais sobre voc\u00ea a partir do seu computador. Essas informa\u00e7\u00f5es s\u00e3o coletadas a partir do navegador da web do seu computador: se voc\u00ea apenas ler ou baixar informa\u00e7\u00f5es em nosso site, n\u00e3o coletamos nem ficamos sabendo do seu nome, endere\u00e7o de e-mail, endere\u00e7o residencial ou outras informa\u00e7\u00f5es pessoais sobre voc\u00ea. Podemos armazenar um arquivo de texto chamado \u201ccookie\u201d nos arquivos do navegador do seu computador quando voc\u00ea nos visita. O cookie pode ser armazenado no disco r\u00edgido do seu computador. As informa\u00e7\u00f5es que coletamos por meio de cookies s\u00e3o informa\u00e7\u00f5es n\u00e3o pessoais. Voc\u00ea pode recusar nossos cookies a qualquer momento, se o seu navegador permitir, mas algumas partes do nosso site podem n\u00e3o funcionar corretamente caso voc\u00ea fa\u00e7a isso. N\u00e3o permitiremos que terceiros, exceto as empresas que contratamos para prestar servi\u00e7os ou desempenhar fun\u00e7\u00f5es em nosso nome, instalem cookies em nosso site. O que o site boberry-mach.com faz com as informa\u00e7\u00f5es n\u00e3o pessoais? Como as informa\u00e7\u00f5es n\u00e3o pessoais n\u00e3o permitem identificar voc\u00ea nem podem ser associadas a voc\u00ea de forma alguma, n\u00e3o h\u00e1 restri\u00e7\u00f5es quanto \u00e0s formas como podemos usar ou compartilhar essas informa\u00e7\u00f5es. Estamos sempre buscando maneiras de melhor atend\u00ea-lo e aprimorar este site. Utilizaremos as informa\u00e7\u00f5es n\u00e3o pessoais que voc\u00ea nos fornecer para tornar este site mais \u00fatil aos visitantes. Tamb\u00e9m utilizaremos informa\u00e7\u00f5es n\u00e3o pessoais para outros fins comerciais. Por exemplo, podemos utilizar informa\u00e7\u00f5es n\u00e3o pessoais ou informa\u00e7\u00f5es n\u00e3o pessoais agregadas para: criar relat\u00f3rios para uso interno com o objetivo de desenvolver programas, produtos, servi\u00e7os ou conte\u00fado. personalizar as informa\u00e7\u00f5es ou os servi\u00e7os que s\u00e3o do seu interesse. compartilh\u00e1-lo ou vend\u00ea-lo a terceiros. fornecer \u201cestat\u00edsticas de tr\u00e1fego\u201d e \u201ctaxas de resposta\u201d agregadas a terceiros. O que s\u00e3o dados pessoais? Informa\u00e7\u00f5es pessoais s\u00e3o os dados que coletamos por meio deste site e que podemos utilizar para identific\u00e1-lo especificamente, tais como: nome n\u00famero de telefone endere\u00e7o de e-mail n\u00famero de s\u00e9rie do dispositivo m\u00e9dico informa\u00e7\u00f5es pessoais de sa\u00fade data de nascimento Em algumas se\u00e7\u00f5es deste site, voc\u00ea tem a oportunidade de nos enviar informa\u00e7\u00f5es pessoais sobre si mesmo, optar por receber determinadas informa\u00e7\u00f5es ou participar de uma atividade. Por exemplo, voc\u00ea pode preencher um formul\u00e1rio de cadastro, uma pesquisa ou um formul\u00e1rio por e-mail e optar por receber material informativo sobre nossos produtos e terapias. Voc\u00ea tamb\u00e9m pode optar por nos permitir personalizar suas visitas ao site; nesse caso, solicitaremos algumas informa\u00e7\u00f5es pessoais para tornar suas visitas ao nosso site mais \u00fateis para voc\u00ea. Quando essas informa\u00e7\u00f5es forem combinadas com as informa\u00e7\u00f5es n\u00e3o pessoais que coletamos por meio de cookies (conforme descrito acima), poderemos identificar que voc\u00ea j\u00e1 visitou nosso site anteriormente e personalizar sua experi\u00eancia no site, por exemplo, informando-o sobre novos recursos que possam ser do seu interesse. Como o site boberry-mach.com armazena e utiliza as informa\u00e7\u00f5es pessoais? Podemos armazenar e utilizar as informa\u00e7\u00f5es pessoais que coletamos de voc\u00ea por meio deste site para lhe proporcionar acesso ao mesmo. Al\u00e9m disso, podemos manter e utilizar suas informa\u00e7\u00f5es pessoais: para atender \u00e0s suas solicita\u00e7\u00f5es. para personalizar o seu acesso ao nosso site, por exemplo, informando-o sobre novos recursos que possam ser do seu interesse. para criar registros, incluindo registros de suas informa\u00e7\u00f5es pessoais. para entrar em contato com voc\u00ea com informa\u00e7\u00f5es que possam ser do seu interesse, incluindo informa\u00e7\u00f5es sobre<\/p>\n","protected":false},"author":1,"featured_media":0,"parent":0,"menu_order":0,"comment_status":"closed","ping_status":"closed","template":"","meta":{"_acf_changed":false,"site-sidebar-layout":"default","site-content-layout":"","ast-site-content-layout":"default","site-content-style":"default","site-sidebar-style":"default","ast-global-header-display":"","ast-banner-title-visibility":"disabled","ast-main-header-display":"","ast-hfb-above-header-display":"","ast-hfb-below-header-display":"","ast-hfb-mobile-header-display":"disabled","site-post-title":"disabled","ast-breadcrumbs-content":"disabled","ast-featured-img":"disabled","footer-sml-layout":"disabled","theme-transparent-header-meta":"default","adv-header-id-meta":"","stick-header-meta":"","header-above-stick-meta":"","header-main-stick-meta":"","header-below-stick-meta":"","astra-migrate-meta-layouts":"default","ast-page-background-enabled":"default","ast-page-background-meta":{"desktop":{"background-color":"var(--ast-global-color-5)","background-image":"","background-repeat":"repeat","background-position":"center center","background-size":"auto","background-attachment":"scroll","background-type":"","background-media":"","overlay-type":"","overlay-color":"","overlay-opacity":"","overlay-gradient":""},"tablet":{"background-color":"","background-image":"","background-repeat":"repeat","background-position":"center center","background-size":"auto","background-attachment":"scroll","background-type":"","background-media":"","overlay-type":"","overlay-color":"","overlay-opacity":"","overlay-gradient":""},"mobile":{"background-color":"","background-image":"","background-repeat":"repeat","background-position":"center center","background-size":"auto","background-attachment":"scroll","background-type":"","background-media":"","overlay-type":"","overlay-color":"","overlay-opacity":"","overlay-gradient":""}},"ast-content-background-meta":{"desktop":{"background-color":"var(--ast-global-color-4)","background-image":"","background-repeat":"repeat","background-position":"center center","background-size":"auto","background-attachment":"scroll","background-type":"","background-media":"","overlay-type":"","overlay-color":"","overlay-opacity":"","overlay-gradient":""},"tablet":{"background-color":"var(--ast-global-color-4)","background-image":"","background-repeat":"repeat","background-position":"center center","background-size":"auto","background-attachment":"scroll","background-type":"","background-media":"","overlay-type":"","overlay-color":"","overlay-opacity":"","overlay-gradient":""},"mobile":{"background-color":"var(--ast-global-color-4)","background-image":"","background-repeat":"repeat","background-position":"center center","background-size":"auto","background-attachment":"scroll","background-type":"","background-media":"","overlay-type":"","overlay-color":"","overlay-opacity":"","overlay-gradient":""}},"footnotes":""},"class_list":["post-16783","page","type-page","status-publish","hentry"],"acf":[],"_links":{"self":[{"href":"https:\/\/www.boberry-mach.com\/pt-br\/wp-json\/wp\/v2\/pages\/16783","targetHints":{"allow":["GET"]}}],"collection":[{"href":"https:\/\/www.boberry-mach.com\/pt-br\/wp-json\/wp\/v2\/pages"}],"about":[{"href":"https:\/\/www.boberry-mach.com\/pt-br\/wp-json\/wp\/v2\/types\/page"}],"author":[{"embeddable":true,"href":"https:\/\/www.boberry-mach.com\/pt-br\/wp-json\/wp\/v2\/users\/1"}],"replies":[{"embeddable":true,"href":"https:\/\/www.boberry-mach.com\/pt-br\/wp-json\/wp\/v2\/comments?post=16783"}],"version-history":[{"count":1,"href":"https:\/\/www.boberry-mach.com\/pt-br\/wp-json\/wp\/v2\/pages\/16783\/revisions"}],"predecessor-version":[{"id":16784,"href":"https:\/\/www.boberry-mach.com\/pt-br\/wp-json\/wp\/v2\/pages\/16783\/revisions\/16784"}],"wp:attachment":[{"href":"https:\/\/www.boberry-mach.com\/pt-br\/wp-json\/wp\/v2\/media?parent=16783"}],"curies":[{"name":"wp","href":"https:\/\/api.w.org\/{rel}","templated":true}]}}