{"id":12085,"date":"2025-12-15T16:41:56","date_gmt":"2025-12-15T08:41:56","guid":{"rendered":"https:\/\/www.boberry-mach.com\/product\/raccord-en-te-egal-en-acier-inoxydable-super-duplex\/"},"modified":"2026-02-02T19:10:10","modified_gmt":"2026-02-02T11:10:10","slug":"raccord-en-te-egal-en-acier-inoxydable-super-duplex","status":"publish","type":"product","link":"https:\/\/www.boberry-mach.com\/fr\/raccord-en-te-egal-en-acier-inoxydable-super-duplex\/","title":{"rendered":"Raccord en t\u00e9 \u00e9gal en acier inoxydable super duplex"},"content":{"rendered":"<h2>Sp\u00e9cifications techniques<\/h2>\n<table>\n<tbody>\n<tr>\n<td>Sp\u00e9cification<\/td>\n<td>D\u00e9tails<\/td>\n<\/tr>\n<tr>\n<td>Material<\/td>\n<td>Acier inoxydable super duplex<\/td>\n<\/tr>\n<tr>\n<td>Taper<\/td>\n<td>Raccord en T \u00e9gal<\/td>\n<\/tr>\n<tr>\n<td>Taille nominale<\/td>\n<td>Personnalisable (de 1\/2 pouce \u00e0 4 pouces)<\/td>\n<\/tr>\n<tr>\n<td>Pression nominale<\/td>\n<td>Tol\u00e9rance \u00e0 haute pression<\/td>\n<\/tr>\n<tr>\n<td>R\u00e9sistance \u00e0 la corrosion<\/td>\n<td>Excellent pour les environnements difficiles et agressifs.<\/td>\n<\/tr>\n<tr>\n<td>Plage de temp\u00e9rature<\/td>\n<td>Jusqu&rsquo;\u00e0 500 \u00b0F (260 \u00b0C)<\/td>\n<\/tr>\n<tr>\n<td>Type de connexion<\/td>\n<td>Soudure bout \u00e0 bout, soudure \u00e0 embo\u00eetement, filetage<\/td>\n<\/tr>\n<tr>\n<td>Dimensions<\/td>\n<td>Tailles personnalis\u00e9es disponibles<\/td>\n<\/tr>\n<\/tbody>\n<\/table>\n<p>&nbsp;<\/p>\n","protected":false},"excerpt":{"rendered":"<ul>\n<li><strong>R\u00e9sistance \u00e0 la corrosion :<\/strong> Le mat\u00e9riau Super Duplex offre une durabilit\u00e9 et une protection exceptionnelles dans les environnements difficiles tels que les industries maritimes et chimiques.<\/li>\n<li><strong>Haute r\u00e9sistance : <\/strong> Offre une r\u00e9sistance sup\u00e9rieure pour supporter les syst\u00e8mes \u00e0 haute pression et les applications exigeantes.<\/li>\n<li><strong>Polyvalence : <\/strong> Disponible en diff\u00e9rentes tailles et options de connexion, ce qui le rend compatible avec divers syst\u00e8mes industriels.<\/li>\n<li><strong>Durabilit\u00e9 \u00e0 long terme :<\/strong> Offre une solution fiable et durable pour les syst\u00e8mes de canalisations \u00e0 long terme, n\u00e9cessitant un entretien minimal.<\/li>\n<\/ul>\n","protected":false},"featured_media":10891,"comment_status":"closed","ping_status":"closed","template":"","meta":{"_acf_changed":false,"site-sidebar-layout":"default","site-content-layout":"","ast-site-content-layout":"default","site-content-style":"default","site-sidebar-style":"default","ast-global-header-display":"","ast-banner-title-visibility":"","ast-main-header-display":"","ast-hfb-above-header-display":"","ast-hfb-below-header-display":"","ast-hfb-mobile-header-display":"","site-post-title":"","ast-breadcrumbs-content":"","ast-featured-img":"","footer-sml-layout":"","theme-transparent-header-meta":"default","adv-header-id-meta":"","stick-header-meta":"","header-above-stick-meta":"","header-main-stick-meta":"","header-below-stick-meta":"","astra-migrate-meta-layouts":"set","ast-page-background-enabled":"default","ast-page-background-meta":{"desktop":{"background-color":"var(--ast-global-color-5)","background-image":"","background-repeat":"repeat","background-position":"center center","background-size":"auto","background-attachment":"scroll","background-type":"","background-media":"","overlay-type":"","overlay-color":"","overlay-opacity":"","overlay-gradient":""},"tablet":{"background-color":"","background-image":"","background-repeat":"repeat","background-position":"center center","background-size":"auto","background-attachment":"scroll","background-type":"","background-media":"","overlay-type":"","overlay-color":"","overlay-opacity":"","overlay-gradient":""},"mobile":{"background-color":"","background-image":"","background-repeat":"repeat","background-position":"center center","background-size":"auto","background-attachment":"scroll","background-type":"","background-media":"","overlay-type":"","overlay-color":"","overlay-opacity":"","overlay-gradient":""}},"ast-content-background-meta":{"desktop":{"background-color":"var(--ast-global-color-4)","background-image":"","background-repeat":"repeat","background-position":"center center","background-size":"auto","background-attachment":"scroll","background-type":"","background-media":"","overlay-type":"","overlay-color":"","overlay-opacity":"","overlay-gradient":""},"tablet":{"background-color":"var(--ast-global-color-4)","background-image":"","background-repeat":"repeat","background-position":"center center","background-size":"auto","background-attachment":"scroll","background-type":"","background-media":"","overlay-type":"","overlay-color":"","overlay-opacity":"","overlay-gradient":""},"mobile":{"background-color":"var(--ast-global-color-4)","background-image":"","background-repeat":"repeat","background-position":"center center","background-size":"auto","background-attachment":"scroll","background-type":"","background-media":"","overlay-type":"","overlay-color":"","overlay-opacity":"","overlay-gradient":""}}},"product_brand":[],"product_cat":[68],"product_tag":[],"class_list":{"0":"post-12085","1":"product","2":"type-product","3":"status-publish","4":"has-post-thumbnail","6":"product_cat-pieces-moulees","7":"desktop-align-left","8":"tablet-align-left","9":"mobile-align-left","11":"first","12":"instock","13":"shipping-taxable","14":"product-type-simple"},"acf":[],"_links":{"self":[{"href":"https:\/\/www.boberry-mach.com\/fr\/wp-json\/wp\/v2\/product\/12085","targetHints":{"allow":["GET"]}}],"collection":[{"href":"https:\/\/www.boberry-mach.com\/fr\/wp-json\/wp\/v2\/product"}],"about":[{"href":"https:\/\/www.boberry-mach.com\/fr\/wp-json\/wp\/v2\/types\/product"}],"replies":[{"embeddable":true,"href":"https:\/\/www.boberry-mach.com\/fr\/wp-json\/wp\/v2\/comments?post=12085"}],"wp:featuredmedia":[{"embeddable":true,"href":"https:\/\/www.boberry-mach.com\/fr\/wp-json\/wp\/v2\/media\/10891"}],"wp:attachment":[{"href":"https:\/\/www.boberry-mach.com\/fr\/wp-json\/wp\/v2\/media?parent=12085"}],"wp:term":[{"taxonomy":"product_brand","embeddable":true,"href":"https:\/\/www.boberry-mach.com\/fr\/wp-json\/wp\/v2\/product_brand?post=12085"},{"taxonomy":"product_cat","embeddable":true,"href":"https:\/\/www.boberry-mach.com\/fr\/wp-json\/wp\/v2\/product_cat?post=12085"},{"taxonomy":"product_tag","embeddable":true,"href":"https:\/\/www.boberry-mach.com\/fr\/wp-json\/wp\/v2\/product_tag?post=12085"}],"curies":[{"name":"wp","href":"https:\/\/api.w.org\/{rel}","templated":true}]}}