{"id":12083,"date":"2025-12-15T16:24:52","date_gmt":"2025-12-15T08:24:52","guid":{"rendered":"https:\/\/www.boberry-mach.com\/product\/impulseur-ouvert-en-acier-inoxydable-super-duplex\/"},"modified":"2026-02-02T18:57:52","modified_gmt":"2026-02-02T10:57:52","slug":"impulseur-ouvert-en-acier-inoxydable-super-duplex","status":"publish","type":"product","link":"https:\/\/www.boberry-mach.com\/fr\/impulseur-ouvert-en-acier-inoxydable-super-duplex\/","title":{"rendered":"Impulseur ouvert en acier inoxydable super duplex"},"content":{"rendered":"<h2>Sp\u00e9cifications techniques<\/h2>\n<table>\n<tbody>\n<tr>\n<td>Sp\u00e9cification<\/td>\n<td>D\u00e9tails<\/td>\n<\/tr>\n<tr>\n<td>Material<\/td>\n<td>Acier inoxydable super duplex (F55)<\/td>\n<\/tr>\n<tr>\n<td>Taper<\/td>\n<td>Impulseur ouvert<\/td>\n<\/tr>\n<tr>\n<td>Taille<\/td>\n<td>Tailles personnalis\u00e9es disponibles<\/td>\n<\/tr>\n<tr>\n<td>Poids<\/td>\n<td>Varie en fonction de la taille<\/td>\n<\/tr>\n<tr>\n<td>R\u00e9sistance \u00e0 la corrosion<\/td>\n<td>Excellent in chloride-rich environments<\/td>\n<\/tr>\n<tr>\n<td>Duret\u00e9<\/td>\n<td>Jusqu&rsquo;\u00e0 1250 HV1<\/td>\n<\/tr>\n<tr>\n<td>Tol\u00e9rance<\/td>\n<td>\u00c0 moins de 0,05 mm<\/td>\n<\/tr>\n<tr>\n<td>Finition de surface<\/td>\n<td>Lisse, sans rayures<\/td>\n<\/tr>\n<\/tbody>\n<\/table>\n<h2>Aplicaciones<\/h2>\n<ul>\n<li><strong>Dessalement de l&rsquo;eau de mer :<\/strong> Id\u00e9al pour une utilisation dans les pompes \u00e0 eau de mer et les syst\u00e8mes de dessalement.<\/li>\n<li><strong>Industrie p\u00e9trochimique <\/strong> : Convient aux pompes manipulant des hydrocarbures et des produits chimiques agressifs.<\/li>\n<li><strong>Ing\u00e9nierie maritime : <\/strong> Optimis\u00e9e pour les environnements sous-marins et \u00e0 forte salinit\u00e9.<\/li>\n<li><strong>Production d&rsquo;\u00e9nergie :<\/strong> Essentielle pour les syst\u00e8mes de refroidissement et la manipulation des fluides dans les centrales \u00e9lectriques.<\/li>\n<li><strong>Exploitation mini\u00e8re :<\/strong> Utilis\u00e9 dans les pompes \u00e0 boue et autres syst\u00e8mes de fluides industriels \u00e0 usage intensif.<\/li>\n<\/ul>\n","protected":false},"excerpt":{"rendered":"<ul>\n<li><strong>Haute r\u00e9sistance :<\/strong> l&rsquo;acier inoxydable super duplex offre une r\u00e9sistance m\u00e9canique exceptionnelle, ce qui le rend parfait pour les conditions difficiles.<\/li>\n<li><strong>R\u00e9sistance \u00e0 la corrosion : <\/strong> Ce mat\u00e9riau est id\u00e9al pour les environnements chimiques difficiles gr\u00e2ce \u00e0 son excellente r\u00e9sistance \u00e0 la corrosion sous contrainte et \u00e0 la corrosion par piq\u00fbres.<\/li>\n<li><strong>Durabilit\u00e9 :<\/strong> Con\u00e7u pour r\u00e9sister aux applications \u00e0 haute pression et \u00e0 haute temp\u00e9rature, garantissant une fiabilit\u00e9 \u00e0 long terme.<\/li>\n<li><strong>Conception polyvalente :<\/strong> convient \u00e0 divers syst\u00e8mes de pompage, offrant des performances efficaces dans diff\u00e9rents secteurs industriels.<\/li>\n<li><strong>Conception ouverte :<\/strong> assure un flux de fluide r\u00e9gulier et sans \u00e0-coups, r\u00e9duisant ainsi le risque de blocages dans les applications de pompage difficiles.<\/li>\n<\/ul>\n","protected":false},"featured_media":10887,"comment_status":"closed","ping_status":"closed","template":"","meta":{"_acf_changed":false,"site-sidebar-layout":"default","site-content-layout":"","ast-site-content-layout":"default","site-content-style":"default","site-sidebar-style":"default","ast-global-header-display":"","ast-banner-title-visibility":"","ast-main-header-display":"","ast-hfb-above-header-display":"","ast-hfb-below-header-display":"","ast-hfb-mobile-header-display":"","site-post-title":"","ast-breadcrumbs-content":"","ast-featured-img":"","footer-sml-layout":"","theme-transparent-header-meta":"default","adv-header-id-meta":"","stick-header-meta":"","header-above-stick-meta":"","header-main-stick-meta":"","header-below-stick-meta":"","astra-migrate-meta-layouts":"set","ast-page-background-enabled":"default","ast-page-background-meta":{"desktop":{"background-color":"var(--ast-global-color-5)","background-image":"","background-repeat":"repeat","background-position":"center center","background-size":"auto","background-attachment":"scroll","background-type":"","background-media":"","overlay-type":"","overlay-color":"","overlay-opacity":"","overlay-gradient":""},"tablet":{"background-color":"","background-image":"","background-repeat":"repeat","background-position":"center center","background-size":"auto","background-attachment":"scroll","background-type":"","background-media":"","overlay-type":"","overlay-color":"","overlay-opacity":"","overlay-gradient":""},"mobile":{"background-color":"","background-image":"","background-repeat":"repeat","background-position":"center center","background-size":"auto","background-attachment":"scroll","background-type":"","background-media":"","overlay-type":"","overlay-color":"","overlay-opacity":"","overlay-gradient":""}},"ast-content-background-meta":{"desktop":{"background-color":"var(--ast-global-color-4)","background-image":"","background-repeat":"repeat","background-position":"center center","background-size":"auto","background-attachment":"scroll","background-type":"","background-media":"","overlay-type":"","overlay-color":"","overlay-opacity":"","overlay-gradient":""},"tablet":{"background-color":"var(--ast-global-color-4)","background-image":"","background-repeat":"repeat","background-position":"center center","background-size":"auto","background-attachment":"scroll","background-type":"","background-media":"","overlay-type":"","overlay-color":"","overlay-opacity":"","overlay-gradient":""},"mobile":{"background-color":"var(--ast-global-color-4)","background-image":"","background-repeat":"repeat","background-position":"center center","background-size":"auto","background-attachment":"scroll","background-type":"","background-media":"","overlay-type":"","overlay-color":"","overlay-opacity":"","overlay-gradient":""}}},"product_brand":[],"product_cat":[68],"product_tag":[],"class_list":{"0":"post-12083","1":"product","2":"type-product","3":"status-publish","4":"has-post-thumbnail","6":"product_cat-pieces-moulees","7":"desktop-align-left","8":"tablet-align-left","9":"mobile-align-left","11":"first","12":"instock","13":"shipping-taxable","14":"product-type-simple"},"acf":[],"_links":{"self":[{"href":"https:\/\/www.boberry-mach.com\/fr\/wp-json\/wp\/v2\/product\/12083","targetHints":{"allow":["GET"]}}],"collection":[{"href":"https:\/\/www.boberry-mach.com\/fr\/wp-json\/wp\/v2\/product"}],"about":[{"href":"https:\/\/www.boberry-mach.com\/fr\/wp-json\/wp\/v2\/types\/product"}],"replies":[{"embeddable":true,"href":"https:\/\/www.boberry-mach.com\/fr\/wp-json\/wp\/v2\/comments?post=12083"}],"wp:featuredmedia":[{"embeddable":true,"href":"https:\/\/www.boberry-mach.com\/fr\/wp-json\/wp\/v2\/media\/10887"}],"wp:attachment":[{"href":"https:\/\/www.boberry-mach.com\/fr\/wp-json\/wp\/v2\/media?parent=12083"}],"wp:term":[{"taxonomy":"product_brand","embeddable":true,"href":"https:\/\/www.boberry-mach.com\/fr\/wp-json\/wp\/v2\/product_brand?post=12083"},{"taxonomy":"product_cat","embeddable":true,"href":"https:\/\/www.boberry-mach.com\/fr\/wp-json\/wp\/v2\/product_cat?post=12083"},{"taxonomy":"product_tag","embeddable":true,"href":"https:\/\/www.boberry-mach.com\/fr\/wp-json\/wp\/v2\/product_tag?post=12083"}],"curies":[{"name":"wp","href":"https:\/\/api.w.org\/{rel}","templated":true}]}}