{"id":12080,"date":"2025-12-15T10:09:47","date_gmt":"2025-12-15T02:09:47","guid":{"rendered":"https:\/\/www.boberry-mach.com\/product\/corps-de-vanne-dangle-en-acier-inoxydable-duplex\/"},"modified":"2026-02-02T18:43:08","modified_gmt":"2026-02-02T10:43:08","slug":"corps-de-vanne-dangle-en-acier-inoxydable-duplex","status":"publish","type":"product","link":"https:\/\/www.boberry-mach.com\/fr\/corps-de-vanne-dangle-en-acier-inoxydable-duplex\/","title":{"rendered":"Corps de vanne d\u2019angle en acier inoxydable duplex"},"content":{"rendered":"<h2>Sp\u00e9cifications techniques<\/h2>\n<table>\n<tbody>\n<tr>\n<td>Article<\/td>\n<td>D\u00e9tails<\/td>\n<\/tr>\n<tr>\n<td>Nom du produit<\/td>\n<td>Corps de vanne d&rsquo;angle en acier inoxydable duplex<\/td>\n<\/tr>\n<tr>\n<td>Mat\u00e9riels<\/td>\n<td>Acier inoxydable duplex (S31803 SAF2205, S32750 SAF2507)<\/td>\n<\/tr>\n<tr>\n<td>Proc\u00e9d\u00e9 de moulage<\/td>\n<td>Moulage au sable, fonderie de pr\u00e9cision<\/td>\n<\/tr>\n<tr>\n<td>Plage de poids<\/td>\n<td>0,001 kg \u00e0 99 kg (fonderie de pr\u00e9cision) ; 0,5 kg \u00e0 500 kg (moulage au sable)<\/td>\n<\/tr>\n<tr>\n<td>Dimensions maximales<\/td>\n<td>1500 \u00d7 1500 \u00d7 1500 mm<\/td>\n<\/tr>\n<tr>\n<td>\u00c9paisseur de paroi<\/td>\n<td>Minimum 0,5 mm<\/td>\n<\/tr>\n<tr>\n<td>Finition de surface<\/td>\n<td>Ra1.6-3.2 (rugosit\u00e9 standard), tol\u00e9rance d&rsquo;usinage de finition de \u00b10,009 mm<\/td>\n<\/tr>\n<tr>\n<td>R\u00e9sistance \u00e0 la corrosion<\/td>\n<td>R\u00e9sistance exceptionnelle aux conditions difficiles, id\u00e9ale pour les secteurs de la p\u00e9trochimie, de la chimie et du secteur maritime<\/td>\n<\/tr>\n<tr>\n<td>Propri\u00e9t\u00e9s m\u00e9caniques<\/td>\n<td>Haute r\u00e9sistance, t\u00e9nacit\u00e9 accrue et ductilit\u00e9, sans fragilit\u00e9 \u00e0 temp\u00e9rature ambiante<\/td>\n<\/tr>\n<tr>\n<td>Capacit\u00e9 de soudage<\/td>\n<td>Excellente soudabilit\u00e9 pour un assemblage et une r\u00e9paration facilit\u00e9s<\/td>\n<\/tr>\n<tr>\n<td>Normes<\/td>\n<td>EN, BS, AISI, ASTM, JIS, ASTM A351, ASTM A995<\/td>\n<\/tr>\n<tr>\n<td>Capacit\u00e9 d&rsquo;approvisionnement<\/td>\n<td>100 \u00e0 150 tonnes par mois<\/td>\n<\/tr>\n<tr>\n<td>D\u00e9lai de livraison<\/td>\n<td>45 jours (d\u00e9lai de livraison standard)<\/td>\n<\/tr>\n<\/tbody>\n<\/table>\n<h2>Composition chimique de l&rsquo;acier inoxydable duplex<\/h2>\n<table>\n<tbody>\n<tr>\n<td>TAPER<\/td>\n<td>C\u2264<\/td>\n<td>Mn\u2264<\/td>\n<td>Si\u2264<\/td>\n<td>S\u2264<\/td>\n<td>P\u2264<\/td>\n<td>Cr<\/td>\n<td>Ni<\/td>\n<td>Mo<\/td>\n<td>Cu\u2264<\/td>\n<td>N<\/td>\n<\/tr>\n<tr>\n<td>S32750 (SAF2507)<\/td>\n<td>0.03<\/td>\n<td>1.2<\/td>\n<td>0.8<\/td>\n<td>0.02<\/td>\n<td>0.035<\/td>\n<td>24.0\/26.0<\/td>\n<td>6.0\/8.0<\/td>\n<td>3.0\/5.0<\/td>\n<td>0.5<\/td>\n<td>0.24\/0.32<\/td>\n<\/tr>\n<tr>\n<td>S31803 (SAF2205)<\/td>\n<td>0.03<\/td>\n<td>2<\/td>\n<td>1<\/td>\n<td>0.02<\/td>\n<td>0.03<\/td>\n<td>21.0\/23.0<\/td>\n<td>4.50\/6.50<\/td>\n<td>2.50\/3.50<\/td>\n<td>&#8211;<\/td>\n<td>0.08\/0.20<\/td>\n<\/tr>\n<tr>\n<td>S31500 (3RE60)<\/td>\n<td>0.03<\/td>\n<td>1.2\/2.0<\/td>\n<td>1.4\/2.0<\/td>\n<td>0.03<\/td>\n<td>0.03<\/td>\n<td>18.0\/19.0<\/td>\n<td>4.25\/5.25<\/td>\n<td>2.50\/2.00<\/td>\n<td>&#8211;<\/td>\n<td>0.05\/0.10<\/td>\n<\/tr>\n<\/tbody>\n<\/table>\n<h2>Aplicaciones<\/h2>\n<ul>\n<li><strong>Industrie maritime :<\/strong> Bo\u00eetiers de pompes et vannes r\u00e9sistants \u00e0 la corrosion pour les plateformes p\u00e9troli\u00e8res offshore, les navires et les syst\u00e8mes de traitement de l&rsquo;eau.<\/li>\n<li><strong>Raffinage du p\u00e9trole :<\/strong> Corps de pompes et corps de vannes destin\u00e9s aux syst\u00e8mes d&rsquo;extraction, de traitement et de transport du p\u00e9trole.<\/li>\n<li><strong>Industrie chimique :<\/strong> Composants durables et r\u00e9sistants \u00e0 la corrosion pour les r\u00e9acteurs chimiques, les pompes et les canalisations.<\/li>\n<li><strong>\u00c9changeurs de chaleur <\/strong> : Bo\u00eetiers et enveloppes haute performance pour syst\u00e8mes d&rsquo;\u00e9changeurs de chaleur industriels.<\/li>\n<li><strong>Syst\u00e8mes de stockage frigorifique et de r\u00e9frig\u00e9ration : <\/strong> Pi\u00e8ces pour syst\u00e8mes de r\u00e9frig\u00e9ration et de climatisation fonctionnant dans des environnements extr\u00eames.<\/li>\n<li><strong>Fabrication de pompes \u00e0 huile :<\/strong> Bo\u00eetiers et composants moul\u00e9s pour les pompes utilis\u00e9es dans les applications automobiles, industrielles et maritimes.<\/li>\n<li><strong>\u00c9quipements de transmission :<\/strong> Carter de pompe et de bo\u00eete de vitesses essentiels utilis\u00e9s dans les syst\u00e8mes de transmission pour applications intensives.<\/li>\n<li><strong>Construction et production d&rsquo;\u00e9nergie : <\/strong> Bo\u00eetiers moul\u00e9s pour pompes, turbines et autres machines utilis\u00e9es dans les centrales \u00e9lectriques et la construction industrielle.<\/li>\n<\/ul>\n","protected":false},"excerpt":{"rendered":"<ul>\n<li><strong>R\u00e9sistance sup\u00e9rieure \u00e0 la corrosion :<\/strong> Les alliages d&rsquo;acier inoxydable duplex offrent une r\u00e9sistance exceptionnelle \u00e0 la corrosion dans des conditions difficiles, telles que celles rencontr\u00e9es dans les secteurs p\u00e9trolier, chimique et maritime.<\/li>\n<li><strong>Mat\u00e9riau permettant d&rsquo;\u00e9conomiser du nickel :<\/strong> l&rsquo;acier inoxydable duplex r\u00e9duit la teneur en nickel tout en conservant ses performances, offrant ainsi une alternative \u00e9conomique \u00e0 l&rsquo;acier inoxydable traditionnel.<\/li>\n<li><strong>Soudabilit\u00e9 : <\/strong> Ses excellentes propri\u00e9t\u00e9s de soudage permettent un assemblage et une maintenance ais\u00e9s des syst\u00e8mes de pompage.<\/li>\n<li><strong>Grande flexibilit\u00e9 dimensionnelle :<\/strong> disponible en diff\u00e9rentes tailles, avec des dimensions maximales allant jusqu&rsquo;\u00e0 1500 x 1500 x 1500 mm, convenant aussi bien aux petites qu&rsquo;aux grandes pi\u00e8ces.<\/li>\n<\/ul>\n","protected":false},"featured_media":10865,"comment_status":"closed","ping_status":"closed","template":"","meta":{"_acf_changed":false,"site-sidebar-layout":"default","site-content-layout":"","ast-site-content-layout":"default","site-content-style":"default","site-sidebar-style":"default","ast-global-header-display":"","ast-banner-title-visibility":"","ast-main-header-display":"","ast-hfb-above-header-display":"","ast-hfb-below-header-display":"","ast-hfb-mobile-header-display":"","site-post-title":"","ast-breadcrumbs-content":"","ast-featured-img":"","footer-sml-layout":"","theme-transparent-header-meta":"default","adv-header-id-meta":"","stick-header-meta":"","header-above-stick-meta":"","header-main-stick-meta":"","header-below-stick-meta":"","astra-migrate-meta-layouts":"set","ast-page-background-enabled":"default","ast-page-background-meta":{"desktop":{"background-color":"var(--ast-global-color-5)","background-image":"","background-repeat":"repeat","background-position":"center center","background-size":"auto","background-attachment":"scroll","background-type":"","background-media":"","overlay-type":"","overlay-color":"","overlay-opacity":"","overlay-gradient":""},"tablet":{"background-color":"","background-image":"","background-repeat":"repeat","background-position":"center center","background-size":"auto","background-attachment":"scroll","background-type":"","background-media":"","overlay-type":"","overlay-color":"","overlay-opacity":"","overlay-gradient":""},"mobile":{"background-color":"","background-image":"","background-repeat":"repeat","background-position":"center center","background-size":"auto","background-attachment":"scroll","background-type":"","background-media":"","overlay-type":"","overlay-color":"","overlay-opacity":"","overlay-gradient":""}},"ast-content-background-meta":{"desktop":{"background-color":"var(--ast-global-color-4)","background-image":"","background-repeat":"repeat","background-position":"center center","background-size":"auto","background-attachment":"scroll","background-type":"","background-media":"","overlay-type":"","overlay-color":"","overlay-opacity":"","overlay-gradient":""},"tablet":{"background-color":"var(--ast-global-color-4)","background-image":"","background-repeat":"repeat","background-position":"center center","background-size":"auto","background-attachment":"scroll","background-type":"","background-media":"","overlay-type":"","overlay-color":"","overlay-opacity":"","overlay-gradient":""},"mobile":{"background-color":"var(--ast-global-color-4)","background-image":"","background-repeat":"repeat","background-position":"center center","background-size":"auto","background-attachment":"scroll","background-type":"","background-media":"","overlay-type":"","overlay-color":"","overlay-opacity":"","overlay-gradient":""}}},"product_brand":[],"product_cat":[68],"product_tag":[],"class_list":{"0":"post-12080","1":"product","2":"type-product","3":"status-publish","4":"has-post-thumbnail","6":"product_cat-pieces-moulees","7":"desktop-align-left","8":"tablet-align-left","9":"mobile-align-left","11":"first","12":"instock","13":"shipping-taxable","14":"product-type-simple"},"acf":[],"_links":{"self":[{"href":"https:\/\/www.boberry-mach.com\/fr\/wp-json\/wp\/v2\/product\/12080","targetHints":{"allow":["GET"]}}],"collection":[{"href":"https:\/\/www.boberry-mach.com\/fr\/wp-json\/wp\/v2\/product"}],"about":[{"href":"https:\/\/www.boberry-mach.com\/fr\/wp-json\/wp\/v2\/types\/product"}],"replies":[{"embeddable":true,"href":"https:\/\/www.boberry-mach.com\/fr\/wp-json\/wp\/v2\/comments?post=12080"}],"wp:featuredmedia":[{"embeddable":true,"href":"https:\/\/www.boberry-mach.com\/fr\/wp-json\/wp\/v2\/media\/10865"}],"wp:attachment":[{"href":"https:\/\/www.boberry-mach.com\/fr\/wp-json\/wp\/v2\/media?parent=12080"}],"wp:term":[{"taxonomy":"product_brand","embeddable":true,"href":"https:\/\/www.boberry-mach.com\/fr\/wp-json\/wp\/v2\/product_brand?post=12080"},{"taxonomy":"product_cat","embeddable":true,"href":"https:\/\/www.boberry-mach.com\/fr\/wp-json\/wp\/v2\/product_cat?post=12080"},{"taxonomy":"product_tag","embeddable":true,"href":"https:\/\/www.boberry-mach.com\/fr\/wp-json\/wp\/v2\/product_tag?post=12080"}],"curies":[{"name":"wp","href":"https:\/\/api.w.org\/{rel}","templated":true}]}}