{"id":12053,"date":"2025-12-12T11:36:13","date_gmt":"2025-12-12T03:36:13","guid":{"rendered":"https:\/\/www.boberry-mach.com\/product\/vanne-en-acier-au-carbone-moule\/"},"modified":"2026-02-02T12:01:48","modified_gmt":"2026-02-02T04:01:48","slug":"vanne-en-acier-au-carbone-moule","status":"publish","type":"product","link":"https:\/\/www.boberry-mach.com\/fr\/vanne-en-acier-au-carbone-moule\/","title":{"rendered":"Vanne en acier au carbone moul\u00e9"},"content":{"rendered":"<h2>Sp\u00e9cifications techniques<\/h2>\n<table>\n<tbody>\n<tr>\n<td>Article<\/td>\n<td>D\u00e9tails<\/td>\n<\/tr>\n<tr>\n<td>Nom du produit<\/td>\n<td>Vanne en acier au carbone moul\u00e9<\/td>\n<\/tr>\n<tr>\n<td>M\u00e9dias applicables<\/td>\n<td>Eau, vapeur, huiles, gaz et divers milieux corrosifs.<\/td>\n<\/tr>\n<tr>\n<td>Mat\u00e9riaux principaux<\/td>\n<td>Carbon steel<\/td>\n<\/tr>\n<tr>\n<td>Normes<\/td>\n<td>EN, BS, AISI, ASTM, JIS, GB<\/td>\n<\/tr>\n<tr>\n<td>Nuances d&rsquo;acier moul\u00e9 typiques<\/td>\n<td>ZG200-400, ZG230-450, ZG270-500, ZG310-570, ZC340-640 (limites chimiques disponibles sur demande)<\/td>\n<\/tr>\n<tr>\n<td>Types de vannes<\/td>\n<td>Vanne \u00e0 boisseau sph\u00e9rique, vanne papillon, vanne \u00e0 obturateur conique, vanne d&rsquo;expansion, vanne \u00e0 hydrog\u00e8ne, conceptions personnalis\u00e9es<\/td>\n<\/tr>\n<tr>\n<td>Proc\u00e9d\u00e9s de moulage<\/td>\n<td>Fonderie de pr\u00e9cision, moulage au sable (selon les besoins)<\/td>\n<\/tr>\n<tr>\n<td>Plage de poids \u2013 fonderie de pr\u00e9cision<\/td>\n<td>1 g \u2013 99 kg<\/td>\n<\/tr>\n<tr>\n<td>Gamme de poids \u2013 Moulage au sable<\/td>\n<td>\u00c0 partir de 0,5 kg<\/td>\n<\/tr>\n<tr>\n<td>Connexion termin\u00e9e<\/td>\n<td>\u00c0 bride, filet\u00e9e, soud\u00e9e ou selon la conception du client.<\/td>\n<\/tr>\n<tr>\n<td>Temp\u00e9rature\/Pression moyenne<\/td>\n<td>Con\u00e7u conform\u00e9ment aux mat\u00e9riaux et aux normes s\u00e9lectionn\u00e9s<\/td>\n<\/tr>\n<tr>\n<td>Capacit\u00e9 de fusion<\/td>\n<td>Acier inoxydable, acier au carbone, acier duplex, alliages de nickel, bronze\/laiton, alliages d&rsquo;aluminium<\/td>\n<\/tr>\n<\/tbody>\n<\/table>\n<h2>Applications<\/h2>\n<ul>\n<li>Syst\u00e8mes d&rsquo;approvisionnement en eau et d&rsquo;assainissement de la ville<\/li>\n<li>Services du b\u00e2timent et r\u00e9seaux de construction g\u00e9n\u00e9rale<\/li>\n<li>Installations p\u00e9troli\u00e8res et p\u00e9trochimiques<\/li>\n<li>Lignes de traitement chimique et pharmaceutique<\/li>\n<li>Tuyauterie pour l&rsquo;industrie agroalimentaire<\/li>\n<li>Industries textiles et papeti\u00e8res<\/li>\n<li>Syst\u00e8mes d&rsquo;\u00e9nergie \u00e9lectrique<\/li>\n<li>Ing\u00e9nierie maritime, p\u00e9troli\u00e8re offshore et construction navale<\/li>\n<li>\u00c9quipements pour centrales nucl\u00e9aires et conventionnelles<\/li>\n<li>Industrie g\u00e9n\u00e9rale des fluides et syst\u00e8mes de machines industrielles<\/li>\n<\/ul>\n","protected":false},"excerpt":{"rendered":"<ul>\n<li><strong>Excellentes performances en mati\u00e8re d&rsquo;\u00e9coulement :<\/strong> faible r\u00e9sistance \u00e0 l&rsquo;\u00e9coulement et faible \u00e9rosion, convient aux applications \u00e0 haute pression et \u00e0 haute temp\u00e9rature.<\/li>\n<li><strong>Types de vannes polyvalents :<\/strong> peuvent \u00eatre fournies sous forme de vannes \u00e0 boisseau sph\u00e9rique, \u00e0 papillon, \u00e0 obturateur conique, \u00e0 expansion, pour l&rsquo;hydrog\u00e8ne et d&rsquo;autres conceptions de vannes sp\u00e9ciales.<\/li>\n<li><strong>Moulage de pr\u00e9cision :<\/strong> les pi\u00e8ces moul\u00e9es avec une grande pr\u00e9cision minimisent, voire \u00e9liminent, les op\u00e9rations d&rsquo;usinage ult\u00e9rieures, ce qui r\u00e9duit les co\u00fbts et les d\u00e9lais de production.<\/li>\n<li><strong>Construction robuste :<\/strong> structure simple, faible encombrement, grande stabilit\u00e9 thermique et r\u00e9sistance \u00e0 la pression pour les canalisations soumises \u00e0 des contraintes importantes.<\/li>\n<\/ul>\n","protected":false},"featured_media":10831,"comment_status":"closed","ping_status":"closed","template":"","meta":{"_acf_changed":false,"site-sidebar-layout":"default","site-content-layout":"","ast-site-content-layout":"default","site-content-style":"default","site-sidebar-style":"default","ast-global-header-display":"","ast-banner-title-visibility":"","ast-main-header-display":"","ast-hfb-above-header-display":"","ast-hfb-below-header-display":"","ast-hfb-mobile-header-display":"","site-post-title":"","ast-breadcrumbs-content":"","ast-featured-img":"","footer-sml-layout":"","theme-transparent-header-meta":"default","adv-header-id-meta":"","stick-header-meta":"","header-above-stick-meta":"","header-main-stick-meta":"","header-below-stick-meta":"","astra-migrate-meta-layouts":"set","ast-page-background-enabled":"default","ast-page-background-meta":{"desktop":{"background-color":"var(--ast-global-color-5)","background-image":"","background-repeat":"repeat","background-position":"center center","background-size":"auto","background-attachment":"scroll","background-type":"","background-media":"","overlay-type":"","overlay-color":"","overlay-opacity":"","overlay-gradient":""},"tablet":{"background-color":"","background-image":"","background-repeat":"repeat","background-position":"center center","background-size":"auto","background-attachment":"scroll","background-type":"","background-media":"","overlay-type":"","overlay-color":"","overlay-opacity":"","overlay-gradient":""},"mobile":{"background-color":"","background-image":"","background-repeat":"repeat","background-position":"center center","background-size":"auto","background-attachment":"scroll","background-type":"","background-media":"","overlay-type":"","overlay-color":"","overlay-opacity":"","overlay-gradient":""}},"ast-content-background-meta":{"desktop":{"background-color":"var(--ast-global-color-4)","background-image":"","background-repeat":"repeat","background-position":"center center","background-size":"auto","background-attachment":"scroll","background-type":"","background-media":"","overlay-type":"","overlay-color":"","overlay-opacity":"","overlay-gradient":""},"tablet":{"background-color":"var(--ast-global-color-4)","background-image":"","background-repeat":"repeat","background-position":"center center","background-size":"auto","background-attachment":"scroll","background-type":"","background-media":"","overlay-type":"","overlay-color":"","overlay-opacity":"","overlay-gradient":""},"mobile":{"background-color":"var(--ast-global-color-4)","background-image":"","background-repeat":"repeat","background-position":"center center","background-size":"auto","background-attachment":"scroll","background-type":"","background-media":"","overlay-type":"","overlay-color":"","overlay-opacity":"","overlay-gradient":""}}},"product_brand":[],"product_cat":[68],"product_tag":[],"class_list":{"0":"post-12053","1":"product","2":"type-product","3":"status-publish","4":"has-post-thumbnail","6":"product_cat-pieces-moulees","7":"desktop-align-left","8":"tablet-align-left","9":"mobile-align-left","11":"first","12":"instock","13":"shipping-taxable","14":"product-type-simple"},"acf":[],"_links":{"self":[{"href":"https:\/\/www.boberry-mach.com\/fr\/wp-json\/wp\/v2\/product\/12053","targetHints":{"allow":["GET"]}}],"collection":[{"href":"https:\/\/www.boberry-mach.com\/fr\/wp-json\/wp\/v2\/product"}],"about":[{"href":"https:\/\/www.boberry-mach.com\/fr\/wp-json\/wp\/v2\/types\/product"}],"replies":[{"embeddable":true,"href":"https:\/\/www.boberry-mach.com\/fr\/wp-json\/wp\/v2\/comments?post=12053"}],"wp:featuredmedia":[{"embeddable":true,"href":"https:\/\/www.boberry-mach.com\/fr\/wp-json\/wp\/v2\/media\/10831"}],"wp:attachment":[{"href":"https:\/\/www.boberry-mach.com\/fr\/wp-json\/wp\/v2\/media?parent=12053"}],"wp:term":[{"taxonomy":"product_brand","embeddable":true,"href":"https:\/\/www.boberry-mach.com\/fr\/wp-json\/wp\/v2\/product_brand?post=12053"},{"taxonomy":"product_cat","embeddable":true,"href":"https:\/\/www.boberry-mach.com\/fr\/wp-json\/wp\/v2\/product_cat?post=12053"},{"taxonomy":"product_tag","embeddable":true,"href":"https:\/\/www.boberry-mach.com\/fr\/wp-json\/wp\/v2\/product_tag?post=12053"}],"curies":[{"name":"wp","href":"https:\/\/api.w.org\/{rel}","templated":true}]}}