{"id":12044,"date":"2025-12-12T11:02:15","date_gmt":"2025-12-12T03:02:15","guid":{"rendered":"https:\/\/www.boberry-mach.com\/product\/pieces-moulees-de-precision-en-acier-au-carbone\/"},"modified":"2026-02-02T11:34:08","modified_gmt":"2026-02-02T03:34:08","slug":"pieces-moulees-de-precision-en-acier-au-carbone","status":"publish","type":"product","link":"https:\/\/www.boberry-mach.com\/fr\/pieces-moulees-de-precision-en-acier-au-carbone\/","title":{"rendered":"Pi\u00e8ces moul\u00e9es de pr\u00e9cision en acier au carbone"},"content":{"rendered":"<h2>Sp\u00e9cifications techniques<\/h2>\n<table>\n<tbody>\n<tr>\n<td>Article<\/td>\n<td>D\u00e9tails<\/td>\n<\/tr>\n<tr>\n<td>Nom du produit<\/td>\n<td>Pi\u00e8ces moul\u00e9es \u00e0 la cire perdue en acier au carbone<\/td>\n<\/tr>\n<tr>\n<td>Processus principal<\/td>\n<td>Fonderie de pr\u00e9cision (moulage au sable en option pour les pi\u00e8ces de plus grande taille)<\/td>\n<\/tr>\n<tr>\n<td>Normes relatives aux mat\u00e9riaux<\/td>\n<td>EN, BS, AISI, ASTM, JIS, GB<\/td>\n<\/tr>\n<tr>\n<td>Nuances typiques d&rsquo;acier au carbone<\/td>\n<td>Q235, Q345, 20#, 25#, 30#, 35#, 45#, 55#, 16Mn, 50Mn, 60Mn, A105, ZG200-400, ZG230-450, etc.<\/td>\n<\/tr>\n<tr>\n<td>Dimensions hors tout maximales<\/td>\n<td>Jusqu&rsquo;\u00e0 environ. 1500 \u00d7 1500 \u00d7 1500 mm<\/td>\n<\/tr>\n<tr>\n<td>Plage de poids \u2013 fonderie de pr\u00e9cision<\/td>\n<td>1 g \u2013 99 kg<\/td>\n<\/tr>\n<tr>\n<td>Gamme de poids \u2013 Moulage au sable<\/td>\n<td>\u00c0 partir de 0,5 kg<\/td>\n<\/tr>\n<tr>\n<td>\u00c9paisseur minimale de la paroi<\/td>\n<td>Approx. 0.5 mm<\/td>\n<\/tr>\n<tr>\n<td>Tol\u00e9rance dimensionnelle<\/td>\n<td>Degr\u00e9 CT5\u2013CT6<\/td>\n<\/tr>\n<tr>\n<td>Rugosit\u00e9 de la surface de moulage<\/td>\n<td>Ra 1,6\u20133,2 (typique) ; plage g\u00e9n\u00e9rale Ra 3,2\u20136,4<\/td>\n<\/tr>\n<tr>\n<td>Rugosit\u00e9 de surface usin\u00e9e<\/td>\n<td>Ra 0,8\u20131,6<\/td>\n<\/tr>\n<tr>\n<td>Capacit\u00e9 d&rsquo;approvisionnement<\/td>\n<td>100 \u00e0 150 tonnes\/mois<\/td>\n<\/tr>\n<tr>\n<td>D\u00e9lai de livraison<\/td>\n<td>Environ 45 jours<\/td>\n<\/tr>\n<\/tbody>\n<\/table>\n<h2>Applications<\/h2>\n<ul>\n<li>Pi\u00e8ces de machines \u00e0 coudre et composants de machines textiles<\/li>\n<li>Machines d&rsquo;impression et pi\u00e8ces de quincaillerie de pr\u00e9cision<\/li>\n<li>Mat\u00e9riel industriel et d&rsquo;ing\u00e9nierie g\u00e9n\u00e9ral<\/li>\n<li>Composants d&rsquo;\u00e9quipements miniers et m\u00e9tallurgiques<\/li>\n<li>Pi\u00e8ces pour le contr\u00f4le des fluides, les pompes et les vannes<\/li>\n<li>Accessoires et \u00e9quipements marins pour navires<\/li>\n<li>Outils de jardin et \u00e9quipements d&rsquo;ext\u00e9rieur<\/li>\n<\/ul>\n","protected":false},"excerpt":{"rendered":"<ul>\n<li><strong>Large gamme de mat\u00e9riaux disponibles :<\/strong> Q235, Q345, 20#, 45#, 16Mn, 60Mn, A105 et d&rsquo;autres nuances pour r\u00e9pondre aux exigences de performance.<\/li>\n<li><strong>Des g\u00e9om\u00e9tries complexes sont possibles : <\/strong> des formes quasi d\u00e9finitives avec des d\u00e9tails pr\u00e9cis, des cavit\u00e9s internes et des parois minces.<\/li>\n<li><strong>Excellente finition de surface :<\/strong> rugosit\u00e9 de moulage aussi fine que Ra1,6 \u00e0 3,2, ce qui r\u00e9duit les besoins en polissage.<\/li>\n<li><strong>Contr\u00f4le dimensionnel pr\u00e9cis :<\/strong> tol\u00e9rance dimensionnelle jusqu&rsquo;\u00e0 CT5-CT6 ; \u00e9paisseur minimale des parois d&rsquo;environ 0,5 mm.<\/li>\n<li><strong>R\u00e9duction des co\u00fbts d&rsquo;usinage :<\/strong> les pi\u00e8ces moul\u00e9es de pr\u00e9cision n\u00e9cessitent peu d&rsquo;usinage secondaire.<\/li>\n<\/ul>\n","protected":false},"featured_media":10826,"comment_status":"closed","ping_status":"closed","template":"","meta":{"_acf_changed":false,"site-sidebar-layout":"default","site-content-layout":"","ast-site-content-layout":"default","site-content-style":"default","site-sidebar-style":"default","ast-global-header-display":"","ast-banner-title-visibility":"","ast-main-header-display":"","ast-hfb-above-header-display":"","ast-hfb-below-header-display":"","ast-hfb-mobile-header-display":"","site-post-title":"","ast-breadcrumbs-content":"","ast-featured-img":"","footer-sml-layout":"","theme-transparent-header-meta":"default","adv-header-id-meta":"","stick-header-meta":"","header-above-stick-meta":"","header-main-stick-meta":"","header-below-stick-meta":"","astra-migrate-meta-layouts":"set","ast-page-background-enabled":"default","ast-page-background-meta":{"desktop":{"background-color":"var(--ast-global-color-5)","background-image":"","background-repeat":"repeat","background-position":"center center","background-size":"auto","background-attachment":"scroll","background-type":"","background-media":"","overlay-type":"","overlay-color":"","overlay-opacity":"","overlay-gradient":""},"tablet":{"background-color":"","background-image":"","background-repeat":"repeat","background-position":"center center","background-size":"auto","background-attachment":"scroll","background-type":"","background-media":"","overlay-type":"","overlay-color":"","overlay-opacity":"","overlay-gradient":""},"mobile":{"background-color":"","background-image":"","background-repeat":"repeat","background-position":"center center","background-size":"auto","background-attachment":"scroll","background-type":"","background-media":"","overlay-type":"","overlay-color":"","overlay-opacity":"","overlay-gradient":""}},"ast-content-background-meta":{"desktop":{"background-color":"var(--ast-global-color-4)","background-image":"","background-repeat":"repeat","background-position":"center center","background-size":"auto","background-attachment":"scroll","background-type":"","background-media":"","overlay-type":"","overlay-color":"","overlay-opacity":"","overlay-gradient":""},"tablet":{"background-color":"var(--ast-global-color-4)","background-image":"","background-repeat":"repeat","background-position":"center center","background-size":"auto","background-attachment":"scroll","background-type":"","background-media":"","overlay-type":"","overlay-color":"","overlay-opacity":"","overlay-gradient":""},"mobile":{"background-color":"var(--ast-global-color-4)","background-image":"","background-repeat":"repeat","background-position":"center center","background-size":"auto","background-attachment":"scroll","background-type":"","background-media":"","overlay-type":"","overlay-color":"","overlay-opacity":"","overlay-gradient":""}}},"product_brand":[],"product_cat":[68],"product_tag":[],"class_list":{"0":"post-12044","1":"product","2":"type-product","3":"status-publish","4":"has-post-thumbnail","6":"product_cat-pieces-moulees","7":"desktop-align-left","8":"tablet-align-left","9":"mobile-align-left","11":"first","12":"instock","13":"shipping-taxable","14":"product-type-simple"},"acf":[],"_links":{"self":[{"href":"https:\/\/www.boberry-mach.com\/fr\/wp-json\/wp\/v2\/product\/12044","targetHints":{"allow":["GET"]}}],"collection":[{"href":"https:\/\/www.boberry-mach.com\/fr\/wp-json\/wp\/v2\/product"}],"about":[{"href":"https:\/\/www.boberry-mach.com\/fr\/wp-json\/wp\/v2\/types\/product"}],"replies":[{"embeddable":true,"href":"https:\/\/www.boberry-mach.com\/fr\/wp-json\/wp\/v2\/comments?post=12044"}],"wp:featuredmedia":[{"embeddable":true,"href":"https:\/\/www.boberry-mach.com\/fr\/wp-json\/wp\/v2\/media\/10826"}],"wp:attachment":[{"href":"https:\/\/www.boberry-mach.com\/fr\/wp-json\/wp\/v2\/media?parent=12044"}],"wp:term":[{"taxonomy":"product_brand","embeddable":true,"href":"https:\/\/www.boberry-mach.com\/fr\/wp-json\/wp\/v2\/product_brand?post=12044"},{"taxonomy":"product_cat","embeddable":true,"href":"https:\/\/www.boberry-mach.com\/fr\/wp-json\/wp\/v2\/product_cat?post=12044"},{"taxonomy":"product_tag","embeddable":true,"href":"https:\/\/www.boberry-mach.com\/fr\/wp-json\/wp\/v2\/product_tag?post=12044"}],"curies":[{"name":"wp","href":"https:\/\/api.w.org\/{rel}","templated":true}]}}