{"id":12041,"date":"2025-12-17T10:58:14","date_gmt":"2025-12-17T02:58:14","guid":{"rendered":"https:\/\/www.boberry-mach.com\/product\/raccords-de-tuyauterie-a-joint-en-caoutchouc\/"},"modified":"2026-02-02T11:02:27","modified_gmt":"2026-02-02T03:02:27","slug":"raccords-de-tuyauterie-a-joint-en-caoutchouc","status":"publish","type":"product","link":"https:\/\/www.boberry-mach.com\/fr\/raccords-de-tuyauterie-a-joint-en-caoutchouc\/","title":{"rendered":"Raccords de tuyauterie \u00e0 joint en caoutchouc"},"content":{"rendered":"<h2>Sp\u00e9cifications techniques<\/h2>\n<table>\n<tbody>\n<tr>\n<td>Article<\/td>\n<td>Sp\u00e9cification<\/td>\n<\/tr>\n<tr>\n<td>Mat\u00e9riau du corps<\/td>\n<td>Acier au carbone moul\u00e9 (plaqu\u00e9 zinc-nickel) ou acier inoxydable 304\/316<\/td>\n<\/tr>\n<tr>\n<td>Mat\u00e9riau d&rsquo;\u00e9tanch\u00e9it\u00e9<\/td>\n<td>NBR (de -20 \u00b0C \u00e0 +100 \u00b0C) ; FKM en option (de -15 \u00b0C \u00e0 +200 \u00b0C)<\/td>\n<\/tr>\n<tr>\n<td>Diam\u00e8tre ext\u00e9rieur du tube<\/td>\n<td>6 mm \u2013 42 mm<\/td>\n<\/tr>\n<tr>\n<td>Gamme de tailles de filetage<\/td>\n<td>1\/8&Prime; \u2013 1\u00bd\u00a0\u00bb<\/td>\n<\/tr>\n<tr>\n<td>Pression nominale (corps en acier au carbone)<\/td>\n<td>Jusqu&rsquo;\u00e0 31,5 MPa \/ 315 bar \u00e0 20 \u00b0C)<\/td>\n<\/tr>\n<tr>\n<td>Pression nominale (corps en acier inoxydable)<\/td>\n<td>Jusqu&rsquo;\u00e0 25 MPa \/ 250 bar \u00e0 20 \u00b0C<\/td>\n<\/tr>\n<tr>\n<td>Formulaires de connexion<\/td>\n<td>Droit, coude \u00e0 45\u00b0\/90\u00b0, t\u00e9, croix, raccord traversant, adaptateur<\/td>\n<\/tr>\n<tr>\n<td>Normes de filetage<\/td>\n<td>BSPP, BSPT, NPT, m\u00e9trique, UNF (autres normes sur demande)<\/td>\n<\/tr>\n<tr>\n<td>Protection de surface (CS)<\/td>\n<td>Rev\u00eatement zinc-nickel \u2265 8 \u03bcm<\/td>\n<\/tr>\n<tr>\n<td>Plage de temp\u00e9rature (NBR)<\/td>\n<td>-20 \u00b0C \u00e0 +100 \u00b0C<\/td>\n<\/tr>\n<tr>\n<td>Plage de temp\u00e9rature (FKM)<\/td>\n<td>-15 \u00b0C \u00e0 +200 \u00b0C<\/td>\n<\/tr>\n<tr>\n<td>Test d&rsquo;\u00e9tanch\u00e9it\u00e9<\/td>\n<td>Test de pression 100 % hydraulique ou pneumatique par lot.<\/td>\n<\/tr>\n<tr>\n<td>Conditionnement<\/td>\n<td>Sacs en poly\u00e9thyl\u00e8ne + cartons, 20 \u00e0 25 kg par carton, palettis\u00e9s pour l&rsquo;exportation.<\/td>\n<\/tr>\n<\/tbody>\n<\/table>\n<h2>Applications<\/h2>\n<ul>\n<li>Centrales hydrauliques et \u00e9quipements hydrauliques mobiles<\/li>\n<li>Circuits de lubrification et de refroidissement des machines industrielles<\/li>\n<li>Conduites pneumatiques pour l&rsquo;automatisation et les outils pneumatiques<\/li>\n<li>Syst\u00e8mes eau-glycol et de refroidissement dans les syst\u00e8mes de chauffage, ventilation et climatisation et de r\u00e9frig\u00e9ration<\/li>\n<li>Bancs d&rsquo;essai et circuits fluidiques de laboratoire<\/li>\n<li>Transfert de fluides industriels g\u00e9n\u00e9raux n\u00e9cessitant des raccords fiables et faciles \u00e0 entretenir.<\/li>\n<\/ul>\n","protected":false},"excerpt":{"rendered":"<ul>\n<li><strong>Options de mat\u00e9riaux <\/strong> : Acier au carbone moul\u00e9, acier inoxydable 304, acier inoxydable 316 pour les environnements corrosifs ou hygi\u00e9niques.<\/li>\n<li><strong>Gamme de dimensions :<\/strong> Diam\u00e8tres de tubes et tailles de filetage sp\u00e9ciaux fabriqu\u00e9s selon les plans ou les sp\u00e9cifications du projet.<\/li>\n<li><strong>Flexibilit\u00e9 d&rsquo;utilisation :<\/strong> Compatible avec une large gamme de fluides, notamment les huiles hydrauliques, l&rsquo;eau glycol\u00e9e et l&rsquo;air comprim\u00e9.<\/li>\n<li><strong>Choix des joints d&rsquo;\u00e9tanch\u00e9it\u00e9 :<\/strong> NBR, FKM, EPDM ou autres \u00e9lastom\u00e8res adapt\u00e9s au fluide, \u00e0 la temp\u00e9rature et aux exigences de certification.<\/li>\n<li><strong>Normes de filetage :<\/strong> BSPP, BSPT, NPT, m\u00e9trique, UN\/UNF ou types de filetage sp\u00e9cifi\u00e9s par le client.<\/li>\n<\/ul>\n","protected":false},"featured_media":11052,"comment_status":"closed","ping_status":"closed","template":"","meta":{"_acf_changed":false,"site-sidebar-layout":"default","site-content-layout":"","ast-site-content-layout":"default","site-content-style":"default","site-sidebar-style":"default","ast-global-header-display":"","ast-banner-title-visibility":"","ast-main-header-display":"","ast-hfb-above-header-display":"","ast-hfb-below-header-display":"","ast-hfb-mobile-header-display":"","site-post-title":"","ast-breadcrumbs-content":"","ast-featured-img":"","footer-sml-layout":"","theme-transparent-header-meta":"default","adv-header-id-meta":"","stick-header-meta":"","header-above-stick-meta":"","header-main-stick-meta":"","header-below-stick-meta":"","astra-migrate-meta-layouts":"set","ast-page-background-enabled":"default","ast-page-background-meta":{"desktop":{"background-color":"var(--ast-global-color-5)","background-image":"","background-repeat":"repeat","background-position":"center center","background-size":"auto","background-attachment":"scroll","background-type":"","background-media":"","overlay-type":"","overlay-color":"","overlay-opacity":"","overlay-gradient":""},"tablet":{"background-color":"","background-image":"","background-repeat":"repeat","background-position":"center center","background-size":"auto","background-attachment":"scroll","background-type":"","background-media":"","overlay-type":"","overlay-color":"","overlay-opacity":"","overlay-gradient":""},"mobile":{"background-color":"","background-image":"","background-repeat":"repeat","background-position":"center center","background-size":"auto","background-attachment":"scroll","background-type":"","background-media":"","overlay-type":"","overlay-color":"","overlay-opacity":"","overlay-gradient":""}},"ast-content-background-meta":{"desktop":{"background-color":"var(--ast-global-color-4)","background-image":"","background-repeat":"repeat","background-position":"center center","background-size":"auto","background-attachment":"scroll","background-type":"","background-media":"","overlay-type":"","overlay-color":"","overlay-opacity":"","overlay-gradient":""},"tablet":{"background-color":"var(--ast-global-color-4)","background-image":"","background-repeat":"repeat","background-position":"center center","background-size":"auto","background-attachment":"scroll","background-type":"","background-media":"","overlay-type":"","overlay-color":"","overlay-opacity":"","overlay-gradient":""},"mobile":{"background-color":"var(--ast-global-color-4)","background-image":"","background-repeat":"repeat","background-position":"center center","background-size":"auto","background-attachment":"scroll","background-type":"","background-media":"","overlay-type":"","overlay-color":"","overlay-opacity":"","overlay-gradient":""}}},"product_brand":[],"product_cat":[68],"product_tag":[],"class_list":{"0":"post-12041","1":"product","2":"type-product","3":"status-publish","4":"has-post-thumbnail","6":"product_cat-pieces-moulees","7":"desktop-align-left","8":"tablet-align-left","9":"mobile-align-left","11":"first","12":"instock","13":"shipping-taxable","14":"product-type-simple"},"acf":[],"_links":{"self":[{"href":"https:\/\/www.boberry-mach.com\/fr\/wp-json\/wp\/v2\/product\/12041","targetHints":{"allow":["GET"]}}],"collection":[{"href":"https:\/\/www.boberry-mach.com\/fr\/wp-json\/wp\/v2\/product"}],"about":[{"href":"https:\/\/www.boberry-mach.com\/fr\/wp-json\/wp\/v2\/types\/product"}],"replies":[{"embeddable":true,"href":"https:\/\/www.boberry-mach.com\/fr\/wp-json\/wp\/v2\/comments?post=12041"}],"wp:featuredmedia":[{"embeddable":true,"href":"https:\/\/www.boberry-mach.com\/fr\/wp-json\/wp\/v2\/media\/11052"}],"wp:attachment":[{"href":"https:\/\/www.boberry-mach.com\/fr\/wp-json\/wp\/v2\/media?parent=12041"}],"wp:term":[{"taxonomy":"product_brand","embeddable":true,"href":"https:\/\/www.boberry-mach.com\/fr\/wp-json\/wp\/v2\/product_brand?post=12041"},{"taxonomy":"product_cat","embeddable":true,"href":"https:\/\/www.boberry-mach.com\/fr\/wp-json\/wp\/v2\/product_cat?post=12041"},{"taxonomy":"product_tag","embeddable":true,"href":"https:\/\/www.boberry-mach.com\/fr\/wp-json\/wp\/v2\/product_tag?post=12041"}],"curies":[{"name":"wp","href":"https:\/\/api.w.org\/{rel}","templated":true}]}}