{"id":12035,"date":"2025-12-16T17:20:43","date_gmt":"2025-12-16T09:20:43","guid":{"rendered":"https:\/\/www.boberry-mach.com\/product\/raccords-de-tuyaux-a-manchon-coupe\/"},"modified":"2026-02-02T09:19:11","modified_gmt":"2026-02-02T01:19:11","slug":"raccords-de-tuyaux-a-manchon-coupe","status":"publish","type":"product","link":"https:\/\/www.boberry-mach.com\/fr\/raccords-de-tuyaux-a-manchon-coupe\/","title":{"rendered":"Raccords de tuyaux \u00e0 manchon coup\u00e9"},"content":{"rendered":"<h2>Sp\u00e9cifications techniques<\/h2>\n<table>\n<tbody>\n<tr>\n<td>Article<\/td>\n<td>Sp\u00e9cification<\/td>\n<\/tr>\n<tr>\n<td>Nom du produit<\/td>\n<td>Raccords de tuyaux \u00e0 manchon coup\u00e9<\/td>\n<\/tr>\n<tr>\n<td>Options de mat\u00e9riaux<\/td>\n<td>Acier inoxydable (304\/316), acier au carbone (A105) ou selon la demande du client.<\/td>\n<\/tr>\n<tr>\n<td>Gamme de tailles<\/td>\n<td>1\/8&Prime; \u00e0 4&Prime; NPS (DN6\u2013DN100)<\/td>\n<\/tr>\n<tr>\n<td>Pression nominale<\/td>\n<td>2000 lb, 3000 lb, 6000 lb<\/td>\n<\/tr>\n<tr>\n<td>Normes de filetage<\/td>\n<td>Filetage NPT, BSPT, BSPP ou autres types de filetage selon les sp\u00e9cifications du client.<\/td>\n<\/tr>\n<tr>\n<td>Plage de temp\u00e9rature<\/td>\n<td>-29\u00b0C \u00e0 +425\u00b0C (selon la qualit\u00e9 du mat\u00e9riau)<\/td>\n<\/tr>\n<tr>\n<td>M\u00e9thodes d&rsquo;usinage<\/td>\n<td>Usinage CNC, tournage, fraisage, al\u00e9sage, per\u00e7age<\/td>\n<\/tr>\n<tr>\n<td>Options de traitement thermique<\/td>\n<td>Recuit, normalisation, trempe et revenu, durcissement<\/td>\n<\/tr>\n<tr>\n<td>Essais non destructifs<\/td>\n<td>Essai par magn\u00e9toscopie, essai par ressuage, essai par ultrasons, essai radiographique<\/td>\n<\/tr>\n<tr>\n<td>D\u00e9lai de livraison<\/td>\n<td>30 \u00e0 45 jours, selon la taille et la quantit\u00e9<\/td>\n<\/tr>\n<tr>\n<td>Conditionnement<\/td>\n<td>Cartons, caisses en contreplaqu\u00e9 adapt\u00e9es au transport maritime ou palettes, selon les exigences du client<\/td>\n<\/tr>\n<\/tbody>\n<\/table>\n<h2>Applications<\/h2>\n<ul>\n<li>Syst\u00e8mes de distribution d&rsquo;eau<\/li>\n<li>Pipelines de p\u00e9trole et de gaz<\/li>\n<li>Chauffage, ventilation, climatisation et services du b\u00e2timent<\/li>\n<li>Traitement chimique et p\u00e9trochimique<\/li>\n<li>Industrie alimentaire et des boissons<\/li>\n<li>Syst\u00e8mes hydrauliques haute pression<\/li>\n<li>Syst\u00e8mes de maintenance et de r\u00e9paration industrielles<\/li>\n<\/ul>\n","protected":false},"excerpt":{"rendered":"<ul>\n<li><strong>Choix des mat\u00e9riaux :<\/strong> acier inoxydable, acier au carbone ou alliages personnalis\u00e9s en fonction des besoins de l&rsquo;application.<\/li>\n<li><strong>Variations de taille :<\/strong> Diam\u00e8tres et longueurs personnalis\u00e9s pour des syst\u00e8mes de tuyauterie sp\u00e9cifiques.<\/li>\n<li><strong>Simplicit\u00e9 d&rsquo;installation :<\/strong> Con\u00e7u pour \u00eatre facile \u00e0 installer, r\u00e9duisant ainsi le temps et la complexit\u00e9 de la configuration.<\/li>\n<li><strong>Applications polyvalentes :<\/strong> Convient \u00e0 une large gamme de syst\u00e8mes de tuyauterie, tels que les conduites de gaz, d&rsquo;eau et de fluides industriels.<\/li>\n<\/ul>\n","protected":false},"featured_media":11027,"comment_status":"closed","ping_status":"closed","template":"","meta":{"_acf_changed":false,"site-sidebar-layout":"default","site-content-layout":"","ast-site-content-layout":"default","site-content-style":"default","site-sidebar-style":"default","ast-global-header-display":"","ast-banner-title-visibility":"","ast-main-header-display":"","ast-hfb-above-header-display":"","ast-hfb-below-header-display":"","ast-hfb-mobile-header-display":"","site-post-title":"","ast-breadcrumbs-content":"","ast-featured-img":"","footer-sml-layout":"","theme-transparent-header-meta":"default","adv-header-id-meta":"","stick-header-meta":"","header-above-stick-meta":"","header-main-stick-meta":"","header-below-stick-meta":"","astra-migrate-meta-layouts":"set","ast-page-background-enabled":"default","ast-page-background-meta":{"desktop":{"background-color":"var(--ast-global-color-5)","background-image":"","background-repeat":"repeat","background-position":"center center","background-size":"auto","background-attachment":"scroll","background-type":"","background-media":"","overlay-type":"","overlay-color":"","overlay-opacity":"","overlay-gradient":""},"tablet":{"background-color":"","background-image":"","background-repeat":"repeat","background-position":"center center","background-size":"auto","background-attachment":"scroll","background-type":"","background-media":"","overlay-type":"","overlay-color":"","overlay-opacity":"","overlay-gradient":""},"mobile":{"background-color":"","background-image":"","background-repeat":"repeat","background-position":"center center","background-size":"auto","background-attachment":"scroll","background-type":"","background-media":"","overlay-type":"","overlay-color":"","overlay-opacity":"","overlay-gradient":""}},"ast-content-background-meta":{"desktop":{"background-color":"var(--ast-global-color-4)","background-image":"","background-repeat":"repeat","background-position":"center center","background-size":"auto","background-attachment":"scroll","background-type":"","background-media":"","overlay-type":"","overlay-color":"","overlay-opacity":"","overlay-gradient":""},"tablet":{"background-color":"var(--ast-global-color-4)","background-image":"","background-repeat":"repeat","background-position":"center center","background-size":"auto","background-attachment":"scroll","background-type":"","background-media":"","overlay-type":"","overlay-color":"","overlay-opacity":"","overlay-gradient":""},"mobile":{"background-color":"var(--ast-global-color-4)","background-image":"","background-repeat":"repeat","background-position":"center center","background-size":"auto","background-attachment":"scroll","background-type":"","background-media":"","overlay-type":"","overlay-color":"","overlay-opacity":"","overlay-gradient":""}}},"product_brand":[],"product_cat":[68],"product_tag":[],"class_list":{"0":"post-12035","1":"product","2":"type-product","3":"status-publish","4":"has-post-thumbnail","6":"product_cat-pieces-moulees","7":"desktop-align-left","8":"tablet-align-left","9":"mobile-align-left","11":"first","12":"instock","13":"shipping-taxable","14":"product-type-simple"},"acf":[],"_links":{"self":[{"href":"https:\/\/www.boberry-mach.com\/fr\/wp-json\/wp\/v2\/product\/12035","targetHints":{"allow":["GET"]}}],"collection":[{"href":"https:\/\/www.boberry-mach.com\/fr\/wp-json\/wp\/v2\/product"}],"about":[{"href":"https:\/\/www.boberry-mach.com\/fr\/wp-json\/wp\/v2\/types\/product"}],"replies":[{"embeddable":true,"href":"https:\/\/www.boberry-mach.com\/fr\/wp-json\/wp\/v2\/comments?post=12035"}],"wp:featuredmedia":[{"embeddable":true,"href":"https:\/\/www.boberry-mach.com\/fr\/wp-json\/wp\/v2\/media\/11027"}],"wp:attachment":[{"href":"https:\/\/www.boberry-mach.com\/fr\/wp-json\/wp\/v2\/media?parent=12035"}],"wp:term":[{"taxonomy":"product_brand","embeddable":true,"href":"https:\/\/www.boberry-mach.com\/fr\/wp-json\/wp\/v2\/product_brand?post=12035"},{"taxonomy":"product_cat","embeddable":true,"href":"https:\/\/www.boberry-mach.com\/fr\/wp-json\/wp\/v2\/product_cat?post=12035"},{"taxonomy":"product_tag","embeddable":true,"href":"https:\/\/www.boberry-mach.com\/fr\/wp-json\/wp\/v2\/product_tag?post=12035"}],"curies":[{"name":"wp","href":"https:\/\/api.w.org\/{rel}","templated":true}]}}