{"id":11414,"date":"2025-12-16T13:49:18","date_gmt":"2025-12-16T05:49:18","guid":{"rendered":"https:\/\/www.boberry-mach.com\/product\/moyeux-canneles-de-precision\/"},"modified":"2026-01-05T16:07:51","modified_gmt":"2026-01-05T08:07:51","slug":"moyeux-canneles-de-precision","status":"publish","type":"product","link":"https:\/\/www.boberry-mach.com\/fr\/moyeux-canneles-de-precision\/","title":{"rendered":"Moyeux cannel\u00e9s de pr\u00e9cision"},"content":{"rendered":"<h2>Sp\u00e9cifications techniques<\/h2>\n<table>\n<tbody>\n<tr>\n<td>Article<\/td>\n<td>Description<\/td>\n<\/tr>\n<tr>\n<td>Material<\/td>\n<td>Acier \u00e0 haute r\u00e9sistance, acier alli\u00e9 ou mat\u00e9riaux sur mesure<\/td>\n<\/tr>\n<tr>\n<td>Type de spline<\/td>\n<td>Profils de cannelures involutes, dentel\u00e9s ou personnalis\u00e9s<\/td>\n<\/tr>\n<tr>\n<td>Diam\u00e8tre ext\u00e9rieur<\/td>\n<td>Personnalisable, g\u00e9n\u00e9ralement d&rsquo;une taille comprise entre 20 mm et 200 mm.<\/td>\n<\/tr>\n<tr>\n<td>Diam\u00e8tre int\u00e9rieur<\/td>\n<td>Personnalisable, selon l&rsquo;application.<\/td>\n<\/tr>\n<tr>\n<td>Length<\/td>\n<td>Varie en fonction de l&rsquo;application, g\u00e9n\u00e9ralement de 30 mm \u00e0 250 mm.<\/td>\n<\/tr>\n<tr>\n<td>Duret\u00e9<\/td>\n<td>50-60 HRC<\/td>\n<\/tr>\n<tr>\n<td>R\u00e9sistance \u00e0 la traction<\/td>\n<td>600-800 MPa<\/td>\n<\/tr>\n<tr>\n<td>Finition<\/td>\n<td>Finition lisse ou polie, selon les exigences de l&rsquo;application.<\/td>\n<\/tr>\n<tr>\n<td>Tol\u00e9rance<\/td>\n<td>\u00b10,1 mm<\/td>\n<\/tr>\n<tr>\n<td>Capacit\u00e9 de charge<\/td>\n<td>Optimis\u00e9 pour les applications n\u00e9cessitant un couple \u00e9lev\u00e9 et une grande capacit\u00e9 de charge.<\/td>\n<\/tr>\n<tr>\n<td>Essai<\/td>\n<td>Inspection dimensionnelle, essais de duret\u00e9 et essais de fatigue<\/td>\n<\/tr>\n<tr>\n<td>Conformit\u00e9<\/td>\n<td>Conforme aux normes ISO, ASTM et autres normes pertinentes.<\/td>\n<\/tr>\n<\/tbody>\n<\/table>\n<h2>Applications<\/h2>\n<ul>\n<li>Syst\u00e8mes automobiles (utilis\u00e9s dans les bo\u00eetes de vitesses, les essieux et les groupes motopropulseurs)<\/li>\n<li>Machines industrielles (pour les syst\u00e8mes d&rsquo;engrenages et de transmission de puissance)<\/li>\n<li>\u00c9quipements de construction (pour la transmission de couple \u00e0 haute performance)<\/li>\n<li>Machines agricoles (pour une transmission de puissance efficace dans les tracteurs et les moissonneuses-batteuses)<\/li>\n<li>Applications marines (pour utilisation dans les moteurs et les syst\u00e8mes d&rsquo;alimentation des navires)<\/li>\n<li>Robotique (pour le transfert de couple dans les bras et les m\u00e9canismes robotiques)<\/li>\n<\/ul>\n","protected":false},"excerpt":{"rendered":"<ul>\n<li><strong>Construction durable :<\/strong> Fabriqu\u00e9 \u00e0 partir de mat\u00e9riaux haute r\u00e9sistance pour supporter des charges lourdes et prolonger la dur\u00e9e de vie du composant.<\/li>\n<li><strong>Profil de cannelure :<\/strong> Profils en d\u00e9veloppante, dentel\u00e9s ou profils personnalis\u00e9s adapt\u00e9s aux exigences de l&rsquo;application.<\/li>\n<li><strong>Variations de taille :<\/strong> Des diam\u00e8tres, des longueurs et des configurations de diam\u00e8tre int\u00e9rieur personnalis\u00e9s sont disponibles.<\/li>\n<li><strong>Production de prototypes :<\/strong> Disponible pour les petites commandes ou les essais avant la production de masse.<\/li>\n<\/ul>\n","protected":false},"featured_media":10968,"comment_status":"closed","ping_status":"closed","template":"","meta":{"_acf_changed":false,"site-sidebar-layout":"default","site-content-layout":"","ast-site-content-layout":"default","site-content-style":"default","site-sidebar-style":"default","ast-global-header-display":"","ast-banner-title-visibility":"","ast-main-header-display":"","ast-hfb-above-header-display":"","ast-hfb-below-header-display":"","ast-hfb-mobile-header-display":"","site-post-title":"","ast-breadcrumbs-content":"","ast-featured-img":"","footer-sml-layout":"","theme-transparent-header-meta":"default","adv-header-id-meta":"","stick-header-meta":"","header-above-stick-meta":"","header-main-stick-meta":"","header-below-stick-meta":"","astra-migrate-meta-layouts":"set","ast-page-background-enabled":"default","ast-page-background-meta":{"desktop":{"background-color":"var(--ast-global-color-5)","background-image":"","background-repeat":"repeat","background-position":"center center","background-size":"auto","background-attachment":"scroll","background-type":"","background-media":"","overlay-type":"","overlay-color":"","overlay-opacity":"","overlay-gradient":""},"tablet":{"background-color":"","background-image":"","background-repeat":"repeat","background-position":"center center","background-size":"auto","background-attachment":"scroll","background-type":"","background-media":"","overlay-type":"","overlay-color":"","overlay-opacity":"","overlay-gradient":""},"mobile":{"background-color":"","background-image":"","background-repeat":"repeat","background-position":"center center","background-size":"auto","background-attachment":"scroll","background-type":"","background-media":"","overlay-type":"","overlay-color":"","overlay-opacity":"","overlay-gradient":""}},"ast-content-background-meta":{"desktop":{"background-color":"var(--ast-global-color-4)","background-image":"","background-repeat":"repeat","background-position":"center center","background-size":"auto","background-attachment":"scroll","background-type":"","background-media":"","overlay-type":"","overlay-color":"","overlay-opacity":"","overlay-gradient":""},"tablet":{"background-color":"var(--ast-global-color-4)","background-image":"","background-repeat":"repeat","background-position":"center center","background-size":"auto","background-attachment":"scroll","background-type":"","background-media":"","overlay-type":"","overlay-color":"","overlay-opacity":"","overlay-gradient":""},"mobile":{"background-color":"var(--ast-global-color-4)","background-image":"","background-repeat":"repeat","background-position":"center center","background-size":"auto","background-attachment":"scroll","background-type":"","background-media":"","overlay-type":"","overlay-color":"","overlay-opacity":"","overlay-gradient":""}}},"product_brand":[],"product_cat":[66],"product_tag":[],"class_list":{"0":"post-11414","1":"product","2":"type-product","3":"status-publish","4":"has-post-thumbnail","6":"product_cat-pieces-forgees","7":"desktop-align-left","8":"tablet-align-left","9":"mobile-align-left","11":"first","12":"instock","13":"shipping-taxable","14":"product-type-simple"},"acf":[],"_links":{"self":[{"href":"https:\/\/www.boberry-mach.com\/fr\/wp-json\/wp\/v2\/product\/11414","targetHints":{"allow":["GET"]}}],"collection":[{"href":"https:\/\/www.boberry-mach.com\/fr\/wp-json\/wp\/v2\/product"}],"about":[{"href":"https:\/\/www.boberry-mach.com\/fr\/wp-json\/wp\/v2\/types\/product"}],"replies":[{"embeddable":true,"href":"https:\/\/www.boberry-mach.com\/fr\/wp-json\/wp\/v2\/comments?post=11414"}],"wp:featuredmedia":[{"embeddable":true,"href":"https:\/\/www.boberry-mach.com\/fr\/wp-json\/wp\/v2\/media\/10968"}],"wp:attachment":[{"href":"https:\/\/www.boberry-mach.com\/fr\/wp-json\/wp\/v2\/media?parent=11414"}],"wp:term":[{"taxonomy":"product_brand","embeddable":true,"href":"https:\/\/www.boberry-mach.com\/fr\/wp-json\/wp\/v2\/product_brand?post=11414"},{"taxonomy":"product_cat","embeddable":true,"href":"https:\/\/www.boberry-mach.com\/fr\/wp-json\/wp\/v2\/product_cat?post=11414"},{"taxonomy":"product_tag","embeddable":true,"href":"https:\/\/www.boberry-mach.com\/fr\/wp-json\/wp\/v2\/product_tag?post=11414"}],"curies":[{"name":"wp","href":"https:\/\/api.w.org\/{rel}","templated":true}]}}