{"id":9442,"date":"2025-06-04T09:55:54","date_gmt":"2025-06-04T01:55:54","guid":{"rendered":"https:\/\/www.boberry-mach.com\/politique-de-confidentialite\/"},"modified":"2026-03-24T20:04:08","modified_gmt":"2026-03-24T12:04:08","slug":"politique-de-confidentialite","status":"publish","type":"page","link":"https:\/\/www.boberry-mach.com\/fr\/politique-de-confidentialite\/","title":{"rendered":"politique de confidentialit\u00e9"},"content":{"rendered":"\t\t<div data-elementor-type=\"wp-page\" data-elementor-id=\"9442\" class=\"elementor elementor-9442 elementor-917\" data-elementor-settings=\"{&quot;ha_cmc_init_switcher&quot;:&quot;no&quot;}\" data-elementor-post-type=\"page\">\n\t\t\t\t<div class=\"elementor-element elementor-element-14e88ba2 e-flex e-con-boxed wpr-particle-no wpr-jarallax-no wpr-parallax-no wpr-sticky-section-no e-con e-parent\" data-id=\"14e88ba2\" data-element_type=\"container\" data-settings=\"{&quot;_ha_eqh_enable&quot;:false}\">\n\t\t\t\t\t<div class=\"e-con-inner\">\n\t\t\t\t<div class=\"elementor-element elementor-element-7902511e elementor-widget elementor-widget-text-editor\" data-id=\"7902511e\" data-element_type=\"widget\" data-widget_type=\"text-editor.default\">\n\t\t\t\t<div class=\"elementor-widget-container\">\n\t\t\t\t\t\t\t\t\t<p>Bienvenue \u00e0 Boberry ! En visitant notre boutique, vous acceptez automatiquement l&rsquo;ensemble de ces conditions g\u00e9n\u00e9rales. Veuillez lire attentivement toutes les informations concernant nos directives, conditions et accords.<\/p><p>Il est tr\u00e8s important de se soucier de l&rsquo;information car nous vivons dans une soci\u00e9t\u00e9 de l&rsquo;information et il ne faut pas sous-estimer la fa\u00e7on dont l&rsquo;information sera utilis\u00e9e et partag\u00e9e.<\/p><p>La confiance est la pierre angulaire de l&rsquo;amiti\u00e9 et nous vous remercions d&rsquo;avoir choisi notre magasin. Nous vous donnons un acc\u00e8s complet \u00e0 diff\u00e9rents types d&rsquo;informations concernant votre compte.<\/p><p>Veuillez \u00e9galement noter que notre site Web contient de nombreuses marques d\u00e9pos\u00e9es qui peuvent appartenir \u00e0 la fois \u00e0 notre soci\u00e9t\u00e9 et \u00e0 des soci\u00e9t\u00e9s tierces.<\/p><p>Toute utilisation de logos, d&rsquo;ic\u00f4nes et de noms de services susceptible de cr\u00e9er une confusion chez nos clients est interdite et sera consid\u00e9r\u00e9e comme une violation du droit d&rsquo;auteur.<br>Nous nous r\u00e9servons le droit de modifier ces conditions g\u00e9n\u00e9rales \u00e0 tout moment et sans pr\u00e9avis.<\/p><p>En utilisant ce site web, vous acceptez les conditions de la version la plus r\u00e9cente de cette politique de confidentialit\u00e9. Veuillez lire nos Conditions d&rsquo;utilisation pour comprendre les r\u00e8gles g\u00e9n\u00e9rales relatives \u00e0 votre utilisation de ce site web. Sauf indication contraire dans d&rsquo;autres clauses de non-responsabilit\u00e9, politiques, conditions d&rsquo;utilisation ou autres avis figurant sur ce site Web, la pr\u00e9sente politique de confidentialit\u00e9 et les conditions d&rsquo;utilisation constituent l&rsquo;int\u00e9gralit\u00e9 de l&rsquo;accord entre vous et boberry-mach.com concernant votre utilisation de ce site Web. Vous pourriez \u00eatre soumis \u00e0 des conditions suppl\u00e9mentaires lorsque vous acc\u00e9dez \u00e0 certains services ou documents sur certaines parties de ce site Web, ou en suivant un lien depuis ce site Web.<\/p><h2>Introduction<\/h2><p>Les informations que nous recevons, et la mani\u00e8re dont nous les utilisons, d\u00e9pendent de ce que vous faites lorsque vous visitez notre site web. Nous recueillons et utilisons vos informations non personnelles (informations qui ne permettent pas de vous identifier personnellement) diff\u00e9remment de vos informations personnelles.<\/p><p>Qu\u2019est-ce qu\u2019une information non personnelle ?<\/p><p>Les informations non personnelles sont les informations que nous recueillons par le biais de ce site Web et qui ne nous identifient pas en tant que personne physique. Cela peut inclure des informations telles que les suivantes :<\/p><ol><li>le type de logiciel de navigation Web que vous utilisez (par exemple, Netscape Navigator ou Internet Explorer).<\/li><li>le nom du domaine \u00e0 partir duquel vous acc\u00e9dez \u00e0 Internet.<\/li><li>l&rsquo;adresse Internet du site Web \u00e0 partir duquel vous avez acc\u00e9d\u00e9 directement \u00e0 notre site Web.<\/li><li>la date et l&rsquo;heure auxquelles vous acc\u00e9dez \u00e0 notre site web.<\/li><li>quelles pages vous avez consult\u00e9es sur notre site web.<\/li><li>les termes de recherche que vous utilisez.<\/li><li>les liens sur lesquels vous cliquez.<\/li><li>des informations personnelles qui ont \u00e9t\u00e9 rendues non personnelles ou anonymis\u00e9es (c\u2019est-\u00e0-dire des informations qui ne refl\u00e8tent plus ou ne font plus r\u00e9f\u00e9rence \u00e0 un utilisateur identifiable individuellement).<\/li><\/ol><p>Si vous consultez notre site web pour lire ou t\u00e9l\u00e9charger des informations, par exemple sur un probl\u00e8me de sant\u00e9 ou sur l&rsquo;un de nos produits, nous pouvons collecter certaines informations non personnelles vous concernant depuis votre ordinateur. Ces informations sont collect\u00e9es \u00e0 partir du navigateur Web de votre ordinateur : si vous vous contentez de lire ou de t\u00e9l\u00e9charger des informations sur notre site Web, nous ne collectons ni n\u2019apprenons votre nom, votre adresse \u00e9lectronique, votre adresse postale ou toute autre information personnelle vous concernant. Nous pouvons placer un fichier texte appel\u00e9 cookie dans les fichiers de navigation de votre ordinateur lorsque vous visitez notre site. Le cookie peut \u00eatre stock\u00e9 sur le disque dur de votre ordinateur. Les informations que nous recueillons \u00e0 l&rsquo;aide de cookies sont des informations non personnelles. Vous pouvez toujours refuser nos cookies si votre navigateur le permet, mais certaines parties de notre site Web pourraient ne pas fonctionner correctement si vous le faites. Nous n&rsquo;autoriserons aucun tiers, autre que les entreprises que nous engageons pour r\u00e9aliser des services ou des fonctions en notre nom, \u00e0 placer des cookies sur notre site web.<\/p><h2>Que fait le site boberry-mach.com avec les informations non personnelles ?<\/h2><p>\u00c9tant donn\u00e9 que les informations non personnelles ne permettent pas de vous identifier ni d&rsquo;\u00eatre li\u00e9es \u00e0 vous de quelque mani\u00e8re que ce soit, il n&rsquo;existe aucune restriction quant \u00e0 la mani\u00e8re dont nous pouvons utiliser ou partager ces informations. Nous cherchons constamment des moyens de mieux vous servir et d&rsquo;am\u00e9liorer ce site web. Nous utiliserons les informations non personnelles que vous nous fournissez pour nous aider \u00e0 rendre ce site web plus utile aux visiteurs. Nous utiliserons \u00e9galement les informations non personnelles \u00e0 d&rsquo;autres fins commerciales. Par exemple, nous pouvons utiliser des informations non personnelles ou des informations non personnelles agr\u00e9g\u00e9es pour :<\/p><ol><li>Cr\u00e9er des rapports \u00e0 usage interne pour d\u00e9velopper des programmes, des produits, des services ou du contenu.<\/li><li>Personnaliser les informations ou les services qui vous int\u00e9ressent.<\/li><li>le partager avec des tiers ou le vendre \u00e0 des tiers.<\/li><li>fournir des \u00ab statistiques de trafic \u00bb et des \u00ab taux de r\u00e9ponse \u00bb agr\u00e9g\u00e9s \u00e0 des tiers.<\/li><\/ol><h2>Que sont les informations personnelles ?<\/h2><p>Les renseignements personnels sont les informations que nous recueillons par l\u2019interm\u00e9diaire de ce site Web et qui nous permettent de vous identifier pr\u00e9cis\u00e9ment, telles que :<\/p><ol><li>nom<\/li><li>num\u00e9ro de t\u00e9l\u00e9phone<\/li><li>adresse email<\/li><li>num\u00e9ro de s\u00e9rie de l&rsquo;appareil m\u00e9dical<\/li><li>informations personnelles sur la sant\u00e9<\/li><li>date de naissance<\/li><\/ol><p>\u00c0 certains endroits de ce site web, vous avez la possibilit\u00e9 de nous envoyer des informations personnelles vous concernant, de choisir de recevoir des informations particuli\u00e8res ou de participer \u00e0 une activit\u00e9. Par exemple, vous pouvez remplir un formulaire d&rsquo;inscription, un sondage ou un formulaire de contact par e-mail et choisir de recevoir des documents p\u00e9dagogiques sur nos produits et th\u00e9rapies.<\/p><p>Vous pouvez \u00e9galement choisir de nous autoriser \u00e0 personnaliser vos visites sur le site web, auquel cas nous vous demanderons certaines informations personnelles afin de rendre vos visites sur notre site web plus utiles pour vous. Lorsque ces informations sont combin\u00e9es avec les informations non personnelles que nous recueillons par le biais des cookies (d\u00e9crits ci-dessus), nous pourrons savoir que vous avez d\u00e9j\u00e0 visit\u00e9 notre site Web et personnaliser votre acc\u00e8s \u00e0 celui-ci, par exemple en vous informant des nouvelles fonctionnalit\u00e9s susceptibles de vous int\u00e9resser.<\/p><h2>Comment le site boberry-mach.com conserve-t-il et utilise-t-il les informations personnelles ?<\/h2><p>Nous pouvons conserver et utiliser les renseignements personnels que nous recueillons aupr\u00e8s de vous par l\u2019interm\u00e9diaire de ce site Web afin de vous donner acc\u00e8s \u00e0 ce site. De plus, nous pouvons conserver et utiliser vos renseignements personnels :<\/p><ol><li>pour r\u00e9pondre \u00e0 vos demandes.<\/li><li>pour personnaliser votre acc\u00e8s \u00e0 notre site web, par exemple en vous informant des nouvelles fonctionnalit\u00e9s susceptibles de vous int\u00e9resser.<\/li><li>constituer des dossiers, y compris des dossiers contenant vos renseignements personnels.<\/li><li>vous contacter pour vous communiquer des informations susceptibles de vous int\u00e9resser, notamment des informations sur les essais cliniques et sur nos produits et services ainsi que ceux de tiers.<\/li><li>\u00e0 des fins d&rsquo;analyse et pour rechercher, d\u00e9velopper et am\u00e9liorer les programmes, les produits, les services et le contenu.<\/li><li>pour supprimer vos identifiants personnels (votre nom, votre adresse e-mail, votre num\u00e9ro de s\u00e9curit\u00e9 sociale, etc.). Dans ce cas, vous ne seriez plus identifi\u00e9 comme un individu unique. Une fois que nous aurons de<\/li><li>Les informations identifi\u00e9es sont des informations non personnelles et nous pouvons les traiter comme d&rsquo;autres informations non personnelles.<\/li><li>pour faire respecter la pr\u00e9sente d\u00e9claration de confidentialit\u00e9 et les autres r\u00e8gles relatives \u00e0 votre utilisation de ce site Web.<\/li><li>pour prot\u00e9ger nos droits ou nos biens.<\/li><li>prot\u00e9ger la sant\u00e9, la s\u00e9curit\u00e9 ou le bien-\u00eatre d\u2019une personne.<\/li><li>se conformer \u00e0 une loi ou \u00e0 un r\u00e8glement, \u00e0 une ordonnance judiciaire ou \u00e0 d&rsquo;autres proc\u00e9dures l\u00e9gales.<\/li><\/ol><p>Nous ne disposons d&rsquo;aucune m\u00e9thode pour examiner les informations personnelles ou non personnelles collect\u00e9es par le biais de ce site.<\/p><h2>Le site boberry-mach.com partage-t-il des informations personnelles avec des tiers ?<\/h2><p>boberry-mach.com ne partagera pas vos informations personnelles collect\u00e9es sur ce site web avec des tiers non affili\u00e9s sans votre autorisation, sauf disposition contraire dans la pr\u00e9sente d\u00e9claration de confidentialit\u00e9.<\/p><p>Dans le cadre normal de nos activit\u00e9s, nous pouvons \u00eatre amen\u00e9s \u00e0 partager certaines informations personnelles avec des entreprises que nous engageons pour r\u00e9aliser des services ou des fonctions en notre nom. Dans tous les cas o\u00f9 nous partageons vos informations personnelles avec un tiers, nous ne l&rsquo;autoriserons pas \u00e0 conserver, divulguer ou utiliser vos informations avec d&rsquo;autres personnes, sauf dans le but de fournir les services que nous lui avons demand\u00e9s. Nous ne vendrons, n&rsquo;\u00e9changerons ni ne publierons vos informations personnelles, sauf dans le cadre d&rsquo;une vente, d&rsquo;une fusion, d&rsquo;une dissolution ou d&rsquo;une acquisition de l&rsquo;entreprise.<\/p><p>Nous pouvons \u00eatre l\u00e9galement contraints de divulguer vos renseignements personnels en r\u00e9ponse \u00e0 une ordonnance judiciaire, une assignation \u00e0 compara\u00eetre, un mandat de perquisition, une loi ou un r\u00e8glement. Nous pouvons coop\u00e9rer avec les autorit\u00e9s charg\u00e9es de l&rsquo;application de la loi dans le cadre d&rsquo;enqu\u00eates et de poursuites contre les visiteurs du site Web qui enfreignent nos r\u00e8gles ou adoptent un comportement nuisible aux autres visiteurs (ou ill\u00e9gal).<\/p><h2>Qu\u2019en est-il de la protection de la vie priv\u00e9e sur les autres sites web ?<\/h2><p>Ce site web peut contenir des liens vers d&rsquo;autres sites web. Certains de ces sites web peuvent \u00eatre exploit\u00e9s par Boberry, et d&rsquo;autres par des tiers. Nous vous fournissons ces liens pour votre commodit\u00e9, mais nous n&rsquo;examinons, ne contr\u00f4lons ni ne surveillons les pratiques de confidentialit\u00e9 des sites Web exploit\u00e9s par des tiers. La pr\u00e9sente d\u00e9claration de confidentialit\u00e9 ne s&rsquo;applique \u00e0 aucun autre site web, m\u00eame aux autres sites web boberry-mach.com. Nous ne sommes pas responsables des performances des sites web exploit\u00e9s par des tiers ni de vos relations commerciales avec eux. Par cons\u00e9quent, lorsque vous quittez ce site Web, nous vous recommandons de consulter les pratiques de confidentialit\u00e9 de chaque site et de tirer vos propres conclusions quant \u00e0 la pertinence de ces pratiques.<\/p><h2>Le site boberry-mach.com communique-t-il directement avec les visiteurs ?<\/h2><p>Nous pourrons vous contacter p\u00e9riodiquement par courriel, par courrier postal ou par t\u00e9l\u00e9phone si vous acceptez d&rsquo;\u00eatre contact\u00e9(e), afin de vous fournir des informations concernant des programmes, des produits, des services et du contenu susceptibles de vous int\u00e9resser. De plus, certaines fonctionnalit\u00e9s de ce site Web vous permettent de communiquer avec nous via un formulaire en ligne. Si votre communication n\u00e9cessite une r\u00e9ponse de notre part, nous vous enverrons une r\u00e9ponse par courriel. La r\u00e9ponse ou la confirmation par courriel peut inclure vos renseignements personnels, notamment des renseignements personnels concernant votre sant\u00e9, votre nom, votre adresse, etc. Nous ne pouvons pas garantir que nos courriels vous seront prot\u00e9g\u00e9s contre toute interception non autoris\u00e9e.<\/p><h2>Qu\u2019en est-il de la s\u00e9curit\u00e9 du site web ?<\/h2><p>La s\u00e9curit\u00e9 est tr\u00e8s importante pour nous. Nous comprenons \u00e9galement que la s\u00e9curit\u00e9 est importante pour vous. Nous prenons des mesures raisonnables pour prot\u00e9ger vos renseignements personnels contre la perte, l\u2019utilisation abusive et l\u2019acc\u00e8s, la divulgation, la modification ou la destruction non autoris\u00e9s. Il faut garder \u00e0 l&rsquo;esprit qu&rsquo;aucune transmission par Internet n&rsquo;est jamais s\u00e9curis\u00e9e \u00e0 100 % ni exempte d&rsquo;erreurs. En particulier, les courriels envoy\u00e9s depuis ou vers ce site peuvent ne pas \u00eatre s\u00e9curis\u00e9s, et vous devez donc faire particuli\u00e8rement attention aux informations que vous nous transmettez par courriel.<\/p>\t\t\t\t\t\t\t\t<\/div>\n\t\t\t\t<\/div>\n\t\t\t\t\t<\/div>\n\t\t\t\t<\/div>\n\t\t\t\t<\/div>\n\t\t","protected":false},"excerpt":{"rendered":"<p>Bienvenue \u00e0 Boberry ! En visitant notre boutique, vous acceptez automatiquement l&rsquo;ensemble de ces conditions g\u00e9n\u00e9rales. Veuillez lire attentivement toutes les informations concernant nos directives, conditions et accords. Il est tr\u00e8s important de se soucier de l&rsquo;information car nous vivons dans une soci\u00e9t\u00e9 de l&rsquo;information et il ne faut pas sous-estimer la fa\u00e7on dont l&rsquo;information sera utilis\u00e9e et partag\u00e9e. La confiance est la pierre angulaire de l&rsquo;amiti\u00e9 et nous vous remercions d&rsquo;avoir choisi notre magasin. Nous vous donnons un acc\u00e8s complet \u00e0 diff\u00e9rents types d&rsquo;informations concernant votre compte. Veuillez \u00e9galement noter que notre site Web contient de nombreuses marques d\u00e9pos\u00e9es qui peuvent appartenir \u00e0 la fois \u00e0 notre soci\u00e9t\u00e9 et \u00e0 des soci\u00e9t\u00e9s tierces. Toute utilisation de logos, d&rsquo;ic\u00f4nes et de noms de services susceptible de cr\u00e9er une confusion chez nos clients est interdite et sera consid\u00e9r\u00e9e comme une violation du droit d&rsquo;auteur.Nous nous r\u00e9servons le droit de modifier ces conditions g\u00e9n\u00e9rales \u00e0 tout moment et sans pr\u00e9avis. En utilisant ce site web, vous acceptez les conditions de la version la plus r\u00e9cente de cette politique de confidentialit\u00e9. Veuillez lire nos Conditions d&rsquo;utilisation pour comprendre les r\u00e8gles g\u00e9n\u00e9rales relatives \u00e0 votre utilisation de ce site web. Sauf indication contraire dans d&rsquo;autres clauses de non-responsabilit\u00e9, politiques, conditions d&rsquo;utilisation ou autres avis figurant sur ce site Web, la pr\u00e9sente politique de confidentialit\u00e9 et les conditions d&rsquo;utilisation constituent l&rsquo;int\u00e9gralit\u00e9 de l&rsquo;accord entre vous et boberry-mach.com concernant votre utilisation de ce site Web. Vous pourriez \u00eatre soumis \u00e0 des conditions suppl\u00e9mentaires lorsque vous acc\u00e9dez \u00e0 certains services ou documents sur certaines parties de ce site Web, ou en suivant un lien depuis ce site Web. Introduction Les informations que nous recevons, et la mani\u00e8re dont nous les utilisons, d\u00e9pendent de ce que vous faites lorsque vous visitez notre site web. Nous recueillons et utilisons vos informations non personnelles (informations qui ne permettent pas de vous identifier personnellement) diff\u00e9remment de vos informations personnelles. Qu\u2019est-ce qu\u2019une information non personnelle ? Les informations non personnelles sont les informations que nous recueillons par le biais de ce site Web et qui ne nous identifient pas en tant que personne physique. Cela peut inclure des informations telles que les suivantes : le type de logiciel de navigation Web que vous utilisez (par exemple, Netscape Navigator ou Internet Explorer). le nom du domaine \u00e0 partir duquel vous acc\u00e9dez \u00e0 Internet. l&rsquo;adresse Internet du site Web \u00e0 partir duquel vous avez acc\u00e9d\u00e9 directement \u00e0 notre site Web. la date et l&rsquo;heure auxquelles vous acc\u00e9dez \u00e0 notre site web. quelles pages vous avez consult\u00e9es sur notre site web. les termes de recherche que vous utilisez. les liens sur lesquels vous cliquez. des informations personnelles qui ont \u00e9t\u00e9 rendues non personnelles ou anonymis\u00e9es (c\u2019est-\u00e0-dire des informations qui ne refl\u00e8tent plus ou ne font plus r\u00e9f\u00e9rence \u00e0 un utilisateur identifiable individuellement). Si vous consultez notre site web pour lire ou t\u00e9l\u00e9charger des informations, par exemple sur un probl\u00e8me de sant\u00e9 ou sur l&rsquo;un de nos produits, nous pouvons collecter certaines informations non personnelles vous concernant depuis votre ordinateur. Ces informations sont collect\u00e9es \u00e0 partir du navigateur Web de votre ordinateur : si vous vous contentez de lire ou de t\u00e9l\u00e9charger des informations sur notre site Web, nous ne collectons ni n\u2019apprenons votre nom, votre adresse \u00e9lectronique, votre adresse postale ou toute autre information personnelle vous concernant. Nous pouvons placer un fichier texte appel\u00e9 cookie dans les fichiers de navigation de votre ordinateur lorsque vous visitez notre site. Le cookie peut \u00eatre stock\u00e9 sur le disque dur de votre ordinateur. Les informations que nous recueillons \u00e0 l&rsquo;aide de cookies sont des informations non personnelles. Vous pouvez toujours refuser nos cookies si votre navigateur le permet, mais certaines parties de notre site Web pourraient ne pas fonctionner correctement si vous le faites. Nous n&rsquo;autoriserons aucun tiers, autre que les entreprises que nous engageons pour r\u00e9aliser des services ou des fonctions en notre nom, \u00e0 placer des cookies sur notre site web. Que fait le site boberry-mach.com avec les informations non personnelles ? \u00c9tant donn\u00e9 que les informations non personnelles ne permettent pas de vous identifier ni d&rsquo;\u00eatre li\u00e9es \u00e0 vous de quelque mani\u00e8re que ce soit, il n&rsquo;existe aucune restriction quant \u00e0 la mani\u00e8re dont nous pouvons utiliser ou partager ces informations. Nous cherchons constamment des moyens de mieux vous servir et d&rsquo;am\u00e9liorer ce site web. Nous utiliserons les informations non personnelles que vous nous fournissez pour nous aider \u00e0 rendre ce site web plus utile aux visiteurs. Nous utiliserons \u00e9galement les informations non personnelles \u00e0 d&rsquo;autres fins commerciales. Par exemple, nous pouvons utiliser des informations non personnelles ou des informations non personnelles agr\u00e9g\u00e9es pour : Cr\u00e9er des rapports \u00e0 usage interne pour d\u00e9velopper des programmes, des produits, des services ou du contenu. Personnaliser les informations ou les services qui vous int\u00e9ressent. le partager avec des tiers ou le vendre \u00e0 des tiers. fournir des \u00ab statistiques de trafic \u00bb et des \u00ab taux de r\u00e9ponse \u00bb agr\u00e9g\u00e9s \u00e0 des tiers. Que sont les informations personnelles ? Les renseignements personnels sont les informations que nous recueillons par l\u2019interm\u00e9diaire de ce site Web et qui nous permettent de vous identifier pr\u00e9cis\u00e9ment, telles que : nom num\u00e9ro de t\u00e9l\u00e9phone adresse email num\u00e9ro de s\u00e9rie de l&rsquo;appareil m\u00e9dical informations personnelles sur la sant\u00e9 date de naissance \u00c0 certains endroits de ce site web, vous avez la possibilit\u00e9 de nous envoyer des informations personnelles vous concernant, de choisir de recevoir des informations particuli\u00e8res ou de participer \u00e0 une activit\u00e9. Par exemple, vous pouvez remplir un formulaire d&rsquo;inscription, un sondage ou un formulaire de contact par e-mail et choisir de recevoir des documents p\u00e9dagogiques sur nos produits et th\u00e9rapies. Vous pouvez \u00e9galement choisir de nous autoriser \u00e0 personnaliser vos visites sur le site web, auquel cas nous vous demanderons certaines informations personnelles afin de rendre vos visites sur notre site web plus utiles pour vous. Lorsque ces informations sont combin\u00e9es avec les informations non personnelles que nous recueillons par le biais des cookies (d\u00e9crits ci-dessus), nous pourrons savoir que vous<\/p>\n","protected":false},"author":1,"featured_media":0,"parent":0,"menu_order":0,"comment_status":"closed","ping_status":"closed","template":"","meta":{"_acf_changed":false,"site-sidebar-layout":"default","site-content-layout":"","ast-site-content-layout":"default","site-content-style":"default","site-sidebar-style":"default","ast-global-header-display":"","ast-banner-title-visibility":"disabled","ast-main-header-display":"","ast-hfb-above-header-display":"","ast-hfb-below-header-display":"","ast-hfb-mobile-header-display":"disabled","site-post-title":"disabled","ast-breadcrumbs-content":"disabled","ast-featured-img":"disabled","footer-sml-layout":"disabled","theme-transparent-header-meta":"default","adv-header-id-meta":"","stick-header-meta":"","header-above-stick-meta":"","header-main-stick-meta":"","header-below-stick-meta":"","astra-migrate-meta-layouts":"default","ast-page-background-enabled":"default","ast-page-background-meta":{"desktop":{"background-color":"var(--ast-global-color-5)","background-image":"","background-repeat":"repeat","background-position":"center center","background-size":"auto","background-attachment":"scroll","background-type":"","background-media":"","overlay-type":"","overlay-color":"","overlay-opacity":"","overlay-gradient":""},"tablet":{"background-color":"","background-image":"","background-repeat":"repeat","background-position":"center center","background-size":"auto","background-attachment":"scroll","background-type":"","background-media":"","overlay-type":"","overlay-color":"","overlay-opacity":"","overlay-gradient":""},"mobile":{"background-color":"","background-image":"","background-repeat":"repeat","background-position":"center center","background-size":"auto","background-attachment":"scroll","background-type":"","background-media":"","overlay-type":"","overlay-color":"","overlay-opacity":"","overlay-gradient":""}},"ast-content-background-meta":{"desktop":{"background-color":"var(--ast-global-color-4)","background-image":"","background-repeat":"repeat","background-position":"center center","background-size":"auto","background-attachment":"scroll","background-type":"","background-media":"","overlay-type":"","overlay-color":"","overlay-opacity":"","overlay-gradient":""},"tablet":{"background-color":"var(--ast-global-color-4)","background-image":"","background-repeat":"repeat","background-position":"center center","background-size":"auto","background-attachment":"scroll","background-type":"","background-media":"","overlay-type":"","overlay-color":"","overlay-opacity":"","overlay-gradient":""},"mobile":{"background-color":"var(--ast-global-color-4)","background-image":"","background-repeat":"repeat","background-position":"center center","background-size":"auto","background-attachment":"scroll","background-type":"","background-media":"","overlay-type":"","overlay-color":"","overlay-opacity":"","overlay-gradient":""}},"footnotes":""},"class_list":["post-9442","page","type-page","status-publish","hentry"],"acf":[],"_links":{"self":[{"href":"https:\/\/www.boberry-mach.com\/fr\/wp-json\/wp\/v2\/pages\/9442","targetHints":{"allow":["GET"]}}],"collection":[{"href":"https:\/\/www.boberry-mach.com\/fr\/wp-json\/wp\/v2\/pages"}],"about":[{"href":"https:\/\/www.boberry-mach.com\/fr\/wp-json\/wp\/v2\/types\/page"}],"author":[{"embeddable":true,"href":"https:\/\/www.boberry-mach.com\/fr\/wp-json\/wp\/v2\/users\/1"}],"replies":[{"embeddable":true,"href":"https:\/\/www.boberry-mach.com\/fr\/wp-json\/wp\/v2\/comments?post=9442"}],"version-history":[{"count":1,"href":"https:\/\/www.boberry-mach.com\/fr\/wp-json\/wp\/v2\/pages\/9442\/revisions"}],"predecessor-version":[{"id":14008,"href":"https:\/\/www.boberry-mach.com\/fr\/wp-json\/wp\/v2\/pages\/9442\/revisions\/14008"}],"wp:attachment":[{"href":"https:\/\/www.boberry-mach.com\/fr\/wp-json\/wp\/v2\/media?parent=9442"}],"curies":[{"name":"wp","href":"https:\/\/api.w.org\/{rel}","templated":true}]}}