{"id":12086,"date":"2025-12-15T16:41:56","date_gmt":"2025-12-15T08:41:56","guid":{"rendered":"https:\/\/www.boberry-mach.com\/product\/racor-en-t-igual-de-acero-inoxidable-super-duplex\/"},"modified":"2026-02-02T19:10:34","modified_gmt":"2026-02-02T11:10:34","slug":"racor-en-t-igual-de-acero-inoxidable-super-duplex","status":"publish","type":"product","link":"https:\/\/www.boberry-mach.com\/es\/racor-en-t-igual-de-acero-inoxidable-super-duplex\/","title":{"rendered":"Racor en T igual de acero inoxidable super d\u00faplex"},"content":{"rendered":"<h2>Especificaciones t\u00e9cnicas<\/h2>\n<table>\n<tbody>\n<tr>\n<td>Especificaci\u00f3n<\/td>\n<td>Detalles<\/td>\n<\/tr>\n<tr>\n<td>Material<\/td>\n<td>Acero inoxidable super d\u00faplex<\/td>\n<\/tr>\n<tr>\n<td>Tipo<\/td>\n<td>Racor en T igual<\/td>\n<\/tr>\n<tr>\n<td>Tama\u00f1o nominal<\/td>\n<td>Personalizable (de 1\/2&#8243; a 4&#8243;)<\/td>\n<\/tr>\n<tr>\n<td>Pressure Rating<\/td>\n<td>Tolerancia a alta presi\u00f3n<\/td>\n<\/tr>\n<tr>\n<td>Resistencia a la corrosi\u00f3n<\/td>\n<td>Excelente para entornos hostiles y agresivos<\/td>\n<\/tr>\n<tr>\n<td>Rango de temperatura<\/td>\n<td>Hasta 500 \u00b0F (260 \u00b0C)<\/td>\n<\/tr>\n<tr>\n<td>Connection Type<\/td>\n<td>Soldadura a tope, soldadura de encaje, roscado<\/td>\n<\/tr>\n<tr>\n<td>Dimensiones<\/td>\n<td>Tama\u00f1os personalizados disponibles<\/td>\n<\/tr>\n<\/tbody>\n<\/table>\n<p>&nbsp;<\/p>\n","protected":false},"excerpt":{"rendered":"<ul>\n<li><strong>Resistencia a la corrosi\u00f3n:<\/strong> El material Super Duplex ofrece una durabilidad y protecci\u00f3n excepcionales en entornos hostiles como los de la industria marina y qu\u00edmica.<\/li>\n<li><strong>Alta resistencia:<\/strong> Ofrece una resistencia superior para soportar sistemas de alta presi\u00f3n y aplicaciones exigentes.<\/li>\n<li><strong>Versatilidad:<\/strong> Se ofrece en una amplia gama de tama\u00f1os y opciones de conexi\u00f3n, lo que lo hace compatible con diversos sistemas industriales.<\/li>\n<li><strong>Durabilidad a largo plazo:<\/strong> Proporciona una soluci\u00f3n fiable y duradera para sistemas de tuber\u00edas a largo plazo con m\u00ednimas necesidades de mantenimiento.<\/li>\n<\/ul>\n","protected":false},"featured_media":10892,"comment_status":"closed","ping_status":"closed","template":"","meta":{"_acf_changed":false,"site-sidebar-layout":"default","site-content-layout":"","ast-site-content-layout":"default","site-content-style":"default","site-sidebar-style":"default","ast-global-header-display":"","ast-banner-title-visibility":"","ast-main-header-display":"","ast-hfb-above-header-display":"","ast-hfb-below-header-display":"","ast-hfb-mobile-header-display":"","site-post-title":"","ast-breadcrumbs-content":"","ast-featured-img":"","footer-sml-layout":"","theme-transparent-header-meta":"default","adv-header-id-meta":"","stick-header-meta":"","header-above-stick-meta":"","header-main-stick-meta":"","header-below-stick-meta":"","astra-migrate-meta-layouts":"set","ast-page-background-enabled":"default","ast-page-background-meta":{"desktop":{"background-color":"var(--ast-global-color-5)","background-image":"","background-repeat":"repeat","background-position":"center center","background-size":"auto","background-attachment":"scroll","background-type":"","background-media":"","overlay-type":"","overlay-color":"","overlay-opacity":"","overlay-gradient":""},"tablet":{"background-color":"","background-image":"","background-repeat":"repeat","background-position":"center center","background-size":"auto","background-attachment":"scroll","background-type":"","background-media":"","overlay-type":"","overlay-color":"","overlay-opacity":"","overlay-gradient":""},"mobile":{"background-color":"","background-image":"","background-repeat":"repeat","background-position":"center center","background-size":"auto","background-attachment":"scroll","background-type":"","background-media":"","overlay-type":"","overlay-color":"","overlay-opacity":"","overlay-gradient":""}},"ast-content-background-meta":{"desktop":{"background-color":"var(--ast-global-color-4)","background-image":"","background-repeat":"repeat","background-position":"center center","background-size":"auto","background-attachment":"scroll","background-type":"","background-media":"","overlay-type":"","overlay-color":"","overlay-opacity":"","overlay-gradient":""},"tablet":{"background-color":"var(--ast-global-color-4)","background-image":"","background-repeat":"repeat","background-position":"center center","background-size":"auto","background-attachment":"scroll","background-type":"","background-media":"","overlay-type":"","overlay-color":"","overlay-opacity":"","overlay-gradient":""},"mobile":{"background-color":"var(--ast-global-color-4)","background-image":"","background-repeat":"repeat","background-position":"center center","background-size":"auto","background-attachment":"scroll","background-type":"","background-media":"","overlay-type":"","overlay-color":"","overlay-opacity":"","overlay-gradient":""}}},"product_brand":[],"product_cat":[70],"product_tag":[],"class_list":{"0":"post-12086","1":"product","2":"type-product","3":"status-publish","4":"has-post-thumbnail","6":"product_cat-piezas-fundidas","7":"desktop-align-left","8":"tablet-align-left","9":"mobile-align-left","11":"first","12":"instock","13":"shipping-taxable","14":"product-type-simple"},"acf":[],"_links":{"self":[{"href":"https:\/\/www.boberry-mach.com\/es\/wp-json\/wp\/v2\/product\/12086","targetHints":{"allow":["GET"]}}],"collection":[{"href":"https:\/\/www.boberry-mach.com\/es\/wp-json\/wp\/v2\/product"}],"about":[{"href":"https:\/\/www.boberry-mach.com\/es\/wp-json\/wp\/v2\/types\/product"}],"replies":[{"embeddable":true,"href":"https:\/\/www.boberry-mach.com\/es\/wp-json\/wp\/v2\/comments?post=12086"}],"wp:featuredmedia":[{"embeddable":true,"href":"https:\/\/www.boberry-mach.com\/es\/wp-json\/wp\/v2\/media\/10892"}],"wp:attachment":[{"href":"https:\/\/www.boberry-mach.com\/es\/wp-json\/wp\/v2\/media?parent=12086"}],"wp:term":[{"taxonomy":"product_brand","embeddable":true,"href":"https:\/\/www.boberry-mach.com\/es\/wp-json\/wp\/v2\/product_brand?post=12086"},{"taxonomy":"product_cat","embeddable":true,"href":"https:\/\/www.boberry-mach.com\/es\/wp-json\/wp\/v2\/product_cat?post=12086"},{"taxonomy":"product_tag","embeddable":true,"href":"https:\/\/www.boberry-mach.com\/es\/wp-json\/wp\/v2\/product_tag?post=12086"}],"curies":[{"name":"wp","href":"https:\/\/api.w.org\/{rel}","templated":true}]}}