{"id":12084,"date":"2025-12-15T16:24:52","date_gmt":"2025-12-15T08:24:52","guid":{"rendered":"https:\/\/www.boberry-mach.com\/product\/impulsor-abierto-de-acero-inoxidable-super-duplex\/"},"modified":"2026-02-02T18:58:26","modified_gmt":"2026-02-02T10:58:26","slug":"impulsor-abierto-de-acero-inoxidable-super-duplex","status":"publish","type":"product","link":"https:\/\/www.boberry-mach.com\/es\/impulsor-abierto-de-acero-inoxidable-super-duplex\/","title":{"rendered":"Impulsor abierto de acero inoxidable s\u00faper d\u00faplex"},"content":{"rendered":"<h2>Especificaciones t\u00e9cnicas<\/h2>\n<table>\n<tbody>\n<tr>\n<td>Especificaci\u00f3n<\/td>\n<td>Detalles<\/td>\n<\/tr>\n<tr>\n<td>Material<\/td>\n<td>Acero inoxidable s\u00faper d\u00faplex (F55)<\/td>\n<\/tr>\n<tr>\n<td>Tipo<\/td>\n<td>Impulsor abierto<\/td>\n<\/tr>\n<tr>\n<td>Tama\u00f1o<\/td>\n<td>Tama\u00f1os personalizados disponibles<\/td>\n<\/tr>\n<tr>\n<td>Peso<\/td>\n<td>Var\u00eda seg\u00fan el tama\u00f1o<\/td>\n<\/tr>\n<tr>\n<td>Resistencia a la corrosi\u00f3n<\/td>\n<td>Excellent in chloride-rich environments<\/td>\n<\/tr>\n<tr>\n<td>Dureza<\/td>\n<td>Hasta 1250 HV1<\/td>\n<\/tr>\n<tr>\n<td>Tolerancia<\/td>\n<td>Dentro de 0,05 mm<\/td>\n<\/tr>\n<tr>\n<td>Acabado de la superficie<\/td>\n<td>Suave, sin ara\u00f1azos<\/td>\n<\/tr>\n<\/tbody>\n<\/table>\n<h2>Aplicaciones<\/h2>\n<ul>\n<li><strong>Desalinizaci\u00f3n de agua de mar:<\/strong> Ideal para su uso en bombas de agua de mar y sistemas de desalinizaci\u00f3n.<\/li>\n<li><strong>Industria petroqu\u00edmica:<\/strong> Adecuado para bombas que manejan hidrocarburos y productos qu\u00edmicos agresivos.<\/li>\n<li><strong>Ingenier\u00eda naval: <\/strong> Optimizada para entornos submarinos y de alta salinidad.<\/li>\n<li><strong>Generaci\u00f3n de energ\u00eda:<\/strong> Esencial para los sistemas de refrigeraci\u00f3n y el manejo de fluidos en las centrales el\u00e9ctricas.<\/li>\n<li><strong>Miner\u00eda:<\/strong> Se utiliza en bombas de lodo y otros sistemas de fluidos industriales de alta resistencia.<\/li>\n<\/ul>\n","protected":false},"excerpt":{"rendered":"<ul>\n<li><strong>Alta resistencia:<\/strong> El acero inoxidable superd\u00faplex ofrece una resistencia mec\u00e1nica excepcional, lo que lo hace perfecto para condiciones exigentes.<\/li>\n<li><strong>Resistencia a la corrosi\u00f3n:<\/strong> Es perfecto para condiciones qu\u00edmicas adversas gracias a su excepcional resistencia a la corrosi\u00f3n bajo tensi\u00f3n y a la corrosi\u00f3n por picaduras.<\/li>\n<li><strong>Durabilidad:<\/strong> Dise\u00f1ado para soportar aplicaciones de alta presi\u00f3n y alta temperatura, garantizando una fiabilidad a largo plazo.<\/li>\n<li><strong>Dise\u00f1o vers\u00e1til:<\/strong> Adecuado para diversos sistemas de bombeo, ofreciendo un rendimiento eficiente en diferentes campos industriales.<\/li>\n<li><strong>Dise\u00f1o abierto:<\/strong> Proporciona un flujo de fluido suave y uniforme, reduciendo la probabilidad de obstrucciones en aplicaciones de bombeo dif\u00edciles.<\/li>\n<\/ul>\n","protected":false},"featured_media":10888,"comment_status":"closed","ping_status":"closed","template":"","meta":{"_acf_changed":false,"site-sidebar-layout":"default","site-content-layout":"","ast-site-content-layout":"default","site-content-style":"default","site-sidebar-style":"default","ast-global-header-display":"","ast-banner-title-visibility":"","ast-main-header-display":"","ast-hfb-above-header-display":"","ast-hfb-below-header-display":"","ast-hfb-mobile-header-display":"","site-post-title":"","ast-breadcrumbs-content":"","ast-featured-img":"","footer-sml-layout":"","theme-transparent-header-meta":"default","adv-header-id-meta":"","stick-header-meta":"","header-above-stick-meta":"","header-main-stick-meta":"","header-below-stick-meta":"","astra-migrate-meta-layouts":"set","ast-page-background-enabled":"default","ast-page-background-meta":{"desktop":{"background-color":"var(--ast-global-color-5)","background-image":"","background-repeat":"repeat","background-position":"center center","background-size":"auto","background-attachment":"scroll","background-type":"","background-media":"","overlay-type":"","overlay-color":"","overlay-opacity":"","overlay-gradient":""},"tablet":{"background-color":"","background-image":"","background-repeat":"repeat","background-position":"center center","background-size":"auto","background-attachment":"scroll","background-type":"","background-media":"","overlay-type":"","overlay-color":"","overlay-opacity":"","overlay-gradient":""},"mobile":{"background-color":"","background-image":"","background-repeat":"repeat","background-position":"center center","background-size":"auto","background-attachment":"scroll","background-type":"","background-media":"","overlay-type":"","overlay-color":"","overlay-opacity":"","overlay-gradient":""}},"ast-content-background-meta":{"desktop":{"background-color":"var(--ast-global-color-4)","background-image":"","background-repeat":"repeat","background-position":"center center","background-size":"auto","background-attachment":"scroll","background-type":"","background-media":"","overlay-type":"","overlay-color":"","overlay-opacity":"","overlay-gradient":""},"tablet":{"background-color":"var(--ast-global-color-4)","background-image":"","background-repeat":"repeat","background-position":"center center","background-size":"auto","background-attachment":"scroll","background-type":"","background-media":"","overlay-type":"","overlay-color":"","overlay-opacity":"","overlay-gradient":""},"mobile":{"background-color":"var(--ast-global-color-4)","background-image":"","background-repeat":"repeat","background-position":"center center","background-size":"auto","background-attachment":"scroll","background-type":"","background-media":"","overlay-type":"","overlay-color":"","overlay-opacity":"","overlay-gradient":""}}},"product_brand":[],"product_cat":[70],"product_tag":[],"class_list":{"0":"post-12084","1":"product","2":"type-product","3":"status-publish","4":"has-post-thumbnail","6":"product_cat-piezas-fundidas-3","7":"desktop-align-left","8":"tablet-align-left","9":"mobile-align-left","11":"first","12":"instock","13":"shipping-taxable","14":"product-type-simple"},"acf":[],"_links":{"self":[{"href":"https:\/\/www.boberry-mach.com\/es\/wp-json\/wp\/v2\/product\/12084","targetHints":{"allow":["GET"]}}],"collection":[{"href":"https:\/\/www.boberry-mach.com\/es\/wp-json\/wp\/v2\/product"}],"about":[{"href":"https:\/\/www.boberry-mach.com\/es\/wp-json\/wp\/v2\/types\/product"}],"replies":[{"embeddable":true,"href":"https:\/\/www.boberry-mach.com\/es\/wp-json\/wp\/v2\/comments?post=12084"}],"wp:featuredmedia":[{"embeddable":true,"href":"https:\/\/www.boberry-mach.com\/es\/wp-json\/wp\/v2\/media\/10888"}],"wp:attachment":[{"href":"https:\/\/www.boberry-mach.com\/es\/wp-json\/wp\/v2\/media?parent=12084"}],"wp:term":[{"taxonomy":"product_brand","embeddable":true,"href":"https:\/\/www.boberry-mach.com\/es\/wp-json\/wp\/v2\/product_brand?post=12084"},{"taxonomy":"product_cat","embeddable":true,"href":"https:\/\/www.boberry-mach.com\/es\/wp-json\/wp\/v2\/product_cat?post=12084"},{"taxonomy":"product_tag","embeddable":true,"href":"https:\/\/www.boberry-mach.com\/es\/wp-json\/wp\/v2\/product_tag?post=12084"}],"curies":[{"name":"wp","href":"https:\/\/api.w.org\/{rel}","templated":true}]}}