{"id":12081,"date":"2025-12-15T10:09:47","date_gmt":"2025-12-15T02:09:47","guid":{"rendered":"https:\/\/www.boberry-mach.com\/product\/cuerpo-de-valvula-angular-de-acero-inoxidable-duplex\/"},"modified":"2026-02-02T18:43:30","modified_gmt":"2026-02-02T10:43:30","slug":"cuerpo-de-valvula-angular-de-acero-inoxidable-duplex","status":"publish","type":"product","link":"https:\/\/www.boberry-mach.com\/es\/cuerpo-de-valvula-angular-de-acero-inoxidable-duplex\/","title":{"rendered":"Cuerpo de v\u00e1lvula angular de acero inoxidable d\u00faplex"},"content":{"rendered":"<h2>Especificaciones t\u00e9cnicas<\/h2>\n<table>\n<tbody>\n<tr>\n<td>Art\u00edculo<\/td>\n<td>Detalles<\/td>\n<\/tr>\n<tr>\n<td>Nombre del producto<\/td>\n<td>Cuerpo de v\u00e1lvula angular de acero inoxidable d\u00faplex<\/td>\n<\/tr>\n<tr>\n<td>Materiales<\/td>\n<td>Acero inoxidable d\u00faplex (S31803 SAF2205, S32750 SAF2507)<\/td>\n<\/tr>\n<tr>\n<td>Proceso de fundici\u00f3n<\/td>\n<td>Fundici\u00f3n en arena, fundici\u00f3n de precisi\u00f3n<\/td>\n<\/tr>\n<tr>\n<td>Rango de peso<\/td>\n<td>0,001 kg a 99 kg (fundici\u00f3n de precisi\u00f3n); 0,5 kg a 500 kg (fundici\u00f3n en arena)<\/td>\n<\/tr>\n<tr>\n<td>Dimensiones m\u00e1ximas<\/td>\n<td>1500 \u00d7 1500 \u00d7 1500 mm<\/td>\n<\/tr>\n<tr>\n<td>Espesor de la pared<\/td>\n<td>M\u00ednimo 0,5 mm<\/td>\n<\/tr>\n<tr>\n<td>Acabado de la superficie<\/td>\n<td>Ra1.6-3.2 (rugosidad est\u00e1ndar), tolerancia de mecanizado de acabado de \u00b10,009 mm.<\/td>\n<\/tr>\n<tr>\n<td>Resistencia a la corrosi\u00f3n<\/td>\n<td>Extraordinaria resistencia a condiciones extremas, ideal para los sectores petroqu\u00edmico, qu\u00edmico y mar\u00edtimo<\/td>\n<\/tr>\n<tr>\n<td>Propiedades mec\u00e1nicas<\/td>\n<td>Alta resistencia, mayor tenacidad y ductilidad sin fragilidad a temperatura ambiente<\/td>\n<\/tr>\n<tr>\n<td>Capacidad de soldadura<\/td>\n<td>Excelente soldabilidad para facilitar el montaje y la reparaci\u00f3n<\/td>\n<\/tr>\n<tr>\n<td>Est\u00e1ndares<\/td>\n<td>EN, BS, AISI, ASTM, JIS, ASTM A351, ASTM A995<\/td>\n<\/tr>\n<tr>\n<td>Capacidad de suministro<\/td>\n<td>100-150 toneladas por mes<\/td>\n<\/tr>\n<tr>\n<td>El tiempo de entrega<\/td>\n<td>45 d\u00edas (plazo de entrega est\u00e1ndar)<\/td>\n<\/tr>\n<\/tbody>\n<\/table>\n<h2>Composici\u00f3n qu\u00edmica del acero inoxidable d\u00faplex<\/h2>\n<table>\n<tbody>\n<tr>\n<td>TIPO<\/td>\n<td>C\u2264<\/td>\n<td>Mn\u2264<\/td>\n<td>Si\u2264<\/td>\n<td>S\u2264<\/td>\n<td>P\u2264<\/td>\n<td>Cr<\/td>\n<td>Ni<\/td>\n<td>Mo<\/td>\n<td>Cu\u2264<\/td>\n<td>N<\/td>\n<\/tr>\n<tr>\n<td>S32750 (SAF2507)<\/td>\n<td>0.03<\/td>\n<td>1.2<\/td>\n<td>0.8<\/td>\n<td>0.02<\/td>\n<td>0.035<\/td>\n<td>24.0\/26.0<\/td>\n<td>6.0\/8.0<\/td>\n<td>3.0\/5.0<\/td>\n<td>0.5<\/td>\n<td>0.24\/0.32<\/td>\n<\/tr>\n<tr>\n<td>S31803 (SAF2205)<\/td>\n<td>0.03<\/td>\n<td>2<\/td>\n<td>1<\/td>\n<td>0.02<\/td>\n<td>0.03<\/td>\n<td>21.0\/23.0<\/td>\n<td>4.50\/6.50<\/td>\n<td>2.50\/3.50<\/td>\n<td>&#8211;<\/td>\n<td>0.08\/0.20<\/td>\n<\/tr>\n<tr>\n<td>S31500 (3RE60)<\/td>\n<td>0.03<\/td>\n<td>1.2\/2.0<\/td>\n<td>1.4\/2.0<\/td>\n<td>0.03<\/td>\n<td>0.03<\/td>\n<td>18.0\/19.0<\/td>\n<td>4.25\/5.25<\/td>\n<td>2.50\/2.00<\/td>\n<td>&#8211;<\/td>\n<td>0.05\/0.10<\/td>\n<\/tr>\n<\/tbody>\n<\/table>\n<h2>Aplicaciones<\/h2>\n<ul>\n<li><strong>Industria naval:<\/strong> Carcasas de bombas y v\u00e1lvulas resistentes a la corrosi\u00f3n para plataformas petrol\u00edferas marinas, buques y sistemas de tratamiento de agua.<\/li>\n<li><strong>Refinaci\u00f3n de petr\u00f3leo:<\/strong> Carcasas de bombas y cuerpos de v\u00e1lvulas para su uso en sistemas de extracci\u00f3n, procesamiento y transporte de petr\u00f3leo.<\/li>\n<li><strong>Industria qu\u00edmica:<\/strong> Componentes duraderos y resistentes a la corrosi\u00f3n para reactores qu\u00edmicos, bombas y tuber\u00edas.<\/li>\n<li><strong>Intercambiadores de calor:<\/strong> Carcasas y cubiertas de alto rendimiento para sistemas de intercambio de calor industriales.<\/li>\n<li><strong>Sistemas de almacenamiento en fr\u00edo y refrigeraci\u00f3n:<\/strong> Componentes para sistemas de refrigeraci\u00f3n y aire acondicionado que operan en entornos extremos.<\/li>\n<li><strong>Fabricaci\u00f3n de bombas de aceite:<\/strong> Carcasas y componentes fundidos para bombas utilizadas en aplicaciones automotrices, industriales y marinas.<\/li>\n<li><strong>Fabricaci\u00f3n de bombas de aceite:<\/strong> Carcasas y componentes fundidos para bombas utilizadas en aplicaciones automotrices, industriales y marinas.<\/li>\n<li><strong>Construcci\u00f3n y generaci\u00f3n de energ\u00eda:<\/strong> Carcasas de fundici\u00f3n para bombas, turbinas y otra maquinaria utilizada en centrales el\u00e9ctricas y construcciones industriales.<\/li>\n<\/ul>\n","protected":false},"excerpt":{"rendered":"<ul>\n<li><strong>Resistencia superior a la corrosi\u00f3n:<\/strong> las aleaciones de acero inoxidable d\u00faplex ofrecen una resistencia excepcional a la corrosi\u00f3n en condiciones dif\u00edciles, como las que se encuentran en los sectores petrolero, qu\u00edmico y mar\u00edtimo.<\/li>\n<li><strong>Material que ahorra n\u00edquel:<\/strong> el acero inoxidable d\u00faplex reduce el contenido de n\u00edquel manteniendo el rendimiento, lo que ofrece una alternativa rentable al acero inoxidable tradicional.<\/li>\n<li><strong>Soldabilidad: <\/strong> Su excepcional rendimiento de soldadura permite un f\u00e1cil montaje y mantenimiento de los sistemas de bombeo.<\/li>\n<li><strong>Amplia flexibilidad dimensional:<\/strong> Disponible en varios tama\u00f1os, con dimensiones m\u00e1ximas de hasta 1500 x 1500 x 1500 mm, lo que la hace adecuada tanto para piezas peque\u00f1as como grandes.<\/li>\n<\/ul>\n","protected":false},"featured_media":10866,"comment_status":"closed","ping_status":"closed","template":"","meta":{"_acf_changed":false,"site-sidebar-layout":"default","site-content-layout":"","ast-site-content-layout":"default","site-content-style":"default","site-sidebar-style":"default","ast-global-header-display":"","ast-banner-title-visibility":"","ast-main-header-display":"","ast-hfb-above-header-display":"","ast-hfb-below-header-display":"","ast-hfb-mobile-header-display":"","site-post-title":"","ast-breadcrumbs-content":"","ast-featured-img":"","footer-sml-layout":"","theme-transparent-header-meta":"default","adv-header-id-meta":"","stick-header-meta":"","header-above-stick-meta":"","header-main-stick-meta":"","header-below-stick-meta":"","astra-migrate-meta-layouts":"set","ast-page-background-enabled":"default","ast-page-background-meta":{"desktop":{"background-color":"var(--ast-global-color-5)","background-image":"","background-repeat":"repeat","background-position":"center center","background-size":"auto","background-attachment":"scroll","background-type":"","background-media":"","overlay-type":"","overlay-color":"","overlay-opacity":"","overlay-gradient":""},"tablet":{"background-color":"","background-image":"","background-repeat":"repeat","background-position":"center center","background-size":"auto","background-attachment":"scroll","background-type":"","background-media":"","overlay-type":"","overlay-color":"","overlay-opacity":"","overlay-gradient":""},"mobile":{"background-color":"","background-image":"","background-repeat":"repeat","background-position":"center center","background-size":"auto","background-attachment":"scroll","background-type":"","background-media":"","overlay-type":"","overlay-color":"","overlay-opacity":"","overlay-gradient":""}},"ast-content-background-meta":{"desktop":{"background-color":"var(--ast-global-color-4)","background-image":"","background-repeat":"repeat","background-position":"center center","background-size":"auto","background-attachment":"scroll","background-type":"","background-media":"","overlay-type":"","overlay-color":"","overlay-opacity":"","overlay-gradient":""},"tablet":{"background-color":"var(--ast-global-color-4)","background-image":"","background-repeat":"repeat","background-position":"center center","background-size":"auto","background-attachment":"scroll","background-type":"","background-media":"","overlay-type":"","overlay-color":"","overlay-opacity":"","overlay-gradient":""},"mobile":{"background-color":"var(--ast-global-color-4)","background-image":"","background-repeat":"repeat","background-position":"center center","background-size":"auto","background-attachment":"scroll","background-type":"","background-media":"","overlay-type":"","overlay-color":"","overlay-opacity":"","overlay-gradient":""}}},"product_brand":[],"product_cat":[70],"product_tag":[],"class_list":{"0":"post-12081","1":"product","2":"type-product","3":"status-publish","4":"has-post-thumbnail","6":"product_cat-piezas-fundidas-3","7":"desktop-align-left","8":"tablet-align-left","9":"mobile-align-left","11":"first","12":"instock","13":"shipping-taxable","14":"product-type-simple"},"acf":[],"_links":{"self":[{"href":"https:\/\/www.boberry-mach.com\/es\/wp-json\/wp\/v2\/product\/12081","targetHints":{"allow":["GET"]}}],"collection":[{"href":"https:\/\/www.boberry-mach.com\/es\/wp-json\/wp\/v2\/product"}],"about":[{"href":"https:\/\/www.boberry-mach.com\/es\/wp-json\/wp\/v2\/types\/product"}],"replies":[{"embeddable":true,"href":"https:\/\/www.boberry-mach.com\/es\/wp-json\/wp\/v2\/comments?post=12081"}],"wp:featuredmedia":[{"embeddable":true,"href":"https:\/\/www.boberry-mach.com\/es\/wp-json\/wp\/v2\/media\/10866"}],"wp:attachment":[{"href":"https:\/\/www.boberry-mach.com\/es\/wp-json\/wp\/v2\/media?parent=12081"}],"wp:term":[{"taxonomy":"product_brand","embeddable":true,"href":"https:\/\/www.boberry-mach.com\/es\/wp-json\/wp\/v2\/product_brand?post=12081"},{"taxonomy":"product_cat","embeddable":true,"href":"https:\/\/www.boberry-mach.com\/es\/wp-json\/wp\/v2\/product_cat?post=12081"},{"taxonomy":"product_tag","embeddable":true,"href":"https:\/\/www.boberry-mach.com\/es\/wp-json\/wp\/v2\/product_tag?post=12081"}],"curies":[{"name":"wp","href":"https:\/\/api.w.org\/{rel}","templated":true}]}}