{"id":12064,"date":"2025-12-12T14:32:13","date_gmt":"2025-12-12T06:32:13","guid":{"rendered":"https:\/\/www.boberry-mach.com\/product\/fundiciones-de-acero-aleado-a-la-cera-perdida\/"},"modified":"2026-02-02T14:27:59","modified_gmt":"2026-02-02T06:27:59","slug":"fundiciones-de-acero-aleado-a-la-cera-perdida","status":"publish","type":"product","link":"https:\/\/www.boberry-mach.com\/es\/fundiciones-de-acero-aleado-a-la-cera-perdida\/","title":{"rendered":"Fundiciones de acero aleado a la cera perdida"},"content":{"rendered":"<h2>Especificaciones t\u00e9cnicas<\/h2>\n<table>\n<tbody>\n<tr>\n<td>Art\u00edculo<\/td>\n<td>Detalles<\/td>\n<\/tr>\n<tr>\n<td>Nombre del producto<\/td>\n<td>Fundiciones de acero aleado a la cera perdida<\/td>\n<\/tr>\n<tr>\n<td>Materiales principales<\/td>\n<td>Acero aleado<\/td>\n<\/tr>\n<tr>\n<td>Est\u00e1ndares de materiales<\/td>\n<td>EN, BS, AISI, ASTM, JIS<\/td>\n<\/tr>\n<tr>\n<td>Proceso de fundici\u00f3n<\/td>\n<td>Fundici\u00f3n de precisi\u00f3n a la cera perdida (fundici\u00f3n de precisi\u00f3n)<\/td>\n<\/tr>\n<tr>\n<td>Rango de peso<\/td>\n<td>0,001 kg \u2013 99 kg (fundici\u00f3n de precisi\u00f3n); 0,5 kg \u2013 500 kg (fundici\u00f3n en arena)<\/td>\n<\/tr>\n<tr>\n<td>Dimensiones m\u00e1ximas<\/td>\n<td>1500 \u00d7 1500 \u00d7 1500 mm<\/td>\n<\/tr>\n<tr>\n<td>Espesor m\u00ednimo de la pared<\/td>\n<td>Aproximadamente 0,5 mm<\/td>\n<\/tr>\n<tr>\n<td>Rugosidad de la superficie<\/td>\n<td>Ra 1,6\u20133,2 (t\u00edpicamente para fundici\u00f3n de precisi\u00f3n)<\/td>\n<\/tr>\n<tr>\n<td>Tolerancia de mecanizado final<\/td>\n<td>\u00b10.009 mm<\/td>\n<\/tr>\n<tr>\n<td>Composici\u00f3n qu\u00edmica<\/td>\n<td>35SiMn, 40Cr, 25CrMo, 30CrMo (4130), 35CrMo, 42CrMo (4140), 50CrMo, 12Cr1MoV, 25Cr2MoVA, 38CrMoAI<\/td>\n<\/tr>\n<tr>\n<td>Aplicaciones<\/td>\n<td>Automoci\u00f3n, maquinaria el\u00e9ctrica, construcci\u00f3n, miner\u00eda, agricultura, sector naval, metalurgia, etc.<\/td>\n<\/tr>\n<tr>\n<td>Capacidad de suministro<\/td>\n<td>100-150 toneladas por mes<\/td>\n<\/tr>\n<tr>\n<td>El tiempo de entrega<\/td>\n<td>Aproximadamente 45 d\u00edas<\/td>\n<\/tr>\n<\/tbody>\n<\/table>\n<h2>Aplicaciones<\/h2>\n<ul>\n<li>Maquinaria y piezas para autom\u00f3viles<\/li>\n<li>Generaci\u00f3n de energ\u00eda y equipos industriales<\/li>\n<li>Componentes de maquinaria de construcci\u00f3n<\/li>\n<li>Equipos de miner\u00eda y herramientas de procesamiento<\/li>\n<li>Maquinaria agr\u00edcola<\/li>\n<li>Componentes marinos y para plataformas petrol\u00edferas<\/li>\n<li>Maquinaria de fluidos y bombas<\/li>\n<li>Herramientas para la industria metal\u00fargica<\/li>\n<\/ul>\n","protected":false},"excerpt":{"rendered":"<ul>\n<li><strong>Alta precisi\u00f3n y excelente acabado superficial:<\/strong> la fundici\u00f3n a la cera perdida ofrece una alta precisi\u00f3n dimensional y superficies lisas, minimizando los costos de posprocesamiento y montaje.<\/li>\n<li><strong>Geometr\u00edas complejas compatibles:<\/strong> Capaz de producir formas intrincadas y complejas, lo que la hace ideal para componentes de maquinaria avanzada.<\/li>\n<li><strong>Alta resistencia y durabilidad:<\/strong> Materiales como el 304L y el 316L ofrecen una resistencia excepcional al desgaste, la corrosi\u00f3n y las altas temperaturas.<\/li>\n<li><strong>Producci\u00f3n personalizable<\/strong>: Fundici\u00f3n a medida seg\u00fan los requisitos espec\u00edficos del cliente, con dimensiones m\u00e1ximas de hasta 1500 \u00d7 1500 \u00d7 1500 mm.<\/li>\n<\/ul>\n","protected":false},"featured_media":10849,"comment_status":"closed","ping_status":"closed","template":"","meta":{"_acf_changed":false,"site-sidebar-layout":"default","site-content-layout":"","ast-site-content-layout":"default","site-content-style":"default","site-sidebar-style":"default","ast-global-header-display":"","ast-banner-title-visibility":"","ast-main-header-display":"","ast-hfb-above-header-display":"","ast-hfb-below-header-display":"","ast-hfb-mobile-header-display":"","site-post-title":"","ast-breadcrumbs-content":"","ast-featured-img":"","footer-sml-layout":"","theme-transparent-header-meta":"default","adv-header-id-meta":"","stick-header-meta":"","header-above-stick-meta":"","header-main-stick-meta":"","header-below-stick-meta":"","astra-migrate-meta-layouts":"set","ast-page-background-enabled":"default","ast-page-background-meta":{"desktop":{"background-color":"var(--ast-global-color-5)","background-image":"","background-repeat":"repeat","background-position":"center center","background-size":"auto","background-attachment":"scroll","background-type":"","background-media":"","overlay-type":"","overlay-color":"","overlay-opacity":"","overlay-gradient":""},"tablet":{"background-color":"","background-image":"","background-repeat":"repeat","background-position":"center center","background-size":"auto","background-attachment":"scroll","background-type":"","background-media":"","overlay-type":"","overlay-color":"","overlay-opacity":"","overlay-gradient":""},"mobile":{"background-color":"","background-image":"","background-repeat":"repeat","background-position":"center center","background-size":"auto","background-attachment":"scroll","background-type":"","background-media":"","overlay-type":"","overlay-color":"","overlay-opacity":"","overlay-gradient":""}},"ast-content-background-meta":{"desktop":{"background-color":"var(--ast-global-color-4)","background-image":"","background-repeat":"repeat","background-position":"center center","background-size":"auto","background-attachment":"scroll","background-type":"","background-media":"","overlay-type":"","overlay-color":"","overlay-opacity":"","overlay-gradient":""},"tablet":{"background-color":"var(--ast-global-color-4)","background-image":"","background-repeat":"repeat","background-position":"center center","background-size":"auto","background-attachment":"scroll","background-type":"","background-media":"","overlay-type":"","overlay-color":"","overlay-opacity":"","overlay-gradient":""},"mobile":{"background-color":"var(--ast-global-color-4)","background-image":"","background-repeat":"repeat","background-position":"center center","background-size":"auto","background-attachment":"scroll","background-type":"","background-media":"","overlay-type":"","overlay-color":"","overlay-opacity":"","overlay-gradient":""}}},"product_brand":[],"product_cat":[70],"product_tag":[],"class_list":{"0":"post-12064","1":"product","2":"type-product","3":"status-publish","4":"has-post-thumbnail","6":"product_cat-piezas-fundidas-3","7":"desktop-align-left","8":"tablet-align-left","9":"mobile-align-left","11":"first","12":"instock","13":"shipping-taxable","14":"product-type-simple"},"acf":[],"_links":{"self":[{"href":"https:\/\/www.boberry-mach.com\/es\/wp-json\/wp\/v2\/product\/12064","targetHints":{"allow":["GET"]}}],"collection":[{"href":"https:\/\/www.boberry-mach.com\/es\/wp-json\/wp\/v2\/product"}],"about":[{"href":"https:\/\/www.boberry-mach.com\/es\/wp-json\/wp\/v2\/types\/product"}],"replies":[{"embeddable":true,"href":"https:\/\/www.boberry-mach.com\/es\/wp-json\/wp\/v2\/comments?post=12064"}],"wp:featuredmedia":[{"embeddable":true,"href":"https:\/\/www.boberry-mach.com\/es\/wp-json\/wp\/v2\/media\/10849"}],"wp:attachment":[{"href":"https:\/\/www.boberry-mach.com\/es\/wp-json\/wp\/v2\/media?parent=12064"}],"wp:term":[{"taxonomy":"product_brand","embeddable":true,"href":"https:\/\/www.boberry-mach.com\/es\/wp-json\/wp\/v2\/product_brand?post=12064"},{"taxonomy":"product_cat","embeddable":true,"href":"https:\/\/www.boberry-mach.com\/es\/wp-json\/wp\/v2\/product_cat?post=12064"},{"taxonomy":"product_tag","embeddable":true,"href":"https:\/\/www.boberry-mach.com\/es\/wp-json\/wp\/v2\/product_tag?post=12064"}],"curies":[{"name":"wp","href":"https:\/\/api.w.org\/{rel}","templated":true}]}}