{"id":12055,"date":"2025-12-12T11:36:13","date_gmt":"2025-12-12T03:36:13","guid":{"rendered":"https:\/\/www.boberry-mach.com\/product\/valvula-de-acero-al-carbono-fundido\/"},"modified":"2026-02-02T13:12:30","modified_gmt":"2026-02-02T05:12:30","slug":"valvula-de-acero-al-carbono-fundido","status":"publish","type":"product","link":"https:\/\/www.boberry-mach.com\/es\/valvula-de-acero-al-carbono-fundido\/","title":{"rendered":"V\u00e1lvula de acero al carbono fundido"},"content":{"rendered":"<h2>Especificaciones t\u00e9cnicas<\/h2>\n<table>\n<tbody>\n<tr>\n<td>Art\u00edculo<\/td>\n<td>Detalles<\/td>\n<\/tr>\n<tr>\n<td>Nombre del producto<\/td>\n<td>V\u00e1lvula de acero al carbono fundido<\/td>\n<\/tr>\n<tr>\n<td>Medios aplicables<\/td>\n<td>Agua, vapor, aceites, gas y diversos medios corrosivos<\/td>\n<\/tr>\n<tr>\n<td>Materiales principales<\/td>\n<td>Carbon steel<\/td>\n<\/tr>\n<tr>\n<td>Est\u00e1ndares<\/td>\n<td>EN, BS, AISI, ASTM, JIS, GB<\/td>\n<\/tr>\n<tr>\n<td>Grados t\u00edpicos de acero fundido<\/td>\n<td>ZG200-400, ZG230-450, ZG270-500, ZG310-570, ZC340-640 (l\u00edmites qu\u00edmicos disponibles bajo solicitud)<\/td>\n<\/tr>\n<tr>\n<td>Tipos de v\u00e1lvulas<\/td>\n<td>V\u00e1lvulas de bola, v\u00e1lvulas de mariposa, v\u00e1lvulas de macho, v\u00e1lvulas de expansi\u00f3n, v\u00e1lvulas de hidr\u00f3geno, dise\u00f1os personalizados<\/td>\n<\/tr>\n<tr>\n<td>Procesos de fundici\u00f3n<\/td>\n<td>Fundici\u00f3n de precisi\u00f3n a la cera perdida, fundici\u00f3n en arena (seg\u00fan se requiera)<\/td>\n<\/tr>\n<tr>\n<td>Rango de peso \u2013 fundici\u00f3n de precisi\u00f3n<\/td>\n<td>1 g \u2013 99 kg<\/td>\n<\/tr>\n<tr>\n<td>Rango de peso \u2013 fundici\u00f3n en arena<\/td>\n<td>Desde 0,5 kg<\/td>\n<\/tr>\n<tr>\n<td>La conexi\u00f3n ha finalizado<\/td>\n<td>Con bridas, roscados, soldados o seg\u00fan el dise\u00f1o del cliente<\/td>\n<\/tr>\n<tr>\n<td>Temperatura\/Presi\u00f3n media<\/td>\n<td>Dise\u00f1ado seg\u00fan el material y los est\u00e1ndares seleccionados<\/td>\n<\/tr>\n<tr>\n<td>Capacidad de fundici\u00f3n<\/td>\n<td>Acero inoxidable, acero al carbono, acero d\u00faplex, aleaciones de n\u00edquel, bronce\/lat\u00f3n, aleaciones de aluminio<\/td>\n<\/tr>\n<\/tbody>\n<\/table>\n<h2>Aplicaciones<\/h2>\n<ul>\n<li>Sistemas de abastecimiento de agua y alcantarillado de la ciudad<\/li>\n<li>Servicios de construcci\u00f3n y tuber\u00edas para la construcci\u00f3n en general<\/li>\n<li>Plantas de petr\u00f3leo y petroqu\u00edmicas<\/li>\n<li>L\u00edneas de procesamiento qu\u00edmico y farmac\u00e9utico<\/li>\n<li>Tuber\u00edas para la industria de alimentos y bebidas<\/li>\n<li>Industrias textiles y papeleras<\/li>\n<li>Sistemas de energ\u00eda el\u00e9ctrica<\/li>\n<li>Ingenier\u00eda naval, ingenier\u00eda petrolera en alta mar y construcci\u00f3n naval<\/li>\n<li>Equipos de energ\u00eda nuclear y convencional<\/li>\n<li>Industria general de fluidos y sistemas de maquinaria industrial<\/li>\n<\/ul>\n","protected":false},"excerpt":{"rendered":"<ul>\n<li><strong>Excelente rendimiento de flujo:<\/strong> baja resistencia al flujo y baja erosi\u00f3n, adecuado para servicios de alta presi\u00f3n y alta temperatura.<\/li>\n<li><strong>Tipos de v\u00e1lvulas vers\u00e1tiles:<\/strong> Se pueden suministrar como v\u00e1lvulas de bola, de mariposa, de tap\u00f3n, de expansi\u00f3n, para hidr\u00f3geno y otros dise\u00f1os de v\u00e1lvulas especiales.<\/li>\n<li><strong>Fundici\u00f3n con forma casi definitiva:<\/strong> las piezas fundidas de precisi\u00f3n minimizan o eliminan las operaciones de mecanizado posteriores, lo que reduce los costos y los plazos de entrega.<\/li>\n<li><strong>Construcci\u00f3n robusta:<\/strong> estructura sencilla, longitud reducida entre extremos, alta termoestabilidad y resistencia a la presi\u00f3n para tuber\u00edas que requieren un alto rendimiento.<\/li>\n<\/ul>\n","protected":false},"featured_media":10832,"comment_status":"closed","ping_status":"closed","template":"","meta":{"_acf_changed":false,"site-sidebar-layout":"default","site-content-layout":"","ast-site-content-layout":"default","site-content-style":"default","site-sidebar-style":"default","ast-global-header-display":"","ast-banner-title-visibility":"","ast-main-header-display":"","ast-hfb-above-header-display":"","ast-hfb-below-header-display":"","ast-hfb-mobile-header-display":"","site-post-title":"","ast-breadcrumbs-content":"","ast-featured-img":"","footer-sml-layout":"","theme-transparent-header-meta":"default","adv-header-id-meta":"","stick-header-meta":"","header-above-stick-meta":"","header-main-stick-meta":"","header-below-stick-meta":"","astra-migrate-meta-layouts":"set","ast-page-background-enabled":"default","ast-page-background-meta":{"desktop":{"background-color":"var(--ast-global-color-5)","background-image":"","background-repeat":"repeat","background-position":"center center","background-size":"auto","background-attachment":"scroll","background-type":"","background-media":"","overlay-type":"","overlay-color":"","overlay-opacity":"","overlay-gradient":""},"tablet":{"background-color":"","background-image":"","background-repeat":"repeat","background-position":"center center","background-size":"auto","background-attachment":"scroll","background-type":"","background-media":"","overlay-type":"","overlay-color":"","overlay-opacity":"","overlay-gradient":""},"mobile":{"background-color":"","background-image":"","background-repeat":"repeat","background-position":"center center","background-size":"auto","background-attachment":"scroll","background-type":"","background-media":"","overlay-type":"","overlay-color":"","overlay-opacity":"","overlay-gradient":""}},"ast-content-background-meta":{"desktop":{"background-color":"var(--ast-global-color-4)","background-image":"","background-repeat":"repeat","background-position":"center center","background-size":"auto","background-attachment":"scroll","background-type":"","background-media":"","overlay-type":"","overlay-color":"","overlay-opacity":"","overlay-gradient":""},"tablet":{"background-color":"var(--ast-global-color-4)","background-image":"","background-repeat":"repeat","background-position":"center center","background-size":"auto","background-attachment":"scroll","background-type":"","background-media":"","overlay-type":"","overlay-color":"","overlay-opacity":"","overlay-gradient":""},"mobile":{"background-color":"var(--ast-global-color-4)","background-image":"","background-repeat":"repeat","background-position":"center center","background-size":"auto","background-attachment":"scroll","background-type":"","background-media":"","overlay-type":"","overlay-color":"","overlay-opacity":"","overlay-gradient":""}}},"product_brand":[],"product_cat":[70],"product_tag":[],"class_list":{"0":"post-12055","1":"product","2":"type-product","3":"status-publish","4":"has-post-thumbnail","6":"product_cat-piezas-fundidas-3","7":"desktop-align-left","8":"tablet-align-left","9":"mobile-align-left","11":"first","12":"instock","13":"shipping-taxable","14":"product-type-simple"},"acf":[],"_links":{"self":[{"href":"https:\/\/www.boberry-mach.com\/es\/wp-json\/wp\/v2\/product\/12055","targetHints":{"allow":["GET"]}}],"collection":[{"href":"https:\/\/www.boberry-mach.com\/es\/wp-json\/wp\/v2\/product"}],"about":[{"href":"https:\/\/www.boberry-mach.com\/es\/wp-json\/wp\/v2\/types\/product"}],"replies":[{"embeddable":true,"href":"https:\/\/www.boberry-mach.com\/es\/wp-json\/wp\/v2\/comments?post=12055"}],"wp:featuredmedia":[{"embeddable":true,"href":"https:\/\/www.boberry-mach.com\/es\/wp-json\/wp\/v2\/media\/10832"}],"wp:attachment":[{"href":"https:\/\/www.boberry-mach.com\/es\/wp-json\/wp\/v2\/media?parent=12055"}],"wp:term":[{"taxonomy":"product_brand","embeddable":true,"href":"https:\/\/www.boberry-mach.com\/es\/wp-json\/wp\/v2\/product_brand?post=12055"},{"taxonomy":"product_cat","embeddable":true,"href":"https:\/\/www.boberry-mach.com\/es\/wp-json\/wp\/v2\/product_cat?post=12055"},{"taxonomy":"product_tag","embeddable":true,"href":"https:\/\/www.boberry-mach.com\/es\/wp-json\/wp\/v2\/product_tag?post=12055"}],"curies":[{"name":"wp","href":"https:\/\/api.w.org\/{rel}","templated":true}]}}