{"id":12047,"date":"2025-12-12T11:02:15","date_gmt":"2025-12-12T03:02:15","guid":{"rendered":"https:\/\/www.boberry-mach.com\/product\/piezas-de-fundicion-de-precision-en-acero-al-carbono\/"},"modified":"2026-02-02T11:34:32","modified_gmt":"2026-02-02T03:34:32","slug":"piezas-de-fundicion-de-precision-en-acero-al-carbono","status":"publish","type":"product","link":"https:\/\/www.boberry-mach.com\/es\/piezas-de-fundicion-de-precision-en-acero-al-carbono\/","title":{"rendered":"Piezas de fundici\u00f3n de precisi\u00f3n en acero al carbono"},"content":{"rendered":"<h2>Especificaciones t\u00e9cnicas<\/h2>\n<table>\n<tbody>\n<tr>\n<td>Art\u00edculo<\/td>\n<td>Detalles<\/td>\n<\/tr>\n<tr>\n<td>Nombre del producto<\/td>\n<td>Fundiciones de inversi\u00f3n de acero al carbono<\/td>\n<\/tr>\n<tr>\n<td>Proceso principal<\/td>\n<td>Fundici\u00f3n de precisi\u00f3n (fundici\u00f3n en arena opcional para piezas de mayor tama\u00f1o)<\/td>\n<\/tr>\n<tr>\n<td>Est\u00e1ndares de materiales<\/td>\n<td>EN, BS, AISI, ASTM, JIS, GB<\/td>\n<\/tr>\n<tr>\n<td>Grados t\u00edpicos de acero al carbono<\/td>\n<td>Q235, Q345, 20#, 25#, 30#, 35#, 45#, 55#, 16Mn, 50Mn, 60Mn, A105, ZG200-400, ZG230-450, etc.<\/td>\n<\/tr>\n<tr>\n<td>Dimensiones totales m\u00e1ximas<\/td>\n<td>Hasta aproximadamente. 1500 \u00d7 1500 \u00d7 1500 mm<\/td>\n<\/tr>\n<tr>\n<td>Rango de peso \u2013 fundici\u00f3n de precisi\u00f3n<\/td>\n<td>1 g \u2013 99 kg<\/td>\n<\/tr>\n<tr>\n<td>Rango de peso \u2013 fundici\u00f3n en arena<\/td>\n<td>Desde 0,5 kg<\/td>\n<\/tr>\n<tr>\n<td>Espesor m\u00ednimo de la pared<\/td>\n<td>Approx. 0.5 mm<\/td>\n<\/tr>\n<tr>\n<td>Tolerancia dimensional<\/td>\n<td>Grado CT5\u2013CT6<\/td>\n<\/tr>\n<tr>\n<td>Rugosidad de la superficie de fundici\u00f3n<\/td>\n<td>Ra1.6\u20133.2 (t\u00edpico); rango general Ra3.2\u20136.4<\/td>\n<\/tr>\n<tr>\n<td>Rugosidad de la superficie mecanizada<\/td>\n<td>Ra 0.8\u20131.6<\/td>\n<\/tr>\n<tr>\n<td>Capacidad de suministro<\/td>\n<td>100-150 toneladas\/mes<\/td>\n<\/tr>\n<tr>\n<td>El tiempo de entrega<\/td>\n<td>Aproximadamente 45 d\u00edas<\/td>\n<\/tr>\n<\/tbody>\n<\/table>\n<h2>Aplicaciones<\/h2>\n<ul>\n<li>Piezas de m\u00e1quinas de coser y componentes de maquinaria textil.<\/li>\n<li>Maquinaria de impresi\u00f3n y piezas de hardware de precisi\u00f3n<\/li>\n<li>Hardware industrial y de ingenier\u00eda en general<\/li>\n<li>Componentes de equipos mineros y metal\u00fargicos<\/li>\n<li>Componentes para control de fluidos, bombas y v\u00e1lvulas<\/li>\n<li>Accesorios marinos y para barcos<\/li>\n<li>Herramientas de jardiner\u00eda y equipos para exteriores<\/li>\n<\/ul>\n","protected":false},"excerpt":{"rendered":"<ul>\n<li><strong>Amplia gama de materiales:<\/strong> Q235, Q345, 20#, 45#, 16Mn, 60Mn, A105 y otros grados para satisfacer las necesidades de rendimiento.<\/li>\n<li><strong>Posibilidad de geometr\u00edas complejas:<\/strong> formas casi definitivas con detalles finos, cavidades internas y paredes delgadas.<\/li>\n<li><strong>Excelente acabado superficial:<\/strong> la rugosidad de la fundici\u00f3n es tan fina como Ra1.6\u20133.2, lo que reduce la necesidad de pulido.<\/li>\n<li><strong>Control dimensional preciso:<\/strong> tolerancia dimensional de hasta CT5\u2013CT6; espesor m\u00ednimo de pared de aproximadamente 0,5 mm.<\/li>\n<li><strong>Reducci\u00f3n de los costes de mecanizado:<\/strong> las piezas fundidas de precisi\u00f3n requieren poco mecanizado secundario.<\/li>\n<\/ul>\n","protected":false},"featured_media":10827,"comment_status":"closed","ping_status":"closed","template":"","meta":{"_acf_changed":false,"site-sidebar-layout":"default","site-content-layout":"","ast-site-content-layout":"default","site-content-style":"default","site-sidebar-style":"default","ast-global-header-display":"","ast-banner-title-visibility":"","ast-main-header-display":"","ast-hfb-above-header-display":"","ast-hfb-below-header-display":"","ast-hfb-mobile-header-display":"","site-post-title":"","ast-breadcrumbs-content":"","ast-featured-img":"","footer-sml-layout":"","theme-transparent-header-meta":"default","adv-header-id-meta":"","stick-header-meta":"","header-above-stick-meta":"","header-main-stick-meta":"","header-below-stick-meta":"","astra-migrate-meta-layouts":"set","ast-page-background-enabled":"default","ast-page-background-meta":{"desktop":{"background-color":"var(--ast-global-color-5)","background-image":"","background-repeat":"repeat","background-position":"center center","background-size":"auto","background-attachment":"scroll","background-type":"","background-media":"","overlay-type":"","overlay-color":"","overlay-opacity":"","overlay-gradient":""},"tablet":{"background-color":"","background-image":"","background-repeat":"repeat","background-position":"center center","background-size":"auto","background-attachment":"scroll","background-type":"","background-media":"","overlay-type":"","overlay-color":"","overlay-opacity":"","overlay-gradient":""},"mobile":{"background-color":"","background-image":"","background-repeat":"repeat","background-position":"center center","background-size":"auto","background-attachment":"scroll","background-type":"","background-media":"","overlay-type":"","overlay-color":"","overlay-opacity":"","overlay-gradient":""}},"ast-content-background-meta":{"desktop":{"background-color":"var(--ast-global-color-4)","background-image":"","background-repeat":"repeat","background-position":"center center","background-size":"auto","background-attachment":"scroll","background-type":"","background-media":"","overlay-type":"","overlay-color":"","overlay-opacity":"","overlay-gradient":""},"tablet":{"background-color":"var(--ast-global-color-4)","background-image":"","background-repeat":"repeat","background-position":"center center","background-size":"auto","background-attachment":"scroll","background-type":"","background-media":"","overlay-type":"","overlay-color":"","overlay-opacity":"","overlay-gradient":""},"mobile":{"background-color":"var(--ast-global-color-4)","background-image":"","background-repeat":"repeat","background-position":"center center","background-size":"auto","background-attachment":"scroll","background-type":"","background-media":"","overlay-type":"","overlay-color":"","overlay-opacity":"","overlay-gradient":""}}},"product_brand":[],"product_cat":[70],"product_tag":[],"class_list":{"0":"post-12047","1":"product","2":"type-product","3":"status-publish","4":"has-post-thumbnail","6":"product_cat-piezas-fundidas-3","7":"desktop-align-left","8":"tablet-align-left","9":"mobile-align-left","11":"first","12":"instock","13":"shipping-taxable","14":"product-type-simple"},"acf":[],"_links":{"self":[{"href":"https:\/\/www.boberry-mach.com\/es\/wp-json\/wp\/v2\/product\/12047","targetHints":{"allow":["GET"]}}],"collection":[{"href":"https:\/\/www.boberry-mach.com\/es\/wp-json\/wp\/v2\/product"}],"about":[{"href":"https:\/\/www.boberry-mach.com\/es\/wp-json\/wp\/v2\/types\/product"}],"replies":[{"embeddable":true,"href":"https:\/\/www.boberry-mach.com\/es\/wp-json\/wp\/v2\/comments?post=12047"}],"wp:featuredmedia":[{"embeddable":true,"href":"https:\/\/www.boberry-mach.com\/es\/wp-json\/wp\/v2\/media\/10827"}],"wp:attachment":[{"href":"https:\/\/www.boberry-mach.com\/es\/wp-json\/wp\/v2\/media?parent=12047"}],"wp:term":[{"taxonomy":"product_brand","embeddable":true,"href":"https:\/\/www.boberry-mach.com\/es\/wp-json\/wp\/v2\/product_brand?post=12047"},{"taxonomy":"product_cat","embeddable":true,"href":"https:\/\/www.boberry-mach.com\/es\/wp-json\/wp\/v2\/product_cat?post=12047"},{"taxonomy":"product_tag","embeddable":true,"href":"https:\/\/www.boberry-mach.com\/es\/wp-json\/wp\/v2\/product_tag?post=12047"}],"curies":[{"name":"wp","href":"https:\/\/api.w.org\/{rel}","templated":true}]}}