{"id":12036,"date":"2025-12-16T17:20:43","date_gmt":"2025-12-16T09:20:43","guid":{"rendered":"https:\/\/www.boberry-mach.com\/product\/accesorios-de-tuberia-de-manga-cortada\/"},"modified":"2026-02-02T09:20:18","modified_gmt":"2026-02-02T01:20:18","slug":"accesorios-de-tuberia-de-manga-cortada","status":"publish","type":"product","link":"https:\/\/www.boberry-mach.com\/es\/accesorios-de-tuberia-de-manga-cortada\/","title":{"rendered":"Accesorios de tuber\u00eda de manga cortada"},"content":{"rendered":"<h2>Especificaciones t\u00e9cnicas<\/h2>\n<table>\n<tbody>\n<tr>\n<td>Art\u00edculo<\/td>\n<td>Especificaci\u00f3n<\/td>\n<\/tr>\n<tr>\n<td>Nombre del producto<\/td>\n<td>Accesorios de tuber\u00eda de manga cortada<\/td>\n<\/tr>\n<tr>\n<td>Opciones de materiales<\/td>\n<td>Acero inoxidable (304\/316), acero al carbono (A105) o seg\u00fan lo solicite el cliente<\/td>\n<\/tr>\n<tr>\n<td>Rango de tama\u00f1os<\/td>\n<td>De 1\/8&#8243; a 4&#8243; NPS (DN6\u2013DN100)<\/td>\n<\/tr>\n<tr>\n<td>Pressure Rating<\/td>\n<td>2000 libras, 3000 libras, 6000 libras<\/td>\n<\/tr>\n<tr>\n<td>Est\u00e1ndares de subprocesos<\/td>\n<td>Roscas NPT, BSPT, BSPP u otros tipos de rosca seg\u00fan lo requieran las especificaciones del cliente<\/td>\n<\/tr>\n<tr>\n<td>Rango de temperatura<\/td>\n<td>-29 \u00b0C a +425 \u00b0C (dependiendo del grado del material)<\/td>\n<\/tr>\n<tr>\n<td>M\u00e9todos de mecanizado<\/td>\n<td>Mecanizado CNC, torneado, fresado, mandrinado, taladrado<\/td>\n<\/tr>\n<tr>\n<td>Opciones de tratamiento t\u00e9rmico<\/td>\n<td>Recocido, normalizado, temple y revenido, endurecimiento<\/td>\n<\/tr>\n<tr>\n<td>Ensayos no destructivos<\/td>\n<td>Ensayo de part\u00edculas magn\u00e9ticas, ensayo de penetraci\u00f3n, ensayo ultras\u00f3nico, ensayo radiogr\u00e1fico<\/td>\n<\/tr>\n<tr>\n<td>El tiempo de entrega<\/td>\n<td>Entre 30 y 45 d\u00edas, dependiendo del tama\u00f1o y la cantidad<\/td>\n<\/tr>\n<tr>\n<td>Embalaje<\/td>\n<td>Cajas de cart\u00f3n, cajas de madera contrachapada aptas para el transporte mar\u00edtimo o pal\u00e9s, seg\u00fan los requisitos del cliente<\/td>\n<\/tr>\n<\/tbody>\n<\/table>\n<h2>Aplicaciones<\/h2>\n<ul>\n<li>Sistemas de distribuci\u00f3n de agua<\/li>\n<li>Oleoductos y gasoductos<\/li>\n<li>Sistemas de climatizaci\u00f3n y servicios para edificios<\/li>\n<li>Procesamiento qu\u00edmico y petroqu\u00edmico<\/li>\n<li>Industria de alimentos y bebidas<\/li>\n<li>Sistemas hidr\u00e1ulicos de alta presi\u00f3n<\/li>\n<li>Sistemas de mantenimiento y reparaci\u00f3n industrial<\/li>\n<\/ul>\n","protected":false},"excerpt":{"rendered":"<ul>\n<li><strong>Opciones de materiales:<\/strong> acero inoxidable, acero al carbono o aleaciones personalizadas seg\u00fan las necesidades de la aplicaci\u00f3n.<\/li>\n<li><strong>Variaciones de tama\u00f1o:<\/strong> Di\u00e1metros y longitudes personalizados para sistemas de tuber\u00edas espec\u00edficos.<\/li>\n<li><strong>Facilidad de instalaci\u00f3n:<\/strong> Dise\u00f1ado para ser f\u00e1cil de instalar, lo que reduce el tiempo y la complejidad de la configuraci\u00f3n.<\/li>\n<li><strong>Aplicaciones adaptables:<\/strong> Se adapta a una amplia gama de sistemas de tuber\u00edas, como las de gas, agua y fluidos industriales.<\/li>\n<\/ul>\n","protected":false},"featured_media":11028,"comment_status":"closed","ping_status":"closed","template":"","meta":{"_acf_changed":false,"site-sidebar-layout":"default","site-content-layout":"","ast-site-content-layout":"default","site-content-style":"default","site-sidebar-style":"default","ast-global-header-display":"","ast-banner-title-visibility":"","ast-main-header-display":"","ast-hfb-above-header-display":"","ast-hfb-below-header-display":"","ast-hfb-mobile-header-display":"","site-post-title":"","ast-breadcrumbs-content":"","ast-featured-img":"","footer-sml-layout":"","theme-transparent-header-meta":"default","adv-header-id-meta":"","stick-header-meta":"","header-above-stick-meta":"","header-main-stick-meta":"","header-below-stick-meta":"","astra-migrate-meta-layouts":"set","ast-page-background-enabled":"default","ast-page-background-meta":{"desktop":{"background-color":"var(--ast-global-color-5)","background-image":"","background-repeat":"repeat","background-position":"center center","background-size":"auto","background-attachment":"scroll","background-type":"","background-media":"","overlay-type":"","overlay-color":"","overlay-opacity":"","overlay-gradient":""},"tablet":{"background-color":"","background-image":"","background-repeat":"repeat","background-position":"center center","background-size":"auto","background-attachment":"scroll","background-type":"","background-media":"","overlay-type":"","overlay-color":"","overlay-opacity":"","overlay-gradient":""},"mobile":{"background-color":"","background-image":"","background-repeat":"repeat","background-position":"center center","background-size":"auto","background-attachment":"scroll","background-type":"","background-media":"","overlay-type":"","overlay-color":"","overlay-opacity":"","overlay-gradient":""}},"ast-content-background-meta":{"desktop":{"background-color":"var(--ast-global-color-4)","background-image":"","background-repeat":"repeat","background-position":"center center","background-size":"auto","background-attachment":"scroll","background-type":"","background-media":"","overlay-type":"","overlay-color":"","overlay-opacity":"","overlay-gradient":""},"tablet":{"background-color":"var(--ast-global-color-4)","background-image":"","background-repeat":"repeat","background-position":"center center","background-size":"auto","background-attachment":"scroll","background-type":"","background-media":"","overlay-type":"","overlay-color":"","overlay-opacity":"","overlay-gradient":""},"mobile":{"background-color":"var(--ast-global-color-4)","background-image":"","background-repeat":"repeat","background-position":"center center","background-size":"auto","background-attachment":"scroll","background-type":"","background-media":"","overlay-type":"","overlay-color":"","overlay-opacity":"","overlay-gradient":""}}},"product_brand":[],"product_cat":[70],"product_tag":[],"class_list":{"0":"post-12036","1":"product","2":"type-product","3":"status-publish","4":"has-post-thumbnail","6":"product_cat-piezas-fundidas","7":"desktop-align-left","8":"tablet-align-left","9":"mobile-align-left","11":"first","12":"instock","13":"shipping-taxable","14":"product-type-simple"},"acf":[],"_links":{"self":[{"href":"https:\/\/www.boberry-mach.com\/es\/wp-json\/wp\/v2\/product\/12036","targetHints":{"allow":["GET"]}}],"collection":[{"href":"https:\/\/www.boberry-mach.com\/es\/wp-json\/wp\/v2\/product"}],"about":[{"href":"https:\/\/www.boberry-mach.com\/es\/wp-json\/wp\/v2\/types\/product"}],"replies":[{"embeddable":true,"href":"https:\/\/www.boberry-mach.com\/es\/wp-json\/wp\/v2\/comments?post=12036"}],"wp:featuredmedia":[{"embeddable":true,"href":"https:\/\/www.boberry-mach.com\/es\/wp-json\/wp\/v2\/media\/11028"}],"wp:attachment":[{"href":"https:\/\/www.boberry-mach.com\/es\/wp-json\/wp\/v2\/media?parent=12036"}],"wp:term":[{"taxonomy":"product_brand","embeddable":true,"href":"https:\/\/www.boberry-mach.com\/es\/wp-json\/wp\/v2\/product_brand?post=12036"},{"taxonomy":"product_cat","embeddable":true,"href":"https:\/\/www.boberry-mach.com\/es\/wp-json\/wp\/v2\/product_cat?post=12036"},{"taxonomy":"product_tag","embeddable":true,"href":"https:\/\/www.boberry-mach.com\/es\/wp-json\/wp\/v2\/product_tag?post=12036"}],"curies":[{"name":"wp","href":"https:\/\/api.w.org\/{rel}","templated":true}]}}