{"id":12002,"date":"2025-12-11T16:18:04","date_gmt":"2025-12-11T08:18:04","guid":{"rendered":"https:\/\/www.boberry-mach.com\/product\/accesorios-soldados-a-tope\/"},"modified":"2026-01-28T10:48:23","modified_gmt":"2026-01-28T02:48:23","slug":"accesorios-soldados-a-tope","status":"publish","type":"product","link":"https:\/\/www.boberry-mach.com\/es\/accesorios-soldados-a-tope\/","title":{"rendered":"Accesorios soldados a tope"},"content":{"rendered":"<h2>Especificaciones t\u00e9cnicas<\/h2>\n<table>\n<tbody>\n<tr>\n<td>Category<\/td>\n<td>Detalles<\/td>\n<\/tr>\n<tr>\n<td>Nombre del producto<\/td>\n<td>Accesorios soldados a tope seg\u00fan la norma ASME B16.9<\/td>\n<\/tr>\n<tr>\n<td>Rango de tama\u00f1os<\/td>\n<td>2&#8243; \u2013 24&#8243;<\/td>\n<\/tr>\n<tr>\n<td>Espesor (SCH)<\/td>\n<td>Sch10s \u2013 SchXXs<\/td>\n<\/tr>\n<tr>\n<td>Opciones de materiales<\/td>\n<td>Acero al carbono: ASTM A234 WPB\/WPC, A420 WPL6; Acero inoxidable: ASTM A403 WP304\/304L, WP316\/316L, WP317L, WP321, WP347H; Acero aleado: A234 WP12\/WP11\/WP22\/WP5\/WP9\/WP91; D\u00faplex\/Superd\u00faplex: ASTM A815 S31803\/S32205\/S32750\/S32760; Otros materiales especiales<\/td>\n<\/tr>\n<tr>\n<td>Normas de fabricaci\u00f3n<\/td>\n<td>ASME B16.9, ASME B16.28; JIS B2311\/B2312\/B2313; DIN 2605\/2606\/2615\/2616; GB\/T13401; HGJ514; SH3408\/3409; HG\/T21635\/21631<\/td>\n<\/tr>\n<tr>\n<td>Tipos de extremos<\/td>\n<td>Extremos biselados, extremos lisos<\/td>\n<\/tr>\n<tr>\n<td>Pruebas no destructivas<\/td>\n<td>MPT, PT, UT, RT, otros NDT seg\u00fan solicitud del cliente<\/td>\n<\/tr>\n<tr>\n<td>Tratamiento de superficies<\/td>\n<td>Arenado, granallado, barniz antimonopolio<\/td>\n<\/tr>\n<tr>\n<td>Aplicaciones<\/td>\n<td>Energ\u00eda el\u00e9ctrica, petr\u00f3leo, energ\u00eda nuclear, petroqu\u00edmica, petr\u00f3leo y gas, construcci\u00f3n naval, qu\u00edmica, farmac\u00e9utica, fabricaci\u00f3n de papel, construcci\u00f3n<\/td>\n<\/tr>\n<tr>\n<td>Opciones de embalaje<\/td>\n<td>Cajas de madera contrachapada, Palets de madera contrachapada, Protecci\u00f3n mar\u00edtima personalizada<\/td>\n<\/tr>\n<tr>\n<td>El tiempo de entrega<\/td>\n<td>20\u201335 d\u00edas<\/td>\n<\/tr>\n<tr>\n<td>Mercados de exportaci\u00f3n<\/td>\n<td>Europa, EE. UU., Am\u00e9rica del Norte, Asia<\/td>\n<\/tr>\n<\/tbody>\n<\/table>\n<h2>Aplicaciones<\/h2>\n<ul>\n<li><strong>Energ\u00eda El\u00e9ctrica:<\/strong> Sistemas de tuber\u00edas y vapor de alta presi\u00f3n.<\/li>\n<li><strong>Petr\u00f3leo: <\/strong> Se utiliza en refiner\u00edas de petr\u00f3leo, oleoductos y sistemas presurizados.<\/li>\n<li><strong>Energ\u00eda nuclear:<\/strong> dise\u00f1ada para tuber\u00edas de alta temperatura y alta presi\u00f3n en reactores.<\/li>\n<li><strong>Petroqu\u00edmica:<\/strong> Reactores, intercambiadores de calor, sistemas de destilaci\u00f3n.<\/li>\n<li><strong>Petr\u00f3leo y gas:<\/strong> redes de ductos costa afuera, submarinos y terrestres.<\/li>\n<li><strong>Construcci\u00f3n naval:<\/strong> Tuber\u00edas marinas, sistemas de agua de mar, l\u00edneas de maquinaria.<\/li>\n<li><strong>Industria qu\u00edmica:<\/strong> procesamiento de productos qu\u00edmicos corrosivos y transporte de fluidos.<\/li>\n<li><strong>Farmac\u00e9utica: <\/strong> Tuber\u00edas de proceso limpias y resistentes a la corrosi\u00f3n.<\/li>\n<li><strong>Fabricaci\u00f3n de papel:<\/strong> sistemas de manejo de pulpa y productos qu\u00edmicos.<\/li>\n<li><strong>Construcci\u00f3n:<\/strong> Instalaciones de tuber\u00edas estructurales y de proceso.<\/li>\n<\/ul>\n","protected":false},"excerpt":{"rendered":"<ul>\n<li><strong data-start=\"2294\" data-end=\"2320\">Materiales de alta calidad:<\/strong> fabricados con aceros al carbono de alto grado, aceros inoxidables, aceros aleados y aceros d\u00faplex.<\/li>\n<li><strong>Personalizaci\u00f3n de tama\u00f1o: <\/strong> Disponible en tama\u00f1os que van desde 2&#8243; a 24&#8243;, con una variedad de espesores de pared (Sch10s a SchXXS).<\/li>\n<li><strong>Extremo biselado y extremo liso:<\/strong> personalizaci\u00f3n en el tipo de extremo seg\u00fan las necesidades del proyecto.<\/li>\n<li><strong>Pruebas y certificaciones robustas:<\/strong> incluye varias pruebas y certificaciones no destructivas como API, TUV y PED.<\/li>\n<\/ul>\n","protected":false},"featured_media":10795,"comment_status":"closed","ping_status":"closed","template":"","meta":{"_acf_changed":false,"site-sidebar-layout":"default","site-content-layout":"","ast-site-content-layout":"default","site-content-style":"default","site-sidebar-style":"default","ast-global-header-display":"","ast-banner-title-visibility":"","ast-main-header-display":"","ast-hfb-above-header-display":"","ast-hfb-below-header-display":"","ast-hfb-mobile-header-display":"","site-post-title":"","ast-breadcrumbs-content":"","ast-featured-img":"","footer-sml-layout":"","theme-transparent-header-meta":"default","adv-header-id-meta":"","stick-header-meta":"","header-above-stick-meta":"","header-main-stick-meta":"","header-below-stick-meta":"","astra-migrate-meta-layouts":"set","ast-page-background-enabled":"default","ast-page-background-meta":{"desktop":{"background-color":"var(--ast-global-color-5)","background-image":"","background-repeat":"repeat","background-position":"center center","background-size":"auto","background-attachment":"scroll","background-type":"","background-media":"","overlay-type":"","overlay-color":"","overlay-opacity":"","overlay-gradient":""},"tablet":{"background-color":"","background-image":"","background-repeat":"repeat","background-position":"center center","background-size":"auto","background-attachment":"scroll","background-type":"","background-media":"","overlay-type":"","overlay-color":"","overlay-opacity":"","overlay-gradient":""},"mobile":{"background-color":"","background-image":"","background-repeat":"repeat","background-position":"center center","background-size":"auto","background-attachment":"scroll","background-type":"","background-media":"","overlay-type":"","overlay-color":"","overlay-opacity":"","overlay-gradient":""}},"ast-content-background-meta":{"desktop":{"background-color":"var(--ast-global-color-4)","background-image":"","background-repeat":"repeat","background-position":"center center","background-size":"auto","background-attachment":"scroll","background-type":"","background-media":"","overlay-type":"","overlay-color":"","overlay-opacity":"","overlay-gradient":""},"tablet":{"background-color":"var(--ast-global-color-4)","background-image":"","background-repeat":"repeat","background-position":"center center","background-size":"auto","background-attachment":"scroll","background-type":"","background-media":"","overlay-type":"","overlay-color":"","overlay-opacity":"","overlay-gradient":""},"mobile":{"background-color":"var(--ast-global-color-4)","background-image":"","background-repeat":"repeat","background-position":"center center","background-size":"auto","background-attachment":"scroll","background-type":"","background-media":"","overlay-type":"","overlay-color":"","overlay-opacity":"","overlay-gradient":""}}},"product_brand":[],"product_cat":[70],"product_tag":[],"class_list":{"0":"post-12002","1":"product","2":"type-product","3":"status-publish","4":"has-post-thumbnail","6":"product_cat-piezas-fundidas","7":"desktop-align-left","8":"tablet-align-left","9":"mobile-align-left","11":"first","12":"instock","13":"shipping-taxable","14":"product-type-simple"},"acf":[],"_links":{"self":[{"href":"https:\/\/www.boberry-mach.com\/es\/wp-json\/wp\/v2\/product\/12002","targetHints":{"allow":["GET"]}}],"collection":[{"href":"https:\/\/www.boberry-mach.com\/es\/wp-json\/wp\/v2\/product"}],"about":[{"href":"https:\/\/www.boberry-mach.com\/es\/wp-json\/wp\/v2\/types\/product"}],"replies":[{"embeddable":true,"href":"https:\/\/www.boberry-mach.com\/es\/wp-json\/wp\/v2\/comments?post=12002"}],"wp:featuredmedia":[{"embeddable":true,"href":"https:\/\/www.boberry-mach.com\/es\/wp-json\/wp\/v2\/media\/10795"}],"wp:attachment":[{"href":"https:\/\/www.boberry-mach.com\/es\/wp-json\/wp\/v2\/media?parent=12002"}],"wp:term":[{"taxonomy":"product_brand","embeddable":true,"href":"https:\/\/www.boberry-mach.com\/es\/wp-json\/wp\/v2\/product_brand?post=12002"},{"taxonomy":"product_cat","embeddable":true,"href":"https:\/\/www.boberry-mach.com\/es\/wp-json\/wp\/v2\/product_cat?post=12002"},{"taxonomy":"product_tag","embeddable":true,"href":"https:\/\/www.boberry-mach.com\/es\/wp-json\/wp\/v2\/product_tag?post=12002"}],"curies":[{"name":"wp","href":"https:\/\/api.w.org\/{rel}","templated":true}]}}