{"id":11654,"date":"2025-12-17T10:19:18","date_gmt":"2025-12-17T02:19:18","guid":{"rendered":"https:\/\/www.boberry-mach.com\/product\/pistones-de-motores-diesel\/"},"modified":"2026-01-12T18:51:23","modified_gmt":"2026-01-12T10:51:23","slug":"pistones-de-motores-diesel","status":"publish","type":"product","link":"https:\/\/www.boberry-mach.com\/es\/pistones-de-motores-diesel\/","title":{"rendered":"Pistones de motores di\u00e9sel"},"content":{"rendered":"<h2>Especificaciones t\u00e9cnicas<\/h2>\n<table>\n<tbody>\n<tr>\n<td>Art\u00edculo<\/td>\n<td>Description<\/td>\n<\/tr>\n<tr>\n<td>Material<\/td>\n<td>Hierro fundido, acero aleado, acero de alta resistencia personalizado<\/td>\n<\/tr>\n<tr>\n<td>Diameter<\/td>\n<td>80 mm a 250 mm<\/td>\n<\/tr>\n<tr>\n<td>Altura\/Carrera<\/td>\n<td>60 mm a 150 mm<\/td>\n<\/tr>\n<tr>\n<td>Relaci\u00f3n de compresi\u00f3n<\/td>\n<td>Personalizable seg\u00fan la especificaci\u00f3n del motor (t\u00edpico: 16:1 a 20:1)<\/td>\n<\/tr>\n<tr>\n<td>Tratamiento de superficies<\/td>\n<td>Nitruraci\u00f3n, Tratamiento t\u00e9rmico, Recubrimientos anticorrosi\u00f3n<\/td>\n<\/tr>\n<tr>\n<td>Peso<\/td>\n<td>Rango: 0,5 kg a 5 kg<\/td>\n<\/tr>\n<tr>\n<td>Dureza<\/td>\n<td>60-65 HRC (dependiendo del material y el tratamiento)<\/td>\n<\/tr>\n<tr>\n<td>Resistencia a la tracci\u00f3n<\/td>\n<td>600-800 MPa (dependiendo del grado del material)<\/td>\n<\/tr>\n<tr>\n<td>Compatibilidad<\/td>\n<td>Dise\u00f1ado para varios motores di\u00e9sel (modelos espec\u00edficos disponibles a pedido)<\/td>\n<\/tr>\n<tr>\n<td>Pruebas<\/td>\n<td>Pruebas de presi\u00f3n, fatiga y desgaste para garantizar la calidad<\/td>\n<\/tr>\n<\/tbody>\n<\/table>\n<h2>Aplicaciones<\/h2>\n<ul>\n<li>Motores di\u00e9sel para autom\u00f3viles (camiones, autobuses y veh\u00edculos comerciales)<\/li>\n<li>Motores di\u00e9sel marinos (barcos, buques y plataformas marinas)<\/li>\n<li>Maquinaria industrial (generadores, compresores, bombas)<\/li>\n<li>Equipos agr\u00edcolas (tractores, cosechadoras y otras maquinarias agr\u00edcolas impulsadas por di\u00e9sel)<\/li>\n<li>Maquinaria de construcci\u00f3n pesada (excavadoras, bulldozers, gr\u00faas)<\/li>\n<li>Centrales el\u00e9ctricas (sistemas de generaci\u00f3n de energ\u00eda di\u00e9sel)<\/li>\n<\/ul>\n","protected":false},"excerpt":{"rendered":"<ul>\n<li><strong>Alta durabilidad: <\/strong> construido para soportar alta presi\u00f3n, temperaturas extremas y condiciones de motor de servicio pesado.<\/li>\n<li><strong>Resistente a la corrosi\u00f3n:<\/strong> dise\u00f1ado para resistir el desgaste, la oxidaci\u00f3n y la corrosi\u00f3n para prolongar la vida \u00fatil del motor.<\/li>\n<li><strong>Optimizaci\u00f3n del motor:<\/strong> Fabricado para maximizar la eficiencia de la combusti\u00f3n y el rendimiento general del motor.<\/li>\n<li><strong>Personalizable:<\/strong> Se ofrece en una variedad de dimensiones, materiales y acabados adecuados a determinadas especificaciones de motores di\u00e9sel.<\/li>\n<\/ul>\n","protected":false},"featured_media":11046,"comment_status":"closed","ping_status":"closed","template":"","meta":{"_acf_changed":false,"site-sidebar-layout":"default","site-content-layout":"","ast-site-content-layout":"default","site-content-style":"default","site-sidebar-style":"default","ast-global-header-display":"","ast-banner-title-visibility":"","ast-main-header-display":"","ast-hfb-above-header-display":"","ast-hfb-below-header-display":"","ast-hfb-mobile-header-display":"","site-post-title":"","ast-breadcrumbs-content":"","ast-featured-img":"","footer-sml-layout":"","theme-transparent-header-meta":"default","adv-header-id-meta":"","stick-header-meta":"","header-above-stick-meta":"","header-main-stick-meta":"","header-below-stick-meta":"","astra-migrate-meta-layouts":"set","ast-page-background-enabled":"default","ast-page-background-meta":{"desktop":{"background-color":"var(--ast-global-color-5)","background-image":"","background-repeat":"repeat","background-position":"center center","background-size":"auto","background-attachment":"scroll","background-type":"","background-media":"","overlay-type":"","overlay-color":"","overlay-opacity":"","overlay-gradient":""},"tablet":{"background-color":"","background-image":"","background-repeat":"repeat","background-position":"center center","background-size":"auto","background-attachment":"scroll","background-type":"","background-media":"","overlay-type":"","overlay-color":"","overlay-opacity":"","overlay-gradient":""},"mobile":{"background-color":"","background-image":"","background-repeat":"repeat","background-position":"center center","background-size":"auto","background-attachment":"scroll","background-type":"","background-media":"","overlay-type":"","overlay-color":"","overlay-opacity":"","overlay-gradient":""}},"ast-content-background-meta":{"desktop":{"background-color":"var(--ast-global-color-4)","background-image":"","background-repeat":"repeat","background-position":"center center","background-size":"auto","background-attachment":"scroll","background-type":"","background-media":"","overlay-type":"","overlay-color":"","overlay-opacity":"","overlay-gradient":""},"tablet":{"background-color":"var(--ast-global-color-4)","background-image":"","background-repeat":"repeat","background-position":"center center","background-size":"auto","background-attachment":"scroll","background-type":"","background-media":"","overlay-type":"","overlay-color":"","overlay-opacity":"","overlay-gradient":""},"mobile":{"background-color":"var(--ast-global-color-4)","background-image":"","background-repeat":"repeat","background-position":"center center","background-size":"auto","background-attachment":"scroll","background-type":"","background-media":"","overlay-type":"","overlay-color":"","overlay-opacity":"","overlay-gradient":""}}},"product_brand":[],"product_cat":[70],"product_tag":[],"class_list":{"0":"post-11654","1":"product","2":"type-product","3":"status-publish","4":"has-post-thumbnail","6":"product_cat-piezas-fundidas","7":"desktop-align-left","8":"tablet-align-left","9":"mobile-align-left","11":"first","12":"instock","13":"shipping-taxable","14":"product-type-simple"},"acf":[],"_links":{"self":[{"href":"https:\/\/www.boberry-mach.com\/es\/wp-json\/wp\/v2\/product\/11654","targetHints":{"allow":["GET"]}}],"collection":[{"href":"https:\/\/www.boberry-mach.com\/es\/wp-json\/wp\/v2\/product"}],"about":[{"href":"https:\/\/www.boberry-mach.com\/es\/wp-json\/wp\/v2\/types\/product"}],"replies":[{"embeddable":true,"href":"https:\/\/www.boberry-mach.com\/es\/wp-json\/wp\/v2\/comments?post=11654"}],"wp:featuredmedia":[{"embeddable":true,"href":"https:\/\/www.boberry-mach.com\/es\/wp-json\/wp\/v2\/media\/11046"}],"wp:attachment":[{"href":"https:\/\/www.boberry-mach.com\/es\/wp-json\/wp\/v2\/media?parent=11654"}],"wp:term":[{"taxonomy":"product_brand","embeddable":true,"href":"https:\/\/www.boberry-mach.com\/es\/wp-json\/wp\/v2\/product_brand?post=11654"},{"taxonomy":"product_cat","embeddable":true,"href":"https:\/\/www.boberry-mach.com\/es\/wp-json\/wp\/v2\/product_cat?post=11654"},{"taxonomy":"product_tag","embeddable":true,"href":"https:\/\/www.boberry-mach.com\/es\/wp-json\/wp\/v2\/product_tag?post=11654"}],"curies":[{"name":"wp","href":"https:\/\/api.w.org\/{rel}","templated":true}]}}