{"id":11419,"date":"2025-12-16T14:48:25","date_gmt":"2025-12-16T06:48:25","guid":{"rendered":"https:\/\/www.boberry-mach.com\/product\/cubo-con-chaveta\/"},"modified":"2026-01-05T16:59:18","modified_gmt":"2026-01-05T08:59:18","slug":"cubo-con-chaveta","status":"publish","type":"product","link":"https:\/\/www.boberry-mach.com\/es\/cubo-con-chaveta\/","title":{"rendered":"Cubo con chaveta"},"content":{"rendered":"<h2>Especificaciones t\u00e9cnicas<\/h2>\n<table>\n<tbody>\n<tr>\n<td>Especificaci\u00f3n<\/td>\n<td>Description<\/td>\n<\/tr>\n<tr>\n<td>Material<\/td>\n<td>Acero o aleaci\u00f3n de alta resistencia<\/td>\n<\/tr>\n<tr>\n<td>Tipo de chavetero<\/td>\n<td>Cuadrado, rectangular o personalizado<\/td>\n<\/tr>\n<tr>\n<td>Tama\u00f1o del eje<\/td>\n<td>Dimensiones personalizadas seg\u00fan los requisitos del cliente.<\/td>\n<\/tr>\n<tr>\n<td>Finalizar<\/td>\n<td>Recubrimiento resistente a la corrosi\u00f3n<\/td>\n<\/tr>\n<tr>\n<td>Capacidad de torsi\u00f3n<\/td>\n<td>Hasta 1000 Nm<\/td>\n<\/tr>\n<tr>\n<td>Dimensiones de la ranura de chaveta<\/td>\n<td>Tama\u00f1os est\u00e1ndar o personalizados<\/td>\n<\/tr>\n<tr>\n<td>Clasificaci\u00f3n de temperatura<\/td>\n<td>-40\u00b0C a +250\u00b0C<\/td>\n<\/tr>\n<tr>\n<td>Tipo de montaje<\/td>\n<td>Disponibles con brida, soldadura u otros tipos de montaje.<\/td>\n<\/tr>\n<\/tbody>\n<\/table>\n<h2>Aplicaciones<\/h2>\n<ul>\n<li>Sistemas de propulsi\u00f3n para autom\u00f3viles (utilizados en cajas de cambios, ejes y sistemas de transmisi\u00f3n)<\/li>\n<li>Maquinaria industrial (para transmisi\u00f3n de potencia y conjuntos de engranajes)<\/li>\n<li>Equipos de construcci\u00f3n (veh\u00edculos pesados \u200b\u200bcomo excavadoras y gr\u00faas)<\/li>\n<li>Maquinaria agr\u00edcola (tractores, cosechadoras y otros equipos)<\/li>\n<li>Motores marinos (para uso en motores y sistemas de transmisi\u00f3n)<\/li>\n<li>Sistemas de automatizaci\u00f3n y rob\u00f3tica (para la transmisi\u00f3n de par en maquinaria automatizada y brazos rob\u00f3ticos)<\/li>\n<\/ul>\n","protected":false},"excerpt":{"rendered":"<ul>\n<li><strong>Materiales disponibles:<\/strong> acero forjado, acero aleado u otras aleaciones personalizadas seg\u00fan los requisitos de resistencia y las condiciones ambientales.<\/li>\n<li><strong>Variaciones de tama\u00f1o:<\/strong> Di\u00e1metros, longitudes y configuraciones de di\u00e1metro interior personalizadas.<\/li>\n<li><strong>Opciones para ranuras de chaveta personalizadas:<\/strong> Disponibles en forma cuadrada, rectangular o con dimensiones personalizadas para un ajuste perfecto.<\/li>\n<li><strong>Usos adaptables:<\/strong> Adecuado para m\u00e1quinas utilizadas en la agricultura, la industria y la automoci\u00f3n, entre otros campos.<\/li>\n<\/ul>\n","protected":false},"featured_media":10993,"comment_status":"closed","ping_status":"closed","template":"","meta":{"_acf_changed":false,"site-sidebar-layout":"default","site-content-layout":"","ast-site-content-layout":"default","site-content-style":"default","site-sidebar-style":"default","ast-global-header-display":"","ast-banner-title-visibility":"","ast-main-header-display":"","ast-hfb-above-header-display":"","ast-hfb-below-header-display":"","ast-hfb-mobile-header-display":"","site-post-title":"","ast-breadcrumbs-content":"","ast-featured-img":"","footer-sml-layout":"","theme-transparent-header-meta":"default","adv-header-id-meta":"","stick-header-meta":"","header-above-stick-meta":"","header-main-stick-meta":"","header-below-stick-meta":"","astra-migrate-meta-layouts":"set","ast-page-background-enabled":"default","ast-page-background-meta":{"desktop":{"background-color":"var(--ast-global-color-5)","background-image":"","background-repeat":"repeat","background-position":"center center","background-size":"auto","background-attachment":"scroll","background-type":"","background-media":"","overlay-type":"","overlay-color":"","overlay-opacity":"","overlay-gradient":""},"tablet":{"background-color":"","background-image":"","background-repeat":"repeat","background-position":"center center","background-size":"auto","background-attachment":"scroll","background-type":"","background-media":"","overlay-type":"","overlay-color":"","overlay-opacity":"","overlay-gradient":""},"mobile":{"background-color":"","background-image":"","background-repeat":"repeat","background-position":"center center","background-size":"auto","background-attachment":"scroll","background-type":"","background-media":"","overlay-type":"","overlay-color":"","overlay-opacity":"","overlay-gradient":""}},"ast-content-background-meta":{"desktop":{"background-color":"var(--ast-global-color-4)","background-image":"","background-repeat":"repeat","background-position":"center center","background-size":"auto","background-attachment":"scroll","background-type":"","background-media":"","overlay-type":"","overlay-color":"","overlay-opacity":"","overlay-gradient":""},"tablet":{"background-color":"var(--ast-global-color-4)","background-image":"","background-repeat":"repeat","background-position":"center center","background-size":"auto","background-attachment":"scroll","background-type":"","background-media":"","overlay-type":"","overlay-color":"","overlay-opacity":"","overlay-gradient":""},"mobile":{"background-color":"var(--ast-global-color-4)","background-image":"","background-repeat":"repeat","background-position":"center center","background-size":"auto","background-attachment":"scroll","background-type":"","background-media":"","overlay-type":"","overlay-color":"","overlay-opacity":"","overlay-gradient":""}}},"product_brand":[],"product_cat":[67],"product_tag":[],"class_list":{"0":"post-11419","1":"product","2":"type-product","3":"status-publish","4":"has-post-thumbnail","6":"product_cat-piezas-forjadas","7":"desktop-align-left","8":"tablet-align-left","9":"mobile-align-left","11":"first","12":"instock","13":"shipping-taxable","14":"product-type-simple"},"acf":[],"_links":{"self":[{"href":"https:\/\/www.boberry-mach.com\/es\/wp-json\/wp\/v2\/product\/11419","targetHints":{"allow":["GET"]}}],"collection":[{"href":"https:\/\/www.boberry-mach.com\/es\/wp-json\/wp\/v2\/product"}],"about":[{"href":"https:\/\/www.boberry-mach.com\/es\/wp-json\/wp\/v2\/types\/product"}],"replies":[{"embeddable":true,"href":"https:\/\/www.boberry-mach.com\/es\/wp-json\/wp\/v2\/comments?post=11419"}],"wp:featuredmedia":[{"embeddable":true,"href":"https:\/\/www.boberry-mach.com\/es\/wp-json\/wp\/v2\/media\/10993"}],"wp:attachment":[{"href":"https:\/\/www.boberry-mach.com\/es\/wp-json\/wp\/v2\/media?parent=11419"}],"wp:term":[{"taxonomy":"product_brand","embeddable":true,"href":"https:\/\/www.boberry-mach.com\/es\/wp-json\/wp\/v2\/product_brand?post=11419"},{"taxonomy":"product_cat","embeddable":true,"href":"https:\/\/www.boberry-mach.com\/es\/wp-json\/wp\/v2\/product_cat?post=11419"},{"taxonomy":"product_tag","embeddable":true,"href":"https:\/\/www.boberry-mach.com\/es\/wp-json\/wp\/v2\/product_tag?post=11419"}],"curies":[{"name":"wp","href":"https:\/\/api.w.org\/{rel}","templated":true}]}}