{"id":11417,"date":"2025-12-16T14:27:27","date_gmt":"2025-12-16T06:27:27","guid":{"rendered":"https:\/\/www.boberry-mach.com\/product\/cubo-roscado\/"},"modified":"2026-02-03T14:17:40","modified_gmt":"2026-02-03T06:17:40","slug":"cubo-roscado","status":"publish","type":"product","link":"https:\/\/www.boberry-mach.com\/es\/cubo-roscado\/","title":{"rendered":"Cubo roscado"},"content":{"rendered":"<h2>Especificaciones t\u00e9cnicas<\/h2>\n<table>\n<tbody>\n<tr>\n<td>Art\u00edculo<\/td>\n<td>Especificaci\u00f3n<\/td>\n<\/tr>\n<tr>\n<td>Material<\/td>\n<td>Acero, aluminio o aleaciones personalizadas<\/td>\n<\/tr>\n<tr>\n<td>Tipo de hilo<\/td>\n<td>Perfiles de rosca ISO, BSP, NPT o personalizados.<\/td>\n<\/tr>\n<tr>\n<td>Di\u00e1metro exterior<\/td>\n<td>30 mm a 200 mm<\/td>\n<\/tr>\n<tr>\n<td>Di\u00e1metro interior<\/td>\n<td>20 mm a 150 mm<\/td>\n<\/tr>\n<tr>\n<td>Longitud<\/td>\n<td>30 mm a 150 mm<\/td>\n<\/tr>\n<tr>\n<td>Resistencia a la tracci\u00f3n<\/td>\n<td>400-800 MPa<\/td>\n<\/tr>\n<tr>\n<td>Dureza<\/td>\n<td>50-60 HRC<\/td>\n<\/tr>\n<tr>\n<td>Finalizar<\/td>\n<td>Acabados lisos, anodizados o personalizados para protecci\u00f3n contra la corrosi\u00f3n.<\/td>\n<\/tr>\n<tr>\n<td>Tolerancia<\/td>\n<td>\u00b10,5 mm<\/td>\n<\/tr>\n<tr>\n<td>Capacidad de carga<\/td>\n<td>Optimizado para aplicaciones de alto par y gran capacidad de carga.<\/td>\n<\/tr>\n<tr>\n<td>Est\u00e1ndares de prueba<\/td>\n<td>Inspecci\u00f3n dimensional, pruebas de carga y pruebas de materiales.<\/td>\n<\/tr>\n<tr>\n<td>Cumplimiento<\/td>\n<td>Cumple con las normas ISO, ASTM y otras normas pertinentes.<\/td>\n<\/tr>\n<\/tbody>\n<\/table>\n<h2>Aplicaciones<\/h2>\n<ul>\n<li>Sistemas para la industria automotriz (para la fijaci\u00f3n de componentes en transmisiones, ejes y sistemas de propulsi\u00f3n)<\/li>\n<li>Maquinaria industrial (para sistemas de transmisi\u00f3n de potencia, bombas y compresores)<\/li>\n<li>Equipos de construcci\u00f3n (para uso en maquinaria pesada como gr\u00faas, excavadoras)<\/li>\n<li>Aplicaciones marinas (en motores, sistemas de transmisi\u00f3n y equipos marinos).<\/li>\n<li>Maquinaria agr\u00edcola (para tractores, cosechadoras y otros equipos agr\u00edcolas)<\/li>\n<li>Rob\u00f3tica (para la transferencia de par en brazos rob\u00f3ticos y sistemas de automatizaci\u00f3n)<\/li>\n<\/ul>\n","protected":false},"excerpt":{"rendered":"<ul>\n<li><strong>Opciones de material:<\/strong> acero forjado, acero aleado u otras aleaciones espec\u00edficas seg\u00fan las necesidades del cliente.<\/li>\n<li><strong>Configuraciones de rosca:<\/strong> Disponibles en perfiles de rosca ISO, BSP, NPT o personalizados.<\/li>\n<li><strong>Variaciones de tama\u00f1o:<\/strong> Di\u00e1metros, longitudes y configuraciones de di\u00e1metro interior personalizadas.<\/li>\n<li><strong>Marcado y grabado:<\/strong> N\u00fameros de pieza personalizados, logotipos o marcas de identificaci\u00f3n para garantizar la trazabilidad.<\/li>\n<li><strong>Producci\u00f3n de prototipos: <\/strong> Se ofrece apoyo para la producci\u00f3n de muestras en peque\u00f1as cantidades y series piloto antes de pasar a la fabricaci\u00f3n a gran escala.<\/li>\n<\/ul>\n","protected":false},"featured_media":10989,"comment_status":"closed","ping_status":"closed","template":"","meta":{"_acf_changed":false,"site-sidebar-layout":"default","site-content-layout":"","ast-site-content-layout":"default","site-content-style":"default","site-sidebar-style":"default","ast-global-header-display":"","ast-banner-title-visibility":"","ast-main-header-display":"","ast-hfb-above-header-display":"","ast-hfb-below-header-display":"","ast-hfb-mobile-header-display":"","site-post-title":"","ast-breadcrumbs-content":"","ast-featured-img":"","footer-sml-layout":"","theme-transparent-header-meta":"default","adv-header-id-meta":"","stick-header-meta":"","header-above-stick-meta":"","header-main-stick-meta":"","header-below-stick-meta":"","astra-migrate-meta-layouts":"set","ast-page-background-enabled":"default","ast-page-background-meta":{"desktop":{"background-color":"var(--ast-global-color-5)","background-image":"","background-repeat":"repeat","background-position":"center center","background-size":"auto","background-attachment":"scroll","background-type":"","background-media":"","overlay-type":"","overlay-color":"","overlay-opacity":"","overlay-gradient":""},"tablet":{"background-color":"","background-image":"","background-repeat":"repeat","background-position":"center center","background-size":"auto","background-attachment":"scroll","background-type":"","background-media":"","overlay-type":"","overlay-color":"","overlay-opacity":"","overlay-gradient":""},"mobile":{"background-color":"","background-image":"","background-repeat":"repeat","background-position":"center center","background-size":"auto","background-attachment":"scroll","background-type":"","background-media":"","overlay-type":"","overlay-color":"","overlay-opacity":"","overlay-gradient":""}},"ast-content-background-meta":{"desktop":{"background-color":"var(--ast-global-color-4)","background-image":"","background-repeat":"repeat","background-position":"center center","background-size":"auto","background-attachment":"scroll","background-type":"","background-media":"","overlay-type":"","overlay-color":"","overlay-opacity":"","overlay-gradient":""},"tablet":{"background-color":"var(--ast-global-color-4)","background-image":"","background-repeat":"repeat","background-position":"center center","background-size":"auto","background-attachment":"scroll","background-type":"","background-media":"","overlay-type":"","overlay-color":"","overlay-opacity":"","overlay-gradient":""},"mobile":{"background-color":"var(--ast-global-color-4)","background-image":"","background-repeat":"repeat","background-position":"center center","background-size":"auto","background-attachment":"scroll","background-type":"","background-media":"","overlay-type":"","overlay-color":"","overlay-opacity":"","overlay-gradient":""}}},"product_brand":[],"product_cat":[67],"product_tag":[],"class_list":{"0":"post-11417","1":"product","2":"type-product","3":"status-publish","4":"has-post-thumbnail","6":"product_cat-piezas-forjadas","7":"desktop-align-left","8":"tablet-align-left","9":"mobile-align-left","11":"first","12":"instock","13":"shipping-taxable","14":"product-type-simple"},"acf":[],"_links":{"self":[{"href":"https:\/\/www.boberry-mach.com\/es\/wp-json\/wp\/v2\/product\/11417","targetHints":{"allow":["GET"]}}],"collection":[{"href":"https:\/\/www.boberry-mach.com\/es\/wp-json\/wp\/v2\/product"}],"about":[{"href":"https:\/\/www.boberry-mach.com\/es\/wp-json\/wp\/v2\/types\/product"}],"replies":[{"embeddable":true,"href":"https:\/\/www.boberry-mach.com\/es\/wp-json\/wp\/v2\/comments?post=11417"}],"wp:featuredmedia":[{"embeddable":true,"href":"https:\/\/www.boberry-mach.com\/es\/wp-json\/wp\/v2\/media\/10989"}],"wp:attachment":[{"href":"https:\/\/www.boberry-mach.com\/es\/wp-json\/wp\/v2\/media?parent=11417"}],"wp:term":[{"taxonomy":"product_brand","embeddable":true,"href":"https:\/\/www.boberry-mach.com\/es\/wp-json\/wp\/v2\/product_brand?post=11417"},{"taxonomy":"product_cat","embeddable":true,"href":"https:\/\/www.boberry-mach.com\/es\/wp-json\/wp\/v2\/product_cat?post=11417"},{"taxonomy":"product_tag","embeddable":true,"href":"https:\/\/www.boberry-mach.com\/es\/wp-json\/wp\/v2\/product_tag?post=11417"}],"curies":[{"name":"wp","href":"https:\/\/api.w.org\/{rel}","templated":true}]}}