{"id":11415,"date":"2025-12-16T13:49:18","date_gmt":"2025-12-16T05:49:18","guid":{"rendered":"https:\/\/www.boberry-mach.com\/product\/cubos-estriados-de-precision\/"},"modified":"2026-01-05T16:09:03","modified_gmt":"2026-01-05T08:09:03","slug":"cubos-estriados-de-precision","status":"publish","type":"product","link":"https:\/\/www.boberry-mach.com\/es\/cubos-estriados-de-precision\/","title":{"rendered":"Cubos estriados de precisi\u00f3n"},"content":{"rendered":"<h2>Especificaciones t\u00e9cnicas<\/h2>\n<table>\n<tbody>\n<tr>\n<td>Art\u00edculo<\/td>\n<td>Description<\/td>\n<\/tr>\n<tr>\n<td>Material<\/td>\n<td>Acero de alta resistencia, acero aleado o materiales personalizados.<\/td>\n<\/tr>\n<tr>\n<td>Tipo de spline<\/td>\n<td>Perfiles de estr\u00edas involutas, dentadas o personalizadas.<\/td>\n<\/tr>\n<tr>\n<td>Di\u00e1metro exterior<\/td>\n<td>Personalizable, con un rango t\u00edpico de 20 mm a 200 mm.<\/td>\n<\/tr>\n<tr>\n<td>Di\u00e1metro interior<\/td>\n<td>Personalizable, seg\u00fan la aplicaci\u00f3n.<\/td>\n<\/tr>\n<tr>\n<td>Length<\/td>\n<td>Var\u00eda seg\u00fan la aplicaci\u00f3n, normalmente de 30 mm a 250 mm.<\/td>\n<\/tr>\n<tr>\n<td>Dureza<\/td>\n<td>50-60 HRC<\/td>\n<\/tr>\n<tr>\n<td>Resistencia a la tracci\u00f3n<\/td>\n<td>600-800 MPa<\/td>\n<\/tr>\n<tr>\n<td>Finalizar<\/td>\n<td>Acabado liso o pulido, seg\u00fan los requisitos de la aplicaci\u00f3n.<\/td>\n<\/tr>\n<tr>\n<td>Tolerancia<\/td>\n<td>\u00b10.1mm<\/td>\n<\/tr>\n<tr>\n<td>Capacidad de carga<\/td>\n<td>Optimizado para aplicaciones de alto par y gran capacidad de carga.<\/td>\n<\/tr>\n<tr>\n<td>Pruebas<\/td>\n<td>Inspecci\u00f3n dimensional, pruebas de dureza y pruebas de fatiga.<\/td>\n<\/tr>\n<tr>\n<td>Cumplimiento<\/td>\n<td>Cumple con las normas ISO, ASTM y otras normas pertinentes.<\/td>\n<\/tr>\n<\/tbody>\n<\/table>\n<h2>Aplicaciones<\/h2>\n<ul>\n<li>Sistemas automotrices (utilizados en cajas de cambios, ejes y sistemas de transmisi\u00f3n)<\/li>\n<li>Maquinaria industrial (para sistemas de engranajes y transmisi\u00f3n de potencia)<\/li>\n<li>Equipos de construcci\u00f3n (para la transmisi\u00f3n de par de alta potencia)<\/li>\n<li>Maquinaria agr\u00edcola (para una transferencia de potencia eficiente en tractores y cosechadoras)<\/li>\n<li>Aplicaciones marinas (para uso en motores y sistemas de propulsi\u00f3n marinos)<\/li>\n<li>Rob\u00f3tica (para la transmisi\u00f3n de par en brazos y mecanismos rob\u00f3ticos)<\/li>\n<\/ul>\n","protected":false},"excerpt":{"rendered":"<ul>\n<li><strong>Construcci\u00f3n duradera:<\/strong> Fabricado con materiales de alta resistencia para soportar cargas pesadas y prolongar la vida \u00fatil del componente.<\/li>\n<li><strong>Perfil de estr\u00edas:<\/strong> Perfil evolvente, dentado o perfiles personalizados adaptados a los requisitos de la aplicaci\u00f3n.<\/li>\n<li><strong>Variaciones de tama\u00f1o:<\/strong> Se encuentran disponibles di\u00e1metros, longitudes y configuraciones de di\u00e1metro interior personalizados.<\/li>\n<li><strong>Producci\u00f3n de prototipos:<\/strong> Disponible para pedidos peque\u00f1os o pruebas piloto antes de la producci\u00f3n en masa.<\/li>\n<\/ul>\n","protected":false},"featured_media":10969,"comment_status":"closed","ping_status":"closed","template":"","meta":{"_acf_changed":false,"site-sidebar-layout":"default","site-content-layout":"","ast-site-content-layout":"default","site-content-style":"default","site-sidebar-style":"default","ast-global-header-display":"","ast-banner-title-visibility":"","ast-main-header-display":"","ast-hfb-above-header-display":"","ast-hfb-below-header-display":"","ast-hfb-mobile-header-display":"","site-post-title":"","ast-breadcrumbs-content":"","ast-featured-img":"","footer-sml-layout":"","theme-transparent-header-meta":"default","adv-header-id-meta":"","stick-header-meta":"","header-above-stick-meta":"","header-main-stick-meta":"","header-below-stick-meta":"","astra-migrate-meta-layouts":"set","ast-page-background-enabled":"default","ast-page-background-meta":{"desktop":{"background-color":"var(--ast-global-color-5)","background-image":"","background-repeat":"repeat","background-position":"center center","background-size":"auto","background-attachment":"scroll","background-type":"","background-media":"","overlay-type":"","overlay-color":"","overlay-opacity":"","overlay-gradient":""},"tablet":{"background-color":"","background-image":"","background-repeat":"repeat","background-position":"center center","background-size":"auto","background-attachment":"scroll","background-type":"","background-media":"","overlay-type":"","overlay-color":"","overlay-opacity":"","overlay-gradient":""},"mobile":{"background-color":"","background-image":"","background-repeat":"repeat","background-position":"center center","background-size":"auto","background-attachment":"scroll","background-type":"","background-media":"","overlay-type":"","overlay-color":"","overlay-opacity":"","overlay-gradient":""}},"ast-content-background-meta":{"desktop":{"background-color":"var(--ast-global-color-4)","background-image":"","background-repeat":"repeat","background-position":"center center","background-size":"auto","background-attachment":"scroll","background-type":"","background-media":"","overlay-type":"","overlay-color":"","overlay-opacity":"","overlay-gradient":""},"tablet":{"background-color":"var(--ast-global-color-4)","background-image":"","background-repeat":"repeat","background-position":"center center","background-size":"auto","background-attachment":"scroll","background-type":"","background-media":"","overlay-type":"","overlay-color":"","overlay-opacity":"","overlay-gradient":""},"mobile":{"background-color":"var(--ast-global-color-4)","background-image":"","background-repeat":"repeat","background-position":"center center","background-size":"auto","background-attachment":"scroll","background-type":"","background-media":"","overlay-type":"","overlay-color":"","overlay-opacity":"","overlay-gradient":""}}},"product_brand":[],"product_cat":[67],"product_tag":[],"class_list":{"0":"post-11415","1":"product","2":"type-product","3":"status-publish","4":"has-post-thumbnail","6":"product_cat-piezas-forjadas","7":"desktop-align-left","8":"tablet-align-left","9":"mobile-align-left","11":"first","12":"instock","13":"shipping-taxable","14":"product-type-simple"},"acf":[],"_links":{"self":[{"href":"https:\/\/www.boberry-mach.com\/es\/wp-json\/wp\/v2\/product\/11415","targetHints":{"allow":["GET"]}}],"collection":[{"href":"https:\/\/www.boberry-mach.com\/es\/wp-json\/wp\/v2\/product"}],"about":[{"href":"https:\/\/www.boberry-mach.com\/es\/wp-json\/wp\/v2\/types\/product"}],"replies":[{"embeddable":true,"href":"https:\/\/www.boberry-mach.com\/es\/wp-json\/wp\/v2\/comments?post=11415"}],"wp:featuredmedia":[{"embeddable":true,"href":"https:\/\/www.boberry-mach.com\/es\/wp-json\/wp\/v2\/media\/10969"}],"wp:attachment":[{"href":"https:\/\/www.boberry-mach.com\/es\/wp-json\/wp\/v2\/media?parent=11415"}],"wp:term":[{"taxonomy":"product_brand","embeddable":true,"href":"https:\/\/www.boberry-mach.com\/es\/wp-json\/wp\/v2\/product_brand?post=11415"},{"taxonomy":"product_cat","embeddable":true,"href":"https:\/\/www.boberry-mach.com\/es\/wp-json\/wp\/v2\/product_cat?post=11415"},{"taxonomy":"product_tag","embeddable":true,"href":"https:\/\/www.boberry-mach.com\/es\/wp-json\/wp\/v2\/product_tag?post=11415"}],"curies":[{"name":"wp","href":"https:\/\/api.w.org\/{rel}","templated":true}]}}