{"id":11413,"date":"2025-12-16T13:25:24","date_gmt":"2025-12-16T05:25:24","guid":{"rendered":"https:\/\/www.boberry-mach.com\/product\/camisas-de-cilindro-con-brida\/"},"modified":"2026-01-05T15:24:46","modified_gmt":"2026-01-05T07:24:46","slug":"camisas-de-cilindro-con-brida","status":"publish","type":"product","link":"https:\/\/www.boberry-mach.com\/es\/camisas-de-cilindro-con-brida\/","title":{"rendered":"Camisas de cilindro con brida"},"content":{"rendered":"<h2>Especificaciones t\u00e9cnicas<\/h2>\n<table>\n<tbody>\n<tr>\n<td>Art\u00edculo<\/td>\n<td>Description<\/td>\n<\/tr>\n<tr>\n<td>Material<\/td>\n<td>Hierro fundido, acero o aleaciones de alta resistencia (especificadas por el cliente)<\/td>\n<\/tr>\n<tr>\n<td>Length<\/td>\n<td>50 mm a 250 mm<\/td>\n<\/tr>\n<tr>\n<td>Di\u00e1metro exterior<\/td>\n<td>50 mm a 250 mm<\/td>\n<\/tr>\n<tr>\n<td>Di\u00e1metro interior<\/td>\n<td>Rango: de 40 mm a 200 mm, tama\u00f1os espec\u00edficos disponibles.<\/td>\n<\/tr>\n<tr>\n<td>Espesor de la pared<\/td>\n<td>Normalmente de 3 mm a 10 mm, dependiendo de la aplicaci\u00f3n.<\/td>\n<\/tr>\n<tr>\n<td>Resistencia a la tracci\u00f3n<\/td>\n<td>300-600 MPa<\/td>\n<\/tr>\n<tr>\n<td>Dureza<\/td>\n<td>50-60 HRC<\/td>\n<\/tr>\n<tr>\n<td>Coating<\/td>\n<td>Recubrimientos anticorrosi\u00f3n opcionales (por ejemplo, cromo o cer\u00e1mica)<\/td>\n<\/tr>\n<tr>\n<td>Surface finish<\/td>\n<td>Opciones de acabado pulido o liso<\/td>\n<\/tr>\n<tr>\n<td>Est\u00e1ndares de prueba<\/td>\n<td>Pruebas de presi\u00f3n, dimensionales y de dureza.<\/td>\n<\/tr>\n<tr>\n<td>Cumplimiento<\/td>\n<td>Cumple con las normas ASTM, ISO y otras normas relevantes.<\/td>\n<\/tr>\n<\/tbody>\n<\/table>\n<h2>Aplicaciones<\/h2>\n<ul>\n<li>Motores de automoci\u00f3n (utilizados en coches, camiones y autobuses)<\/li>\n<li>Maquinaria pesada (equipos de construcci\u00f3n, equipos de miner\u00eda)<\/li>\n<li>Motores industriales (para generadores de energ\u00eda, compresores, turbinas)<\/li>\n<li>Motores marinos (para barcos, buques y plataformas petrol\u00edferas)<\/li>\n<li>Maquinaria agr\u00edcola (tractores, cosechadoras y otros equipos con motor di\u00e9sel)<\/li>\n<li>Sistemas de generaci\u00f3n de energ\u00eda (aplicaciones con motores di\u00e9sel y de gas)<\/li>\n<\/ul>\n","protected":false},"excerpt":{"rendered":"<ul>\n<li><strong>Dise\u00f1o con brida:<\/strong> Proporciona un ajuste seguro dentro del bloque del motor, mejorando la integridad estructural y el rendimiento.<\/li>\n<li><strong>Opciones de materiales:<\/strong> Hierro fundido, acero o aleaciones personalizadas para necesidades de rendimiento espec\u00edficas.<\/li>\n<li><strong>Variaciones de tama\u00f1o:<\/strong> Disponibles di\u00e1metros, longitudes y grosores de pared personalizados.<\/li>\n<li><strong>Acabados de superficie:<\/strong> Acabados pulidos, lisos o brillantes adaptados a las especificaciones del motor.<\/li>\n<\/ul>\n","protected":false},"featured_media":10953,"comment_status":"closed","ping_status":"closed","template":"","meta":{"_acf_changed":false,"site-sidebar-layout":"default","site-content-layout":"","ast-site-content-layout":"default","site-content-style":"default","site-sidebar-style":"default","ast-global-header-display":"","ast-banner-title-visibility":"","ast-main-header-display":"","ast-hfb-above-header-display":"","ast-hfb-below-header-display":"","ast-hfb-mobile-header-display":"","site-post-title":"","ast-breadcrumbs-content":"","ast-featured-img":"","footer-sml-layout":"","theme-transparent-header-meta":"default","adv-header-id-meta":"","stick-header-meta":"","header-above-stick-meta":"","header-main-stick-meta":"","header-below-stick-meta":"","astra-migrate-meta-layouts":"set","ast-page-background-enabled":"default","ast-page-background-meta":{"desktop":{"background-color":"var(--ast-global-color-5)","background-image":"","background-repeat":"repeat","background-position":"center center","background-size":"auto","background-attachment":"scroll","background-type":"","background-media":"","overlay-type":"","overlay-color":"","overlay-opacity":"","overlay-gradient":""},"tablet":{"background-color":"","background-image":"","background-repeat":"repeat","background-position":"center center","background-size":"auto","background-attachment":"scroll","background-type":"","background-media":"","overlay-type":"","overlay-color":"","overlay-opacity":"","overlay-gradient":""},"mobile":{"background-color":"","background-image":"","background-repeat":"repeat","background-position":"center center","background-size":"auto","background-attachment":"scroll","background-type":"","background-media":"","overlay-type":"","overlay-color":"","overlay-opacity":"","overlay-gradient":""}},"ast-content-background-meta":{"desktop":{"background-color":"var(--ast-global-color-4)","background-image":"","background-repeat":"repeat","background-position":"center center","background-size":"auto","background-attachment":"scroll","background-type":"","background-media":"","overlay-type":"","overlay-color":"","overlay-opacity":"","overlay-gradient":""},"tablet":{"background-color":"var(--ast-global-color-4)","background-image":"","background-repeat":"repeat","background-position":"center center","background-size":"auto","background-attachment":"scroll","background-type":"","background-media":"","overlay-type":"","overlay-color":"","overlay-opacity":"","overlay-gradient":""},"mobile":{"background-color":"var(--ast-global-color-4)","background-image":"","background-repeat":"repeat","background-position":"center center","background-size":"auto","background-attachment":"scroll","background-type":"","background-media":"","overlay-type":"","overlay-color":"","overlay-opacity":"","overlay-gradient":""}}},"product_brand":[],"product_cat":[67],"product_tag":[],"class_list":{"0":"post-11413","1":"product","2":"type-product","3":"status-publish","4":"has-post-thumbnail","6":"product_cat-piezas-forjadas","7":"desktop-align-left","8":"tablet-align-left","9":"mobile-align-left","11":"first","12":"instock","13":"shipping-taxable","14":"product-type-simple"},"acf":[],"_links":{"self":[{"href":"https:\/\/www.boberry-mach.com\/es\/wp-json\/wp\/v2\/product\/11413","targetHints":{"allow":["GET"]}}],"collection":[{"href":"https:\/\/www.boberry-mach.com\/es\/wp-json\/wp\/v2\/product"}],"about":[{"href":"https:\/\/www.boberry-mach.com\/es\/wp-json\/wp\/v2\/types\/product"}],"replies":[{"embeddable":true,"href":"https:\/\/www.boberry-mach.com\/es\/wp-json\/wp\/v2\/comments?post=11413"}],"wp:featuredmedia":[{"embeddable":true,"href":"https:\/\/www.boberry-mach.com\/es\/wp-json\/wp\/v2\/media\/10953"}],"wp:attachment":[{"href":"https:\/\/www.boberry-mach.com\/es\/wp-json\/wp\/v2\/media?parent=11413"}],"wp:term":[{"taxonomy":"product_brand","embeddable":true,"href":"https:\/\/www.boberry-mach.com\/es\/wp-json\/wp\/v2\/product_brand?post=11413"},{"taxonomy":"product_cat","embeddable":true,"href":"https:\/\/www.boberry-mach.com\/es\/wp-json\/wp\/v2\/product_cat?post=11413"},{"taxonomy":"product_tag","embeddable":true,"href":"https:\/\/www.boberry-mach.com\/es\/wp-json\/wp\/v2\/product_tag?post=11413"}],"curies":[{"name":"wp","href":"https:\/\/api.w.org\/{rel}","templated":true}]}}