{"id":11331,"date":"2025-11-19T11:26:38","date_gmt":"2025-11-19T03:26:38","guid":{"rendered":"https:\/\/www.boberry-mach.com\/product\/ejes-escalonados-forjados-de-metal\/"},"modified":"2025-12-25T14:43:56","modified_gmt":"2025-12-25T06:43:56","slug":"ejes-escalonados-forjados-de-metal","status":"publish","type":"product","link":"https:\/\/www.boberry-mach.com\/es\/ejes-escalonados-forjados-de-metal\/","title":{"rendered":"Ejes escalonados forjados de metal"},"content":{"rendered":"<h2>Especificaciones t\u00e9cnicas<\/h2>\n<table>\n<tbody>\n<tr>\n<td>Par\u00e1metro<\/td>\n<td>Especificaci\u00f3n<\/td>\n<\/tr>\n<tr>\n<td>Material<\/td>\n<td>Acero en lingotes de alta calidad (seg\u00fan las especificaciones del pedido)<\/td>\n<\/tr>\n<tr>\n<td>Forging Type<\/td>\n<td>Forja abierta \/ Forja libre \/ Forja en matriz<\/td>\n<\/tr>\n<tr>\n<td>Tolerancia<\/td>\n<td>\u00b10.01 mm<\/td>\n<\/tr>\n<tr>\n<td>Rugosidad de la superficie<\/td>\n<td>Ra 0,4<\/td>\n<\/tr>\n<tr>\n<td>Tratamiento t\u00e9rmico<\/td>\n<td>Templado y revenido \/ Normalizado \/ Recocido<\/td>\n<\/tr>\n<tr>\n<td>Pruebas<\/td>\n<td>Prueba de ultrasonido al 100% + Pruebas de propiedades mec\u00e1nicas<\/td>\n<\/tr>\n<tr>\n<td>Capacidad<\/td>\n<td>500\u20131000 toneladas al mes<\/td>\n<\/tr>\n<tr>\n<td>El tiempo de entrega<\/td>\n<td>15-30 d\u00edas (Urgente) \/ 30-45 d\u00edas (Normal)<\/td>\n<\/tr>\n<tr>\n<td>Embalaje<\/td>\n<td>Aceite antioxidante + Caja de madera \/ Estructura de acero<\/td>\n<\/tr>\n<tr>\n<td>Opciones de transporte<\/td>\n<td>Por v\u00eda mar\u00edtima \/ a\u00e9rea \/ ferroviaria (FOB, CIF, DDP)<\/td>\n<\/tr>\n<\/tbody>\n<\/table>\n<h2>Personalizaci\u00f3n y servicio OEM<\/h2>\n<ul>\n<li>Dimensiones, materiales y calidades de ejes escalonados personalizados.<\/li>\n<li>Asistencia en el dise\u00f1o y revisi\u00f3n de planos CAD.<\/li>\n<li>Mecanizado, roscado y acabado de superficies seg\u00fan los planos del cliente.<\/li>\n<li>Cantidad m\u00ednima de pedido: 1 unidad (servicio de muestras disponible).<\/li>\n<li>Marca propia (OEM\/ODM) y env\u00edos internacionales (FOB, CIF, DDP).<\/li>\n<\/ul>\n<h2>Industrias atendidas<\/h2>\n<ul>\n<li>Maquinaria pesada y equipos para el trabajo del metal.<\/li>\n<li>Sistemas de generaci\u00f3n de energ\u00eda<\/li>\n<li>Procesamiento de pulpa y papel<\/li>\n<li>Sistemas de propulsi\u00f3n marina<\/li>\n<li>Maquinaria para procesamiento de alimentos e industrial<\/li>\n<\/ul>\n","protected":false},"excerpt":{"rendered":"<ul>\n<li><strong>Gama de productos:<\/strong> Ejes escalonados, ejes principales y cig\u00fce\u00f1ales.<\/li>\n<li><strong>Capacidad de forjado:<\/strong> prensas hidr\u00e1ulicas de 6300T, 3150T y 2000T; martillos de 1T a 5T.<\/li>\n<li><strong>Capacidad de mecanizado:<\/strong> Hasta 70 toneladas, carga de la m\u00e1quina CNC de 32 toneladas.<\/li>\n<li><strong>Precisi\u00f3n dimensional:<\/strong> Tolerancia \u00b10,01 mm; rugosidad superficial Ra 0,4.<\/li>\n<li><strong>Cobertura de las pruebas:<\/strong> Inspecci\u00f3n ultras\u00f3nica al 100% con pruebas de dureza y resistencia a la tracci\u00f3n.<\/li>\n<\/ul>\n","protected":false},"featured_media":9999,"comment_status":"closed","ping_status":"closed","template":"","meta":{"_acf_changed":false,"site-sidebar-layout":"default","site-content-layout":"","ast-site-content-layout":"default","site-content-style":"default","site-sidebar-style":"default","ast-global-header-display":"","ast-banner-title-visibility":"","ast-main-header-display":"","ast-hfb-above-header-display":"","ast-hfb-below-header-display":"","ast-hfb-mobile-header-display":"","site-post-title":"","ast-breadcrumbs-content":"","ast-featured-img":"","footer-sml-layout":"","theme-transparent-header-meta":"default","adv-header-id-meta":"","stick-header-meta":"","header-above-stick-meta":"","header-main-stick-meta":"","header-below-stick-meta":"","astra-migrate-meta-layouts":"default","ast-page-background-enabled":"default","ast-page-background-meta":{"desktop":{"background-color":"var(--ast-global-color-5)","background-image":"","background-repeat":"repeat","background-position":"center center","background-size":"auto","background-attachment":"scroll","background-type":"","background-media":"","overlay-type":"","overlay-color":"","overlay-opacity":"","overlay-gradient":""},"tablet":{"background-color":"","background-image":"","background-repeat":"repeat","background-position":"center center","background-size":"auto","background-attachment":"scroll","background-type":"","background-media":"","overlay-type":"","overlay-color":"","overlay-opacity":"","overlay-gradient":""},"mobile":{"background-color":"","background-image":"","background-repeat":"repeat","background-position":"center center","background-size":"auto","background-attachment":"scroll","background-type":"","background-media":"","overlay-type":"","overlay-color":"","overlay-opacity":"","overlay-gradient":""}},"ast-content-background-meta":{"desktop":{"background-color":"var(--ast-global-color-4)","background-image":"","background-repeat":"repeat","background-position":"center center","background-size":"auto","background-attachment":"scroll","background-type":"","background-media":"","overlay-type":"","overlay-color":"","overlay-opacity":"","overlay-gradient":""},"tablet":{"background-color":"var(--ast-global-color-4)","background-image":"","background-repeat":"repeat","background-position":"center center","background-size":"auto","background-attachment":"scroll","background-type":"","background-media":"","overlay-type":"","overlay-color":"","overlay-opacity":"","overlay-gradient":""},"mobile":{"background-color":"var(--ast-global-color-4)","background-image":"","background-repeat":"repeat","background-position":"center center","background-size":"auto","background-attachment":"scroll","background-type":"","background-media":"","overlay-type":"","overlay-color":"","overlay-opacity":"","overlay-gradient":""}}},"product_brand":[],"product_cat":[67],"product_tag":[],"class_list":{"0":"post-11331","1":"product","2":"type-product","3":"status-publish","4":"has-post-thumbnail","6":"product_cat-piezas-forjadas","7":"desktop-align-left","8":"tablet-align-left","9":"mobile-align-left","11":"first","12":"instock","13":"shipping-taxable","14":"product-type-simple"},"acf":[],"_links":{"self":[{"href":"https:\/\/www.boberry-mach.com\/es\/wp-json\/wp\/v2\/product\/11331","targetHints":{"allow":["GET"]}}],"collection":[{"href":"https:\/\/www.boberry-mach.com\/es\/wp-json\/wp\/v2\/product"}],"about":[{"href":"https:\/\/www.boberry-mach.com\/es\/wp-json\/wp\/v2\/types\/product"}],"replies":[{"embeddable":true,"href":"https:\/\/www.boberry-mach.com\/es\/wp-json\/wp\/v2\/comments?post=11331"}],"wp:featuredmedia":[{"embeddable":true,"href":"https:\/\/www.boberry-mach.com\/es\/wp-json\/wp\/v2\/media\/9999"}],"wp:attachment":[{"href":"https:\/\/www.boberry-mach.com\/es\/wp-json\/wp\/v2\/media?parent=11331"}],"wp:term":[{"taxonomy":"product_brand","embeddable":true,"href":"https:\/\/www.boberry-mach.com\/es\/wp-json\/wp\/v2\/product_brand?post=11331"},{"taxonomy":"product_cat","embeddable":true,"href":"https:\/\/www.boberry-mach.com\/es\/wp-json\/wp\/v2\/product_cat?post=11331"},{"taxonomy":"product_tag","embeddable":true,"href":"https:\/\/www.boberry-mach.com\/es\/wp-json\/wp\/v2\/product_tag?post=11331"}],"curies":[{"name":"wp","href":"https:\/\/api.w.org\/{rel}","templated":true}]}}