{"id":19905,"date":"2025-12-17T10:19:18","date_gmt":"2025-12-17T02:19:18","guid":{"rendered":"https:\/\/www.boberry-mach.com\/product\/diesel-engine-pistons\/"},"modified":"2026-04-30T15:51:15","modified_gmt":"2026-04-30T07:51:15","slug":"kolben-fuer-dieselmotoren","status":"publish","type":"product","link":"https:\/\/www.boberry-mach.com\/de\/kolben-fuer-dieselmotoren\/","title":{"rendered":"Kolben f\u00fcr Dieselmotoren"},"content":{"rendered":"<h2>Technische Daten<\/h2>\n<table>\n<tbody>\n<tr>\n<td>Artikel<\/td>\n<td>Beschreibung<\/td>\n<\/tr>\n<tr>\n<td>Material<\/td>\n<td>Gusseisen, legierter Stahl, kundenspezifischer hochfester Stahl<\/td>\n<\/tr>\n<tr>\n<td>Durchmesser<\/td>\n<td>80 mm bis 250 mm<\/td>\n<\/tr>\n<tr>\n<td>H\u00f6he\/Hub<\/td>\n<td>60 mm bis 150 mm<\/td>\n<\/tr>\n<tr>\n<td>Verdichtungsverh\u00e4ltnis<\/td>\n<td>Anpassbar je nach Motorspezifikation (typisch: 16:1 bis 20:1)<\/td>\n<\/tr>\n<tr>\n<td>Oberfl\u00e4chenbehandlung<\/td>\n<td>Nitrieren, W\u00e4rmebehandlung, Korrosionsschutzbeschichtungen<\/td>\n<\/tr>\n<tr>\n<td>Gewicht<\/td>\n<td>Bereich: 0,5 kg bis 5 kg<\/td>\n<\/tr>\n<tr>\n<td>H\u00e4rte<\/td>\n<td>60\u201365 HRC (je nach Material und Behandlung)<\/td>\n<\/tr>\n<tr>\n<td>Zugfestigkeit<\/td>\n<td>600\u2013800 MPa (abh\u00e4ngig von der Materialg\u00fcte)<\/td>\n<\/tr>\n<tr>\n<td>Kompatibilit\u00e4t<\/td>\n<td>Entwickelt f\u00fcr verschiedene Dieselmotoren (spezifische Modelle auf Anfrage erh\u00e4ltlich)<\/td>\n<\/tr>\n<tr>\n<td>Pr\u00fcfung<\/td>\n<td>Druck-, Erm\u00fcdungs- und Verschlei\u00dfpr\u00fcfungen zur Qualit\u00e4tssicherung<\/td>\n<\/tr>\n<\/tbody>\n<\/table>\n<h2>Anwendungen<\/h2>\n<ul>\n<li>Dieselmotoren f\u00fcr Kraftfahrzeuge (Lkw, Busse und Nutzfahrzeuge)<\/li>\n<li>Schiffsdieselmotoren (Boote, Schiffe und Offshore-Plattformen)<\/li>\n<li>Industriemaschinen (Generatoren, Kompressoren, Pumpen)<\/li>\n<li>Landwirtschaftliche Ger\u00e4te (Traktoren, Erntemaschinen und andere dieselbetriebene Landmaschinen)<\/li>\n<li>Schwere Baumaschinen (Bagger, Planierraupen, Kr\u00e4ne)<\/li>\n<li>Kraftwerke (Diesel-Stromerzeugungsanlagen)<\/li>\n<\/ul>\n","protected":false},"excerpt":{"rendered":"<ul>\n<li><strong>Hohe Strapazierf\u00e4higkeit:<\/strong> Entwickelt, um hohem Druck, extremen Temperaturen und den Belastungen im Hochleistungsbetrieb standzuhalten.<\/li>\n<li><strong>Korrosionsbest\u00e4ndig:<\/strong> Entwickelt, um Verschlei\u00df, Oxidation und Korrosion zu widerstehen und so die Lebensdauer des Motors zu verl\u00e4ngern.<\/li>\n<li><strong>Motoroptimierung:<\/strong> Hergestellt zur Maximierung der Verbrennungseffizienz und der Gesamtleistung des Motors.<\/li>\n<li><strong>Anpassbar:<\/strong> Erh\u00e4ltlich in einer Reihe von Abmessungen, Materialien und Oberfl\u00e4chen, die auf bestimmte Dieselmotorspezifikationen abgestimmt sind.<\/li>\n<\/ul>\n","protected":false},"featured_media":13988,"comment_status":"closed","ping_status":"closed","template":"","meta":{"_acf_changed":false,"site-sidebar-layout":"default","site-content-layout":"","ast-site-content-layout":"default","site-content-style":"default","site-sidebar-style":"default","ast-global-header-display":"","ast-banner-title-visibility":"","ast-main-header-display":"","ast-hfb-above-header-display":"","ast-hfb-below-header-display":"","ast-hfb-mobile-header-display":"","site-post-title":"","ast-breadcrumbs-content":"","ast-featured-img":"","footer-sml-layout":"","theme-transparent-header-meta":"default","adv-header-id-meta":"","stick-header-meta":"","header-above-stick-meta":"","header-main-stick-meta":"","header-below-stick-meta":"","astra-migrate-meta-layouts":"set","ast-page-background-enabled":"default","ast-page-background-meta":{"desktop":{"background-color":"var(--ast-global-color-5)","background-image":"","background-repeat":"repeat","background-position":"center center","background-size":"auto","background-attachment":"scroll","background-type":"","background-media":"","overlay-type":"","overlay-color":"","overlay-opacity":"","overlay-gradient":""},"tablet":{"background-color":"","background-image":"","background-repeat":"repeat","background-position":"center center","background-size":"auto","background-attachment":"scroll","background-type":"","background-media":"","overlay-type":"","overlay-color":"","overlay-opacity":"","overlay-gradient":""},"mobile":{"background-color":"","background-image":"","background-repeat":"repeat","background-position":"center center","background-size":"auto","background-attachment":"scroll","background-type":"","background-media":"","overlay-type":"","overlay-color":"","overlay-opacity":"","overlay-gradient":""}},"ast-content-background-meta":{"desktop":{"background-color":"var(--ast-global-color-4)","background-image":"","background-repeat":"repeat","background-position":"center center","background-size":"auto","background-attachment":"scroll","background-type":"","background-media":"","overlay-type":"","overlay-color":"","overlay-opacity":"","overlay-gradient":""},"tablet":{"background-color":"var(--ast-global-color-4)","background-image":"","background-repeat":"repeat","background-position":"center center","background-size":"auto","background-attachment":"scroll","background-type":"","background-media":"","overlay-type":"","overlay-color":"","overlay-opacity":"","overlay-gradient":""},"mobile":{"background-color":"var(--ast-global-color-4)","background-image":"","background-repeat":"repeat","background-position":"center center","background-size":"auto","background-attachment":"scroll","background-type":"","background-media":"","overlay-type":"","overlay-color":"","overlay-opacity":"","overlay-gradient":""}}},"product_brand":[],"product_cat":[73],"product_tag":[],"class_list":{"0":"post-19905","1":"product","2":"type-product","3":"status-publish","4":"has-post-thumbnail","6":"product_cat-gussteile","7":"desktop-align-left","8":"tablet-align-left","9":"mobile-align-left","11":"first","12":"instock","13":"shipping-taxable","14":"product-type-simple"},"acf":[],"_links":{"self":[{"href":"https:\/\/www.boberry-mach.com\/de\/wp-json\/wp\/v2\/product\/19905","targetHints":{"allow":["GET"]}}],"collection":[{"href":"https:\/\/www.boberry-mach.com\/de\/wp-json\/wp\/v2\/product"}],"about":[{"href":"https:\/\/www.boberry-mach.com\/de\/wp-json\/wp\/v2\/types\/product"}],"replies":[{"embeddable":true,"href":"https:\/\/www.boberry-mach.com\/de\/wp-json\/wp\/v2\/comments?post=19905"}],"wp:featuredmedia":[{"embeddable":true,"href":"https:\/\/www.boberry-mach.com\/de\/wp-json\/wp\/v2\/media\/13988"}],"wp:attachment":[{"href":"https:\/\/www.boberry-mach.com\/de\/wp-json\/wp\/v2\/media?parent=19905"}],"wp:term":[{"taxonomy":"product_brand","embeddable":true,"href":"https:\/\/www.boberry-mach.com\/de\/wp-json\/wp\/v2\/product_brand?post=19905"},{"taxonomy":"product_cat","embeddable":true,"href":"https:\/\/www.boberry-mach.com\/de\/wp-json\/wp\/v2\/product_cat?post=19905"},{"taxonomy":"product_tag","embeddable":true,"href":"https:\/\/www.boberry-mach.com\/de\/wp-json\/wp\/v2\/product_tag?post=19905"}],"curies":[{"name":"wp","href":"https:\/\/api.w.org\/{rel}","templated":true}]}}