{"id":13857,"date":"2025-12-11T16:18:04","date_gmt":"2025-12-11T08:18:04","guid":{"rendered":"https:\/\/www.boberry-mach.com\/product\/asme-b16-9-standard-stumpfschweissfittings\/"},"modified":"2026-02-26T19:10:33","modified_gmt":"2026-02-26T11:10:33","slug":"asme-b16-9-standard-stumpfschweissfittings","status":"publish","type":"product","link":"https:\/\/www.boberry-mach.com\/de\/asme-b16-9-standard-stumpfschweissfittings\/","title":{"rendered":"ASME B16.9 Standard Stumpfschwei\u00dffittings"},"content":{"rendered":"<h2>Technische Daten<\/h2>\n<table>\n<tbody>\n<tr>\n<td>Kategorie<\/td>\n<td>Details<\/td>\n<\/tr>\n<tr>\n<td>Produktname<\/td>\n<td>ASME B16.9 Standard-Stumpfschwei\u00dffittings<\/td>\n<\/tr>\n<tr>\n<td>Gr\u00f6\u00dfenbereich<\/td>\n<td>2&#8243; \u2013 24&#8243;<\/td>\n<\/tr>\n<tr>\n<td>Wandst\u00e4rke (SCH)<\/td>\n<td>Sch10s \u2013 SchXXs<\/td>\n<\/tr>\n<tr>\n<td>Materialoptionen<\/td>\n<td>Kohlenstoffstahl: ASTM A234 WPB\/WPC, A420 WPL6; Edelstahl: ASTM A403 WP304\/304L, WP316\/316L, WP317L, WP321, WP347H; Legierter Stahl: A234 WP12\/WP11\/WP22\/WP5\/WP9\/WP91; Duplex\/Super-Duplex: ASTM A815 S31803\/S32205\/S32750\/S32760; Andere Sonderwerkstoffe<\/td>\n<\/tr>\n<tr>\n<td>Fertigungsstandards<\/td>\n<td>ASME B16.9, ASME B16.28; JIS B2311\/B2312\/B2313; DIN 2605\/2606\/2615\/2616; GB\/T13401; HGJ514; SH3408\/3409; HG\/T21635\/21631<\/td>\n<\/tr>\n<tr>\n<td>Endtypen<\/td>\n<td>Schr\u00e4genden, Glatten Enden<\/td>\n<\/tr>\n<tr>\n<td>Zerst\u00f6rungsfreie Pr\u00fcfung<\/td>\n<td>MPT, PT, UT, RT, andere zerst\u00f6rungsfreie Pr\u00fcfungen nach Kundenwunsch<\/td>\n<\/tr>\n<tr>\n<td>Oberfl\u00e4chenbehandlung<\/td>\n<td>Sandgestrahlt, Kugelgestrahlt, Antik-Lack<\/td>\n<\/tr>\n<tr>\n<td>Anwendungen<\/td>\n<td>Elektrische Energie, Erd\u00f6l, Kernenergie, Petrochemie, \u00d6l und Gas, Schiffbau, Chemie, Pharmazie, Papierherstellung, Bauwesen<\/td>\n<\/tr>\n<tr>\n<td>Verpackungsoptionen<\/td>\n<td>Sperrholzkisten, Sperrholzpaletten, ma\u00dfgeschneiderter seet\u00fcchtiger Schutz<\/td>\n<\/tr>\n<tr>\n<td>Lieferzeit<\/td>\n<td>20\u201335 Tage<\/td>\n<\/tr>\n<tr>\n<td>Exportm\u00e4rkte<\/td>\n<td>Europa, USA, Nordamerika, Asien<\/td>\n<\/tr>\n<\/tbody>\n<\/table>\n<h2>Anwendungen<\/h2>\n<ul>\n<li><strong>Elektrische Energie:<\/strong> Hochdruckrohrleitungen und Dampfsysteme.<\/li>\n<li><strong>Erd\u00f6l:<\/strong> Wird in \u00d6lraffinerien, Pipelines und Drucksystemen verwendet.<\/li>\n<li><strong>Kernkraft:<\/strong> Entwickelt f\u00fcr Hochtemperatur- und Hochdruckrohrleitungen in Reaktoren.<\/li>\n<li><strong>Petrochemie:<\/strong> Reaktoren, W\u00e4rmetauscher, Destillationsanlagen.<\/li>\n<li><strong>\u00d6l und Gas:<\/strong> Offshore-, Unterwasser- und Onshore-Pipeline-Netzwerke.<\/li>\n<li><strong>Schiffbau:<\/strong> Marinepipelines, Meerwasseranlagen, Maschinenleitungen.<\/li>\n<li><strong>Chemische Industrie:<\/strong> Verarbeitung korrosiver Chemikalien und Transport von Fl\u00fcssigkeiten.<\/li>\n<li><strong>Pharmazeutik:<\/strong> Saubere, korrosionsbest\u00e4ndige Prozessrohrleitungen.<\/li>\n<li><strong>Papierherstellung:<\/strong> Systeme zur Handhabung von Zellstoff und Chemikalien.<\/li>\n<li><strong>Bauwesen: <\/strong> Installation von Rohrleitungen f\u00fcr Bauwerke und Prozesse.<\/li>\n<\/ul>\n","protected":false},"excerpt":{"rendered":"<ul>\n<li><strong data-start=\"2294\" data-end=\"2320\">Hochwertige Materialien:<\/strong> Hergestellt aus hochwertigen Kohlenstoffst\u00e4hlen, rostfreien St\u00e4hlen, legierten St\u00e4hlen und Duplexst\u00e4hlen.<\/li>\n<li><strong>Gr\u00f6\u00dfenanpassung:<\/strong> Erh\u00e4ltlich in Gr\u00f6\u00dfen von 2\u201e bis 24\u201c mit verschiedenen Wandst\u00e4rken (Sch10s bis SchXXS).<\/li>\n<li><strong>Schr\u00e4gschnittende &amp; Glattende:<\/strong> Anpassung der Endenform je nach Projektanforderungen.<\/li>\n<li><strong>Robuste Pr\u00fcfungen und Zertifizierungen:<\/strong> Umfasst verschiedene zerst\u00f6rungsfreie Pr\u00fcfungen und Zertifizierungen wie API, T\u00dcV und PED.<\/li>\n<\/ul>\n","protected":false},"featured_media":13858,"comment_status":"closed","ping_status":"closed","template":"","meta":{"_acf_changed":false,"site-sidebar-layout":"default","site-content-layout":"","ast-site-content-layout":"default","site-content-style":"default","site-sidebar-style":"default","ast-global-header-display":"","ast-banner-title-visibility":"","ast-main-header-display":"","ast-hfb-above-header-display":"","ast-hfb-below-header-display":"","ast-hfb-mobile-header-display":"","site-post-title":"","ast-breadcrumbs-content":"","ast-featured-img":"","footer-sml-layout":"","theme-transparent-header-meta":"default","adv-header-id-meta":"","stick-header-meta":"","header-above-stick-meta":"","header-main-stick-meta":"","header-below-stick-meta":"","astra-migrate-meta-layouts":"set","ast-page-background-enabled":"default","ast-page-background-meta":{"desktop":{"background-color":"var(--ast-global-color-5)","background-image":"","background-repeat":"repeat","background-position":"center center","background-size":"auto","background-attachment":"scroll","background-type":"","background-media":"","overlay-type":"","overlay-color":"","overlay-opacity":"","overlay-gradient":""},"tablet":{"background-color":"","background-image":"","background-repeat":"repeat","background-position":"center center","background-size":"auto","background-attachment":"scroll","background-type":"","background-media":"","overlay-type":"","overlay-color":"","overlay-opacity":"","overlay-gradient":""},"mobile":{"background-color":"","background-image":"","background-repeat":"repeat","background-position":"center center","background-size":"auto","background-attachment":"scroll","background-type":"","background-media":"","overlay-type":"","overlay-color":"","overlay-opacity":"","overlay-gradient":""}},"ast-content-background-meta":{"desktop":{"background-color":"var(--ast-global-color-4)","background-image":"","background-repeat":"repeat","background-position":"center center","background-size":"auto","background-attachment":"scroll","background-type":"","background-media":"","overlay-type":"","overlay-color":"","overlay-opacity":"","overlay-gradient":""},"tablet":{"background-color":"var(--ast-global-color-4)","background-image":"","background-repeat":"repeat","background-position":"center center","background-size":"auto","background-attachment":"scroll","background-type":"","background-media":"","overlay-type":"","overlay-color":"","overlay-opacity":"","overlay-gradient":""},"mobile":{"background-color":"var(--ast-global-color-4)","background-image":"","background-repeat":"repeat","background-position":"center center","background-size":"auto","background-attachment":"scroll","background-type":"","background-media":"","overlay-type":"","overlay-color":"","overlay-opacity":"","overlay-gradient":""}}},"product_brand":[],"product_cat":[73],"product_tag":[],"class_list":{"0":"post-13857","1":"product","2":"type-product","3":"status-publish","4":"has-post-thumbnail","6":"product_cat-gussteile","7":"desktop-align-left","8":"tablet-align-left","9":"mobile-align-left","11":"first","12":"instock","13":"shipping-taxable","14":"product-type-simple"},"acf":[],"_links":{"self":[{"href":"https:\/\/www.boberry-mach.com\/de\/wp-json\/wp\/v2\/product\/13857","targetHints":{"allow":["GET"]}}],"collection":[{"href":"https:\/\/www.boberry-mach.com\/de\/wp-json\/wp\/v2\/product"}],"about":[{"href":"https:\/\/www.boberry-mach.com\/de\/wp-json\/wp\/v2\/types\/product"}],"replies":[{"embeddable":true,"href":"https:\/\/www.boberry-mach.com\/de\/wp-json\/wp\/v2\/comments?post=13857"}],"wp:featuredmedia":[{"embeddable":true,"href":"https:\/\/www.boberry-mach.com\/de\/wp-json\/wp\/v2\/media\/13858"}],"wp:attachment":[{"href":"https:\/\/www.boberry-mach.com\/de\/wp-json\/wp\/v2\/media?parent=13857"}],"wp:term":[{"taxonomy":"product_brand","embeddable":true,"href":"https:\/\/www.boberry-mach.com\/de\/wp-json\/wp\/v2\/product_brand?post=13857"},{"taxonomy":"product_cat","embeddable":true,"href":"https:\/\/www.boberry-mach.com\/de\/wp-json\/wp\/v2\/product_cat?post=13857"},{"taxonomy":"product_tag","embeddable":true,"href":"https:\/\/www.boberry-mach.com\/de\/wp-json\/wp\/v2\/product_tag?post=13857"}],"curies":[{"name":"wp","href":"https:\/\/api.w.org\/{rel}","templated":true}]}}