{"id":13851,"date":"2025-12-12T10:51:24","date_gmt":"2025-12-12T02:51:24","guid":{"rendered":"https:\/\/www.boberry-mach.com\/product\/praezisionsgussteile-aus-edelstahl\/"},"modified":"2026-02-26T18:28:52","modified_gmt":"2026-02-26T10:28:52","slug":"praezisionsgussteile-aus-edelstahl","status":"publish","type":"product","link":"https:\/\/www.boberry-mach.com\/de\/praezisionsgussteile-aus-edelstahl\/","title":{"rendered":"Pr\u00e4zisionsgussteile aus Edelstahl"},"content":{"rendered":"<h2>Technische Daten<\/h2>\n<table>\n<tbody>\n<tr>\n<td>Artikel<\/td>\n<td>Details<\/td>\n<\/tr>\n<tr>\n<td>Produktname<\/td>\n<td>Pr\u00e4zisionsgussteile aus Edelstahl<\/td>\n<\/tr>\n<tr>\n<td>Hauptprozesse<\/td>\n<td>Feinguss, Sandguss<\/td>\n<\/tr>\n<tr>\n<td>Materialoptionen<\/td>\n<td>Edelstahl (304, 304L, 316, 316L), Kohlenstoffstahl, Duplexstahl, Aluminium, Sonderlegierungen<\/td>\n<\/tr>\n<tr>\n<td>Dimensionsbereich<\/td>\n<td>Bis zu ca. 1500 \u00d7 1500 \u00d7 1500 mm<\/td>\n<\/tr>\n<tr>\n<td>Gewichtsspanne \u2013 Feinguss<\/td>\n<td>0,001\u201399 kg<\/td>\n<\/tr>\n<tr>\n<td>Gewichtsbereich \u2013 Sandguss<\/td>\n<td>0,5\u2013500 kg<\/td>\n<\/tr>\n<tr>\n<td>Mindestwandst\u00e4rke<\/td>\n<td>Approx. 0.5 mm<\/td>\n<\/tr>\n<tr>\n<td>Ma\u00dftoleranz<\/td>\n<td>CT5\u2013CT6-Grad<\/td>\n<\/tr>\n<tr>\n<td>Oberfl\u00e4chenrauheit des Gussteils<\/td>\n<td>Ra3,2\u20136,4 (typisch); Feinguss Ra1,6\u20133,2<\/td>\n<\/tr>\n<tr>\n<td>Oberfl\u00e4chenrauheit nach der Bearbeitung<\/td>\n<td>Ra0,8\u20131,6<\/td>\n<\/tr>\n<tr>\n<td>Typische Edelstahlsorten<\/td>\n<td>304, 304L, 316, 316L<\/td>\n<\/tr>\n<tr>\n<td>Standards<\/td>\n<td>EN, BS, AISI, ASTM, JIS<\/td>\n<\/tr>\n<tr>\n<td>Schmelzleistung<\/td>\n<td>Edelstahl, Kohlenstoffstahl, Duplexstahl, Nickel, Bronze\/Messing, Aluminiumlegierungen<\/td>\n<\/tr>\n<tr>\n<td>Dokumentation<\/td>\n<td>Materialzertifikate und Pr\u00fcfberichte<\/td>\n<\/tr>\n<\/tbody>\n<\/table>\n<h2>Anwendungen<\/h2>\n<ul>\n<li>Schiffskomponenten und Offshore-Konstruktionen<\/li>\n<li>Lebensmittelmaschinen und hygienische Verarbeitungsanlagen<\/li>\n<li>Teile f\u00fcr Bergbau- und Mineralverarbeitungsanlagen<\/li>\n<li>Windenergie und Komponenten zur Stromerzeugung<\/li>\n<li>Fl\u00fcssigkeitsf\u00f6rderung und Pumpen-\/Ventilindustrie<\/li>\n<li>Metallurgie und Schwermaschinenkonstruktionen<\/li>\n<li>Gartenger\u00e4te und allgemeine mechanische Teile<\/li>\n<\/ul>\n","protected":false},"excerpt":{"rendered":"<ul>\n<li><strong>Breites Materialportfolio:<\/strong> Edelstahl (304, 304L, 316, 316L), Kohlenstoffstahl, Duplexstahl, Aluminium, Nickel, Bronze\/Messing und andere Speziallegierungen.<\/li>\n<li><strong>Hohe Ma\u00dfgenauigkeit:<\/strong> Ma\u00dftoleranz bis zu CT5\u2013CT6 mit einer minimalen Wandst\u00e4rke von bis zu 0,5 mm.<\/li>\n<li><strong>Hervorragende Oberfl\u00e4chenqualit\u00e4t:<\/strong> Gussrauheit Ra3,2\u20136,4, fertige Oberfl\u00e4chen Ra0,8\u20131,6, Feinguss bis zu Ra1,6\u20133,2.<\/li>\n<li><strong>Enge Bearbeitungstoleranzen:<\/strong> Die Genauigkeit der Endbearbeitung kann bei kritischen Merkmalen \u00b10,009 mm erreichen.<\/li>\n<li><strong>Prozessoptimierung: <\/strong> F\u00fcr jedes Teil wird der am besten geeignete Prozess und die am besten geeignete Legierung ausgew\u00e4hlt, um Kosten, Festigkeit und Korrosionsbest\u00e4ndigkeit in Einklang zu bringen.<\/li>\n<\/ul>\n","protected":false},"featured_media":13852,"comment_status":"closed","ping_status":"closed","template":"","meta":{"_acf_changed":false,"site-sidebar-layout":"default","site-content-layout":"","ast-site-content-layout":"default","site-content-style":"default","site-sidebar-style":"default","ast-global-header-display":"","ast-banner-title-visibility":"","ast-main-header-display":"","ast-hfb-above-header-display":"","ast-hfb-below-header-display":"","ast-hfb-mobile-header-display":"","site-post-title":"","ast-breadcrumbs-content":"","ast-featured-img":"","footer-sml-layout":"","theme-transparent-header-meta":"default","adv-header-id-meta":"","stick-header-meta":"","header-above-stick-meta":"","header-main-stick-meta":"","header-below-stick-meta":"","astra-migrate-meta-layouts":"set","ast-page-background-enabled":"default","ast-page-background-meta":{"desktop":{"background-color":"var(--ast-global-color-5)","background-image":"","background-repeat":"repeat","background-position":"center center","background-size":"auto","background-attachment":"scroll","background-type":"","background-media":"","overlay-type":"","overlay-color":"","overlay-opacity":"","overlay-gradient":""},"tablet":{"background-color":"","background-image":"","background-repeat":"repeat","background-position":"center center","background-size":"auto","background-attachment":"scroll","background-type":"","background-media":"","overlay-type":"","overlay-color":"","overlay-opacity":"","overlay-gradient":""},"mobile":{"background-color":"","background-image":"","background-repeat":"repeat","background-position":"center center","background-size":"auto","background-attachment":"scroll","background-type":"","background-media":"","overlay-type":"","overlay-color":"","overlay-opacity":"","overlay-gradient":""}},"ast-content-background-meta":{"desktop":{"background-color":"var(--ast-global-color-4)","background-image":"","background-repeat":"repeat","background-position":"center center","background-size":"auto","background-attachment":"scroll","background-type":"","background-media":"","overlay-type":"","overlay-color":"","overlay-opacity":"","overlay-gradient":""},"tablet":{"background-color":"var(--ast-global-color-4)","background-image":"","background-repeat":"repeat","background-position":"center center","background-size":"auto","background-attachment":"scroll","background-type":"","background-media":"","overlay-type":"","overlay-color":"","overlay-opacity":"","overlay-gradient":""},"mobile":{"background-color":"var(--ast-global-color-4)","background-image":"","background-repeat":"repeat","background-position":"center center","background-size":"auto","background-attachment":"scroll","background-type":"","background-media":"","overlay-type":"","overlay-color":"","overlay-opacity":"","overlay-gradient":""}}},"product_brand":[],"product_cat":[73],"product_tag":[],"class_list":{"0":"post-13851","1":"product","2":"type-product","3":"status-publish","4":"has-post-thumbnail","6":"product_cat-gussteile","7":"desktop-align-left","8":"tablet-align-left","9":"mobile-align-left","11":"first","12":"instock","13":"shipping-taxable","14":"product-type-simple"},"acf":[],"_links":{"self":[{"href":"https:\/\/www.boberry-mach.com\/de\/wp-json\/wp\/v2\/product\/13851","targetHints":{"allow":["GET"]}}],"collection":[{"href":"https:\/\/www.boberry-mach.com\/de\/wp-json\/wp\/v2\/product"}],"about":[{"href":"https:\/\/www.boberry-mach.com\/de\/wp-json\/wp\/v2\/types\/product"}],"replies":[{"embeddable":true,"href":"https:\/\/www.boberry-mach.com\/de\/wp-json\/wp\/v2\/comments?post=13851"}],"wp:featuredmedia":[{"embeddable":true,"href":"https:\/\/www.boberry-mach.com\/de\/wp-json\/wp\/v2\/media\/13852"}],"wp:attachment":[{"href":"https:\/\/www.boberry-mach.com\/de\/wp-json\/wp\/v2\/media?parent=13851"}],"wp:term":[{"taxonomy":"product_brand","embeddable":true,"href":"https:\/\/www.boberry-mach.com\/de\/wp-json\/wp\/v2\/product_brand?post=13851"},{"taxonomy":"product_cat","embeddable":true,"href":"https:\/\/www.boberry-mach.com\/de\/wp-json\/wp\/v2\/product_cat?post=13851"},{"taxonomy":"product_tag","embeddable":true,"href":"https:\/\/www.boberry-mach.com\/de\/wp-json\/wp\/v2\/product_tag?post=13851"}],"curies":[{"name":"wp","href":"https:\/\/api.w.org\/{rel}","templated":true}]}}