{"id":13849,"date":"2025-12-12T11:02:15","date_gmt":"2025-12-12T03:02:15","guid":{"rendered":"https:\/\/www.boberry-mach.com\/product\/kohlenstoffstahl-feingussteile\/"},"modified":"2026-02-26T18:22:17","modified_gmt":"2026-02-26T10:22:17","slug":"kohlenstoffstahl-feingussteile","status":"publish","type":"product","link":"https:\/\/www.boberry-mach.com\/de\/kohlenstoffstahl-feingussteile\/","title":{"rendered":"Kohlenstoffstahl-Feingussteile"},"content":{"rendered":"<h2>Technische Daten<\/h2>\n<table>\n<tbody>\n<tr>\n<td>Artikel<\/td>\n<td>Details<\/td>\n<\/tr>\n<tr>\n<td>Produktname<\/td>\n<td>Kohlenstoffstahl-Feingussteile<\/td>\n<\/tr>\n<tr>\n<td>Hauptprozess<\/td>\n<td>Feinguss (optional Sandguss f\u00fcr gr\u00f6\u00dfere Teile)<\/td>\n<\/tr>\n<tr>\n<td>Materialstandards<\/td>\n<td>EN, BS, AISI, ASTM, JIS, GB<\/td>\n<\/tr>\n<tr>\n<td>Typische Kohlenstoffstahlsorten<\/td>\n<td>Q235, Q345, 20#, 25#, 30#, 35#, 45#, 55#, 16Mn, 50Mn, 60Mn, A105, ZG200-400, ZG230-450 usw.<\/td>\n<\/tr>\n<tr>\n<td>Maximale Gesamtabmessungen<\/td>\n<td>Bis zu ca. 1500 \u00d7 1500 \u00d7 1500 mm<\/td>\n<\/tr>\n<tr>\n<td>Gewichtsspanne \u2013 Feinguss<\/td>\n<td>1 g \u2013 99 kg<\/td>\n<\/tr>\n<tr>\n<td>Gewichtsbereich \u2013 Sandguss<\/td>\n<td>Ab 0,5 kg<\/td>\n<\/tr>\n<tr>\n<td>Mindestwandst\u00e4rke<\/td>\n<td>Approx. 0.5 mm<\/td>\n<\/tr>\n<tr>\n<td>Ma\u00dftoleranz<\/td>\n<td>CT5\u2013CT6-Grad<\/td>\n<\/tr>\n<tr>\n<td>Oberfl\u00e4chenrauheit des Gussteils<\/td>\n<td>Ra 1,6\u20133,2 (typisch); allgemeiner Bereich Ra 3,2\u20136,4<\/td>\n<\/tr>\n<tr>\n<td>Oberfl\u00e4chenrauheit nach der Bearbeitung<\/td>\n<td>Ausgang 0,8\u20131,6<\/td>\n<\/tr>\n<tr>\n<td>Lieferkapazit\u00e4t<\/td>\n<td>100\u2013150 Tonnen\/Monat<\/td>\n<\/tr>\n<tr>\n<td>Lieferzeit<\/td>\n<td>Etwa 45 Tage<\/td>\n<\/tr>\n<\/tbody>\n<\/table>\n<h2>Anwendungen<\/h2>\n<ul>\n<li>N\u00e4hmaschinenteile und Textilmaschinenkomponenten<\/li>\n<li>Druckmaschinen und Pr\u00e4zisionshardwareteile<\/li>\n<li>Allgemeine Industrie- und Technik-Hardware<\/li>\n<li>Komponenten f\u00fcr Bergbau- und Metallurgieanlagen<\/li>\n<li>Fluidsteuerung, Pumpen- und Ventilteile<\/li>\n<li>Schiffsausr\u00fcstung und Schiffszubeh\u00f6r<\/li>\n<li>Gartenger\u00e4te und Outdoor-Ausr\u00fcstung<\/li>\n<\/ul>\n","protected":false},"excerpt":{"rendered":"<ul>\n<li><strong>Breites Materialspektrum:<\/strong> Q235, Q345, 20#, 45#, 16Mn, 60Mn, A105 und andere G\u00fcten, um den Leistungsanforderungen gerecht zu werden.<\/li>\n<li><strong>Komplexe Geometrien m\u00f6glich:<\/strong> nahezu endkonturnahe Formen mit feinen Details, Innenhohlr\u00e4umen und d\u00fcnnen W\u00e4nden.<\/li>\n<li><strong>Hervorragende Oberfl\u00e4chenbeschaffenheit<\/strong>: Gussrauheit von nur Ra 1,6\u20133,2, wodurch der Polieraufwand reduziert wird.<\/li>\n<li><strong>Enge Ma\u00dfkontrolle:<\/strong> Ma\u00dftoleranz bis zu CT5\u2013CT6; minimale Wandst\u00e4rke ca. 0,5 mm.<\/li>\n<li><strong>Reduzierte Bearbeitungskosten: <\/strong> Pr\u00e4zise Feingussteile erfordern nur wenig Nachbearbeitung.<\/li>\n<\/ul>\n","protected":false},"featured_media":13850,"comment_status":"closed","ping_status":"closed","template":"","meta":{"_acf_changed":false,"site-sidebar-layout":"default","site-content-layout":"","ast-site-content-layout":"default","site-content-style":"default","site-sidebar-style":"default","ast-global-header-display":"","ast-banner-title-visibility":"","ast-main-header-display":"","ast-hfb-above-header-display":"","ast-hfb-below-header-display":"","ast-hfb-mobile-header-display":"","site-post-title":"","ast-breadcrumbs-content":"","ast-featured-img":"","footer-sml-layout":"","theme-transparent-header-meta":"default","adv-header-id-meta":"","stick-header-meta":"","header-above-stick-meta":"","header-main-stick-meta":"","header-below-stick-meta":"","astra-migrate-meta-layouts":"set","ast-page-background-enabled":"default","ast-page-background-meta":{"desktop":{"background-color":"var(--ast-global-color-5)","background-image":"","background-repeat":"repeat","background-position":"center center","background-size":"auto","background-attachment":"scroll","background-type":"","background-media":"","overlay-type":"","overlay-color":"","overlay-opacity":"","overlay-gradient":""},"tablet":{"background-color":"","background-image":"","background-repeat":"repeat","background-position":"center center","background-size":"auto","background-attachment":"scroll","background-type":"","background-media":"","overlay-type":"","overlay-color":"","overlay-opacity":"","overlay-gradient":""},"mobile":{"background-color":"","background-image":"","background-repeat":"repeat","background-position":"center center","background-size":"auto","background-attachment":"scroll","background-type":"","background-media":"","overlay-type":"","overlay-color":"","overlay-opacity":"","overlay-gradient":""}},"ast-content-background-meta":{"desktop":{"background-color":"var(--ast-global-color-4)","background-image":"","background-repeat":"repeat","background-position":"center center","background-size":"auto","background-attachment":"scroll","background-type":"","background-media":"","overlay-type":"","overlay-color":"","overlay-opacity":"","overlay-gradient":""},"tablet":{"background-color":"var(--ast-global-color-4)","background-image":"","background-repeat":"repeat","background-position":"center center","background-size":"auto","background-attachment":"scroll","background-type":"","background-media":"","overlay-type":"","overlay-color":"","overlay-opacity":"","overlay-gradient":""},"mobile":{"background-color":"var(--ast-global-color-4)","background-image":"","background-repeat":"repeat","background-position":"center center","background-size":"auto","background-attachment":"scroll","background-type":"","background-media":"","overlay-type":"","overlay-color":"","overlay-opacity":"","overlay-gradient":""}}},"product_brand":[],"product_cat":[73],"product_tag":[],"class_list":{"0":"post-13849","1":"product","2":"type-product","3":"status-publish","4":"has-post-thumbnail","6":"product_cat-gussteile","7":"desktop-align-left","8":"tablet-align-left","9":"mobile-align-left","11":"first","12":"instock","13":"shipping-taxable","14":"product-type-simple"},"acf":[],"_links":{"self":[{"href":"https:\/\/www.boberry-mach.com\/de\/wp-json\/wp\/v2\/product\/13849","targetHints":{"allow":["GET"]}}],"collection":[{"href":"https:\/\/www.boberry-mach.com\/de\/wp-json\/wp\/v2\/product"}],"about":[{"href":"https:\/\/www.boberry-mach.com\/de\/wp-json\/wp\/v2\/types\/product"}],"replies":[{"embeddable":true,"href":"https:\/\/www.boberry-mach.com\/de\/wp-json\/wp\/v2\/comments?post=13849"}],"wp:featuredmedia":[{"embeddable":true,"href":"https:\/\/www.boberry-mach.com\/de\/wp-json\/wp\/v2\/media\/13850"}],"wp:attachment":[{"href":"https:\/\/www.boberry-mach.com\/de\/wp-json\/wp\/v2\/media?parent=13849"}],"wp:term":[{"taxonomy":"product_brand","embeddable":true,"href":"https:\/\/www.boberry-mach.com\/de\/wp-json\/wp\/v2\/product_brand?post=13849"},{"taxonomy":"product_cat","embeddable":true,"href":"https:\/\/www.boberry-mach.com\/de\/wp-json\/wp\/v2\/product_cat?post=13849"},{"taxonomy":"product_tag","embeddable":true,"href":"https:\/\/www.boberry-mach.com\/de\/wp-json\/wp\/v2\/product_tag?post=13849"}],"curies":[{"name":"wp","href":"https:\/\/api.w.org\/{rel}","templated":true}]}}