{"id":13847,"date":"2025-12-12T11:36:13","date_gmt":"2025-12-12T03:36:13","guid":{"rendered":"https:\/\/www.boberry-mach.com\/product\/ventil-aus-guss-kohlenstoffstahl\/"},"modified":"2026-02-26T18:16:24","modified_gmt":"2026-02-26T10:16:24","slug":"ventil-aus-guss-kohlenstoffstahl","status":"publish","type":"product","link":"https:\/\/www.boberry-mach.com\/de\/ventil-aus-guss-kohlenstoffstahl\/","title":{"rendered":"Ventil aus Guss-Kohlenstoffstahl"},"content":{"rendered":"<h2>Technische Daten<\/h2>\n<table>\n<tbody>\n<tr>\n<td>Artikel<\/td>\n<td>Details<\/td>\n<\/tr>\n<tr>\n<td>Produktname<\/td>\n<td>Ventil aus Guss-Kohlenstoffstahl<\/td>\n<\/tr>\n<tr>\n<td>Anwendbare Medien<\/td>\n<td>Wasser, Dampf, \u00d6le, Gas und verschiedene korrosive Medien<\/td>\n<\/tr>\n<tr>\n<td>Hauptmaterialien<\/td>\n<td>Kohlenstoffstahl<\/td>\n<\/tr>\n<tr>\n<td>Standards<\/td>\n<td>EN, BS, AISI, ASTM, JIS, GB<\/td>\n<\/tr>\n<tr>\n<td>Typische Stahlgussqualit\u00e4ten<\/td>\n<td>ZG200-400, ZG230-450, ZG270-500, ZG310-570, ZC340-640 (chemische Grenzwerte auf Anfrage erh\u00e4ltlich)<\/td>\n<\/tr>\n<tr>\n<td>Ventiltypen<\/td>\n<td>Kugelhahn, Absperrklappe, K\u00fckenhahn, Expansionsventil, Wasserstoffventil, kundenspezifische Ausf\u00fchrungen<\/td>\n<\/tr>\n<tr>\n<td>Gie\u00dfverfahren<\/td>\n<td>Pr\u00e4zisionsfeinguss, Sandguss (nach Bedarf)<\/td>\n<\/tr>\n<tr>\n<td>Gewichtsspanne \u2013 Feinguss<\/td>\n<td>1 g \u2013 99 kg<\/td>\n<\/tr>\n<tr>\n<td>Gewichtsbereich \u2013 Sandguss<\/td>\n<td>Ab 0,5 kg<\/td>\n<\/tr>\n<tr>\n<td>Verbindung beendet<\/td>\n<td>Mit Flansch, Gewinde, geschwei\u00dft oder nach Kundenwunsch<\/td>\n<\/tr>\n<tr>\n<td>Mittlere Temperatur\/Mittlerer Druck<\/td>\n<td>Entworfen nach ausgew\u00e4hltem Material und Standard<\/td>\n<\/tr>\n<tr>\n<td>Schmelzleistung<\/td>\n<td>Edelstahl, Kohlenstoffstahl, Duplexstahl, Nickellegierungen, Bronze\/Messing, Aluminiumlegierungen<\/td>\n<\/tr>\n<\/tbody>\n<\/table>\n<h2>Anwendungen<\/h2>\n<ul>\n<li>St\u00e4dtische Wasserversorgungs- und Abwassersysteme<\/li>\n<li>Geb\u00e4udetechnik und allgemeine Bauleitungen<\/li>\n<li>Erd\u00f6l- und petrochemische Anlagen<\/li>\n<li>Chemische und pharmazeutische Verarbeitungslinien<\/li>\n<li>Rohrleitungen f\u00fcr die Lebensmittel- und Getr\u00e4nkeindustrie<\/li>\n<li>Textil- und Papierindustrie<\/li>\n<li>Elektrische Energie- und Energiesysteme<\/li>\n<li>Marine, Offshore-\u00d6ltechnik und Schiffbau<\/li>\n<li>Kernkraft- und konventionelle Energieanlagen<\/li>\n<li>Allgemeine Fluidtechnik und industrielle Maschinensysteme<\/li>\n<\/ul>\n","protected":false},"excerpt":{"rendered":"<ul>\n<li><strong>Hervorragende Durchflussleistung:<\/strong> Geringer Str\u00f6mungswiderstand und geringe Erosion, geeignet f\u00fcr den Einsatz bei hohem Druck und hohen Temperaturen.<\/li>\n<li><strong>Vielseitige Ventiltypen:<\/strong> Erh\u00e4ltlich als Kugel-, Absperrklappen-, K\u00fcken-, Expansions-, Wasserstoff- und andere Spezialventile.<\/li>\n<li><strong>Near-Net-Shape-Guss:<\/strong> Pr\u00e4zisionsgussteile minimieren oder eliminieren nachfolgende Bearbeitungsvorg\u00e4nge, wodurch Kosten und Vorlaufzeiten reduziert werden.<\/li>\n<li><strong>Robuste Konstruktion<\/strong>: Einfache Struktur, kurze Baul\u00e4nge, hohe thermische Stabilit\u00e4t und Druckfestigkeit f\u00fcr anspruchsvolle Rohrleitungen.<\/li>\n<\/ul>\n","protected":false},"featured_media":13848,"comment_status":"closed","ping_status":"closed","template":"","meta":{"_acf_changed":false,"site-sidebar-layout":"default","site-content-layout":"","ast-site-content-layout":"default","site-content-style":"default","site-sidebar-style":"default","ast-global-header-display":"","ast-banner-title-visibility":"","ast-main-header-display":"","ast-hfb-above-header-display":"","ast-hfb-below-header-display":"","ast-hfb-mobile-header-display":"","site-post-title":"","ast-breadcrumbs-content":"","ast-featured-img":"","footer-sml-layout":"","theme-transparent-header-meta":"default","adv-header-id-meta":"","stick-header-meta":"","header-above-stick-meta":"","header-main-stick-meta":"","header-below-stick-meta":"","astra-migrate-meta-layouts":"set","ast-page-background-enabled":"default","ast-page-background-meta":{"desktop":{"background-color":"var(--ast-global-color-5)","background-image":"","background-repeat":"repeat","background-position":"center center","background-size":"auto","background-attachment":"scroll","background-type":"","background-media":"","overlay-type":"","overlay-color":"","overlay-opacity":"","overlay-gradient":""},"tablet":{"background-color":"","background-image":"","background-repeat":"repeat","background-position":"center center","background-size":"auto","background-attachment":"scroll","background-type":"","background-media":"","overlay-type":"","overlay-color":"","overlay-opacity":"","overlay-gradient":""},"mobile":{"background-color":"","background-image":"","background-repeat":"repeat","background-position":"center center","background-size":"auto","background-attachment":"scroll","background-type":"","background-media":"","overlay-type":"","overlay-color":"","overlay-opacity":"","overlay-gradient":""}},"ast-content-background-meta":{"desktop":{"background-color":"var(--ast-global-color-4)","background-image":"","background-repeat":"repeat","background-position":"center center","background-size":"auto","background-attachment":"scroll","background-type":"","background-media":"","overlay-type":"","overlay-color":"","overlay-opacity":"","overlay-gradient":""},"tablet":{"background-color":"var(--ast-global-color-4)","background-image":"","background-repeat":"repeat","background-position":"center center","background-size":"auto","background-attachment":"scroll","background-type":"","background-media":"","overlay-type":"","overlay-color":"","overlay-opacity":"","overlay-gradient":""},"mobile":{"background-color":"var(--ast-global-color-4)","background-image":"","background-repeat":"repeat","background-position":"center center","background-size":"auto","background-attachment":"scroll","background-type":"","background-media":"","overlay-type":"","overlay-color":"","overlay-opacity":"","overlay-gradient":""}}},"product_brand":[],"product_cat":[73],"product_tag":[],"class_list":{"0":"post-13847","1":"product","2":"type-product","3":"status-publish","4":"has-post-thumbnail","6":"product_cat-gussteile","7":"desktop-align-left","8":"tablet-align-left","9":"mobile-align-left","11":"first","12":"instock","13":"shipping-taxable","14":"product-type-simple"},"acf":[],"_links":{"self":[{"href":"https:\/\/www.boberry-mach.com\/de\/wp-json\/wp\/v2\/product\/13847","targetHints":{"allow":["GET"]}}],"collection":[{"href":"https:\/\/www.boberry-mach.com\/de\/wp-json\/wp\/v2\/product"}],"about":[{"href":"https:\/\/www.boberry-mach.com\/de\/wp-json\/wp\/v2\/types\/product"}],"replies":[{"embeddable":true,"href":"https:\/\/www.boberry-mach.com\/de\/wp-json\/wp\/v2\/comments?post=13847"}],"wp:featuredmedia":[{"embeddable":true,"href":"https:\/\/www.boberry-mach.com\/de\/wp-json\/wp\/v2\/media\/13848"}],"wp:attachment":[{"href":"https:\/\/www.boberry-mach.com\/de\/wp-json\/wp\/v2\/media?parent=13847"}],"wp:term":[{"taxonomy":"product_brand","embeddable":true,"href":"https:\/\/www.boberry-mach.com\/de\/wp-json\/wp\/v2\/product_brand?post=13847"},{"taxonomy":"product_cat","embeddable":true,"href":"https:\/\/www.boberry-mach.com\/de\/wp-json\/wp\/v2\/product_cat?post=13847"},{"taxonomy":"product_tag","embeddable":true,"href":"https:\/\/www.boberry-mach.com\/de\/wp-json\/wp\/v2\/product_tag?post=13847"}],"curies":[{"name":"wp","href":"https:\/\/api.w.org\/{rel}","templated":true}]}}