{"id":13843,"date":"2025-12-12T13:20:26","date_gmt":"2025-12-12T05:20:26","guid":{"rendered":"https:\/\/www.boberry-mach.com\/product\/ersatzteile-aus-legiertem-stahlguss\/"},"modified":"2026-02-26T17:58:15","modified_gmt":"2026-02-26T09:58:15","slug":"ersatzteile-aus-legiertem-stahlguss","status":"publish","type":"product","link":"https:\/\/www.boberry-mach.com\/de\/ersatzteile-aus-legiertem-stahlguss\/","title":{"rendered":"Ersatzteile aus legiertem Stahlguss"},"content":{"rendered":"<h2>Technische Daten<\/h2>\n<table>\n<tbody>\n<tr>\n<td>Artikel<\/td>\n<td>Details<\/td>\n<\/tr>\n<tr>\n<td>Produktname<\/td>\n<td>Ersatzteile aus legiertem Stahlguss<\/td>\n<\/tr>\n<tr>\n<td>Gie\u00dfverfahren<\/td>\n<td>Feinguss, Sandguss<\/td>\n<\/tr>\n<tr>\n<td>Maximale Abmessungen<\/td>\n<td>Approx. 1500 \u00d7 1500 \u00d7 1500 mm<\/td>\n<\/tr>\n<tr>\n<td>Gewichtsspanne \u2013 Feinguss<\/td>\n<td>0,001\u201399 kg<\/td>\n<\/tr>\n<tr>\n<td>Gewichtsbereich \u2013 Sandguss<\/td>\n<td>0,5\u2013500 kg<\/td>\n<\/tr>\n<tr>\n<td>Mindestwandst\u00e4rke<\/td>\n<td>Etwa 0,5 mm<\/td>\n<\/tr>\n<tr>\n<td>Oberfl\u00e4chenrauheit des Gussteils<\/td>\n<td>Ra 1,6\u20133,2 (typisch); allgemeiner Bereich bis zu Ra 3,2\u20136,4<\/td>\n<\/tr>\n<tr>\n<td>Bearbeitungsgenauigkeit<\/td>\n<td>Fertigbearbeitungstoleranz bis zu \u00b10,009 mm<\/td>\n<\/tr>\n<tr>\n<td>Wichtigste Normen<\/td>\n<td>EN, BS, AISI, ASTM, JIS, GB<\/td>\n<\/tr>\n<tr>\n<td>Typische legierte Stahlsorten<\/td>\n<td>ZG40Mn, ZG40Mn2, ZG50Mn2, ZG20SiMn, ZG35SiMn, ZG35SiMnMo, ZC35CrMnSi, ZG20MnMo, ZG55CrMnMo<\/td>\n<\/tr>\n<tr>\n<td>Schmelzleistung<\/td>\n<td>Stahl plus Nickel, Bronze (Messing) Legierung, Aluminiumlegierung usw.<\/td>\n<\/tr>\n<tr>\n<td>Lieferkapazit\u00e4t<\/td>\n<td>100\u2013150 Tonnen pro Monat<\/td>\n<\/tr>\n<tr>\n<td>Lieferzeit<\/td>\n<td>Etwa 45 Tage<\/td>\n<\/tr>\n<\/tbody>\n<\/table>\n<h2>Tabelle der chemischen Zusammensetzung von legiertem Stahl<\/h2>\n<table>\n<tbody>\n<tr>\n<td>TYP<\/td>\n<td>C<\/td>\n<td>Si<\/td>\n<td>Mn<\/td>\n<td>S<\/td>\n<td>P<\/td>\n<td>Cr<\/td>\n<td>Ni<\/td>\n<td>Mo<\/td>\n<td>Cu<\/td>\n<\/tr>\n<tr>\n<td>ZG40Mn<\/td>\n<td>0.30\u20130.45<\/td>\n<td>0.30\u20130.45<\/td>\n<td>1.20\u20131.50<\/td>\n<td>\u22640.030<\/td>\n<td><\/td>\n<td><\/td>\n<td><\/td>\n<td><\/td>\n<td><\/td>\n<\/tr>\n<tr>\n<td>ZG40Mn2<\/td>\n<td>0.35\u20130.45<\/td>\n<td>0.20\u20130.40<\/td>\n<td>1.60\u20131.80<\/td>\n<td>\u22640.030<\/td>\n<td><\/td>\n<td><\/td>\n<td><\/td>\n<td><\/td>\n<td><\/td>\n<\/tr>\n<tr>\n<td>ZG50Mn2<\/td>\n<td>0.45\u20130.55<\/td>\n<td>0.20\u20130.40<\/td>\n<td>1.50\u20131.80<\/td>\n<td>\u22640.030<\/td>\n<td><\/td>\n<td><\/td>\n<td><\/td>\n<td><\/td>\n<td><\/td>\n<\/tr>\n<tr>\n<td>ZG20SiMn<\/td>\n<td>\u22640.23<\/td>\n<td>\u22640.60<\/td>\n<td>1.00\u20131.50<\/td>\n<td>\u22640.025<\/td>\n<td>\u22640.30<\/td>\n<td>\u22640.40<\/td>\n<td>\u22640.15<\/td>\n<td><\/td>\n<td><\/td>\n<\/tr>\n<tr>\n<td>ZG35SiMn<\/td>\n<td>0.30\u20130.40<\/td>\n<td>0.60\u20130.80<\/td>\n<td>1.10\u20131.40<\/td>\n<td>\u22640.030<\/td>\n<td><\/td>\n<td><\/td>\n<td><\/td>\n<td><\/td>\n<td><\/td>\n<\/tr>\n<tr>\n<td>ZG35SiMnMo<\/td>\n<td>0.32\u20130.40<\/td>\n<td>1.10\u20131.40<\/td>\n<td>1.10\u20131.40<\/td>\n<td>\u22640.030<\/td>\n<td>\u22640.30<\/td>\n<td>\u22640.30<\/td>\n<td>0.20\u20130.30<\/td>\n<td>\u22640.30<\/td>\n<td><\/td>\n<\/tr>\n<tr>\n<td>ZC35CrMnSi<\/td>\n<td>0.30\u20130.40<\/td>\n<td>0.50\u20130.75<\/td>\n<td>0.90\u20131.20<\/td>\n<td>\u22640.030<\/td>\n<td><\/td>\n<td>0.50\u20130.80<\/td>\n<td><\/td>\n<td><\/td>\n<td><\/td>\n<\/tr>\n<tr>\n<td>ZG20MnMo<\/td>\n<td>0.17\u20130.23<\/td>\n<td>0.20\u20130.40<\/td>\n<td>1.10\u20131.40<\/td>\n<td>\u22640.030<\/td>\n<td>\u22640.30<\/td>\n<td>\u22640.30<\/td>\n<td>0.20\u20130.35<\/td>\n<td>\u22640.30<\/td>\n<td><\/td>\n<\/tr>\n<tr>\n<td>ZG55CrMnMo<\/td>\n<td>0.50\u20130.60<\/td>\n<td>0.25\u20130.60<\/td>\n<td>1.20\u20131.60<\/td>\n<td>\u22640.030<\/td>\n<td><\/td>\n<td>0.60\u20130.90<\/td>\n<td>\u22640.30<\/td>\n<td>0.20\u20130.30<\/td>\n<td>\u22640.30<\/td>\n<\/tr>\n<\/tbody>\n<\/table>\n<h2>Anwendungen<\/h2>\n<ul>\n<li>Schiffsausr\u00fcstung und Offshore-Anlagen<\/li>\n<li>Lebensmittelverarbeitungs- und Verpackungsmaschinen<\/li>\n<li>Bergbau- und Mineralverarbeitungsanlagen<\/li>\n<li>Windenergie und Komponenten zur Stromerzeugung<\/li>\n<li>Fl\u00fcssigkeitsindustrie, Pumpen- und Ventilbaugruppen<\/li>\n<li>Metallurgische und schwere Industriemaschinen<\/li>\n<li>Garten- und Outdoor-Motorger\u00e4te<\/li>\n<\/ul>\n","protected":false},"excerpt":{"rendered":"<ul>\n<li><strong>Flexible Gr\u00f6\u00dfenanpassung:<\/strong> Abmessungen bis zu 1500 \u00d7 1500 \u00d7 1500 mm f\u00fcr gro\u00dfe oder komplexe Ersatzteile.<\/li>\n<li><strong>Gro\u00dfer Gewichtsbereich:<\/strong> Feingussteile von 0,001 bis 99 kg; Sandgussteile von 0,5 bis 500 kg.<\/li>\n<li><strong>Feine Oberfl\u00e4chenbeschaffenheit:<\/strong> Die Gussrauheit kann Ra1,6\u20133,2 erreichen, wodurch der Arbeitsaufwand f\u00fcr das Polieren und die Endbearbeitung reduziert wird.<\/li>\n<li><strong>Hochpr\u00e4zise Bearbeitung:<\/strong> Kritische Abmessungen k\u00f6nnen f\u00fcr eine genaue Montage auf \u00b10,009 mm genau bearbeitet werden.<\/li>\n<li><strong>Optimierte Legierungsauswahl:<\/strong> Mehrere Stahlsorten (ZG40Mn, ZG35SiMn, ZG55CrMnMo usw.), ausgew\u00e4hlt entsprechend den mechanischen Anforderungen und Verschlei\u00dfanforderungen.<\/li>\n<\/ul>\n","protected":false},"featured_media":13844,"comment_status":"closed","ping_status":"closed","template":"","meta":{"_acf_changed":false,"site-sidebar-layout":"default","site-content-layout":"","ast-site-content-layout":"default","site-content-style":"default","site-sidebar-style":"default","ast-global-header-display":"","ast-banner-title-visibility":"","ast-main-header-display":"","ast-hfb-above-header-display":"","ast-hfb-below-header-display":"","ast-hfb-mobile-header-display":"","site-post-title":"","ast-breadcrumbs-content":"","ast-featured-img":"","footer-sml-layout":"","theme-transparent-header-meta":"default","adv-header-id-meta":"","stick-header-meta":"","header-above-stick-meta":"","header-main-stick-meta":"","header-below-stick-meta":"","astra-migrate-meta-layouts":"set","ast-page-background-enabled":"default","ast-page-background-meta":{"desktop":{"background-color":"var(--ast-global-color-5)","background-image":"","background-repeat":"repeat","background-position":"center center","background-size":"auto","background-attachment":"scroll","background-type":"","background-media":"","overlay-type":"","overlay-color":"","overlay-opacity":"","overlay-gradient":""},"tablet":{"background-color":"","background-image":"","background-repeat":"repeat","background-position":"center center","background-size":"auto","background-attachment":"scroll","background-type":"","background-media":"","overlay-type":"","overlay-color":"","overlay-opacity":"","overlay-gradient":""},"mobile":{"background-color":"","background-image":"","background-repeat":"repeat","background-position":"center center","background-size":"auto","background-attachment":"scroll","background-type":"","background-media":"","overlay-type":"","overlay-color":"","overlay-opacity":"","overlay-gradient":""}},"ast-content-background-meta":{"desktop":{"background-color":"var(--ast-global-color-4)","background-image":"","background-repeat":"repeat","background-position":"center center","background-size":"auto","background-attachment":"scroll","background-type":"","background-media":"","overlay-type":"","overlay-color":"","overlay-opacity":"","overlay-gradient":""},"tablet":{"background-color":"var(--ast-global-color-4)","background-image":"","background-repeat":"repeat","background-position":"center center","background-size":"auto","background-attachment":"scroll","background-type":"","background-media":"","overlay-type":"","overlay-color":"","overlay-opacity":"","overlay-gradient":""},"mobile":{"background-color":"var(--ast-global-color-4)","background-image":"","background-repeat":"repeat","background-position":"center center","background-size":"auto","background-attachment":"scroll","background-type":"","background-media":"","overlay-type":"","overlay-color":"","overlay-opacity":"","overlay-gradient":""}}},"product_brand":[],"product_cat":[73],"product_tag":[],"class_list":{"0":"post-13843","1":"product","2":"type-product","3":"status-publish","4":"has-post-thumbnail","6":"product_cat-gussteile","7":"desktop-align-left","8":"tablet-align-left","9":"mobile-align-left","11":"first","12":"instock","13":"shipping-taxable","14":"product-type-simple"},"acf":[],"_links":{"self":[{"href":"https:\/\/www.boberry-mach.com\/de\/wp-json\/wp\/v2\/product\/13843","targetHints":{"allow":["GET"]}}],"collection":[{"href":"https:\/\/www.boberry-mach.com\/de\/wp-json\/wp\/v2\/product"}],"about":[{"href":"https:\/\/www.boberry-mach.com\/de\/wp-json\/wp\/v2\/types\/product"}],"replies":[{"embeddable":true,"href":"https:\/\/www.boberry-mach.com\/de\/wp-json\/wp\/v2\/comments?post=13843"}],"wp:featuredmedia":[{"embeddable":true,"href":"https:\/\/www.boberry-mach.com\/de\/wp-json\/wp\/v2\/media\/13844"}],"wp:attachment":[{"href":"https:\/\/www.boberry-mach.com\/de\/wp-json\/wp\/v2\/media?parent=13843"}],"wp:term":[{"taxonomy":"product_brand","embeddable":true,"href":"https:\/\/www.boberry-mach.com\/de\/wp-json\/wp\/v2\/product_brand?post=13843"},{"taxonomy":"product_cat","embeddable":true,"href":"https:\/\/www.boberry-mach.com\/de\/wp-json\/wp\/v2\/product_cat?post=13843"},{"taxonomy":"product_tag","embeddable":true,"href":"https:\/\/www.boberry-mach.com\/de\/wp-json\/wp\/v2\/product_tag?post=13843"}],"curies":[{"name":"wp","href":"https:\/\/api.w.org\/{rel}","templated":true}]}}