{"id":13821,"date":"2025-12-12T13:44:12","date_gmt":"2025-12-12T05:44:12","guid":{"rendered":"https:\/\/www.boberry-mach.com\/product\/legierungsstahl-laufradgussteile\/"},"modified":"2026-02-25T13:51:30","modified_gmt":"2026-02-25T05:51:30","slug":"legierungsstahl-laufradgussteile","status":"publish","type":"product","link":"https:\/\/www.boberry-mach.com\/de\/legierungsstahl-laufradgussteile\/","title":{"rendered":"Legierungsstahl-Laufradgussteile"},"content":{"rendered":"<h2>Technische Daten<\/h2>\n<table>\n<tbody>\n<tr>\n<td>Artikel<\/td>\n<td>Details<\/td>\n<\/tr>\n<tr>\n<td>Produktname<\/td>\n<td>Legierungsstahl Impeller Gussteile<\/td>\n<\/tr>\n<tr>\n<td>Verf\u00fcgbare Laufradtypen<\/td>\n<td>Geschlossen, offen, halb offene Vorderseite, halb offene R\u00fcckseite<\/td>\n<\/tr>\n<tr>\n<td>Hauptmaterialien<\/td>\n<td>Legierter Stahl<\/td>\n<\/tr>\n<tr>\n<td>Typische Stahlsorten<\/td>\n<td>12Cr1MoV, 25Cr2MoVA, 38CrMoAl, 35SiMn, 40Cr, 25CrMo, 30CrMo (4130), 35CrMo, 42CrMo (4140), 50CrMo<\/td>\n<\/tr>\n<tr>\n<td>Gie\u00dfverfahren<\/td>\n<td>Pr\u00e4zisionsfeinguss und Sandguss (je nach Gr\u00f6\u00dfe und Komplexit\u00e4t ausgew\u00e4hlt)<\/td>\n<\/tr>\n<tr>\n<td>Dimensionale F\u00e4higkeit<\/td>\n<td>Komplexe 3D-Schaufelgeometrie gem\u00e4\u00df Kundenzeichnungen und Leistungsanforderungen<\/td>\n<\/tr>\n<tr>\n<td>Auswuchten und Genauigkeit<\/td>\n<td>Dynamisch ausgewuchtet, wie f\u00fcr Hochgeschwindigkeits-Pumpen- und Kompressoranwendungen erforderlich<\/td>\n<\/tr>\n<tr>\n<td>Materialstandards<\/td>\n<td>GB, ASTM, AISI, DIN, BS, JIS (gem\u00e4\u00df Kundenspezifikation)<\/td>\n<\/tr>\n<tr>\n<td>Lieferkapazit\u00e4t<\/td>\n<td>100\u2013150 Tonnen pro Monat<\/td>\n<\/tr>\n<tr>\n<td>Lieferzeit<\/td>\n<td>Etwa 45 Tage<\/td>\n<\/tr>\n<\/tbody>\n<\/table>\n<h2>Anwendungen<\/h2>\n<ul>\n<li>Pumpen f\u00fcr sauberes Wasser und Schlammwasser<\/li>\n<li>Chemie-, Petrochemie- und Prozesspumpen<\/li>\n<li>Marine- und Offshore-Pumpensysteme<\/li>\n<li>Lebensmittelmaschinen und sanit\u00e4re Fl\u00fcssigkeitsanlagen<\/li>\n<li>Bergbau- und Mineralverarbeitungsanlagen<\/li>\n<li>Windenergie-K\u00fchl- und Schmiersysteme<\/li>\n<li>Allgemeine Fluidindustrie, HLK und Umw\u00e4lzpumpen<\/li>\n<li>Metallurgie, Stahlwerke und Industrieofenhilfsmittel<\/li>\n<li>Mechanische, Hardware-, Elektronik- und Beleuchtungsger\u00e4te, die pr\u00e4zise rotierende Komponenten erfordern<\/li>\n<\/ul>\n","protected":false},"excerpt":{"rendered":"<ul>\n<li><strong>Mehrere Laufradtypen<\/strong>: Geschlossene, halb offene vordere, halb offene hintere und offene Laufr\u00e4der f\u00fcr verschiedene Pumpen, Mischer und Prozessbedingungen.<\/li>\n<li><strong>Breites Materialspektrum:<\/strong> Edelstahl, legierter Stahl, Duplexstahl, Kupfer und andere Spezialwerkstoffe f\u00fcr Korrosions-, Temperatur- oder Festigkeitsanforderungen.<\/li>\n<li><strong>Komplexe Geometrie:<\/strong> Pr\u00e4zisionsguss erm\u00f6glicht komplexe Schaufeln und Naben mit glatten Str\u00f6mungskan\u00e4len und pr\u00e4zisen hydraulischen Profilen.<\/li>\n<li><strong>Stabile Lieferf\u00e4higkeit und Lieferzeit:<\/strong> Produktionskapazit\u00e4t von 100\u2013150 Tonnen pro Monat mit einer typischen Lieferzeit von 45 Tagen f\u00fcr regul\u00e4re Bestellungen.<\/li>\n<\/ul>\n","protected":false},"featured_media":13822,"comment_status":"closed","ping_status":"closed","template":"","meta":{"_acf_changed":false,"site-sidebar-layout":"default","site-content-layout":"","ast-site-content-layout":"default","site-content-style":"default","site-sidebar-style":"default","ast-global-header-display":"","ast-banner-title-visibility":"","ast-main-header-display":"","ast-hfb-above-header-display":"","ast-hfb-below-header-display":"","ast-hfb-mobile-header-display":"","site-post-title":"","ast-breadcrumbs-content":"","ast-featured-img":"","footer-sml-layout":"","theme-transparent-header-meta":"default","adv-header-id-meta":"","stick-header-meta":"","header-above-stick-meta":"","header-main-stick-meta":"","header-below-stick-meta":"","astra-migrate-meta-layouts":"set","ast-page-background-enabled":"default","ast-page-background-meta":{"desktop":{"background-color":"var(--ast-global-color-5)","background-image":"","background-repeat":"repeat","background-position":"center center","background-size":"auto","background-attachment":"scroll","background-type":"","background-media":"","overlay-type":"","overlay-color":"","overlay-opacity":"","overlay-gradient":""},"tablet":{"background-color":"","background-image":"","background-repeat":"repeat","background-position":"center center","background-size":"auto","background-attachment":"scroll","background-type":"","background-media":"","overlay-type":"","overlay-color":"","overlay-opacity":"","overlay-gradient":""},"mobile":{"background-color":"","background-image":"","background-repeat":"repeat","background-position":"center center","background-size":"auto","background-attachment":"scroll","background-type":"","background-media":"","overlay-type":"","overlay-color":"","overlay-opacity":"","overlay-gradient":""}},"ast-content-background-meta":{"desktop":{"background-color":"var(--ast-global-color-4)","background-image":"","background-repeat":"repeat","background-position":"center center","background-size":"auto","background-attachment":"scroll","background-type":"","background-media":"","overlay-type":"","overlay-color":"","overlay-opacity":"","overlay-gradient":""},"tablet":{"background-color":"var(--ast-global-color-4)","background-image":"","background-repeat":"repeat","background-position":"center center","background-size":"auto","background-attachment":"scroll","background-type":"","background-media":"","overlay-type":"","overlay-color":"","overlay-opacity":"","overlay-gradient":""},"mobile":{"background-color":"var(--ast-global-color-4)","background-image":"","background-repeat":"repeat","background-position":"center center","background-size":"auto","background-attachment":"scroll","background-type":"","background-media":"","overlay-type":"","overlay-color":"","overlay-opacity":"","overlay-gradient":""}}},"product_brand":[],"product_cat":[73],"product_tag":[],"class_list":{"0":"post-13821","1":"product","2":"type-product","3":"status-publish","4":"has-post-thumbnail","6":"product_cat-gussteile","7":"desktop-align-left","8":"tablet-align-left","9":"mobile-align-left","11":"first","12":"instock","13":"shipping-taxable","14":"product-type-simple"},"acf":[],"_links":{"self":[{"href":"https:\/\/www.boberry-mach.com\/de\/wp-json\/wp\/v2\/product\/13821","targetHints":{"allow":["GET"]}}],"collection":[{"href":"https:\/\/www.boberry-mach.com\/de\/wp-json\/wp\/v2\/product"}],"about":[{"href":"https:\/\/www.boberry-mach.com\/de\/wp-json\/wp\/v2\/types\/product"}],"replies":[{"embeddable":true,"href":"https:\/\/www.boberry-mach.com\/de\/wp-json\/wp\/v2\/comments?post=13821"}],"wp:featuredmedia":[{"embeddable":true,"href":"https:\/\/www.boberry-mach.com\/de\/wp-json\/wp\/v2\/media\/13822"}],"wp:attachment":[{"href":"https:\/\/www.boberry-mach.com\/de\/wp-json\/wp\/v2\/media?parent=13821"}],"wp:term":[{"taxonomy":"product_brand","embeddable":true,"href":"https:\/\/www.boberry-mach.com\/de\/wp-json\/wp\/v2\/product_brand?post=13821"},{"taxonomy":"product_cat","embeddable":true,"href":"https:\/\/www.boberry-mach.com\/de\/wp-json\/wp\/v2\/product_cat?post=13821"},{"taxonomy":"product_tag","embeddable":true,"href":"https:\/\/www.boberry-mach.com\/de\/wp-json\/wp\/v2\/product_tag?post=13821"}],"curies":[{"name":"wp","href":"https:\/\/api.w.org\/{rel}","templated":true}]}}