{"id":13819,"date":"2025-12-12T14:32:13","date_gmt":"2025-12-12T06:32:13","guid":{"rendered":"https:\/\/www.boberry-mach.com\/product\/legierungsstahl-feingussteile\/"},"modified":"2026-02-25T13:41:23","modified_gmt":"2026-02-25T05:41:23","slug":"legierungsstahl-feingussteile","status":"publish","type":"product","link":"https:\/\/www.boberry-mach.com\/de\/legierungsstahl-feingussteile\/","title":{"rendered":"Legierungsstahl Feingussteile"},"content":{"rendered":"<h2>Technische Daten<\/h2>\n<table>\n<tbody>\n<tr>\n<td>Artikel<\/td>\n<td>Details<\/td>\n<\/tr>\n<tr>\n<td>Produktname<\/td>\n<td>Legierungsstahl Feingussteile<\/td>\n<\/tr>\n<tr>\n<td>Hauptmaterialien<\/td>\n<td>Legierter Stahl<\/td>\n<\/tr>\n<tr>\n<td>Materialstandards<\/td>\n<td>EN, BS, AISI, ASTM, JIS<\/td>\n<\/tr>\n<tr>\n<td>Gie\u00dfverfahren<\/td>\n<td>Pr\u00e4zisions-Feinguss (Wachsausschmelzverfahren)<\/td>\n<\/tr>\n<tr>\n<td>Gewichtsbereich<\/td>\n<td>0,001 kg \u2013 99 kg (Feinguss); 0,5 kg \u2013 500 kg (Sandguss)<\/td>\n<\/tr>\n<tr>\n<td>Maximale Abmessungen<\/td>\n<td>1500 \u00d7 1500 \u00d7 1500 mm<\/td>\n<\/tr>\n<tr>\n<td>Mindestwandst\u00e4rke<\/td>\n<td>Ungef\u00e4hr 0,5 mm<\/td>\n<\/tr>\n<tr>\n<td>Oberfl\u00e4chenrauheit<\/td>\n<td>Ra 1,6\u20133,2 (typisch f\u00fcr Feinguss)<\/td>\n<\/tr>\n<tr>\n<td>Fertigbearbeitungstoleranz<\/td>\n<td>\u00b10.009 mm<\/td>\n<\/tr>\n<tr>\n<td>Chemische Zusammensetzung<\/td>\n<td>35SiMn, 40Cr, 25CrMo, 30CrMo (4130), 35CrMo, 42CrMo (4140), 50CrMo, 12Cr1MoV, 25Cr2MoVA, 38CrMoAI<\/td>\n<\/tr>\n<tr>\n<td>Anwendungen<\/td>\n<td>Automobilindustrie, Kraftmaschinen, Bauwesen, Bergbau, Landwirtschaft, Schifffahrt, Metallurgie usw.<\/td>\n<\/tr>\n<tr>\n<td>Lieferkapazit\u00e4t<\/td>\n<td>100\u2013150 Tonnen pro Monat<\/td>\n<\/tr>\n<tr>\n<td>Lieferzeit<\/td>\n<td>Etwa 45 Tage<\/td>\n<\/tr>\n<\/tbody>\n<\/table>\n<h2>Anwendungen<\/h2>\n<ul>\n<li>Automobilmaschinen und -teile<\/li>\n<li>Stromerzeugung und Industrieanlagen<\/li>\n<li>Baumaschinenkomponenten<\/li>\n<li>Bergbauausr\u00fcstung und Verarbeitungswerkzeuge<\/li>\n<li>Landwirtschaftliche Maschinen<\/li>\n<li>Marine- und Offshore-Komponenten<\/li>\n<li>Fluidmaschinen und Pumpen<\/li>\n<li>Werkzeuge f\u00fcr die metallurgische Industrie<\/li>\n<\/ul>\n","protected":false},"excerpt":{"rendered":"<ul>\n<li><strong>Hohe Pr\u00e4zision und feine Oberfl\u00e4chenbeschaffenheit:<\/strong> Das Wachsausschmelzverfahren sorgt f\u00fcr hohe Ma\u00dfgenauigkeit und glatte Oberfl\u00e4chen, wodurch Nachbearbeitungs- und Montagekosten minimiert werden.<\/li>\n<li><strong>Unterst\u00fctzte komplexe Geometrien:<\/strong> Kann komplizierte und komplexe Formen herstellen und eignet sich daher ideal f\u00fcr anspruchsvolle Maschinenkomponenten.<\/li>\n<li><strong>Hohe Festigkeit und Langlebigkeit:<\/strong> Materialien wie 304L und 316L bieten eine au\u00dfergew\u00f6hnliche Best\u00e4ndigkeit gegen Verschlei\u00df, Korrosion und hohe Temperaturen.<\/li>\n<li><strong>Anpassbare Produktion:<\/strong> Ma\u00dfgeschneiderte Gussteile nach spezifischen Kundenanforderungen mit maximalen Abmessungen von bis zu 1500 \u00d7 1500 \u00d7 1500 mm.<\/li>\n<\/ul>\n","protected":false},"featured_media":13820,"comment_status":"closed","ping_status":"closed","template":"","meta":{"_acf_changed":false,"site-sidebar-layout":"default","site-content-layout":"","ast-site-content-layout":"default","site-content-style":"default","site-sidebar-style":"default","ast-global-header-display":"","ast-banner-title-visibility":"","ast-main-header-display":"","ast-hfb-above-header-display":"","ast-hfb-below-header-display":"","ast-hfb-mobile-header-display":"","site-post-title":"","ast-breadcrumbs-content":"","ast-featured-img":"","footer-sml-layout":"","theme-transparent-header-meta":"default","adv-header-id-meta":"","stick-header-meta":"","header-above-stick-meta":"","header-main-stick-meta":"","header-below-stick-meta":"","astra-migrate-meta-layouts":"set","ast-page-background-enabled":"default","ast-page-background-meta":{"desktop":{"background-color":"var(--ast-global-color-5)","background-image":"","background-repeat":"repeat","background-position":"center center","background-size":"auto","background-attachment":"scroll","background-type":"","background-media":"","overlay-type":"","overlay-color":"","overlay-opacity":"","overlay-gradient":""},"tablet":{"background-color":"","background-image":"","background-repeat":"repeat","background-position":"center center","background-size":"auto","background-attachment":"scroll","background-type":"","background-media":"","overlay-type":"","overlay-color":"","overlay-opacity":"","overlay-gradient":""},"mobile":{"background-color":"","background-image":"","background-repeat":"repeat","background-position":"center center","background-size":"auto","background-attachment":"scroll","background-type":"","background-media":"","overlay-type":"","overlay-color":"","overlay-opacity":"","overlay-gradient":""}},"ast-content-background-meta":{"desktop":{"background-color":"var(--ast-global-color-4)","background-image":"","background-repeat":"repeat","background-position":"center center","background-size":"auto","background-attachment":"scroll","background-type":"","background-media":"","overlay-type":"","overlay-color":"","overlay-opacity":"","overlay-gradient":""},"tablet":{"background-color":"var(--ast-global-color-4)","background-image":"","background-repeat":"repeat","background-position":"center center","background-size":"auto","background-attachment":"scroll","background-type":"","background-media":"","overlay-type":"","overlay-color":"","overlay-opacity":"","overlay-gradient":""},"mobile":{"background-color":"var(--ast-global-color-4)","background-image":"","background-repeat":"repeat","background-position":"center center","background-size":"auto","background-attachment":"scroll","background-type":"","background-media":"","overlay-type":"","overlay-color":"","overlay-opacity":"","overlay-gradient":""}}},"product_brand":[],"product_cat":[73],"product_tag":[],"class_list":{"0":"post-13819","1":"product","2":"type-product","3":"status-publish","4":"has-post-thumbnail","6":"product_cat-gussteile","7":"desktop-align-left","8":"tablet-align-left","9":"mobile-align-left","11":"first","12":"instock","13":"shipping-taxable","14":"product-type-simple"},"acf":[],"_links":{"self":[{"href":"https:\/\/www.boberry-mach.com\/de\/wp-json\/wp\/v2\/product\/13819","targetHints":{"allow":["GET"]}}],"collection":[{"href":"https:\/\/www.boberry-mach.com\/de\/wp-json\/wp\/v2\/product"}],"about":[{"href":"https:\/\/www.boberry-mach.com\/de\/wp-json\/wp\/v2\/types\/product"}],"replies":[{"embeddable":true,"href":"https:\/\/www.boberry-mach.com\/de\/wp-json\/wp\/v2\/comments?post=13819"}],"wp:featuredmedia":[{"embeddable":true,"href":"https:\/\/www.boberry-mach.com\/de\/wp-json\/wp\/v2\/media\/13820"}],"wp:attachment":[{"href":"https:\/\/www.boberry-mach.com\/de\/wp-json\/wp\/v2\/media?parent=13819"}],"wp:term":[{"taxonomy":"product_brand","embeddable":true,"href":"https:\/\/www.boberry-mach.com\/de\/wp-json\/wp\/v2\/product_brand?post=13819"},{"taxonomy":"product_cat","embeddable":true,"href":"https:\/\/www.boberry-mach.com\/de\/wp-json\/wp\/v2\/product_cat?post=13819"},{"taxonomy":"product_tag","embeddable":true,"href":"https:\/\/www.boberry-mach.com\/de\/wp-json\/wp\/v2\/product_tag?post=13819"}],"curies":[{"name":"wp","href":"https:\/\/api.w.org\/{rel}","templated":true}]}}