{"id":13808,"date":"2025-12-15T09:41:18","date_gmt":"2025-12-15T01:41:18","guid":{"rendered":"https:\/\/www.boberry-mach.com\/product\/aluminium-ersatzteile\/"},"modified":"2026-02-25T11:55:52","modified_gmt":"2026-02-25T03:55:52","slug":"aluminium-ersatzteile","status":"publish","type":"product","link":"https:\/\/www.boberry-mach.com\/de\/aluminium-ersatzteile\/","title":{"rendered":"Aluminium-Ersatzteile"},"content":{"rendered":"<h2>Technische Daten<\/h2>\n<table>\n<tbody>\n<tr>\n<td>Artikel<\/td>\n<td>Details<\/td>\n<\/tr>\n<tr>\n<td>Produktname<\/td>\n<td>Aluminium-Ersatzteile<\/td>\n<\/tr>\n<tr>\n<td>Hauptmaterialien<\/td>\n<td>ADC12, ADC6; optional ADC1, ADC3, ADC5, ADC10, ADC10Z, ADC12Z, ADC14<\/td>\n<\/tr>\n<tr>\n<td>Mechanische Eigenschaften<\/td>\n<td>Leicht, korrosionsbest\u00e4ndig, hohe Festigkeit, gute W\u00e4rmeleitf\u00e4higkeit, gute Bearbeitbarkeit<\/td>\n<\/tr>\n<tr>\n<td>Wandst\u00e4rke<\/td>\n<td>D\u00fcnnwandige Strukturen, die entsprechend der Konstruktion des Teils realisierbar sind<\/td>\n<\/tr>\n<tr>\n<td>Typische Prozesse<\/td>\n<td>Aluminiumguss (Druckguss\/Schwerkraftguss je nach Bauteilanforderungen)<\/td>\n<\/tr>\n<tr>\n<td>Dimensionale Komplexit\u00e4t<\/td>\n<td>Unterst\u00fctzt komplexe 3D-Formen, interne Kan\u00e4le, Rippen und Befestigungselemente<\/td>\n<\/tr>\n<tr>\n<td>Oberfl\u00e4chenbeschaffenheit<\/td>\n<td>Guss- oder bearbeitete Oberfl\u00e4chen; Oberfl\u00e4chen geeignet zum Polieren, Lackieren oder Eloxieren<\/td>\n<\/tr>\n<tr>\n<td>Qualit\u00e4tsstufe<\/td>\n<td>Hergestellt gem\u00e4\u00df Kundenzeichnungen und einschl\u00e4gigen internationalen\/industriellen Normen<\/td>\n<\/tr>\n<tr>\n<td>Verpackung<\/td>\n<td>Exporttaugliche Kartons oder Paletten, individuell nach Kundenwunsch angepasst<\/td>\n<\/tr>\n<\/tbody>\n<\/table>\n<h2>Anwendungen<\/h2>\n<ul>\n<li>Geh\u00e4use und Strukturteile f\u00fcr Kommunikationsger\u00e4te<\/li>\n<li>Automobilkomponenten und allgemeine Autoteile<\/li>\n<li>Pr\u00e4zisionsinstrumente und Messger\u00e4te<\/li>\n<li>Energieerzeugungs- und -\u00fcbertragungsanlagen<\/li>\n<li>Verbrennungsmotor und Motorradkomponenten<\/li>\n<li>Motor- und \u00d6lpumpengeh\u00e4use und Halterungen<\/li>\n<li>Getriebeteile und Getriebegeh\u00e4use<\/li>\n<li>Architektonische Ornamente und Landschaftsbau-Beschl\u00e4ge<\/li>\n<\/ul>\n","protected":false},"excerpt":{"rendered":"<ul>\n<li><strong>Leichte Struktur:<\/strong> Viel leichter als Edelstahl oder Kohlenstoffstahl, wodurch das Gesamtgewicht des Systems reduziert wird.<\/li>\n<li><strong>Korrosionsbest\u00e4ndigkeit:<\/strong> Hervorragende Best\u00e4ndigkeit gegen Umwelt- und chemische Korrosion f\u00fcr eine l\u00e4ngere Lebensdauer.<\/li>\n<li><strong>Gute W\u00e4rmeleitung:<\/strong> Leitet W\u00e4rme effizient von Motoren, Antrieben und elektronischen Bauteilen ab.<\/li>\n<li><strong>Hohe Festigkeit bei d\u00fcnnen W\u00e4nden:<\/strong> Unterst\u00fctzt d\u00fcnnwandige Konstruktionen und komplexe Formen bei gleichbleibender Festigkeit.<\/li>\n<li><strong>Einfaches modulares Design<\/strong>: Geeignet f\u00fcr Schwei\u00df- und Bearbeitungsarbeiten, vereinfacht die Montage und Integration.<\/li>\n<\/ul>\n","protected":false},"featured_media":13809,"comment_status":"closed","ping_status":"closed","template":"","meta":{"_acf_changed":false,"site-sidebar-layout":"default","site-content-layout":"","ast-site-content-layout":"default","site-content-style":"default","site-sidebar-style":"default","ast-global-header-display":"","ast-banner-title-visibility":"","ast-main-header-display":"","ast-hfb-above-header-display":"","ast-hfb-below-header-display":"","ast-hfb-mobile-header-display":"","site-post-title":"","ast-breadcrumbs-content":"","ast-featured-img":"","footer-sml-layout":"","theme-transparent-header-meta":"default","adv-header-id-meta":"","stick-header-meta":"","header-above-stick-meta":"","header-main-stick-meta":"","header-below-stick-meta":"","astra-migrate-meta-layouts":"set","ast-page-background-enabled":"default","ast-page-background-meta":{"desktop":{"background-color":"var(--ast-global-color-5)","background-image":"","background-repeat":"repeat","background-position":"center center","background-size":"auto","background-attachment":"scroll","background-type":"","background-media":"","overlay-type":"","overlay-color":"","overlay-opacity":"","overlay-gradient":""},"tablet":{"background-color":"","background-image":"","background-repeat":"repeat","background-position":"center center","background-size":"auto","background-attachment":"scroll","background-type":"","background-media":"","overlay-type":"","overlay-color":"","overlay-opacity":"","overlay-gradient":""},"mobile":{"background-color":"","background-image":"","background-repeat":"repeat","background-position":"center center","background-size":"auto","background-attachment":"scroll","background-type":"","background-media":"","overlay-type":"","overlay-color":"","overlay-opacity":"","overlay-gradient":""}},"ast-content-background-meta":{"desktop":{"background-color":"var(--ast-global-color-4)","background-image":"","background-repeat":"repeat","background-position":"center center","background-size":"auto","background-attachment":"scroll","background-type":"","background-media":"","overlay-type":"","overlay-color":"","overlay-opacity":"","overlay-gradient":""},"tablet":{"background-color":"var(--ast-global-color-4)","background-image":"","background-repeat":"repeat","background-position":"center center","background-size":"auto","background-attachment":"scroll","background-type":"","background-media":"","overlay-type":"","overlay-color":"","overlay-opacity":"","overlay-gradient":""},"mobile":{"background-color":"var(--ast-global-color-4)","background-image":"","background-repeat":"repeat","background-position":"center center","background-size":"auto","background-attachment":"scroll","background-type":"","background-media":"","overlay-type":"","overlay-color":"","overlay-opacity":"","overlay-gradient":""}}},"product_brand":[],"product_cat":[73],"product_tag":[],"class_list":{"0":"post-13808","1":"product","2":"type-product","3":"status-publish","4":"has-post-thumbnail","6":"product_cat-gussteile","7":"desktop-align-left","8":"tablet-align-left","9":"mobile-align-left","11":"first","12":"instock","13":"shipping-taxable","14":"product-type-simple"},"acf":[],"_links":{"self":[{"href":"https:\/\/www.boberry-mach.com\/de\/wp-json\/wp\/v2\/product\/13808","targetHints":{"allow":["GET"]}}],"collection":[{"href":"https:\/\/www.boberry-mach.com\/de\/wp-json\/wp\/v2\/product"}],"about":[{"href":"https:\/\/www.boberry-mach.com\/de\/wp-json\/wp\/v2\/types\/product"}],"replies":[{"embeddable":true,"href":"https:\/\/www.boberry-mach.com\/de\/wp-json\/wp\/v2\/comments?post=13808"}],"wp:featuredmedia":[{"embeddable":true,"href":"https:\/\/www.boberry-mach.com\/de\/wp-json\/wp\/v2\/media\/13809"}],"wp:attachment":[{"href":"https:\/\/www.boberry-mach.com\/de\/wp-json\/wp\/v2\/media?parent=13808"}],"wp:term":[{"taxonomy":"product_brand","embeddable":true,"href":"https:\/\/www.boberry-mach.com\/de\/wp-json\/wp\/v2\/product_brand?post=13808"},{"taxonomy":"product_cat","embeddable":true,"href":"https:\/\/www.boberry-mach.com\/de\/wp-json\/wp\/v2\/product_cat?post=13808"},{"taxonomy":"product_tag","embeddable":true,"href":"https:\/\/www.boberry-mach.com\/de\/wp-json\/wp\/v2\/product_tag?post=13808"}],"curies":[{"name":"wp","href":"https:\/\/api.w.org\/{rel}","templated":true}]}}