{"id":13806,"date":"2025-12-15T10:09:47","date_gmt":"2025-12-15T02:09:47","guid":{"rendered":"https:\/\/www.boberry-mach.com\/product\/duplex-edelstahl-winkelventilkoerper\/"},"modified":"2026-02-25T08:49:55","modified_gmt":"2026-02-25T00:49:55","slug":"duplex-edelstahl-winkelventilkoerper","status":"publish","type":"product","link":"https:\/\/www.boberry-mach.com\/de\/duplex-edelstahl-winkelventilkoerper\/","title":{"rendered":"Duplex-Edelstahl-Winkelventilk\u00f6rper"},"content":{"rendered":"<h2>Technische Daten<\/h2>\n<table>\n<tbody>\n<tr>\n<td>Artikel<\/td>\n<td>Details<\/td>\n<\/tr>\n<tr>\n<td>Produktname<\/td>\n<td>Duplex-Edelstahl-Winkelventilk\u00f6rper<\/td>\n<\/tr>\n<tr>\n<td>Materialien<\/td>\n<td>Duplex-Edelstahl (S31803 SAF2205, S32750 SAF2507)<\/td>\n<\/tr>\n<tr>\n<td>Gie\u00dfverfahren<\/td>\n<td>Sandguss, Pr\u00e4zisionsguss<\/td>\n<\/tr>\n<tr>\n<td>Gewichtsbereich<\/td>\n<td>0,001 kg bis 99 kg (Feinguss); 0,5 kg bis 500 kg (Sandguss)<\/td>\n<\/tr>\n<tr>\n<td>Maximale Abmessungen<\/td>\n<td>1500 \u00d7 1500 \u00d7 1500 mm<\/td>\n<\/tr>\n<tr>\n<td>Wandst\u00e4rke<\/td>\n<td>Mindestens 0,5 mm<\/td>\n<\/tr>\n<tr>\n<td>Oberfl\u00e4chenbeschaffenheit<\/td>\n<td>Ra1,6\u20133,2 (Standardrauheit), Toleranz bei der Endbearbeitung von \u00b10,009 mm<\/td>\n<\/tr>\n<tr>\n<td>Korrosionsbest\u00e4ndigkeit<\/td>\n<td>Hervorragende Best\u00e4ndigkeit gegen raue Bedingungen, ideal f\u00fcr die petrochemische, chemische und maritime Industrie<\/td>\n<\/tr>\n<tr>\n<td>Mechanische Eigenschaften<\/td>\n<td>Hohe Festigkeit, verbesserte Z\u00e4higkeit und Duktilit\u00e4t ohne Spr\u00f6digkeit bei Raumtemperatur<\/td>\n<\/tr>\n<tr>\n<td>Schwei\u00dff\u00e4higkeit<\/td>\n<td>Hervorragende Schwei\u00dfbarkeit f\u00fcr einfache Montage und Reparatur<\/td>\n<\/tr>\n<tr>\n<td>Standards<\/td>\n<td>EN, BS, AISI, ASTM, JIS, ASTM A351, ASTM A995<\/td>\n<\/tr>\n<tr>\n<td>Lieferkapazit\u00e4t<\/td>\n<td>100\u2013150 Tonnen pro Monat<\/td>\n<\/tr>\n<tr>\n<td>Lieferzeit<\/td>\n<td>45 Tage (Standard-Lieferzeit)<\/td>\n<\/tr>\n<\/tbody>\n<\/table>\n<h2>Duplex-Edelstahl \u2013 chemische Zusammensetzung<\/h2>\n<table>\n<tbody>\n<tr>\n<td>TYP<\/td>\n<td>C\u2264<\/td>\n<td>Mn\u2264<\/td>\n<td>Si\u2264<\/td>\n<td>S\u2264<\/td>\n<td>P\u2264<\/td>\n<td>Cr<\/td>\n<td>Ni<\/td>\n<td>Mo<\/td>\n<td>Cu\u2264<\/td>\n<td>N<\/td>\n<\/tr>\n<tr>\n<td>S32750 (SAF2507)<\/td>\n<td>0.03<\/td>\n<td>1.2<\/td>\n<td>0.8<\/td>\n<td>0.02<\/td>\n<td>0.035<\/td>\n<td>24.0\/26.0<\/td>\n<td>6.0\/8.0<\/td>\n<td>3.0\/5.0<\/td>\n<td>0.5<\/td>\n<td>0.24\/0.32<\/td>\n<\/tr>\n<tr>\n<td>S31803 (SAF2205)<\/td>\n<td>0.03<\/td>\n<td>2<\/td>\n<td>1<\/td>\n<td>0.02<\/td>\n<td>0.03<\/td>\n<td>21.0\/23.0<\/td>\n<td>4.50\/6.50<\/td>\n<td>2.50\/3.50<\/td>\n<td>&#8211;<\/td>\n<td>0.08\/0.20<\/td>\n<\/tr>\n<tr>\n<td>S31500 (3RE60)<\/td>\n<td>0.03<\/td>\n<td>1.2\/2.0<\/td>\n<td>1.4\/2.0<\/td>\n<td>0.03<\/td>\n<td>0.03<\/td>\n<td>18.0\/19.0<\/td>\n<td>4.25\/5.25<\/td>\n<td>2.50\/2.00<\/td>\n<td>&#8211;<\/td>\n<td>0.05\/0.10<\/td>\n<\/tr>\n<\/tbody>\n<\/table>\n<h2>Anwendungen<\/h2>\n<ul>\n<li><strong>Schiffbauindustrie<\/strong>: Korrosionsbest\u00e4ndige Pumpengeh\u00e4use und Ventile f\u00fcr Offshore-\u00d6lplattformen, Schiffe und Wasseraufbereitungssysteme.<\/li>\n<li><strong>Erd\u00f6lraffinerie<\/strong>: Pumpengeh\u00e4use und Ventilk\u00f6rper f\u00fcr den Einsatz in \u00d6lf\u00f6rderungs-, -verarbeitungs- und -transportsystemen.<\/li>\n<li><strong>Chemische Industrie<\/strong>: Langlebige und korrosionsbest\u00e4ndige Komponenten f\u00fcr chemische Reaktoren, Pumpen und Rohrleitungen.<\/li>\n<li><strong>W\u00e4rmetauscher<\/strong>: Hochleistungsgeh\u00e4use und -geh\u00e4use f\u00fcr industrielle W\u00e4rmetauschersysteme.<\/li>\n<li><strong>K\u00fchl- und K\u00e4ltesysteme:<\/strong> Teile f\u00fcr K\u00fchl- und Klimaanlagen, die unter extremen Umgebungsbedingungen betrieben werden.<\/li>\n<li><strong>Herstellung von \u00d6lpumpen<\/strong>: Gussgeh\u00e4use und Komponenten f\u00fcr Pumpen, die in Automobil-, Industrie- und Schiffsanwendungen eingesetzt werden.<\/li>\n<li><strong>Getriebemaschinen<\/strong>: Kritische Pumpen- und Getriebegeh\u00e4use, die in Hochleistungsgetriebesystemen verwendet werden.<\/li>\n<li><strong>Bauwesen und Energieerzeugung:<\/strong> Gussgeh\u00e4use f\u00fcr Pumpen, Turbinen und andere Maschinen, die in Kraftwerken und im Industriebau eingesetzt werden.<\/li>\n<\/ul>\n","protected":false},"excerpt":{"rendered":"<ul>\n<li><strong>Hervorragende Korrosionsbest\u00e4ndigkeit:<\/strong> Duplex-Edelstahllegierungen bieten eine au\u00dfergew\u00f6hnliche Korrosionsbest\u00e4ndigkeit unter schwierigen Bedingungen, wie sie beispielsweise in der Erd\u00f6l-, Chemie- und Schifffahrtsindustrie vorherrschen.<\/li>\n<li><strong>Nickelsparendes Material<\/strong>: Duplex-Edelstahl reduziert den Nickelgehalt bei gleichbleibender Leistung und bietet eine kosteng\u00fcnstige Alternative zu herk\u00f6mmlichem Edelstahl.<\/li>\n<li><strong>Schwei\u00dfbarkeit:<\/strong> Die au\u00dfergew\u00f6hnliche Schwei\u00dfbarkeit erm\u00f6glicht eine einfache Montage und Wartung von Pumpensystemen.<\/li>\n<li><strong>Gro\u00dfe Flexibilit\u00e4t hinsichtlich der Abmessungen<\/strong>: Erh\u00e4ltlich in verschiedenen Gr\u00f6\u00dfen mit maximalen Abmessungen von bis zu 1500 x 1500 x 1500 mm, geeignet f\u00fcr kleine und gro\u00dfe Teile.<\/li>\n<\/ul>\n","protected":false},"featured_media":13807,"comment_status":"closed","ping_status":"closed","template":"","meta":{"_acf_changed":false,"site-sidebar-layout":"default","site-content-layout":"","ast-site-content-layout":"default","site-content-style":"default","site-sidebar-style":"default","ast-global-header-display":"","ast-banner-title-visibility":"","ast-main-header-display":"","ast-hfb-above-header-display":"","ast-hfb-below-header-display":"","ast-hfb-mobile-header-display":"","site-post-title":"","ast-breadcrumbs-content":"","ast-featured-img":"","footer-sml-layout":"","theme-transparent-header-meta":"default","adv-header-id-meta":"","stick-header-meta":"","header-above-stick-meta":"","header-main-stick-meta":"","header-below-stick-meta":"","astra-migrate-meta-layouts":"set","ast-page-background-enabled":"default","ast-page-background-meta":{"desktop":{"background-color":"var(--ast-global-color-5)","background-image":"","background-repeat":"repeat","background-position":"center center","background-size":"auto","background-attachment":"scroll","background-type":"","background-media":"","overlay-type":"","overlay-color":"","overlay-opacity":"","overlay-gradient":""},"tablet":{"background-color":"","background-image":"","background-repeat":"repeat","background-position":"center center","background-size":"auto","background-attachment":"scroll","background-type":"","background-media":"","overlay-type":"","overlay-color":"","overlay-opacity":"","overlay-gradient":""},"mobile":{"background-color":"","background-image":"","background-repeat":"repeat","background-position":"center center","background-size":"auto","background-attachment":"scroll","background-type":"","background-media":"","overlay-type":"","overlay-color":"","overlay-opacity":"","overlay-gradient":""}},"ast-content-background-meta":{"desktop":{"background-color":"var(--ast-global-color-4)","background-image":"","background-repeat":"repeat","background-position":"center center","background-size":"auto","background-attachment":"scroll","background-type":"","background-media":"","overlay-type":"","overlay-color":"","overlay-opacity":"","overlay-gradient":""},"tablet":{"background-color":"var(--ast-global-color-4)","background-image":"","background-repeat":"repeat","background-position":"center center","background-size":"auto","background-attachment":"scroll","background-type":"","background-media":"","overlay-type":"","overlay-color":"","overlay-opacity":"","overlay-gradient":""},"mobile":{"background-color":"var(--ast-global-color-4)","background-image":"","background-repeat":"repeat","background-position":"center center","background-size":"auto","background-attachment":"scroll","background-type":"","background-media":"","overlay-type":"","overlay-color":"","overlay-opacity":"","overlay-gradient":""}}},"product_brand":[],"product_cat":[73],"product_tag":[],"class_list":{"0":"post-13806","1":"product","2":"type-product","3":"status-publish","4":"has-post-thumbnail","6":"product_cat-gussteile","7":"desktop-align-left","8":"tablet-align-left","9":"mobile-align-left","11":"first","12":"instock","13":"shipping-taxable","14":"product-type-simple"},"acf":[],"_links":{"self":[{"href":"https:\/\/www.boberry-mach.com\/de\/wp-json\/wp\/v2\/product\/13806","targetHints":{"allow":["GET"]}}],"collection":[{"href":"https:\/\/www.boberry-mach.com\/de\/wp-json\/wp\/v2\/product"}],"about":[{"href":"https:\/\/www.boberry-mach.com\/de\/wp-json\/wp\/v2\/types\/product"}],"replies":[{"embeddable":true,"href":"https:\/\/www.boberry-mach.com\/de\/wp-json\/wp\/v2\/comments?post=13806"}],"wp:featuredmedia":[{"embeddable":true,"href":"https:\/\/www.boberry-mach.com\/de\/wp-json\/wp\/v2\/media\/13807"}],"wp:attachment":[{"href":"https:\/\/www.boberry-mach.com\/de\/wp-json\/wp\/v2\/media?parent=13806"}],"wp:term":[{"taxonomy":"product_brand","embeddable":true,"href":"https:\/\/www.boberry-mach.com\/de\/wp-json\/wp\/v2\/product_brand?post=13806"},{"taxonomy":"product_cat","embeddable":true,"href":"https:\/\/www.boberry-mach.com\/de\/wp-json\/wp\/v2\/product_cat?post=13806"},{"taxonomy":"product_tag","embeddable":true,"href":"https:\/\/www.boberry-mach.com\/de\/wp-json\/wp\/v2\/product_tag?post=13806"}],"curies":[{"name":"wp","href":"https:\/\/api.w.org\/{rel}","templated":true}]}}